{"id":665,"date":"2017-02-26T13:29:17","date_gmt":"2017-02-26T13:29:17","guid":{"rendered":"https:\/\/lepson.pl\/?page_id=665"},"modified":"2022-11-07T11:38:06","modified_gmt":"2022-11-07T11:38:06","slug":"rcp-78-ar","status":"publish","type":"page","link":"https:\/\/lepson.pl\/index.php\/rcp-i-kd-2-2\/rcp-78-ar\/","title":{"rendered":"RCP78AR \u2013 czytnik do identyfikator\u00f3w zbli\u017ceniowych \u2013 RFID"},"content":{"rendered":"<div class=\"wpb-content-wrapper\"><p>[vc_row parallax=&#8221;content-moving&#8221; css=&#8221;.vc_custom_1548075911793{background-color: #ffffff !important;background-position: center;background-repeat: no-repeat !important;background-size: cover !important;}&#8221;][vc_column][vc_row_inner css=&#8221;.vc_custom_1548077145595{padding-top: 3% !important;padding-right: 12% !important;padding-left: 12% !important;}&#8221;][vc_column_inner width=&#8221;1\/2&#8243;][vc_column_text]<\/p>\n<h1>RCP78AR<\/h1>\n<h2>czytnik do identyfikator\u00f3w zbli\u017ceniowych &#8211; RFID<\/h2>\n<p>[\/vc_column_text][\/vc_column_inner][vc_column_inner width=&#8221;1\/4&#8243;][vc_single_image image=&#8221;1556&#8243; img_size=&#8221;large&#8221; add_caption=&#8221;yes&#8221; alignment=&#8221;center&#8221; onclick=&#8221;link_image&#8221; css_animation=&#8221;none&#8221; title=&#8221;RCP78AR&#8221; el_class=&#8221;image_text&#8221;][\/vc_column_inner][\/vc_row_inner][vc_row_inner css=&#8221;.vc_custom_1548075854817{padding-right: 12% !important;padding-left: 12% !important;}&#8221;][vc_column_inner][vc_toggle title=&#8221;Opis produktu (rozwi\u0144\/zwi\u0144)&#8221; style=&#8221;simple&#8221; color=&#8221;green&#8221; size=&#8221;lg&#8221; el_id=&#8221;1548075745591-a61d2087-5491&#8243;]<span style=\"font-size: 12pt;\">Czytnik RCP78AR obs\u0142uguje identyfikatory zbli\u017ceniowe &#8211; RFID i jest przeznaczony do pracy w systemie rejestracji czasu pracy i kontroli dost\u0119pu RCPX8. Czytnik przeznaczony jest do rejestrowania czterech typ\u00f3w zdarzenia: wej\u015bcia (WE), wyj\u015bcia (WY), wyj\u015bcia s\u0142u\u017cbowego (WS) i OTW. O tym, jaki typ zdarzenia rejestruje czytnik, decyduje operator systemu, konfiguruj\u0105c czytnik z poziomu programu komputerowego. Ta w\u0142a\u015bciwo\u015b\u0107 czytnika 78AR ma dwie wa\u017cne zalety: po pierwsze, pracownik nie musi przyciska\u0107 \u017cadnego przycisku (eliminacja pomy\u0142ek), a po drugie, \u0142atwo jest kontrolowa\u0107 dost\u0119p przy wej\u015bciu do firmy \u2013 czytniki s\u0105 montowane po dw\u00f3ch stronach drzwi.<\/span><\/p>\n<p><span style=\"font-size: 12pt;\">Czytnik RCP78AR jest odporny na dzia\u0142anie czynnik\u00f3w atmosferycznych i st\u0105d mo\u017cliwo\u015b\u0107 instalowania wewn\u0105trz i na zewn\u0105trz budynku.<\/span>[\/vc_toggle][vc_toggle title=&#8221;Zasada dzia\u0142ania (rozwi\u0144\/zwi\u0144)&#8221; style=&#8221;simple&#8221; color=&#8221;green&#8221; size=&#8221;lg&#8221; el_id=&#8221;1548075745611-7d54567c-90f9&#8243;]<span style=\"font-size: 12pt;\">W\u0142a\u015bciwie zainstalowany czytnik sygnalizuje poprawn\u0105 prac\u0119: wy\u015bwietlaniem bie\u017c\u0105cego czasu oraz \u015bwieceniem kontrolki (kolor \u2013 w zale\u017cno\u015bci od typu rejestrowanego zdarzenia). Zarejestrowanie zdarzenia nast\u0119puje w\u00f3wczas je\u017celi do \u015brodkowej cz\u0119\u015bci obudowy czytnika zbli\u017cymy uprawniony transponder (identyfikator). Potwierdzeniem wpisu zdarzenia do pami\u0119ci czytnika jest kr\u00f3tki sygna\u0142 d\u017awi\u0119kowy (tzw. tr\u00f3jpisk), oraz wy\u015bwietlenie na wy\u015bwietlaczu czytnika numeru pracownika (liczby od 1 do 999 poprzedzonej literk\u0105 c). Zdarzenia wynikaj\u0105ce ze zbli\u017cania kolejnych transponder\u00f3w mog\u0105 by\u0107 rejestrowane z cz\u0119sto\u015bci\u0105 oko\u0142o jednego zdarzenia na sekund\u0119, jednak dla pewno\u015bci, \u017ce zdarzenie zosta\u0142o rzeczywi\u015bcie wpisane (tr\u00f3jpisk i wy\u015bwietlenie numeru), zaleca si\u0119 stosowanie 3 sekundowych odst\u0119p\u00f3w. Czytnik kontroluje dost\u0119p do pomieszcze\u0144, uruchamiaj\u0105c np. zamek elektryczny w drzwiach oraz rejestruj\u0105c zdarzenia wej\u015bcia \/ wyj\u015bcia pracownik\u00f3w. W czasie, w kt\u00f3rym sterowany jest zamek drzwi, czytnik emituje sygna\u0142 d\u017awi\u0119kowy. Pami\u0119\u0107 czytnika umo\u017cliwia zapisanie 42 tys. zdarze\u0144. W konfiguracji czytnika mo\u017cna ustawi\u0107 12 przedzia\u0142\u00f3w w ci\u0105gu doby, w kt\u00f3rych czytnik zmienia automatycznie swoj\u0105 aktywno\u015b\u0107 \u2013 mo\u017cna w ten spos\u00f3b umo\u017cliwi\u0107 z automatu dost\u0119p do pomieszczenia w wybranym przedziale czasu. Przy instalacji wi\u0119kszej liczby czytnik\u00f3w nale\u017cy zachowa\u0107 co najmniej 15cm odleg\u0142o\u015b\u0107 pomi\u0119dzy nimi.<\/span>[\/vc_toggle][vc_toggle title=&#8221;Dane techniczne (rozwi\u0144\/zwi\u0144)&#8221; style=&#8221;simple&#8221; color=&#8221;green&#8221; size=&#8221;lg&#8221; el_id=&#8221;1548075745624-2e99fd87-592f&#8221;]<\/p>\n<div class=\"row vc_row wpb_row vc_inner vc_row-fluid vc_custom_1488384123488\">\n<div class=\"wpb_column vc_column_container vc_col-sm-12 vc_col-has-fill\">\n<div class=\"vc_column-inner vc_custom_1485606795783\">\n<div class=\"wpb_wrapper\">\n<div class=\"wpb_raw_code wpb_content_element wpb_raw_html\">\n<div class=\"wpb_wrapper\">\n<div class=\"tg-wrap\">\n<table style=\"height: 504px; width: 100%;\" border=\"0\" width=\"100%\" cellspacing=\"0\" cellpadding=\"0\">\n<tbody>\n<tr style=\"height: 10px;\">\n<td style=\"height: 24px;\"><span style=\"font-size: 12pt;\">Napi\u0119cie zasilania:<\/span><\/td>\n<td style=\"text-align: right; height: 24px;\"><span style=\"font-size: 12pt;\">12V DC (10 \u00f7 15V)<\/span><\/td>\n<\/tr>\n<tr style=\"height: 24px;\">\n<td style=\"height: 24px;\"><span style=\"font-size: 12pt;\">Pob\u00f3r pr\u0105du:<\/span><\/td>\n<td style=\"text-align: right; height: 24px;\"><span style=\"font-size: 12pt;\">100mA<\/span><\/td>\n<\/tr>\n<tr style=\"height: 24px;\">\n<td style=\"height: 24px;\"><span style=\"font-size: 12pt;\">Temperatura pracy:<\/span><\/td>\n<td style=\"text-align: right; height: 24px;\"><span style=\"font-size: 12pt;\">-20\u00b0C do +40\u00b0C<\/span><\/td>\n<\/tr>\n<tr style=\"height: 24px;\">\n<td style=\"height: 24px;\"><span style=\"font-size: 12pt;\">Wilgotno\u015b\u0107 wzgl\u0119dna:<\/span><\/td>\n<td style=\"text-align: right; height: 24px;\"><span style=\"font-size: 12pt;\">wodoodporny<\/span><\/td>\n<\/tr>\n<tr style=\"height: 24px;\">\n<td style=\"height: 24px;\"><span style=\"font-size: 12pt;\">Wyj\u015bcie RYG:<\/span><\/td>\n<td style=\"text-align: right; height: 24px;\"><span style=\"font-size: 12pt;\">12V DC &#8211; 1A max<\/span><\/td>\n<\/tr>\n<tr style=\"height: 24px;\">\n<td style=\"height: 24px;\"><span style=\"font-size: 12pt;\">Czas sterowania RYG<\/span><\/td>\n<td style=\"text-align: right; height: 24px;\"><span style=\"font-size: 12pt;\">od 0 do 30 sek<\/span><\/td>\n<\/tr>\n<tr style=\"height: 24px;\">\n<td style=\"height: 24px;\"><span style=\"font-size: 12pt;\">Pojemno\u015b\u0107 pami\u0119ci zdarze\u0144:<\/span><\/td>\n<td style=\"text-align: right; height: 24px;\"><span style=\"font-size: 12pt;\">40 ty\u015b.<\/span><\/td>\n<\/tr>\n<tr style=\"height: 24px;\">\n<td style=\"text-align: left; height: 24px;\"><span style=\"font-size: 12pt;\">Ilo\u015b\u0107 obs\u0142ugiwanych identyfikator\u00f3w w systemie:<\/span><\/td>\n<td style=\"text-align: right; height: 24px;\"><span style=\"font-size: 12pt;\">999 szt.<\/span><\/td>\n<\/tr>\n<tr style=\"height: 24px;\">\n<td style=\"height: 24px;\"><span style=\"font-size: 12pt;\">Transmisja danych do PC:<\/span><\/td>\n<td style=\"text-align: right; height: 24px;\"><span style=\"font-size: 12pt;\">RS-485<\/span><\/td>\n<\/tr>\n<tr style=\"height: 24px;\">\n<td style=\"height: 24px;\"><span style=\"font-size: 12pt;\">Bateria (podtrzymanie zegara):<\/span><\/td>\n<td style=\"text-align: right; height: 24px;\"><span style=\"font-size: 12pt;\">3V (np. CR 2032)<\/span><\/td>\n<\/tr>\n<tr style=\"height: 24px;\">\n<td style=\"height: 24px;\"><span style=\"font-size: 12pt;\">Wy\u015bwietlacz:<\/span><\/td>\n<td style=\"text-align: right; height: 24px;\"><span style=\"font-size: 12pt;\">LED, 4 znaki po 7 segment\u00f3w<\/span><\/td>\n<\/tr>\n<tr style=\"height: 144px;\">\n<td style=\"height: 144px;\"><span style=\"font-size: 12pt;\">Wska\u017aniki:<\/span><\/td>\n<td style=\"text-align: right; height: 144px;\"><span style=\"font-size: 12pt;\">1 dioda LED, sygnalizator akustyczny<\/span><br \/>\n<span style=\"font-size: 12pt;\">Tr\u00f3jpisk &#8211; potwierdzenie wpisu zdarzenia<\/span><br \/>\n<span style=\"font-size: 12pt;\">Pisk przerywany &#8211; na czas sterowania RYG<\/span><br \/>\n<span style=\"font-size: 12pt;\">LED czerwony &#8211; wyj\u015bcie<\/span><br \/>\n<span style=\"font-size: 12pt;\">LED zielony &#8211; wej\u015bcie<\/span><br \/>\n<span style=\"font-size: 12pt;\">LED \u017c\u00f3\u0142ty &#8211; wyj\u015bcie s\u0142u\u017cbowe<\/span><\/td>\n<\/tr>\n<tr style=\"height: 24px;\">\n<td style=\"height: 24px;\"><span style=\"font-size: 12pt;\">Dok\u0142adno\u015b\u0107 zegara czasu rzeczywistego:<\/span><\/td>\n<td style=\"text-align: right; height: 24px;\"><span style=\"font-size: 12pt;\">\u00b1 3 min\/m-c (w warunkach stabilnych)<\/span><\/td>\n<\/tr>\n<tr style=\"height: 24px;\">\n<td style=\"height: 24px;\"><span style=\"font-size: 12pt;\">Masa:<\/span><\/td>\n<td style=\"text-align: right; height: 24px;\"><span style=\"font-size: 12pt;\">190g \u00b1 10g<\/span><\/td>\n<\/tr>\n<tr style=\"height: 24px;\">\n<td style=\"height: 24px;\"><span style=\"font-size: 12pt;\">Obudowa:<\/span><\/td>\n<td style=\"text-align: right; height: 24px;\"><span style=\"font-size: 12pt;\">tworzywo sztuczne w kolorze szarym<\/span><\/td>\n<\/tr>\n<tr style=\"height: 24px;\">\n<td style=\"height: 24px;\"><span style=\"font-size: 12pt;\">Wymiary:<\/span><\/td>\n<td style=\"text-align: right; height: 24px;\"><span style=\"font-size: 12pt;\">190 x 60 x 18 mm<\/span><\/td>\n<\/tr>\n<\/tbody>\n<\/table>\n<\/div>\n<\/div>\n<\/div>\n<\/div>\n<\/div>\n<\/div>\n<\/div>\n<p>[\/vc_toggle][vc_toggle title=&#8221;Budowa (rozwi\u0144\/zwi\u0144)&#8221; style=&#8221;simple&#8221; color=&#8221;green&#8221; size=&#8221;lg&#8221; el_id=&#8221;1548075745640-16cf53b4-4519&#8243;]<span style=\"font-size: 12pt;\">Czytnik RCP78AR jest ca\u0142kowicie wodoodporny a jasnoszara, w\u0105ska, estetyczna obudowa z tworzywa sztucznego, jest przystosowana do zawieszenia na \u015bcianie lub bezpo\u015brednio na framudze drzwi. Czytnik wyposa\u017cony jest w elektroniczny uk\u0142ad mikroprocesorowy. Posiada wbudowany zegar czasu rzeczywistego z podtrzymaniem zasilania. \u015acianka czo\u0142owa czytnika wyposa\u017cona jest w czteroznakowy wy\u015bwietlacz, diod\u0119 sygnalizacyjn\u0105 LED (sygnalizuj\u0105c\u0105 rodzaj rejestrowanego zdarzenia), oraz oznakowanie do kt\u00f3rego nale\u017cy zbli\u017ca\u0107 identyfikator (transponder) w celu zarejestrowania zdarzenia.<\/span>[\/vc_toggle][vc_toggle title=&#8221;Pod\u0142\u0105czenie (rozwi\u0144\/zwi\u0144)&#8221; style=&#8221;simple&#8221; color=&#8221;green&#8221; size=&#8221;lg&#8221; el_id=&#8221;1548075745653-4e057f9a-3d08&#8243;]<span style=\"font-size: 12pt;\">OTW &#8211; wej\u015bcie zewn\u0119trznego przycisku otwierania drzwi<img fetchpriority=\"high\" decoding=\"async\" class=\"alignright\" src=\"https:\/\/lepson.pl\/wp-content\/uploads\/2017\/02\/78-rcp78ar-wyprowadzenia-170104-580x1024.gif\" alt=\"\" width=\"300\" height=\"530\" \/><\/span><br \/>\n<span style=\"font-size: 12pt;\">GND &#8211; zasilanie czytnika ( &#8211; )<\/span><br \/>\n<span style=\"font-size: 12pt;\">+12V &#8211; zasilanie czytnika ( + )<\/span><br \/>\n<span style=\"font-size: 12pt;\">RYG &#8211; wyj\u015bcie do sterowania zaczepem elektromagnetycznym (zamkiem elektrycznym), przeka\u017anikiem, itp.<\/span><br \/>\n<span style=\"font-size: 12pt;\">A,B &#8211; pod\u0142\u0105czenie przewod\u00f3w linii RS485<\/span><\/p>\n<p><span style=\"font-size: 12pt;\"><strong>UWAGA! W przypadku monta\u017cu kilku czytnik\u00f3w nale\u017cy zachowa\u0107 odleg\u0142o\u015b\u0107 pomi\u0119dzy nimi nie mniejsz\u0105 ni\u017c 15cm.<\/strong><\/span>[\/vc_toggle][vc_toggle title=&#8221;Pliki i dokumenty (rozwi\u0144\/zwi\u0144)&#8221; style=&#8221;simple&#8221; color=&#8221;green&#8221; size=&#8221;lg&#8221; el_id=&#8221;1548075745664-8358bcc1-a88a&#8221;]<strong><span style=\"font-size: 12pt;\"><span style=\"color: #000000;\"><img decoding=\"async\" class=\"alignnone\" src=\"https:\/\/lepson.pl\/wp-content\/uploads\/2017\/01\/ic_done.png\" width=\"20\" height=\"20\" \/>1.\u00a0 RCP78AR czytnik dedykowany &#8211; <a href=\"https:\/\/lepson.pl\/files\/file\/PL\/IO\/78-rcp78ar-iot-221107.pdf\" target=\"_blank\" rel=\"noopener noreferrer\">instrukcja obs\u0142ugi, informacja techniczna (pdf)<\/a><br \/>\n<\/span><\/span><\/strong><\/p>\n<p><strong><span style=\"font-size: 12pt;\"><span style=\"color: #000000;\"><img decoding=\"async\" src=\"https:\/\/lepson.pl\/wp-content\/uploads\/2017\/01\/ic_done.png\" width=\"20\" height=\"20\" \/>2.\u00a0 <a href=\"https:\/\/lepson.pl\/files\/file\/PL\/IO\/78-wideo-instrukcja-montazu-czytnika-78r.wmv\" target=\"_blank\" rel=\"noopener noreferrer\">RCP78AR Wideo instrukcja monta\u017cu czytnika (wmv)<\/a><\/span> <\/span><\/strong><\/p>\n<p><strong><span style=\"font-size: 12pt;\"><span style=\"color: #000000;\"><img decoding=\"async\" src=\"https:\/\/lepson.pl\/wp-content\/uploads\/2017\/01\/ic_done.png\" width=\"20\" height=\"20\" \/>3.\u00a0 <\/span><\/span><span style=\"font-size: 12pt;\"><span style=\"color: #000000;\"><a href=\"https:\/\/lepson.pl\/files\/file\/PL\/IO\/RCPX8-instrukcja-wstepnego-uruchamiania-190130.pdf\" target=\"_blank\" rel=\"noopener noreferrer\">Instrukcja wst\u0119pnego uruchamiania systemu RCPX8 (pdf)<\/a><\/span><\/span><\/strong><\/p>\n<p><strong><span style=\"font-size: 12pt;\"><span style=\"color: #000000;\"><img decoding=\"async\" src=\"https:\/\/lepson.pl\/wp-content\/uploads\/2017\/01\/ic_done.png\" width=\"20\" height=\"20\" \/>4.\u00a0 <a href=\"https:\/\/lepson.pl\/files\/file\/PL\/IO\/58-rcpx8system-io-190130.pdf\" target=\"_blank\" rel=\"noopener noreferrer\">Instrukcja obs\u0142ugi systemu RCPX8 (pdf)<\/a><\/span><\/span><\/strong><\/p>\n<p><strong><span style=\"font-size: 12pt;\"><span style=\"color: #000000;\"><img decoding=\"async\" src=\"https:\/\/lepson.pl\/wp-content\/uploads\/2017\/01\/ic_done.png\" width=\"20\" height=\"20\" \/>5.\u00a0 RCP78AR czytnik dedykowany &#8211; <a href=\"https:\/\/lepson.pl\/files\/file\/PL\/KK\/78-RCP78AR-KK-221107.pdf\" target=\"_blank\" rel=\"noopener noreferrer\">karta katalogowa (pdf)<\/a><\/span><\/span><\/strong><\/p>\n<p><strong><span style=\"font-size: 12pt;\"><span style=\"color: #000000;\"><img decoding=\"async\" src=\"https:\/\/lepson.pl\/wp-content\/uploads\/2017\/01\/ic_done.png\" width=\"20\" height=\"20\" \/>6.\u00a0 Tablica czytnik\u00f3w RCP78AR &#8211; <a href=\"https:\/\/lepson.pl\/files\/file\/PL\/KK\/78-tablica%20czytnikow%20rcp78ar-kk-191001.pdf\" target=\"_blank\" rel=\"noopener noreferrer\">karta katalogowa (pdf)<\/a><\/span><\/span><\/strong>[\/vc_toggle][\/vc_column_inner][\/vc_row_inner][\/vc_column][\/vc_row][vc_row content_placement=&#8221;top&#8221; css=&#8221;.vc_custom_1548075923675{background-position: center !important;background-repeat: no-repeat !important;background-size: cover !important;}&#8221;][vc_column][vc_row_inner css=&#8221;.vc_custom_1548076761182{padding-right: 12% !important;padding-left: 12% !important;}&#8221;][vc_column_inner width=&#8221;1\/4&#8243;][vc_column_text]<a href=\"mailto:biuro@lepson.pl\">biuro@lepson.pl<\/a><br \/>\n<a href=\"mailto:rcp@lep.pl\">rcp@lepson.pl<\/a> (pomoc techniczna)[\/vc_column_text][\/vc_column_inner][vc_column_inner width=&#8221;1\/4&#8243;][vc_column_text](32) 754 54 54<br \/>\n(32) 754 54 55[\/vc_column_text][\/vc_column_inner][vc_column_inner width=&#8221;1\/4&#8243;][vc_column_text]<a href=\"https:\/\/goo.gl\/maps\/2HeA81byii52\" target=\"_blank\" rel=\"noopener noreferrer\">Wsp\u00f3lna 9,\u00a0<\/a><a href=\"https:\/\/goo.gl\/maps\/2HeA81byii52\">32-300, Olkusz<br \/>\n<\/a> NIP: 6372182383[\/vc_column_text][\/vc_column_inner][vc_column_inner width=&#8221;1\/4&#8243;][\/vc_column_inner][\/vc_row_inner][\/vc_column][\/vc_row]<\/p>\n<\/div>","protected":false},"excerpt":{"rendered":"<p>[vc_row parallax=&#8221;content-moving&#8221; css=&#8221;.vc_custom_1548075911793{background-color: #ffffff !important;background-position: center;background-repeat: no-repeat !important;background-size: cover !important;}&#8221;][vc_column][vc_row_inner css=&#8221;.vc_custom_1548077145595{padding-top: 3% !important;padding-right: 12% !important;padding-left: 12% !important;}&#8221;][vc_column_inner width=&#8221;1\/2&#8243;][vc_column_text] RCP78AR czytnik do identyfikator\u00f3w zbli\u017ceniowych &#8211; RFID [\/vc_column_text][\/vc_column_inner][vc_column_inner width=&#8221;1\/4&#8243;][vc_single_image image=&#8221;1556&#8243; img_size=&#8221;large&#8221; add_caption=&#8221;yes&#8221; alignment=&#8221;center&#8221; onclick=&#8221;link_image&#8221; css_animation=&#8221;none&#8221; title=&#8221;RCP78AR&#8221; el_class=&#8221;image_text&#8221;][\/vc_column_inner][\/vc_row_inner][vc_row_inner css=&#8221;.vc_custom_1548075854817{padding-right: 12% !important;padding-left: 12% !important;}&#8221;][vc_column_inner][vc_toggle title=&#8221;Opis produktu (rozwi\u0144\/zwi\u0144)&#8221; style=&#8221;simple&#8221; color=&#8221;green&#8221; size=&#8221;lg&#8221; el_id=&#8221;1548075745591-a61d2087-5491&#8243;]Czytnik RCP78AR obs\u0142uguje identyfikatory zbli\u017ceniowe &#8211; RFID i jest [&hellip;]<\/p>\n","protected":false},"author":2,"featured_media":0,"parent":1607,"menu_order":0,"comment_status":"closed","ping_status":"closed","template":"page-full-width.php","meta":{"footnotes":""},"class_list":["post-665","page","type-page","status-publish","hentry"],"yoast_head":"<!-- This site is optimized with the Yoast SEO plugin v27.3 - https:\/\/yoast.com\/product\/yoast-seo-wordpress\/ -->\n<title>RFID - Czytnik do identyfikator\u00f3w zbli\u017ceniowych - RCP 78 AR| LEPSON<\/title>\n<meta name=\"description\" content=\"Czytnik RCP78AR obs\u0142uguje identyfikatory zbli\u017ceniowe i jest przeznaczony do pracy w systemie Rejestracji Czasu Pracy i Kontroli Dost\u0119pu RCPX8.\" \/>\n<meta name=\"robots\" content=\"index, follow, max-snippet:-1, max-image-preview:large, max-video-preview:-1\" \/>\n<link rel=\"canonical\" href=\"https:\/\/lepson.pl\/index.php\/rcp-i-kd-2-2\/rcp-78-ar\/\" \/>\n<meta property=\"og:locale\" content=\"pl_PL\" \/>\n<meta property=\"og:type\" content=\"article\" \/>\n<meta property=\"og:title\" content=\"RFID - Czytnik do identyfikator\u00f3w zbli\u017ceniowych - RCP 78 AR| LEPSON\" \/>\n<meta property=\"og:description\" content=\"Czytnik RCP78AR obs\u0142uguje identyfikatory zbli\u017ceniowe i jest przeznaczony do pracy w systemie Rejestracji Czasu Pracy i Kontroli Dost\u0119pu RCPX8.\" \/>\n<meta property=\"og:url\" content=\"https:\/\/lepson.pl\/index.php\/rcp-i-kd-2-2\/rcp-78-ar\/\" \/>\n<meta property=\"og:site_name\" content=\"LEPSON\" \/>\n<meta property=\"article:modified_time\" content=\"2022-11-07T11:38:06+00:00\" \/>\n<meta property=\"og:image\" content=\"https:\/\/lepson.pl\/wp-content\/uploads\/2017\/02\/78-rcp78ar-wyprowadzenia-170104-580x1024.gif\" \/>\n<meta name=\"twitter:card\" content=\"summary_large_image\" \/>\n<meta name=\"twitter:label1\" content=\"Szacowany czas czytania\" \/>\n\t<meta name=\"twitter:data1\" content=\"6 minut\" \/>\n<script type=\"application\/ld+json\" class=\"yoast-schema-graph\">{\"@context\":\"https:\\\/\\\/schema.org\",\"@graph\":[{\"@type\":\"WebPage\",\"@id\":\"https:\\\/\\\/lepson.pl\\\/index.php\\\/rcp-i-kd-2-2\\\/rcp-78-ar\\\/\",\"url\":\"https:\\\/\\\/lepson.pl\\\/index.php\\\/rcp-i-kd-2-2\\\/rcp-78-ar\\\/\",\"name\":\"RFID - Czytnik do identyfikator\u00f3w zbli\u017ceniowych - RCP 78 AR| LEPSON\",\"isPartOf\":{\"@id\":\"https:\\\/\\\/lepson.pl\\\/#website\"},\"primaryImageOfPage\":{\"@id\":\"https:\\\/\\\/lepson.pl\\\/index.php\\\/rcp-i-kd-2-2\\\/rcp-78-ar\\\/#primaryimage\"},\"image\":{\"@id\":\"https:\\\/\\\/lepson.pl\\\/index.php\\\/rcp-i-kd-2-2\\\/rcp-78-ar\\\/#primaryimage\"},\"thumbnailUrl\":\"https:\\\/\\\/lepson.pl\\\/wp-content\\\/uploads\\\/2017\\\/02\\\/78-rcp78ar-wyprowadzenia-170104-580x1024.gif\",\"datePublished\":\"2017-02-26T13:29:17+00:00\",\"dateModified\":\"2022-11-07T11:38:06+00:00\",\"description\":\"Czytnik RCP78AR obs\u0142uguje identyfikatory zbli\u017ceniowe i jest przeznaczony do pracy w systemie Rejestracji Czasu Pracy i Kontroli Dost\u0119pu RCPX8.\",\"breadcrumb\":{\"@id\":\"https:\\\/\\\/lepson.pl\\\/index.php\\\/rcp-i-kd-2-2\\\/rcp-78-ar\\\/#breadcrumb\"},\"inLanguage\":\"pl-PL\",\"potentialAction\":[{\"@type\":\"ReadAction\",\"target\":[\"https:\\\/\\\/lepson.pl\\\/index.php\\\/rcp-i-kd-2-2\\\/rcp-78-ar\\\/\"]}]},{\"@type\":\"ImageObject\",\"inLanguage\":\"pl-PL\",\"@id\":\"https:\\\/\\\/lepson.pl\\\/index.php\\\/rcp-i-kd-2-2\\\/rcp-78-ar\\\/#primaryimage\",\"url\":\"https:\\\/\\\/lepson.pl\\\/wp-content\\\/uploads\\\/2017\\\/02\\\/78-rcp78ar-wyprowadzenia-170104.gif\",\"contentUrl\":\"https:\\\/\\\/lepson.pl\\\/wp-content\\\/uploads\\\/2017\\\/02\\\/78-rcp78ar-wyprowadzenia-170104.gif\",\"width\":1237,\"height\":2185},{\"@type\":\"BreadcrumbList\",\"@id\":\"https:\\\/\\\/lepson.pl\\\/index.php\\\/rcp-i-kd-2-2\\\/rcp-78-ar\\\/#breadcrumb\",\"itemListElement\":[{\"@type\":\"ListItem\",\"position\":1,\"name\":\"Strona g\u0142\u00f3wna\",\"item\":\"https:\\\/\\\/lepson.pl\\\/\"},{\"@type\":\"ListItem\",\"position\":2,\"name\":\"RCP i KD\",\"item\":\"https:\\\/\\\/lepson.pl\\\/index.php\\\/rcp-i-kd-2-2\\\/\"},{\"@type\":\"ListItem\",\"position\":3,\"name\":\"RCP78AR \u2013 czytnik do identyfikator\u00f3w zbli\u017ceniowych \u2013 RFID\"}]},{\"@type\":\"WebSite\",\"@id\":\"https:\\\/\\\/lepson.pl\\\/#website\",\"url\":\"https:\\\/\\\/lepson.pl\\\/\",\"name\":\"LEPSON\",\"description\":\"- rejestracja ewidencja czasu pracy\",\"potentialAction\":[{\"@type\":\"SearchAction\",\"target\":{\"@type\":\"EntryPoint\",\"urlTemplate\":\"https:\\\/\\\/lepson.pl\\\/?s={search_term_string}\"},\"query-input\":{\"@type\":\"PropertyValueSpecification\",\"valueRequired\":true,\"valueName\":\"search_term_string\"}}],\"inLanguage\":\"pl-PL\"}]}<\/script>\n<!-- \/ Yoast SEO plugin. -->","yoast_head_json":{"title":"RFID - Czytnik do identyfikator\u00f3w zbli\u017ceniowych - RCP 78 AR| LEPSON","description":"Czytnik RCP78AR obs\u0142uguje identyfikatory zbli\u017ceniowe i jest przeznaczony do pracy w systemie Rejestracji Czasu Pracy i Kontroli Dost\u0119pu RCPX8.","robots":{"index":"index","follow":"follow","max-snippet":"max-snippet:-1","max-image-preview":"max-image-preview:large","max-video-preview":"max-video-preview:-1"},"canonical":"https:\/\/lepson.pl\/index.php\/rcp-i-kd-2-2\/rcp-78-ar\/","og_locale":"pl_PL","og_type":"article","og_title":"RFID - Czytnik do identyfikator\u00f3w zbli\u017ceniowych - RCP 78 AR| LEPSON","og_description":"Czytnik RCP78AR obs\u0142uguje identyfikatory zbli\u017ceniowe i jest przeznaczony do pracy w systemie Rejestracji Czasu Pracy i Kontroli Dost\u0119pu RCPX8.","og_url":"https:\/\/lepson.pl\/index.php\/rcp-i-kd-2-2\/rcp-78-ar\/","og_site_name":"LEPSON","article_modified_time":"2022-11-07T11:38:06+00:00","og_image":[{"url":"https:\/\/lepson.pl\/wp-content\/uploads\/2017\/02\/78-rcp78ar-wyprowadzenia-170104-580x1024.gif","type":"","width":"","height":""}],"twitter_card":"summary_large_image","twitter_misc":{"Szacowany czas czytania":"6 minut"},"schema":{"@context":"https:\/\/schema.org","@graph":[{"@type":"WebPage","@id":"https:\/\/lepson.pl\/index.php\/rcp-i-kd-2-2\/rcp-78-ar\/","url":"https:\/\/lepson.pl\/index.php\/rcp-i-kd-2-2\/rcp-78-ar\/","name":"RFID - Czytnik do identyfikator\u00f3w zbli\u017ceniowych - RCP 78 AR| LEPSON","isPartOf":{"@id":"https:\/\/lepson.pl\/#website"},"primaryImageOfPage":{"@id":"https:\/\/lepson.pl\/index.php\/rcp-i-kd-2-2\/rcp-78-ar\/#primaryimage"},"image":{"@id":"https:\/\/lepson.pl\/index.php\/rcp-i-kd-2-2\/rcp-78-ar\/#primaryimage"},"thumbnailUrl":"https:\/\/lepson.pl\/wp-content\/uploads\/2017\/02\/78-rcp78ar-wyprowadzenia-170104-580x1024.gif","datePublished":"2017-02-26T13:29:17+00:00","dateModified":"2022-11-07T11:38:06+00:00","description":"Czytnik RCP78AR obs\u0142uguje identyfikatory zbli\u017ceniowe i jest przeznaczony do pracy w systemie Rejestracji Czasu Pracy i Kontroli Dost\u0119pu RCPX8.","breadcrumb":{"@id":"https:\/\/lepson.pl\/index.php\/rcp-i-kd-2-2\/rcp-78-ar\/#breadcrumb"},"inLanguage":"pl-PL","potentialAction":[{"@type":"ReadAction","target":["https:\/\/lepson.pl\/index.php\/rcp-i-kd-2-2\/rcp-78-ar\/"]}]},{"@type":"ImageObject","inLanguage":"pl-PL","@id":"https:\/\/lepson.pl\/index.php\/rcp-i-kd-2-2\/rcp-78-ar\/#primaryimage","url":"https:\/\/lepson.pl\/wp-content\/uploads\/2017\/02\/78-rcp78ar-wyprowadzenia-170104.gif","contentUrl":"https:\/\/lepson.pl\/wp-content\/uploads\/2017\/02\/78-rcp78ar-wyprowadzenia-170104.gif","width":1237,"height":2185},{"@type":"BreadcrumbList","@id":"https:\/\/lepson.pl\/index.php\/rcp-i-kd-2-2\/rcp-78-ar\/#breadcrumb","itemListElement":[{"@type":"ListItem","position":1,"name":"Strona g\u0142\u00f3wna","item":"https:\/\/lepson.pl\/"},{"@type":"ListItem","position":2,"name":"RCP i KD","item":"https:\/\/lepson.pl\/index.php\/rcp-i-kd-2-2\/"},{"@type":"ListItem","position":3,"name":"RCP78AR \u2013 czytnik do identyfikator\u00f3w zbli\u017ceniowych \u2013 RFID"}]},{"@type":"WebSite","@id":"https:\/\/lepson.pl\/#website","url":"https:\/\/lepson.pl\/","name":"LEPSON","description":"- rejestracja ewidencja czasu pracy","potentialAction":[{"@type":"SearchAction","target":{"@type":"EntryPoint","urlTemplate":"https:\/\/lepson.pl\/?s={search_term_string}"},"query-input":{"@type":"PropertyValueSpecification","valueRequired":true,"valueName":"search_term_string"}}],"inLanguage":"pl-PL"}]}},"_links":{"self":[{"href":"https:\/\/lepson.pl\/index.php\/wp-json\/wp\/v2\/pages\/665","targetHints":{"allow":["GET"]}}],"collection":[{"href":"https:\/\/lepson.pl\/index.php\/wp-json\/wp\/v2\/pages"}],"about":[{"href":"https:\/\/lepson.pl\/index.php\/wp-json\/wp\/v2\/types\/page"}],"author":[{"embeddable":true,"href":"https:\/\/lepson.pl\/index.php\/wp-json\/wp\/v2\/users\/2"}],"replies":[{"embeddable":true,"href":"https:\/\/lepson.pl\/index.php\/wp-json\/wp\/v2\/comments?post=665"}],"version-history":[{"count":141,"href":"https:\/\/lepson.pl\/index.php\/wp-json\/wp\/v2\/pages\/665\/revisions"}],"predecessor-version":[{"id":3616,"href":"https:\/\/lepson.pl\/index.php\/wp-json\/wp\/v2\/pages\/665\/revisions\/3616"}],"up":[{"embeddable":true,"href":"https:\/\/lepson.pl\/index.php\/wp-json\/wp\/v2\/pages\/1607"}],"wp:attachment":[{"href":"https:\/\/lepson.pl\/index.php\/wp-json\/wp\/v2\/media?parent=665"}],"curies":[{"name":"wp","href":"https:\/\/api.w.org\/{rel}","templated":true}]}}