{"id":3551,"date":"2022-03-09T14:26:00","date_gmt":"2022-03-09T14:26:00","guid":{"rendered":"https:\/\/lepson.pl\/?page_id=3551"},"modified":"2024-03-08T13:16:24","modified_gmt":"2024-03-08T13:16:24","slug":"rcp-i-kd-2","status":"publish","type":"page","link":"https:\/\/lepson.pl\/index.php\/rcp-i-kd-2\/","title":{"rendered":"Informacje podstawowe"},"content":{"rendered":"<div class=\"wpb-content-wrapper\"><p>[vc_row css=&#8221;.vc_custom_1569402850219{background-color: #ffffff !important;}&#8221;][vc_column css=&#8221;.vc_custom_1569402546773{padding-top: 3% !important;}&#8221;][vc_row_inner css=&#8221;.vc_custom_1569402663972{padding-right: 12% !important;padding-left: 12% !important;}&#8221;][vc_column_inner width=&#8221;5\/6&#8243; css=&#8221;.vc_custom_1569402907453{padding-top: 3% !important;}&#8221;][vc_column_text]<\/p>\n<h3>Informacje podstawowe<\/h3>\n<p>System RCPX8 s\u0142u\u017cy do rejestrowania wej\u015b\u0107 i wyj\u015b\u0107 pracownik\u00f3w i podliczania czasu pracy.<br \/>\nPrawid\u0142owo skonfigurowany system sk\u0142ada si\u0119 z:<\/p>\n<ul>\n<li>zainstalowanych na \u015bcianie <a href=\"https:\/\/lepson.pl\/index.php\/rcp-i-kd-2-2\/rcp-78-ar\/\"><b>czytnik\u00f3w<\/b><\/a> rejestruj\u0105cych wej\u015bcie, wyj\u015bcie lub wyj\u015bcie s\u0142u\u017cbowe<\/li>\n<li><a href=\"https:\/\/lepson.pl\/index.php\/rcp-i-kd-2-2\/brelok\/\"><b>identyfikator\u00f3w<\/b><\/a> zbli\u017ceniowych RFID (karty lub breloczki), w kt\u00f3re wyposa\u017ceni b\u0119d\u0105 pracownicy<\/li>\n<li>jednego <a href=\"https:\/\/lepson.pl\/index.php\/rcp-i-kd-2-2\/rcp-48-wu\/\"><b>konwertera<\/b><\/a> przy komputerze PC<\/li>\n<li>zainstalowanego <a href=\"https:\/\/lepson.pl\/index.php\/rcp-i-kd-2-2\/rcp-58\/\"><b>p<\/b><strong>rogramu RCP58<\/strong><\/a><\/li>\n<li><a href=\"https:\/\/lepson.pl\/index.php\/rcp-i-kd-2-2\/uzb27\/\"><strong>zasilacza 12V<\/strong><\/a><\/li>\n<\/ul>\n<p>[\/vc_column_text][vc_column_text]<\/p>\n<h3>Identyfikatory<\/h3>\n<p>Ka\u017cdy pracownik musi zosta\u0107 wyposa\u017cony w <a href=\"https:\/\/lepson.pl\/index.php\/rcp-i-kd-2-2\/brelok\/\">identyfikator<\/a>. Identyfikatory u\u017cywane w systemie RCPX8 posiadaj\u0105 unikalne w skali \u015bwiatowej kody.<br \/>\nIdentyfikatory dost\u0119pne s\u0105 w dw\u00f3ch wersjach: w postaci bia\u0142ych, prostok\u0105tnych kart, wielko\u015bci karty kredytowej lub w postaci brelok\u00f3w, kt\u00f3re pracownik mo\u017ce przypi\u0105\u0107 np. do kluczy.<\/p>\n<h3>Czytniki rejestruj\u0105ce czas pracy<\/h3>\n<p><a href=\"https:\/\/lepson.pl\/wp-content\/uploads\/2021\/07\/wiecej_o_rcp_02_l.gif\"><img decoding=\"async\" class=\"size-full wp-image-3289 alignright\" src=\"https:\/\/lepson.pl\/wp-content\/uploads\/2021\/07\/wiecej_o_rcp_02_l.gif\" alt=\"\" width=\"170\" height=\"133\" \/><\/a><\/p>\n<p><a href=\"https:\/\/lepson.pl\/index.php\/rcp-i-kd-2-2\/rcp-78-ar\/\">Czytnik RCP78AR<\/a> w systemie RCPX8 rejestruje jeden typ zdarze\u0144 &#8211; taki, jaki ustawi\u0142 operator systemu w konfiguracji danego czytnika. Aby w systemie zosta\u0142a zarejestrowana para zdarze\u0144 wyznaczaj\u0105ca pocz\u0105tek i koniec pracy pracownika, musz\u0105 by\u0107 zainstalowane dwa czytniki &#8211; jeden do rejestrowania Wej\u015b\u0107, drugi do rejestrowania Wyj\u015b\u0107.<br \/>\nPoprzez zbli\u017cenie identyfikatora do czytnika pracownik rejestruje swoje Wej\u015bcie, Wyj\u015bcie lub Wyj\u015bcie s\u0142u\u017cbowe. Je\u017celi czytnik zostanie zamontowany przed drzwiami wej\u015bciowymi do firmy, w\u00f3wczas mo\u017cna po\u0142\u0105czy\u0107 w takim czytniku dwie funkcje: rejestracj\u0119 pocz\u0105tku pracy i kontrol\u0119 wej\u015bcia do firmy (czytnik mo\u017ce sterowa\u0107 elektrozamkami w drzwiach przy zbli\u017ceniu uprawnionego identyfikatora).<br \/>\nRozpoznanie identyfikatora czytnik sygnalizuje wy\u015bwietleniem numeru pracownika. R\u00f3wnocze\u015bnie czytnik poinformuje pracownika o zarejestrowanym zdarzeniu delikatnym sygna\u0142em d\u017awi\u0119kowym: tzw. tr\u00f3j-piskiem. O uprawnieniach danego identyfikatora (a, co za tym idzie, danego pracownika) w czytniku decyduje operator systemu, kt\u00f3ry z poziomu\u00a0programu RCP58\u00a0w komputerze zapisuje w pami\u0119ci czytnika uprawnienia tego identyfikatora.<br \/>\nDane o wej\u015bciach i wyj\u015bciach (tzw. zdarzenia) zapisywane s\u0105 w nieulotnej pami\u0119ci czytnika. Musz\u0105 one by\u0107 p\u00f3\u017aniej przes\u0142ane do komputera. Jest to tzw. pobieranie zdarze\u0144, kt\u00f3re za pomoc\u0105 programu komputerowego nale\u017cy przeprowadzi\u0107 w momencie, gdy chcemy wykona\u0107 dany raport.<\/p>\n<h3>Konwerter<\/h3>\n<p><a href=\"https:\/\/lepson.pl\/index.php\/rcp-i-kd-2-2\/rcp-48-wu\/\">Konwerter RCP48WU<\/a> pe\u0142ni trzy funkcje: umo\u017cliwia komunikacj\u0119 komputera z czytnikami, izoluje galwanicznie komputer od systemu RCPX8 oraz pozwala na wprowadzenie kod\u00f3w identyfikator\u00f3w ID do bazy danych systemu.<br \/>\nKonwerter powinien by\u0107 zainstalowany bezpo\u015brednio przy komputerze, na kt\u00f3rym jest zainstalowany program RCP58.<\/p>\n<h3>Program komputerowy <a href=\"https:\/\/lepson.pl\/wp-content\/uploads\/2021\/07\/wiecej_o_rcp_07_r.gif\"><img fetchpriority=\"high\" decoding=\"async\" class=\"size-full wp-image-3294 alignright\" src=\"https:\/\/lepson.pl\/wp-content\/uploads\/2021\/07\/wiecej_o_rcp_07_r.gif\" alt=\"\" width=\"270\" height=\"203\" \/><\/a><\/h3>\n<p><a href=\"https:\/\/lepson.pl\/index.php\/rcp-i-kd-2\/rcp-58\/\">Program komputerowy RCP58<\/a> w wersji standardowej umo\u017cliwia pobranie zdarze\u0144 z pami\u0119ci czytnik\u00f3w, ich archiwizacj\u0119, a tak\u017ce ustawianie uprawnie\u0144 pracownik\u00f3w w poszczeg\u00f3lnych czytnikach oraz wykonanie podstawowych raport\u00f3w. W wersji pe\u0142nej ( licencjonowanej) staje si\u0119 zaawansowanym narz\u0119dziem do obliczania i analizy czasu pracy pracownik\u00f3w i tworzenia zaawansowanych raport\u00f3w w oparciu o tworzone plany pracy oraz wsp\u00f3\u0142pracuje z programami kadrowo-p\u0142acowymi. W zakresie licencji na wersj\u0119 pe\u0142n\u0105 Pozwala r\u00f3wnie\u017c na prac\u0119 quasi-sieciow\u0105 \u2013 opr\u00f3cz programu zainstalowanego na komputerze operatora systemu, mo\u017cna zainstalowa\u0107 na dowolnej liczbie komputer\u00f3w program w wersji Przegl\u0105darka, pozwalaj\u0105cy w pe\u0142ni obrabia\u0107 dane systemu RCP 58.<\/p>\n<h3>Instalowanie systemu RCPX8<\/h3>\n<p>Instalowanie systemu RCPX8 jest proste. Ewentualne z\u0142e pod\u0142\u0105czenie element\u00f3w niczego nie psuje. Korzystaj\u0105c z dokumentu <a href=\"https:\/\/lepson.pl\/files\/file\/PL\/IO\/RCPX8-instrukcja-wstepnego-uruchamiania-190130.pdf\">&#8222;Instrukcja pierwszego uruchamiania krok po kroku&#8221;<\/a> mo\u017cna z \u0142atwo\u015bci\u0105 uruchomi\u0107 system. Przyk\u0142adowe schematy znajduj\u0105 si\u0119\u00a0 w <a href=\"https:\/\/lepson.pl\/files\/file\/PL\/IO\/78-rcp78ar-iot-210129.pdf\">instrukcji czytnika<\/a> oraz na filmie &#8222;<a href=\"https:\/\/lepson.pl\/files\/file\/PL\/IO\/78-wideo-instrukcja-montazu-czytnika-78r.wmv\">Wideoinstrukcja monta\u017cu czytnika&#8221;<\/a>.[\/vc_column_text][\/vc_column_inner][\/vc_row_inner][\/vc_column][\/vc_row][vc_row content_placement=&#8221;top&#8221; css=&#8221;.vc_custom_1501713789153{background-image: url(https:\/\/lepson.pl\/wp-content\/uploads\/2017\/01\/footer-map-1-1.jpg?id=1534) !important;background-position: center !important;background-repeat: no-repeat !important;background-size: cover !important;}&#8221;][vc_column][vc_row_inner css=&#8221;.vc_custom_1485612616667{padding-top: 6% !important;padding-right: 12% !important;padding-bottom: 6% !important;padding-left: 12% !important;}&#8221;][vc_column_inner width=&#8221;1\/4&#8243;][vc_column_text]<a href=\"mailto:biuro@lepson.pl\">biuro@lepson.pl<\/a><\/p>\n<p>(32) 754 54 54<br \/>\n(32) 754 54 55<\/p>\n<p><a href=\"mailto:rcp@lep.pl\">rcp@lepson.pl<\/a> (pomoc techniczna)<\/p>\n<p><a href=\"https:\/\/goo.gl\/maps\/2HeA81byii52\" target=\"_blank\" rel=\"noopener noreferrer\">Wsp\u00f3lna 9,\u00a0<\/a><a href=\"https:\/\/goo.gl\/maps\/2HeA81byii52\">32-300, Olkusz<br \/>\n<\/a> NIP: 6372182383[\/vc_column_text][\/vc_column_inner][vc_column_inner width=&#8221;1\/4&#8243;][\/vc_column_inner][vc_column_inner width=&#8221;1\/4&#8243;][\/vc_column_inner][vc_column_inner width=&#8221;1\/4&#8243;][\/vc_column_inner][\/vc_row_inner][\/vc_column][\/vc_row]<\/p>\n<\/div>","protected":false},"excerpt":{"rendered":"<p>[vc_row css=&#8221;.vc_custom_1569402850219{background-color: #ffffff !important;}&#8221;][vc_column css=&#8221;.vc_custom_1569402546773{padding-top: 3% !important;}&#8221;][vc_row_inner css=&#8221;.vc_custom_1569402663972{padding-right: 12% !important;padding-left: 12% !important;}&#8221;][vc_column_inner width=&#8221;5\/6&#8243; css=&#8221;.vc_custom_1569402907453{padding-top: 3% !important;}&#8221;][vc_column_text] Informacje podstawowe System RCPX8 s\u0142u\u017cy do rejestrowania wej\u015b\u0107 i wyj\u015b\u0107 pracownik\u00f3w i podliczania czasu pracy. Prawid\u0142owo skonfigurowany system sk\u0142ada si\u0119 z: zainstalowanych na \u015bcianie czytnik\u00f3w rejestruj\u0105cych wej\u015bcie, wyj\u015bcie lub wyj\u015bcie s\u0142u\u017cbowe identyfikator\u00f3w zbli\u017ceniowych RFID (karty lub breloczki), w kt\u00f3re [&hellip;]<\/p>\n","protected":false},"author":6,"featured_media":0,"parent":0,"menu_order":0,"comment_status":"closed","ping_status":"closed","template":"page-full-width.php","meta":{"footnotes":""},"class_list":["post-3551","page","type-page","status-publish","hentry"],"yoast_head":"<!-- This site is optimized with the Yoast SEO plugin v27.3 - https:\/\/yoast.com\/product\/yoast-seo-wordpress\/ -->\n<title>System kotroli wej\u015b\u0107 i wyj\u015b\u0107 - czytnik godzin pracy | LEPSON<\/title>\n<meta name=\"description\" content=\"System kotroli wej\u015b\u0107 i wyj\u015b\u0107 \u2013 system RCP X8 s\u0142u\u017cy do elektronicznego rejestrowania wej\u015b\u0107 i wyj\u015b\u0107 pracownik\u00f3w i podliczania czasu pracy. Jeste\u015bmy producentami system\u00f3w do rejestracji czasu pracy. Sprawd\u017a nasz\u0105 ofert\u0119.\" \/>\n<meta name=\"robots\" content=\"index, follow, max-snippet:-1, max-image-preview:large, max-video-preview:-1\" \/>\n<link rel=\"canonical\" href=\"https:\/\/lepson.pl\/index.php\/rcp-i-kd-2\/\" \/>\n<meta property=\"og:locale\" content=\"pl_PL\" \/>\n<meta property=\"og:type\" content=\"article\" \/>\n<meta property=\"og:title\" content=\"System kotroli wej\u015b\u0107 i wyj\u015b\u0107 - czytnik godzin pracy | LEPSON\" \/>\n<meta property=\"og:description\" content=\"System kotroli wej\u015b\u0107 i wyj\u015b\u0107 \u2013 system RCP X8 s\u0142u\u017cy do elektronicznego rejestrowania wej\u015b\u0107 i wyj\u015b\u0107 pracownik\u00f3w i podliczania czasu pracy. Jeste\u015bmy producentami system\u00f3w do rejestracji czasu pracy. Sprawd\u017a nasz\u0105 ofert\u0119.\" \/>\n<meta property=\"og:url\" content=\"https:\/\/lepson.pl\/index.php\/rcp-i-kd-2\/\" \/>\n<meta property=\"og:site_name\" content=\"LEPSON\" \/>\n<meta property=\"article:modified_time\" content=\"2024-03-08T13:16:24+00:00\" \/>\n<meta property=\"og:image\" content=\"https:\/\/lepson.pl\/wp-content\/uploads\/2021\/07\/wiecej_o_rcp_02_l.gif\" \/>\n<meta name=\"twitter:card\" content=\"summary_large_image\" \/>\n<meta name=\"twitter:label1\" content=\"Szacowany czas czytania\" \/>\n\t<meta name=\"twitter:data1\" content=\"4 minuty\" \/>\n<script type=\"application\/ld+json\" class=\"yoast-schema-graph\">{\"@context\":\"https:\\\/\\\/schema.org\",\"@graph\":[{\"@type\":\"WebPage\",\"@id\":\"https:\\\/\\\/lepson.pl\\\/index.php\\\/rcp-i-kd-2\\\/\",\"url\":\"https:\\\/\\\/lepson.pl\\\/index.php\\\/rcp-i-kd-2\\\/\",\"name\":\"System kotroli wej\u015b\u0107 i wyj\u015b\u0107 - czytnik godzin pracy | LEPSON\",\"isPartOf\":{\"@id\":\"https:\\\/\\\/lepson.pl\\\/#website\"},\"primaryImageOfPage\":{\"@id\":\"https:\\\/\\\/lepson.pl\\\/index.php\\\/rcp-i-kd-2\\\/#primaryimage\"},\"image\":{\"@id\":\"https:\\\/\\\/lepson.pl\\\/index.php\\\/rcp-i-kd-2\\\/#primaryimage\"},\"thumbnailUrl\":\"https:\\\/\\\/lepson.pl\\\/wp-content\\\/uploads\\\/2021\\\/07\\\/wiecej_o_rcp_02_l.gif\",\"datePublished\":\"2022-03-09T14:26:00+00:00\",\"dateModified\":\"2024-03-08T13:16:24+00:00\",\"description\":\"System kotroli wej\u015b\u0107 i wyj\u015b\u0107 \u2013 system RCP X8 s\u0142u\u017cy do elektronicznego rejestrowania wej\u015b\u0107 i wyj\u015b\u0107 pracownik\u00f3w i podliczania czasu pracy. Jeste\u015bmy producentami system\u00f3w do rejestracji czasu pracy. Sprawd\u017a nasz\u0105 ofert\u0119.\",\"breadcrumb\":{\"@id\":\"https:\\\/\\\/lepson.pl\\\/index.php\\\/rcp-i-kd-2\\\/#breadcrumb\"},\"inLanguage\":\"pl-PL\",\"potentialAction\":[{\"@type\":\"ReadAction\",\"target\":[\"https:\\\/\\\/lepson.pl\\\/index.php\\\/rcp-i-kd-2\\\/\"]}]},{\"@type\":\"ImageObject\",\"inLanguage\":\"pl-PL\",\"@id\":\"https:\\\/\\\/lepson.pl\\\/index.php\\\/rcp-i-kd-2\\\/#primaryimage\",\"url\":\"https:\\\/\\\/lepson.pl\\\/wp-content\\\/uploads\\\/2021\\\/07\\\/wiecej_o_rcp_02_l.gif\",\"contentUrl\":\"https:\\\/\\\/lepson.pl\\\/wp-content\\\/uploads\\\/2021\\\/07\\\/wiecej_o_rcp_02_l.gif\",\"width\":\"170\",\"height\":\"133\"},{\"@type\":\"BreadcrumbList\",\"@id\":\"https:\\\/\\\/lepson.pl\\\/index.php\\\/rcp-i-kd-2\\\/#breadcrumb\",\"itemListElement\":[{\"@type\":\"ListItem\",\"position\":1,\"name\":\"Strona g\u0142\u00f3wna\",\"item\":\"https:\\\/\\\/lepson.pl\\\/\"},{\"@type\":\"ListItem\",\"position\":2,\"name\":\"Informacje podstawowe\"}]},{\"@type\":\"WebSite\",\"@id\":\"https:\\\/\\\/lepson.pl\\\/#website\",\"url\":\"https:\\\/\\\/lepson.pl\\\/\",\"name\":\"LEPSON\",\"description\":\"- rejestracja ewidencja czasu pracy\",\"potentialAction\":[{\"@type\":\"SearchAction\",\"target\":{\"@type\":\"EntryPoint\",\"urlTemplate\":\"https:\\\/\\\/lepson.pl\\\/?s={search_term_string}\"},\"query-input\":{\"@type\":\"PropertyValueSpecification\",\"valueRequired\":true,\"valueName\":\"search_term_string\"}}],\"inLanguage\":\"pl-PL\"}]}<\/script>\n<!-- \/ Yoast SEO plugin. -->","yoast_head_json":{"title":"System kotroli wej\u015b\u0107 i wyj\u015b\u0107 - czytnik godzin pracy | LEPSON","description":"System kotroli wej\u015b\u0107 i wyj\u015b\u0107 \u2013 system RCP X8 s\u0142u\u017cy do elektronicznego rejestrowania wej\u015b\u0107 i wyj\u015b\u0107 pracownik\u00f3w i podliczania czasu pracy. Jeste\u015bmy producentami system\u00f3w do rejestracji czasu pracy. Sprawd\u017a nasz\u0105 ofert\u0119.","robots":{"index":"index","follow":"follow","max-snippet":"max-snippet:-1","max-image-preview":"max-image-preview:large","max-video-preview":"max-video-preview:-1"},"canonical":"https:\/\/lepson.pl\/index.php\/rcp-i-kd-2\/","og_locale":"pl_PL","og_type":"article","og_title":"System kotroli wej\u015b\u0107 i wyj\u015b\u0107 - czytnik godzin pracy | LEPSON","og_description":"System kotroli wej\u015b\u0107 i wyj\u015b\u0107 \u2013 system RCP X8 s\u0142u\u017cy do elektronicznego rejestrowania wej\u015b\u0107 i wyj\u015b\u0107 pracownik\u00f3w i podliczania czasu pracy. Jeste\u015bmy producentami system\u00f3w do rejestracji czasu pracy. Sprawd\u017a nasz\u0105 ofert\u0119.","og_url":"https:\/\/lepson.pl\/index.php\/rcp-i-kd-2\/","og_site_name":"LEPSON","article_modified_time":"2024-03-08T13:16:24+00:00","og_image":[{"url":"https:\/\/lepson.pl\/wp-content\/uploads\/2021\/07\/wiecej_o_rcp_02_l.gif","type":"","width":"","height":""}],"twitter_card":"summary_large_image","twitter_misc":{"Szacowany czas czytania":"4 minuty"},"schema":{"@context":"https:\/\/schema.org","@graph":[{"@type":"WebPage","@id":"https:\/\/lepson.pl\/index.php\/rcp-i-kd-2\/","url":"https:\/\/lepson.pl\/index.php\/rcp-i-kd-2\/","name":"System kotroli wej\u015b\u0107 i wyj\u015b\u0107 - czytnik godzin pracy | LEPSON","isPartOf":{"@id":"https:\/\/lepson.pl\/#website"},"primaryImageOfPage":{"@id":"https:\/\/lepson.pl\/index.php\/rcp-i-kd-2\/#primaryimage"},"image":{"@id":"https:\/\/lepson.pl\/index.php\/rcp-i-kd-2\/#primaryimage"},"thumbnailUrl":"https:\/\/lepson.pl\/wp-content\/uploads\/2021\/07\/wiecej_o_rcp_02_l.gif","datePublished":"2022-03-09T14:26:00+00:00","dateModified":"2024-03-08T13:16:24+00:00","description":"System kotroli wej\u015b\u0107 i wyj\u015b\u0107 \u2013 system RCP X8 s\u0142u\u017cy do elektronicznego rejestrowania wej\u015b\u0107 i wyj\u015b\u0107 pracownik\u00f3w i podliczania czasu pracy. Jeste\u015bmy producentami system\u00f3w do rejestracji czasu pracy. Sprawd\u017a nasz\u0105 ofert\u0119.","breadcrumb":{"@id":"https:\/\/lepson.pl\/index.php\/rcp-i-kd-2\/#breadcrumb"},"inLanguage":"pl-PL","potentialAction":[{"@type":"ReadAction","target":["https:\/\/lepson.pl\/index.php\/rcp-i-kd-2\/"]}]},{"@type":"ImageObject","inLanguage":"pl-PL","@id":"https:\/\/lepson.pl\/index.php\/rcp-i-kd-2\/#primaryimage","url":"https:\/\/lepson.pl\/wp-content\/uploads\/2021\/07\/wiecej_o_rcp_02_l.gif","contentUrl":"https:\/\/lepson.pl\/wp-content\/uploads\/2021\/07\/wiecej_o_rcp_02_l.gif","width":"170","height":"133"},{"@type":"BreadcrumbList","@id":"https:\/\/lepson.pl\/index.php\/rcp-i-kd-2\/#breadcrumb","itemListElement":[{"@type":"ListItem","position":1,"name":"Strona g\u0142\u00f3wna","item":"https:\/\/lepson.pl\/"},{"@type":"ListItem","position":2,"name":"Informacje podstawowe"}]},{"@type":"WebSite","@id":"https:\/\/lepson.pl\/#website","url":"https:\/\/lepson.pl\/","name":"LEPSON","description":"- rejestracja ewidencja czasu pracy","potentialAction":[{"@type":"SearchAction","target":{"@type":"EntryPoint","urlTemplate":"https:\/\/lepson.pl\/?s={search_term_string}"},"query-input":{"@type":"PropertyValueSpecification","valueRequired":true,"valueName":"search_term_string"}}],"inLanguage":"pl-PL"}]}},"_links":{"self":[{"href":"https:\/\/lepson.pl\/index.php\/wp-json\/wp\/v2\/pages\/3551","targetHints":{"allow":["GET"]}}],"collection":[{"href":"https:\/\/lepson.pl\/index.php\/wp-json\/wp\/v2\/pages"}],"about":[{"href":"https:\/\/lepson.pl\/index.php\/wp-json\/wp\/v2\/types\/page"}],"author":[{"embeddable":true,"href":"https:\/\/lepson.pl\/index.php\/wp-json\/wp\/v2\/users\/6"}],"replies":[{"embeddable":true,"href":"https:\/\/lepson.pl\/index.php\/wp-json\/wp\/v2\/comments?post=3551"}],"version-history":[{"count":29,"href":"https:\/\/lepson.pl\/index.php\/wp-json\/wp\/v2\/pages\/3551\/revisions"}],"predecessor-version":[{"id":3665,"href":"https:\/\/lepson.pl\/index.php\/wp-json\/wp\/v2\/pages\/3551\/revisions\/3665"}],"wp:attachment":[{"href":"https:\/\/lepson.pl\/index.php\/wp-json\/wp\/v2\/media?parent=3551"}],"curies":[{"name":"wp","href":"https:\/\/api.w.org\/{rel}","templated":true}]}}