{"id":3426,"date":"2021-09-30T10:14:51","date_gmt":"2021-09-30T10:14:51","guid":{"rendered":"https:\/\/lepson.pl\/?page_id=3426"},"modified":"2021-09-30T10:14:51","modified_gmt":"2021-09-30T10:14:51","slug":"inquiry","status":"publish","type":"page","link":"https:\/\/lepson.pl\/index.php\/inquiry\/","title":{"rendered":"Inquiry"},"content":{"rendered":"<div class=\"wpb-content-wrapper\"><p>[vc_row css=&#8221;.vc_custom_1502575334726{background-color: #ffffff !important;background-position: center !important;background-repeat: no-repeat !important;background-size: cover !important;}&#8221;][vc_column][vc_row_inner css=&#8221;.vc_custom_1550146703803{padding-top: 3% !important;padding-right: 12% !important;padding-left: 12% !important;}&#8221;][vc_column_inner css=&#8221;.vc_custom_1502923545963{padding-right: 12% !important;padding-left: 12% !important;}&#8221;][vc_column_text]<\/p>\n<h2><span style=\"color: #333333;\">Inquiry<\/span><\/h2>\n<p>Thank you for your interest in the RCP X8 work time registration and access control systems we produce. We have been producing the systems since 2000.<\/p>\n<p>We will be happy to present you a detailed price offer for the appropriate system after specifying your <span style=\"text-decoration: underline;\">basic<\/span> needs and obtaining some information.<br \/>\nAfter receiving this information, we will send you a complete price quote.<\/p>\n<p>RCP system elements are covered by a 24-month warranty. On request, we can send you a reference list of our users.[\/vc_column_text]\n<div class=\"wpcf7 no-js\" id=\"wpcf7-f3432-o1\" lang=\"pl-PL\" dir=\"ltr\" data-wpcf7-id=\"3432\">\n<div class=\"screen-reader-response\"><p role=\"status\" aria-live=\"polite\" aria-atomic=\"true\"><\/p> <ul><\/ul><\/div>\n<form action=\"\/index.php\/wp-json\/wp\/v2\/pages\/3426#wpcf7-f3432-o1\" method=\"post\" class=\"wpcf7-form init\" aria-label=\"Formularz kontaktowy\" novalidate=\"novalidate\" data-status=\"init\">\n<fieldset class=\"hidden-fields-container\"><input type=\"hidden\" name=\"_wpcf7\" value=\"3432\" \/><input type=\"hidden\" name=\"_wpcf7_version\" value=\"6.1.5\" \/><input type=\"hidden\" name=\"_wpcf7_locale\" value=\"pl_PL\" \/><input type=\"hidden\" name=\"_wpcf7_unit_tag\" value=\"wpcf7-f3432-o1\" \/><input type=\"hidden\" name=\"_wpcf7_container_post\" value=\"0\" \/><input type=\"hidden\" name=\"_wpcf7_posted_data_hash\" value=\"\" \/><input type=\"hidden\" name=\"_wpcf7_recaptcha_response\" value=\"\" \/>\n<\/fieldset>\n<h4>Company information\n<\/h4>\n<p><b>Name and surname* <span class=\"wpcf7-form-control-wrap\" data-name=\"your-name\"><input size=\"40\" maxlength=\"400\" class=\"wpcf7-form-control wpcf7-text wpcf7-validates-as-required\" aria-required=\"true\" aria-invalid=\"false\" value=\"\" type=\"text\" name=\"your-name\" \/><\/span><\/b>\n<\/p>\n<p><b>Company name* <span class=\"wpcf7-form-control-wrap\" data-name=\"your-company-name\"><input size=\"40\" maxlength=\"400\" class=\"wpcf7-form-control wpcf7-text wpcf7-validates-as-required\" aria-required=\"true\" aria-invalid=\"false\" value=\"\" type=\"text\" name=\"your-company-name\" \/><\/span><\/b>\n<\/p>\n<p><b>Company address* <span class=\"wpcf7-form-control-wrap\" data-name=\"your-adress\"><input size=\"40\" maxlength=\"400\" class=\"wpcf7-form-control wpcf7-text wpcf7-validates-as-required\" aria-required=\"true\" aria-invalid=\"false\" value=\"\" type=\"text\" name=\"your-adress\" \/><\/span><\/b>\n<\/p>\n<p><b>E-mail address* <span class=\"wpcf7-form-control-wrap\" data-name=\"your-email\"><input size=\"40\" maxlength=\"400\" class=\"wpcf7-form-control wpcf7-email wpcf7-validates-as-required wpcf7-text wpcf7-validates-as-email\" aria-required=\"true\" aria-invalid=\"false\" value=\"\" type=\"email\" name=\"your-email\" \/><\/span><\/b>\n<\/p>\n<p><b>Phone number* <span class=\"wpcf7-form-control-wrap\" data-name=\"your-phone\"><input size=\"40\" maxlength=\"400\" class=\"wpcf7-form-control wpcf7-tel wpcf7-validates-as-required wpcf7-text wpcf7-validates-as-tel\" aria-required=\"true\" aria-invalid=\"false\" value=\"\" type=\"tel\" name=\"your-phone\" \/><\/span><\/b>\n<\/p>\n<hr \/>\n<h4>Employees, buildings, entrances\n<\/h4>\n<p><b>How many employees are to be covered by working time registration?* <span class=\"wpcf7-form-control-wrap\" data-name=\"your-how-many-people\"><input size=\"40\" maxlength=\"400\" class=\"wpcf7-form-control wpcf7-text wpcf7-validates-as-required\" aria-required=\"true\" aria-invalid=\"false\" value=\"\" type=\"text\" name=\"your-how-many-people\" \/><\/span><\/b>\n<\/p>\n<p><b>In how many buildings should work time registration be carried out?* <span class=\"wpcf7-form-control-wrap\" data-name=\"your-how-many-buildings\"><input size=\"40\" maxlength=\"400\" class=\"wpcf7-form-control wpcf7-text wpcf7-validates-as-required\" aria-required=\"true\" aria-invalid=\"false\" value=\"\" type=\"text\" name=\"your-how-many-buildings\" \/><\/span><\/b>\n<\/p>\n<p><b>What is the approximate distance between the buildings?<span class=\"wpcf7-form-control-wrap\" data-name=\"your-buildings-distance\"><input size=\"40\" maxlength=\"400\" class=\"wpcf7-form-control wpcf7-text\" aria-invalid=\"false\" value=\"\" type=\"text\" name=\"your-buildings-distance\" \/><\/span><\/b>\n<\/p>\n<p><b>Are the buildings connected by an internal LAN or is there an internal LAN (in the case of one building) in the building?*<span class=\"wpcf7-form-control-wrap\" data-name=\"menu-535\"><select class=\"wpcf7-form-control wpcf7-select wpcf7-validates-as-required\" aria-required=\"true\" aria-invalid=\"false\" name=\"menu-535\"><option value=\"\">&#8212;Prosz\u0119 wybra\u0107 opcj\u0119&#8212;<\/option><option value=\"YES\">YES<\/option><option value=\"NO\">NO<\/option><\/select><\/span><\/b>\n<\/p>\n<p><b> How many entrances are there to each building in which the registration is to be?* <span class=\"wpcf7-form-control-wrap\" data-name=\"your-how-many-entrance\"><input size=\"40\" maxlength=\"400\" class=\"wpcf7-form-control wpcf7-text wpcf7-validates-as-required\" aria-required=\"true\" aria-invalid=\"false\" value=\"\" type=\"text\" name=\"your-how-many-entrance\" \/><\/span><\/b>\n<\/p>\n<p><b>What is the approximate distance between the entrances in each building?* <span class=\"wpcf7-form-control-wrap\" data-name=\"your-entrance-distance\"><input size=\"40\" maxlength=\"400\" class=\"wpcf7-form-control wpcf7-text wpcf7-validates-as-required\" aria-required=\"true\" aria-invalid=\"false\" value=\"\" type=\"text\" name=\"your-entrance-distance\" \/><\/span><\/b>\n<\/p>\n<p><b>Are the readers, apart from working time registration, also to perform the function of access control to the company? *<span class=\"wpcf7-form-control-wrap\" data-name=\"menu-536\"><select class=\"wpcf7-form-control wpcf7-select wpcf7-validates-as-required\" aria-required=\"true\" aria-invalid=\"false\" name=\"menu-536\"><option value=\"\">&#8212;Prosz\u0119 wybra\u0107 opcj\u0119&#8212;<\/option><option value=\"YES\">YES<\/option><option value=\"NO\">NO<\/option><option value=\"NOT ESTABLISHED\">NOT ESTABLISHED<\/option><\/select><\/span><\/b>\n<\/p>\n<p><b>Should employees' business trips be recorded?* <span class=\"wpcf7-form-control-wrap\" data-name=\"menu-537\"><select class=\"wpcf7-form-control wpcf7-select wpcf7-validates-as-required\" aria-required=\"true\" aria-invalid=\"false\" name=\"menu-537\"><option value=\"\">&#8212;Prosz\u0119 wybra\u0107 opcj\u0119&#8212;<\/option><option value=\"YES\">YES<\/option><option value=\"NO\">NO<\/option><option value=\"NOT YET\">NOT YET<\/option><\/select><\/span><\/b>\n<\/p>\n<hr \/>\n<h4>Remarks\n<\/h4>\n<p><b>Other comments and information <span class=\"wpcf7-form-control-wrap\" data-name=\"infos\"><textarea cols=\"40\" rows=\"10\" maxlength=\"2000\" class=\"wpcf7-form-control wpcf7-textarea wpcf7-validates-as-required\" aria-required=\"true\" aria-invalid=\"false\" name=\"infos\"><\/textarea><\/span><\/b>\n<\/p>\n<p><input class=\"wpcf7-form-control wpcf7-submit has-spinner\" type=\"submit\" value=\"Send\" \/><br \/>\n<a href=\"https:\/\/lepson.pl\/index.php\/polityka-prywatnosci\/\">Privacy policy <\/a><br \/>\n\n<\/p><div class=\"wpcf7-response-output\" aria-hidden=\"true\"><\/div>\n<\/form>\n<\/div>\n[\/vc_column_inner][\/vc_row_inner][\/vc_column][\/vc_row][vc_row content_placement=&#8221;top&#8221; css=&#8221;.vc_custom_1501713789153{background-image: url(https:\/\/lepson.pl\/wp-content\/uploads\/2017\/01\/footer-map-1-1.jpg?id=1534) !important;background-position: center !important;background-repeat: no-repeat !important;background-size: cover !important;}&#8221;][vc_column][vc_row_inner css=&#8221;.vc_custom_1485612616667{padding-top: 6% !important;padding-right: 12% !important;padding-bottom: 6% !important;padding-left: 12% !important;}&#8221;][vc_column_inner width=&#8221;1\/4&#8243;][vc_column_text]<a href=\"mailto:biuro@lepson.pl\">biuro@lepson.pl<\/a><\/p>\n<p>(32) 754 54 54<br \/>\n(32) 754 54 55<\/p>\n<p><a href=\"mailto:rcp@lep.pl\">rcp@lepson.pl<\/a> (technical support)<br \/>\n<a href=\"https:\/\/goo.gl\/maps\/2HeA81byii52\" target=\"_blank\" rel=\"noopener\">Wsp\u00f3lna 9, <\/a><a href=\"https:\/\/goo.gl\/maps\/2HeA81byii52\">32-300, Olkusz, POLAND<br \/>\n<\/a> NIP: 6372182383[\/vc_column_text][\/vc_column_inner][vc_column_inner width=&#8221;1\/4&#8243;][\/vc_column_inner][vc_column_inner width=&#8221;1\/4&#8243;][\/vc_column_inner][vc_column_inner width=&#8221;1\/4&#8243;][\/vc_column_inner][\/vc_row_inner][\/vc_column][\/vc_row]<\/p>\n<\/div>","protected":false},"excerpt":{"rendered":"<p>[vc_row css=&#8221;.vc_custom_1502575334726{background-color: #ffffff !important;background-position: center !important;background-repeat: no-repeat !important;background-size: cover !important;}&#8221;][vc_column][vc_row_inner css=&#8221;.vc_custom_1550146703803{padding-top: 3% !important;padding-right: 12% !important;padding-left: 12% !important;}&#8221;][vc_column_inner css=&#8221;.vc_custom_1502923545963{padding-right: 12% !important;padding-left: 12% !important;}&#8221;][vc_column_text] Inquiry Thank you for your interest in the RCP X8 work time registration and access control systems we produce. We have been producing the systems since 2000. We will be happy to present [&hellip;]<\/p>\n","protected":false},"author":6,"featured_media":0,"parent":0,"menu_order":0,"comment_status":"closed","ping_status":"closed","template":"page-full-width.php","meta":{"footnotes":""},"class_list":["post-3426","page","type-page","status-publish","hentry"],"yoast_head":"<!-- This site is optimized with the Yoast SEO plugin v27.3 - https:\/\/yoast.com\/product\/yoast-seo-wordpress\/ -->\n<title>LEPSON | Zapytanie ofertowe<\/title>\n<meta name=\"description\" content=\"Zapraszamy do wype\u0142nienia formularza z zapytaniem o nasze produkty lub do bezpo\u015bredniego kontaktu drog\u0105 telefoniczn\u0105.\" \/>\n<meta name=\"robots\" content=\"index, follow, max-snippet:-1, max-image-preview:large, max-video-preview:-1\" \/>\n<link rel=\"canonical\" href=\"https:\/\/lepson.pl\/index.php\/inquiry\/\" \/>\n<meta property=\"og:locale\" content=\"pl_PL\" \/>\n<meta property=\"og:type\" content=\"article\" \/>\n<meta property=\"og:title\" content=\"LEPSON | Zapytanie ofertowe\" \/>\n<meta property=\"og:description\" content=\"Zapraszamy do wype\u0142nienia formularza z zapytaniem o nasze produkty lub do bezpo\u015bredniego kontaktu drog\u0105 telefoniczn\u0105.\" \/>\n<meta property=\"og:url\" content=\"https:\/\/lepson.pl\/index.php\/inquiry\/\" \/>\n<meta property=\"og:site_name\" content=\"LEPSON\" \/>\n<meta name=\"twitter:card\" content=\"summary_large_image\" \/>\n<meta name=\"twitter:label1\" content=\"Szacowany czas czytania\" \/>\n\t<meta name=\"twitter:data1\" content=\"1 minuta\" \/>\n<script type=\"application\/ld+json\" class=\"yoast-schema-graph\">{\"@context\":\"https:\\\/\\\/schema.org\",\"@graph\":[{\"@type\":\"WebPage\",\"@id\":\"https:\\\/\\\/lepson.pl\\\/index.php\\\/inquiry\\\/\",\"url\":\"https:\\\/\\\/lepson.pl\\\/index.php\\\/inquiry\\\/\",\"name\":\"LEPSON | Zapytanie ofertowe\",\"isPartOf\":{\"@id\":\"https:\\\/\\\/lepson.pl\\\/#website\"},\"datePublished\":\"2021-09-30T10:14:51+00:00\",\"description\":\"Zapraszamy do wype\u0142nienia formularza z zapytaniem o nasze produkty lub do bezpo\u015bredniego kontaktu drog\u0105 telefoniczn\u0105.\",\"breadcrumb\":{\"@id\":\"https:\\\/\\\/lepson.pl\\\/index.php\\\/inquiry\\\/#breadcrumb\"},\"inLanguage\":\"pl-PL\",\"potentialAction\":[{\"@type\":\"ReadAction\",\"target\":[\"https:\\\/\\\/lepson.pl\\\/index.php\\\/inquiry\\\/\"]}]},{\"@type\":\"BreadcrumbList\",\"@id\":\"https:\\\/\\\/lepson.pl\\\/index.php\\\/inquiry\\\/#breadcrumb\",\"itemListElement\":[{\"@type\":\"ListItem\",\"position\":1,\"name\":\"Strona g\u0142\u00f3wna\",\"item\":\"https:\\\/\\\/lepson.pl\\\/\"},{\"@type\":\"ListItem\",\"position\":2,\"name\":\"Inquiry\"}]},{\"@type\":\"WebSite\",\"@id\":\"https:\\\/\\\/lepson.pl\\\/#website\",\"url\":\"https:\\\/\\\/lepson.pl\\\/\",\"name\":\"LEPSON\",\"description\":\"- rejestracja ewidencja czasu pracy\",\"potentialAction\":[{\"@type\":\"SearchAction\",\"target\":{\"@type\":\"EntryPoint\",\"urlTemplate\":\"https:\\\/\\\/lepson.pl\\\/?s={search_term_string}\"},\"query-input\":{\"@type\":\"PropertyValueSpecification\",\"valueRequired\":true,\"valueName\":\"search_term_string\"}}],\"inLanguage\":\"pl-PL\"}]}<\/script>\n<!-- \/ Yoast SEO plugin. -->","yoast_head_json":{"title":"LEPSON | Zapytanie ofertowe","description":"Zapraszamy do wype\u0142nienia formularza z zapytaniem o nasze produkty lub do bezpo\u015bredniego kontaktu drog\u0105 telefoniczn\u0105.","robots":{"index":"index","follow":"follow","max-snippet":"max-snippet:-1","max-image-preview":"max-image-preview:large","max-video-preview":"max-video-preview:-1"},"canonical":"https:\/\/lepson.pl\/index.php\/inquiry\/","og_locale":"pl_PL","og_type":"article","og_title":"LEPSON | Zapytanie ofertowe","og_description":"Zapraszamy do wype\u0142nienia formularza z zapytaniem o nasze produkty lub do bezpo\u015bredniego kontaktu drog\u0105 telefoniczn\u0105.","og_url":"https:\/\/lepson.pl\/index.php\/inquiry\/","og_site_name":"LEPSON","twitter_card":"summary_large_image","twitter_misc":{"Szacowany czas czytania":"1 minuta"},"schema":{"@context":"https:\/\/schema.org","@graph":[{"@type":"WebPage","@id":"https:\/\/lepson.pl\/index.php\/inquiry\/","url":"https:\/\/lepson.pl\/index.php\/inquiry\/","name":"LEPSON | Zapytanie ofertowe","isPartOf":{"@id":"https:\/\/lepson.pl\/#website"},"datePublished":"2021-09-30T10:14:51+00:00","description":"Zapraszamy do wype\u0142nienia formularza z zapytaniem o nasze produkty lub do bezpo\u015bredniego kontaktu drog\u0105 telefoniczn\u0105.","breadcrumb":{"@id":"https:\/\/lepson.pl\/index.php\/inquiry\/#breadcrumb"},"inLanguage":"pl-PL","potentialAction":[{"@type":"ReadAction","target":["https:\/\/lepson.pl\/index.php\/inquiry\/"]}]},{"@type":"BreadcrumbList","@id":"https:\/\/lepson.pl\/index.php\/inquiry\/#breadcrumb","itemListElement":[{"@type":"ListItem","position":1,"name":"Strona g\u0142\u00f3wna","item":"https:\/\/lepson.pl\/"},{"@type":"ListItem","position":2,"name":"Inquiry"}]},{"@type":"WebSite","@id":"https:\/\/lepson.pl\/#website","url":"https:\/\/lepson.pl\/","name":"LEPSON","description":"- rejestracja ewidencja czasu pracy","potentialAction":[{"@type":"SearchAction","target":{"@type":"EntryPoint","urlTemplate":"https:\/\/lepson.pl\/?s={search_term_string}"},"query-input":{"@type":"PropertyValueSpecification","valueRequired":true,"valueName":"search_term_string"}}],"inLanguage":"pl-PL"}]}},"_links":{"self":[{"href":"https:\/\/lepson.pl\/index.php\/wp-json\/wp\/v2\/pages\/3426","targetHints":{"allow":["GET"]}}],"collection":[{"href":"https:\/\/lepson.pl\/index.php\/wp-json\/wp\/v2\/pages"}],"about":[{"href":"https:\/\/lepson.pl\/index.php\/wp-json\/wp\/v2\/types\/page"}],"author":[{"embeddable":true,"href":"https:\/\/lepson.pl\/index.php\/wp-json\/wp\/v2\/users\/6"}],"replies":[{"embeddable":true,"href":"https:\/\/lepson.pl\/index.php\/wp-json\/wp\/v2\/comments?post=3426"}],"version-history":[{"count":4,"href":"https:\/\/lepson.pl\/index.php\/wp-json\/wp\/v2\/pages\/3426\/revisions"}],"predecessor-version":[{"id":3440,"href":"https:\/\/lepson.pl\/index.php\/wp-json\/wp\/v2\/pages\/3426\/revisions\/3440"}],"wp:attachment":[{"href":"https:\/\/lepson.pl\/index.php\/wp-json\/wp\/v2\/media?parent=3426"}],"curies":[{"name":"wp","href":"https:\/\/api.w.org\/{rel}","templated":true}]}}