{"id":2900,"date":"2020-03-02T10:59:14","date_gmt":"2020-03-02T10:59:14","guid":{"rendered":"https:\/\/lepson.pl\/?page_id=2900"},"modified":"2022-01-31T08:34:36","modified_gmt":"2022-01-31T08:34:36","slug":"witamy-2-2","status":"publish","type":"page","link":"https:\/\/lepson.pl\/","title":{"rendered":"Witamy"},"content":{"rendered":"<div class=\"wpb-content-wrapper\"><p>[vc_row css=&#8221;.vc_custom_1625669576592{padding-top: 7% !important;padding-bottom: 2% !important;background-color: rgba(255,255,255,0.17) !important;background-position: center !important;background-repeat: no-repeat !important;background-size: cover !important;*background-color: rgb(255,255,255) !important;}&#8221;][vc_column css=&#8221;.vc_custom_1625669531545{background-color: #ffffff !important;}&#8221;][vc_column_text]<\/p>\n<h1 style=\"text-align: center;\"><span style=\"color: #008080;\">System rejestracji czasu pracy X8<br \/>\n<\/span><span style=\"color: #008080;\"><div class='white' style='background:rgba(0,0,0,0); border:solid 0px rgba(0,0,0,0); border-radius:0px; padding:0px 0px 0px 0px;'>\n<div id='slider_2849' class='owl-carousel sa_owl_theme ' data-slider-id='slider_2849' style='visibility:hidden;'>\n<div id='slider_2849_slide01' class='sa_hover_container' style='padding:5% 5%; margin:0px 0%; '><p style=\"text-align: center\"><a href=\"https:\/\/lepson.pl\/index.php\/rcp-i-kd-2\/rcp-58\/\"><img fetchpriority=\"high\" decoding=\"async\" class=\"aligncenter\" src=\"https:\/\/lep.pl\/wp-content\/uploads\/2020\/02\/program small.jpg\" alt=\"\" width=\"300\" height=\"200\" \/><\/a><\/p>\r\n<p style=\"text-align: center\"><b><\/b><b><a href=\"https:\/\/lepson.pl\/index.php\/rcp-i-kd-2\/rcp-58\/\"><span style=\"font-size: 14pt\">RCP58<\/span><\/a> <br \/><span style=\"font-size: 14pt\"><a href=\"https:\/\/lepson.pl\/index.php\/rcp-i-kd-2\/rcp-58\/\">program komputerowy<\/a><\/span><\/b><\/p><\/div>\n<div id='slider_2849_slide02' class='sa_hover_container' style='padding:5% 5%; margin:0px 0%; '><p><a href=\"https:\/\/lepson.pl\/index.php\/rcp-i-kd-2\/rcp-78-ar\/\"><img decoding=\"async\" class=\"aligncenter\" src=\"https:\/\/lep.pl\/wp-content\/uploads\/2020\/01\/RCP78AR 16 kB.jpg\" alt=\"\" width=\"300\" height=\"200\" \/><\/a><\/p>\r\n<p style=\"text-align: center\"><a href=\"https:\/\/lepson.pl\/index.php\/rcp-i-kd-2\/rcp-78-ar\/\"><strong><span style=\"font-size: 14pt\">RCP78AR<br \/><\/span><span style=\"font-size: 14pt\">czytnik identyfikator\u00f3w zbli\u017ceniowych RFID<\/span><\/strong><\/a><\/p><\/div>\n<div id='slider_2849_slide03' class='sa_hover_container' style='padding:5% 5%; margin:0px 0%; '><p style=\"text-align: center\"><span style=\"font-size: 14pt\"><strong><a href=\"https:\/\/lepson.pl\/index.php\/rcp-i-kd-2\/tablica\/\"><img decoding=\"async\" class=\"alignnone\" src=\"https:\/\/lep.pl\/wp-content\/uploads\/2020\/01\/TABLICA 78AR 44,1 kB.jpg\" alt=\"\" width=\"300\" height=\"200\" \/><br \/><\/a><\/strong><\/span><\/p>\r\n<p style=\"text-align: center\"><span style=\"font-size: 14pt\"><strong><a href=\"https:\/\/lepson.pl\/index.php\/rcp-i-kd-2\/tablica\/\">RCP78AR<br \/>tablica czytnik\u00f3w<\/a><\/strong><\/span><\/p><\/div>\n<div id='slider_2849_slide04' class='sa_hover_container' style='padding:5% 5%; margin:0px 0%; '><p style=\"text-align: center\"><span style=\"font-size: 14pt\"><strong><a href=\"https:\/\/lepson.pl\/index.php\/rcp-i-kd-2\/rcp-48-wu\/\"><img loading=\"lazy\" decoding=\"async\" class=\"alignnone\" src=\"https:\/\/lep.pl\/wp-content\/uploads\/2020\/01\/RCP48WU 19,1 kB.jpg\" alt=\"\" width=\"300\" height=\"200\" \/><br \/><\/a><\/strong><\/span><\/p>\r\n<p style=\"text-align: center\"><span style=\"font-size: 14pt\"><strong><a href=\"https:\/\/lepson.pl\/index.php\/rcp-i-kd-2\/rcp-48-wu\/\">RCP48WU <br \/>konwerter USB do identyfikator\u00f3w zbli\u017ceniowych RFID<\/a><\/strong><\/span><\/p><\/div>\n<div id='slider_2849_slide05' class='sa_hover_container' style='padding:5% 5%; margin:0px 0%; '><p style=\"text-align: center\"><strong><span style=\"font-size: 14pt\"><a href=\"https:\/\/lepson.pl\/index.php\/rcp-i-kd-2\/rcp-48-ts\/\"><img loading=\"lazy\" decoding=\"async\" src=\"https:\/\/lep.pl\/wp-content\/uploads\/2020\/01\/RCP48TS 19,9 kB.jpg\" alt=\"\" width=\"300\" height=\"200\" \/><\/a><br \/><\/span><\/strong><\/p>\r\n<p style=\"text-align: center\"><strong><span style=\"font-size: 14pt\"><a href=\"https:\/\/lepson.pl\/index.php\/rcp-i-kd-2\/rcp-48-ts\/\">RCP48TS <br \/>konwerter sieciowy z serwerem czasu<\/a><\/span><\/strong><\/p><\/div>\n<div id='slider_2849_slide06' class='sa_hover_container' style='padding:5% 5%; margin:0px 0%; '><p style=\"text-align: center\"><a href=\"https:\/\/lepson.pl\/index.php\/rcp-i-kd-2-2\/lps-1\/\"><img loading=\"lazy\" decoding=\"async\" class=\"alignnone\" src=\"https:\/\/lep.pl\/wp-content\/uploads\/2020\/01\/LPS 17 kB.jpg\" alt=\"\" width=\"300\" height=\"200\" \/><\/a><\/p>\r\n<p style=\"text-align: center\"><a href=\"https:\/\/lepson.pl\/index.php\/rcp-i-kd-2-2\/lps-1\/\"><strong><span style=\"font-size: 14pt\">LPS1 <br \/>p<\/span><\/strong><strong><span style=\"font-size: 14pt\">rzy\u0142\u0105cze \u015bcienne<\/span><\/strong><\/a><\/p><\/div>\n<div id='slider_2849_slide07' class='sa_hover_container' style='padding:5% 5%; margin:0px 0%; '><p style=\"text-align: center\"><a href=\"https:\/\/lepson.pl\/index.php\/rcp-i-kd-2\/uzb27\/\"><img loading=\"lazy\" decoding=\"async\" class=\"aligncenter\" src=\"https:\/\/lep.pl\/wp-content\/uploads\/2020\/02\/uzb.jpg\" alt=\"http:\/\/lep.pl\/\/users\/0005\/lepadmin\/www\/lepson\/wp-content\/uploads\/2020\/02\/uzb.jpg\" width=\"300\" height=\"200\" \/><\/a><\/p>\r\n<p style=\"text-align: center\"><a href=\"https:\/\/lepson.pl\/index.php\/rcp-i-kd-2\/uzb27\/\"><span style=\"font-size: 18.6667px\"><b>UZB27 <br \/>urz\u0105dzenie zasilania buforowego<\/b><\/span><\/a><\/p><\/div>\n<div id='slider_2849_slide08' class='sa_hover_container' style='padding:5% 5%; margin:0px 0%; '><p style=\"text-align: center\"><span style=\"font-size: 14pt\"><strong><a href=\"https:\/\/lepson.pl\/index.php\/rcp-i-kd-2\/rcp-48-pen\/\"><img loading=\"lazy\" decoding=\"async\" class=\"aligncenter\" src=\"https:\/\/lep.pl\/wp-content\/uploads\/2020\/01\/PCP48PEN 18,8 kB.jpg\" alt=\"\" width=\"300\" height=\"200\" \/><\/a><\/strong><\/span><\/p>\r\n<p style=\"text-align: center\"><span style=\"font-size: 14pt\"><strong><a href=\"https:\/\/lepson.pl\/index.php\/rcp-i-kd-2\/rcp-48-pen\/\">RCP48PEN <br \/>konwerter do pendrive'\u00f3w<\/a><\/strong><\/span><\/p><\/div>\n<div id='slider_2849_slide09' class='sa_hover_container' style='padding:5% 5%; margin:0px 0%; '><p style=\"text-align: center\"><a href=\"https:\/\/lepson.pl\/index.php\/rcp-i-kd-2\/mpd50\/\"><img loading=\"lazy\" decoding=\"async\" class=\"alignnone\" src=\"https:\/\/lep.pl\/wp-content\/uploads\/2020\/01\/MPD50 17,1 kB.jpg\" alt=\"\" width=\"300\" height=\"200\" \/><\/a><\/p>\r\n<p style=\"text-align: center\"><a href=\"https:\/\/lepson.pl\/index.php\/rcp-i-kd-2\/mpd50\/\"><strong><span style=\"font-size: 14pt\">MPD50 <br \/>modu\u0142 przeka\u017anika<\/span><\/strong><\/a><\/p><\/div>\n<\/div>\n<\/div>\n<script type='text\/javascript'>\n\tjQuery(document).ready(function() {\n\t\tjQuery('#slider_2849').owlCarousel({\n\t\t\tresponsive:{\n\t\t\t\t0:{ items:2 },\n\t\t\t\t480:{ items:3 },\n\t\t\t\t768:{ items:3 },\n\t\t\t\t980:{ items:4 },\n\t\t\t\t1200:{ items:5 },\n\t\t\t\t1500:{ items:6 }\n\t\t\t},\n\t\t\tautoplay : false,\n\t\t\tautoplayHoverPause : false,\n\t\t\tsmartSpeed : 0,\n\t\t\tfluidSpeed : 0,\n\t\t\tautoplaySpeed : 0,\n\t\t\tnavSpeed : 0,\n\t\t\tdotsSpeed : 0,\n\t\t\tdotsEach : 1,\n\t\t\tloop : true,\n\t\t\tnav : true,\n\t\t\tnavText : ['Previous','Next'],\n\t\t\tdots : false,\n\t\t\tresponsiveRefreshRate : 200,\n\t\t\tslideBy : 1,\n\t\t\tmergeFit : true,\n\t\t\tautoHeight : false,\n\t\t\tmouseDrag : false,\n\t\t\ttouchDrag : true\n\t\t});\n\t\tjQuery('#slider_2849').css('visibility', 'visible');\n\t\tsa_resize_slider_2849();\n\t\twindow.addEventListener('resize', sa_resize_slider_2849);\n\t\tfunction sa_resize_slider_2849() {\n\t\t\tvar min_height = '50';\n\t\t\tvar win_width = jQuery(window).width();\n\t\t\tvar slider_width = jQuery('#slider_2849').width();\n\t\t\tif (win_width < 480) {\n\t\t\t\tvar slide_width = slider_width \/ 2;\n\t\t\t} else if (win_width < 768) {\n\t\t\t\tvar slide_width = slider_width \/ 3;\n\t\t\t} else if (win_width < 980) {\n\t\t\t\tvar slide_width = slider_width \/ 3;\n\t\t\t} else if (win_width < 1200) {\n\t\t\t\tvar slide_width = slider_width \/ 4;\n\t\t\t} else if (win_width < 1500) {\n\t\t\t\tvar slide_width = slider_width \/ 5;\n\t\t\t} else {\n\t\t\t\tvar slide_width = slider_width \/ 6;\n\t\t\t}\n\t\t\tslide_width = Math.round(slide_width);\n\t\t\tvar slide_height = '0';\n\t\t\tif (min_height == 'aspect43') {\n\t\t\t\tslide_height = (slide_width \/ 4) * 3;\t\t\t\tslide_height = Math.round(slide_height);\n\t\t\t} else if (min_height == 'aspect169') {\n\t\t\t\tslide_height = (slide_width \/ 16) * 9;\t\t\t\tslide_height = Math.round(slide_height);\n\t\t\t} else {\n\t\t\t\tslide_height = (slide_width \/ 100) * min_height;\t\t\t\tslide_height = Math.round(slide_height);\n\t\t\t}\n\t\t\tjQuery('#slider_2849 .owl-item .sa_hover_container').css('min-height', slide_height+'px');\n\t\t}\n\t\tvar owl_goto = jQuery('#slider_2849');\n\t\tjQuery('.slider_2849_goto1').click(function(event){\n\t\t\towl_goto.trigger('to.owl.carousel', 0);\n\t\t});\n\t\tjQuery('.slider_2849_goto2').click(function(event){\n\t\t\towl_goto.trigger('to.owl.carousel', 1);\n\t\t});\n\t\tjQuery('.slider_2849_goto3').click(function(event){\n\t\t\towl_goto.trigger('to.owl.carousel', 2);\n\t\t});\n\t\tjQuery('.slider_2849_goto4').click(function(event){\n\t\t\towl_goto.trigger('to.owl.carousel', 3);\n\t\t});\n\t\tjQuery('.slider_2849_goto5').click(function(event){\n\t\t\towl_goto.trigger('to.owl.carousel', 4);\n\t\t});\n\t\tjQuery('.slider_2849_goto6').click(function(event){\n\t\t\towl_goto.trigger('to.owl.carousel', 5);\n\t\t});\n\t\tjQuery('.slider_2849_goto7').click(function(event){\n\t\t\towl_goto.trigger('to.owl.carousel', 6);\n\t\t});\n\t\tjQuery('.slider_2849_goto8').click(function(event){\n\t\t\towl_goto.trigger('to.owl.carousel', 7);\n\t\t});\n\t\tjQuery('.slider_2849_goto9').click(function(event){\n\t\t\towl_goto.trigger('to.owl.carousel', 8);\n\t\t});\n\t\tvar resize_2849 = jQuery('.owl-carousel');\n\t\tresize_2849.on('initialized.owl.carousel', function(e) {\n\t\t\tif (typeof(Event) === 'function') {\n\t\t\t\twindow.dispatchEvent(new Event('resize'));\n\t\t\t} else {\n\t\t\t\tvar evt = window.document.createEvent('UIEvents');\n\t\t\t\tevt.initUIEvent('resize', true, false, window, 0);\n\t\t\t\twindow.dispatchEvent(evt);\n\t\t\t}\n\t\t});\n\t});\n<\/script>\n <\/span><\/h1>\n<p>[\/vc_column_text][\/vc_column][\/vc_row][vc_row css=&#8221;.vc_custom_1583837714456{background: #ffffff url(https:\/\/lepson.pl\/wp-content\/uploads\/2020\/03\/better-\u2014-kopia.png?id=2911) !important;background-position: center !important;background-repeat: no-repeat !important;background-size: cover !important;}&#8221;][vc_column][vc_row_inner][\/vc_row_inner][vc_column_inner css=&#8221;.vc_custom_1569406056541{padding-right: 3% !important;padding-left: 3% !important;}&#8221;][\/vc_column_inner][vc_column_text]<\/p>\n<p>[\/vc_column_text][vc_column_text css=&#8221;.vc_custom_1643617635108{margin-top: -40px !important;border-top-width: -40px !important;padding-top: -40px !important;}&#8221;]<\/p>\n<h2 style=\"padding-left: 40px;\"><span style=\"color: #333333; font-size: 18pt;\"><br \/>\n<a href=\"https:\/\/lepson.pl\/index.php\/rcp-i-kd-2\/\">1. Podstawowe informacje (pierwsze kroki)<\/a><br \/>\n<\/span><span style=\"color: #333333; font-size: 18pt;\"><a href=\"https:\/\/lepson.pl\/index.php\/do-pobrania-2\/#raporty\" target=\"_blank\" rel=\"noopener noreferrer\">2. Przyk\u0142adowe raporty<\/a><br \/>\n<a href=\"https:\/\/lepson.pl\/files\/file\/PL\/IO\/RCPX8-instrukcja-wstepnego-uruchamiania-190130.pdf\" target=\"_blank\" rel=\"noopener noreferrer\">3. Instrukcja wst\u0119pnego uruchamiania<\/a><br \/>\n<a href=\"https:\/\/lepson.pl\/files\/file\/PL\/IO\/rozwiazywanie_problemow_w_systemie_rcpx8_200225.pdf\" target=\"_blank\" rel=\"noopener noreferrer\">4. Rozwi\u0105zywanie problem\u00f3w<\/a><br \/>\n<a href=\"https:\/\/lepson.pl\/index.php\/zapytanie-ofertowe\/\" target=\"_blank\" rel=\"noopener noreferrer\">5. Wycena<\/a><br \/>\n<\/span><\/h2>\n<p>[\/vc_column_text][vc_row_inner][vc_column_inner][vc_column_text]<\/p>\n<p>&nbsp;<\/p>\n<p>&nbsp;<\/p>\n<p>&nbsp;<\/p>\n<p>&nbsp;<\/p>\n<p>&nbsp;<\/p>\n<p>[\/vc_column_text][\/vc_column_inner][\/vc_row_inner][\/vc_column][\/vc_row][vc_row full_height=&#8221;yes&#8221; css=&#8221;.vc_custom_1583839977382{margin-top: -50% !important;border-top-width: -50% !important;padding-top: -50% !important;padding-right: -30% !important;padding-left: -30% !important;}&#8221;][vc_column][vc_row_inner css=&#8221;.vc_custom_1583840065920{border-right-width: -30% !important;border-left-width: -30% !important;padding-top: -30% !important;padding-right: -30% !important;padding-left: -30% !important;background-position: center !important;background-repeat: no-repeat !important;background-size: contain !important;}&#8221;][vc_column_inner width=&#8221;1\/2&#8243; css=&#8221;.vc_custom_1583839881433{padding-top: -15% !important;padding-right: -120% !important;padding-bottom: 12% !important;padding-left: 12% !important;}&#8221;][vc_column_text]<\/p>\n<h5><\/h5>\n<h5><\/h5>\n<h5>FORMULARZ KONTAKTOWY:<\/h5>\n<p>[\/vc_column_text]\n<div class=\"wpcf7 no-js\" id=\"wpcf7-f1651-o1\" lang=\"pl-PL\" dir=\"ltr\" data-wpcf7-id=\"1651\">\n<div class=\"screen-reader-response\"><p role=\"status\" aria-live=\"polite\" aria-atomic=\"true\"><\/p> <ul><\/ul><\/div>\n<form action=\"\/index.php\/wp-json\/wp\/v2\/pages\/2900#wpcf7-f1651-o1\" method=\"post\" class=\"wpcf7-form init\" aria-label=\"Formularz kontaktowy\" novalidate=\"novalidate\" data-status=\"init\">\n<fieldset class=\"hidden-fields-container\"><input type=\"hidden\" name=\"_wpcf7\" value=\"1651\" \/><input type=\"hidden\" name=\"_wpcf7_version\" value=\"6.1.5\" \/><input type=\"hidden\" name=\"_wpcf7_locale\" value=\"pl_PL\" \/><input type=\"hidden\" name=\"_wpcf7_unit_tag\" value=\"wpcf7-f1651-o1\" \/><input type=\"hidden\" name=\"_wpcf7_container_post\" value=\"0\" \/><input type=\"hidden\" name=\"_wpcf7_posted_data_hash\" value=\"\" \/><input type=\"hidden\" name=\"_wpcf7_recaptcha_response\" value=\"\" \/>\n<\/fieldset>\n<p style=\"font-size:100%;\"><b>Adres email<\/b>\n<\/p>\n<p><span class=\"wpcf7-form-control-wrap\" data-name=\"your-email\"><input size=\"40\" maxlength=\"400\" class=\"wpcf7-form-control wpcf7-email wpcf7-validates-as-required wpcf7-text wpcf7-validates-as-email\" aria-required=\"true\" aria-invalid=\"false\" value=\"\" type=\"email\" name=\"your-email\" \/><\/span>\n<\/p>\n<p style=\"font-size:100%;\"><b>Numer telefonu<\/b>\n<\/p>\n<p><span class=\"wpcf7-form-control-wrap\" data-name=\"your-phone\"><input size=\"40\" maxlength=\"400\" class=\"wpcf7-form-control wpcf7-tel wpcf7-validates-as-required wpcf7-text wpcf7-validates-as-tel\" aria-required=\"true\" aria-invalid=\"false\" value=\"\" type=\"tel\" name=\"your-phone\" \/><\/span>\n<\/p>\n<p style=\"font-size:100%;\"><b>Wiadomo\u015b\u0107<\/b>\n<\/p>\n<p><span class=\"wpcf7-form-control-wrap\" data-name=\"your-textarea\"><textarea cols=\"40\" rows=\"10\" maxlength=\"2000\" class=\"wpcf7-form-control wpcf7-textarea wpcf7-validates-as-required\" aria-required=\"true\" aria-invalid=\"false\" name=\"your-textarea\"><\/textarea><\/span><br \/>\n<input class=\"wpcf7-form-control wpcf7-submit has-spinner\" type=\"submit\" value=\"Wy\u015blij\" \/><br \/>\n<a href=\"https:\/\/lepson.pl\/index.php\/polityka-prywatnosci\/\">Polityka prywatno\u015bci<\/a><br \/>\n\n<\/p><div class=\"wpcf7-response-output\" aria-hidden=\"true\"><\/div>\n<\/form>\n<\/div>\n[vc_column_text css=&#8221;.vc_custom_1583839933271{padding-right: 12% !important;}&#8221;]<\/p>\n<h5>LEPSON Maciej Kluczewski<\/h5>\n<p>Wsp\u00f3lna 9,\u00a032-300 Olkusz<br \/>\nNIP: 6372182383<\/p>\n<p><strong>(32) 754 54 54, (32) 754 54 55<\/strong> &#8211; informacje techniczne, dzia\u0142 produkcji, serwis<\/p>\n<p><strong>(+48) 600 801 316<\/strong>\u00a0 &#8211; (w szczeg\u00f3lnych przypadkach)<\/p>\n<p><strong><a href=\"mailto:biuro@lep.pl\">biuro@lepson.pl<\/a>\u00a0<\/strong>&#8211; biuro, informacje handlowe (zam\u00f3wienie, ceny, terminy realizacji)<a href=\"http:\/\/systemyalarmowe.com.pl\/\"><br \/>\n<\/a><\/p>\n<p><strong><a href=\"mailto:rcp@lep.pl\">rcp@lepson.pl<\/a>\u00a0<\/strong>&#8211; pytania techniczne do dzia\u0142u rejestracji czasu pracy[\/vc_column_text][\/vc_column_inner][vc_column_inner width=&#8221;1\/2&#8243;][vc_single_image image=&#8221;1015&#8243; img_size=&#8221;full&#8221; alignment=&#8221;center&#8221; onclick=&#8221;link_image&#8221; css_animation=&#8221;right-to-left&#8221; el_class=&#8221;image_text&#8221;][\/vc_column_inner][\/vc_row_inner][\/vc_column][\/vc_row]<\/p>\n<\/div>","protected":false},"excerpt":{"rendered":"<p>[vc_row css=&#8221;.vc_custom_1625669576592{padding-top: 7% !important;padding-bottom: 2% !important;background-color: rgba(255,255,255,0.17) !important;background-position: center !important;background-repeat: no-repeat !important;background-size: cover !important;*background-color: rgb(255,255,255) !important;}&#8221;][vc_column css=&#8221;.vc_custom_1625669531545{background-color: #ffffff !important;}&#8221;][vc_column_text] System rejestracji czasu pracy X8 [\/vc_column_text][\/vc_column][\/vc_row][vc_row css=&#8221;.vc_custom_1583837714456{background: #ffffff url(https:\/\/lepson.pl\/wp-content\/uploads\/2020\/03\/better-\u2014-kopia.png?id=2911) !important;background-position: center !important;background-repeat: no-repeat !important;background-size: cover !important;}&#8221;][vc_column][vc_row_inner][\/vc_row_inner][vc_column_inner css=&#8221;.vc_custom_1569406056541{padding-right: 3% !important;padding-left: 3% !important;}&#8221;][\/vc_column_inner][vc_column_text] [\/vc_column_text][vc_column_text css=&#8221;.vc_custom_1643617635108{margin-top: -40px !important;border-top-width: -40px !important;padding-top: -40px !important;}&#8221;] 1. Podstawowe informacje (pierwsze kroki) 2. Przyk\u0142adowe [&hellip;]<\/p>\n","protected":false},"author":6,"featured_media":0,"parent":0,"menu_order":0,"comment_status":"closed","ping_status":"closed","template":"page-full-width.php","meta":{"footnotes":""},"class_list":["post-2900","page","type-page","status-publish","hentry"],"yoast_head":"<!-- This site is optimized with the Yoast SEO plugin v27.3 - https:\/\/yoast.com\/product\/yoast-seo-wordpress\/ -->\n<title>Systemy rejestracji czasu pracy | LEPSON - Producent Elektroniki<\/title>\n<meta name=\"description\" content=\"Firma LEPSON jest producentem profesjonalnych i nowoczesnych system\u00f3w dost\u0119pu, rejestracji i ewidencji czasu pracy oraz oprogramowania.\" \/>\n<meta name=\"robots\" content=\"index, follow, max-snippet:-1, max-image-preview:large, max-video-preview:-1\" \/>\n<link rel=\"canonical\" href=\"https:\/\/lepson.pl\/\" \/>\n<meta property=\"og:locale\" content=\"pl_PL\" \/>\n<meta property=\"og:type\" content=\"article\" \/>\n<meta property=\"og:title\" content=\"Systemy rejestracji czasu pracy | LEPSON - Producent Elektroniki\" \/>\n<meta property=\"og:description\" content=\"Firma LEPSON jest producentem profesjonalnych i nowoczesnych system\u00f3w dost\u0119pu, rejestracji i ewidencji czasu pracy oraz oprogramowania.\" \/>\n<meta property=\"og:url\" content=\"https:\/\/lepson.pl\/\" \/>\n<meta property=\"og:site_name\" content=\"LEPSON\" \/>\n<meta property=\"article:modified_time\" content=\"2022-01-31T08:34:36+00:00\" \/>\n<meta name=\"twitter:card\" content=\"summary_large_image\" \/>\n<meta name=\"twitter:label1\" content=\"Szacowany czas czytania\" \/>\n\t<meta name=\"twitter:data1\" content=\"1 minuta\" \/>\n<script type=\"application\/ld+json\" class=\"yoast-schema-graph\">{\"@context\":\"https:\\\/\\\/schema.org\",\"@graph\":[{\"@type\":\"WebPage\",\"@id\":\"https:\\\/\\\/lepson.pl\\\/\",\"url\":\"https:\\\/\\\/lepson.pl\\\/\",\"name\":\"Systemy rejestracji czasu pracy | LEPSON - Producent Elektroniki\",\"isPartOf\":{\"@id\":\"https:\\\/\\\/lepson.pl\\\/#website\"},\"datePublished\":\"2020-03-02T10:59:14+00:00\",\"dateModified\":\"2022-01-31T08:34:36+00:00\",\"description\":\"Firma LEPSON jest producentem profesjonalnych i nowoczesnych system\u00f3w dost\u0119pu, rejestracji i ewidencji czasu pracy oraz oprogramowania.\",\"breadcrumb\":{\"@id\":\"https:\\\/\\\/lepson.pl\\\/#breadcrumb\"},\"inLanguage\":\"pl-PL\",\"potentialAction\":[{\"@type\":\"ReadAction\",\"target\":[\"https:\\\/\\\/lepson.pl\\\/\"]}]},{\"@type\":\"BreadcrumbList\",\"@id\":\"https:\\\/\\\/lepson.pl\\\/#breadcrumb\",\"itemListElement\":[{\"@type\":\"ListItem\",\"position\":1,\"name\":\"Strona g\u0142\u00f3wna\",\"item\":\"https:\\\/\\\/lepson.pl\\\/\"},{\"@type\":\"ListItem\",\"position\":2,\"name\":\"Witamy\"}]},{\"@type\":\"WebSite\",\"@id\":\"https:\\\/\\\/lepson.pl\\\/#website\",\"url\":\"https:\\\/\\\/lepson.pl\\\/\",\"name\":\"LEPSON\",\"description\":\"- rejestracja ewidencja czasu pracy\",\"potentialAction\":[{\"@type\":\"SearchAction\",\"target\":{\"@type\":\"EntryPoint\",\"urlTemplate\":\"https:\\\/\\\/lepson.pl\\\/?s={search_term_string}\"},\"query-input\":{\"@type\":\"PropertyValueSpecification\",\"valueRequired\":true,\"valueName\":\"search_term_string\"}}],\"inLanguage\":\"pl-PL\"}]}<\/script>\n<!-- \/ Yoast SEO plugin. -->","yoast_head_json":{"title":"Systemy rejestracji czasu pracy | LEPSON - Producent Elektroniki","description":"Firma LEPSON jest producentem profesjonalnych i nowoczesnych system\u00f3w dost\u0119pu, rejestracji i ewidencji czasu pracy oraz oprogramowania.","robots":{"index":"index","follow":"follow","max-snippet":"max-snippet:-1","max-image-preview":"max-image-preview:large","max-video-preview":"max-video-preview:-1"},"canonical":"https:\/\/lepson.pl\/","og_locale":"pl_PL","og_type":"article","og_title":"Systemy rejestracji czasu pracy | LEPSON - Producent Elektroniki","og_description":"Firma LEPSON jest producentem profesjonalnych i nowoczesnych system\u00f3w dost\u0119pu, rejestracji i ewidencji czasu pracy oraz oprogramowania.","og_url":"https:\/\/lepson.pl\/","og_site_name":"LEPSON","article_modified_time":"2022-01-31T08:34:36+00:00","twitter_card":"summary_large_image","twitter_misc":{"Szacowany czas czytania":"1 minuta"},"schema":{"@context":"https:\/\/schema.org","@graph":[{"@type":"WebPage","@id":"https:\/\/lepson.pl\/","url":"https:\/\/lepson.pl\/","name":"Systemy rejestracji czasu pracy | LEPSON - Producent Elektroniki","isPartOf":{"@id":"https:\/\/lepson.pl\/#website"},"datePublished":"2020-03-02T10:59:14+00:00","dateModified":"2022-01-31T08:34:36+00:00","description":"Firma LEPSON jest producentem profesjonalnych i nowoczesnych system\u00f3w dost\u0119pu, rejestracji i ewidencji czasu pracy oraz oprogramowania.","breadcrumb":{"@id":"https:\/\/lepson.pl\/#breadcrumb"},"inLanguage":"pl-PL","potentialAction":[{"@type":"ReadAction","target":["https:\/\/lepson.pl\/"]}]},{"@type":"BreadcrumbList","@id":"https:\/\/lepson.pl\/#breadcrumb","itemListElement":[{"@type":"ListItem","position":1,"name":"Strona g\u0142\u00f3wna","item":"https:\/\/lepson.pl\/"},{"@type":"ListItem","position":2,"name":"Witamy"}]},{"@type":"WebSite","@id":"https:\/\/lepson.pl\/#website","url":"https:\/\/lepson.pl\/","name":"LEPSON","description":"- rejestracja ewidencja czasu pracy","potentialAction":[{"@type":"SearchAction","target":{"@type":"EntryPoint","urlTemplate":"https:\/\/lepson.pl\/?s={search_term_string}"},"query-input":{"@type":"PropertyValueSpecification","valueRequired":true,"valueName":"search_term_string"}}],"inLanguage":"pl-PL"}]}},"_links":{"self":[{"href":"https:\/\/lepson.pl\/index.php\/wp-json\/wp\/v2\/pages\/2900","targetHints":{"allow":["GET"]}}],"collection":[{"href":"https:\/\/lepson.pl\/index.php\/wp-json\/wp\/v2\/pages"}],"about":[{"href":"https:\/\/lepson.pl\/index.php\/wp-json\/wp\/v2\/types\/page"}],"author":[{"embeddable":true,"href":"https:\/\/lepson.pl\/index.php\/wp-json\/wp\/v2\/users\/6"}],"replies":[{"embeddable":true,"href":"https:\/\/lepson.pl\/index.php\/wp-json\/wp\/v2\/comments?post=2900"}],"version-history":[{"count":35,"href":"https:\/\/lepson.pl\/index.php\/wp-json\/wp\/v2\/pages\/2900\/revisions"}],"predecessor-version":[{"id":3544,"href":"https:\/\/lepson.pl\/index.php\/wp-json\/wp\/v2\/pages\/2900\/revisions\/3544"}],"wp:attachment":[{"href":"https:\/\/lepson.pl\/index.php\/wp-json\/wp\/v2\/media?parent=2900"}],"curies":[{"name":"wp","href":"https:\/\/api.w.org\/{rel}","templated":true}]}}