{"id":2799,"date":"2019-10-15T11:07:45","date_gmt":"2019-10-15T11:07:45","guid":{"rendered":"https:\/\/lepson.pl\/?page_id=2799"},"modified":"2022-11-07T11:28:58","modified_gmt":"2022-11-07T11:28:58","slug":"tablica","status":"publish","type":"page","link":"https:\/\/lepson.pl\/index.php\/rcp-i-kd-2-2\/tablica\/","title":{"rendered":"Tablica czytnik\u00f3w RCP78AR"},"content":{"rendered":"<div class=\"wpb-content-wrapper\"><p>[vc_row parallax=&#8221;content-moving&#8221; css=&#8221;.vc_custom_1548075911793{background-color: #ffffff !important;background-position: center;background-repeat: no-repeat !important;background-size: cover !important;}&#8221;][vc_column][vc_row_inner css=&#8221;.vc_custom_1548077145595{padding-top: 3% !important;padding-right: 12% !important;padding-left: 12% !important;}&#8221;][vc_column_inner width=&#8221;1\/2&#8243;][vc_column_text]<\/p>\n<h1>Tablica czytnik\u00f3w RCP78AR<\/h1>\n<p>[\/vc_column_text][\/vc_column_inner][vc_column_inner width=&#8221;1\/2&#8243;][vc_single_image image=&#8221;3025&#8243; img_size=&#8221;medium&#8221; alignment=&#8221;center&#8221; onclick=&#8221;link_image&#8221; css_animation=&#8221;none&#8221; title=&#8221;RCP78AR&#8221; el_class=&#8221;image_text&#8221;][\/vc_column_inner][\/vc_row_inner][vc_row_inner css=&#8221;.vc_custom_1548075854817{padding-right: 12% !important;padding-left: 12% !important;}&#8221;][vc_column_inner][vc_toggle title=&#8221;Opis produktu (rozwi\u0144\/zwi\u0144)&#8221; style=&#8221;simple&#8221; color=&#8221;green&#8221; size=&#8221;lg&#8221; el_id=&#8221;1548075745591-a61d2087-5491&#8243;]Tablica czytnik\u00f3w RCP78AR (RFID) wyposa\u017cona w dwa rejestratory obs\u0142uguje identyfikatory bezstykowe i jest przeznaczona jest do pracy w systemie RCPX8.<br \/>\nBudowa zestawu rejestrator\u00f3w RCP78AR (rejestruj\u0105cych wej\u015bcia i wyj\u015bcia pracownik\u00f3w) u\u0142atwia zamocowanie zestawu na sta\u0142e lub umo\u017cliwia przenoszenie zespolonych rejestrator\u00f3w w okresowe lokalizacje obj\u0119te konieczno\u015bci\u0105 rejestracji czasu pracy (np. place budowy).[\/vc_toggle][vc_toggle title=&#8221;Zasada dzia\u0142ania (rozwi\u0144\/zwi\u0144)&#8221; style=&#8221;simple&#8221; color=&#8221;green&#8221; size=&#8221;lg&#8221; el_id=&#8221;1548075745611-7d54567c-90f9&#8243;]<span style=\"font-size: 12pt;\">Po pod\u0142\u0105czeniu zasilania czytniki RCP78AR (po uprzedniej konfiguracji w programie RCP58) s\u0105 gotowe do rejestracji zdarze\u0144. W celu pobrania zarejestrowanych zdarze\u0144 z czytnik\u00f3w mo\u017cna:<br \/>\n1. Przenie\u015b\u0107 tablic\u0119 w pobli\u017cu komputera z zainstalowanym oprogramowaniem RCP58 i pod\u0142\u0105czy\u0107 go z u\u017cyciem konwertera RCP48WU u\u017cywaj\u0105c zamontowanego na tablicy z\u0142\u0105cza LPS1.<br \/>\n2. Podej\u015b\u0107 do zamontowanej tablicy z komputerem typu laptop z zainstalowanym programem RCP58 i pod\u0142\u0105czy\u0107 go z u\u017cyciem konwertera RCP48WU u\u017cywaj\u0105c zamontowanego na tablicy z\u0142\u0105cza LPS1.<br \/>\n3. Podej\u015b\u0107 do zamontowanej tablicy z konwerterem RCP58PEN (wcze\u015bniej skonfigurowanym) i pod\u0142\u0105czy\u0107 go,u\u017cywaj\u0105c zamontowanego na tablicy z\u0142\u0105cza LPS1. <\/span>[\/vc_toggle][vc_toggle title=&#8221;Dane techniczne (rozwi\u0144\/zwi\u0144)&#8221; style=&#8221;simple&#8221; color=&#8221;green&#8221; size=&#8221;lg&#8221; el_id=&#8221;1548075745624-2e99fd87-592f&#8221;]<\/p>\n<div class=\"row vc_row wpb_row vc_inner vc_row-fluid vc_custom_1488384123488\">\n<div class=\"wpb_column vc_column_container vc_col-sm-12 vc_col-has-fill\">\n<div class=\"vc_column-inner vc_custom_1485606795783\">\n<div class=\"wpb_wrapper\">\n<div class=\"wpb_raw_code wpb_content_element wpb_raw_html\">\n<div class=\"wpb_wrapper\">\n<div class=\"tg-wrap\">\n<table style=\"height: 385px; width: 100%;\" border=\"0\" width=\"100%\" cellspacing=\"0\" cellpadding=\"0\">\n<tbody>\n<tr style=\"height: 10px;\">\n<td style=\"height: 24px; width: 50.4432%;\"><span style=\"font-size: 12pt;\">Napi\u0119cie zasilania:<\/span><\/td>\n<td style=\"text-align: right; height: 24px; width: 49.3956%;\"><span style=\"font-size: 12pt;\">12V DC<\/span><\/td>\n<\/tr>\n<tr style=\"height: 24px;\">\n<td style=\"height: 24px; width: 50.4432%;\"><span style=\"font-size: 12pt;\">Pob\u00f3r pr\u0105du:<\/span><\/td>\n<td style=\"text-align: right; height: 24px; width: 49.3956%;\"><span style=\"font-size: 12pt;\">200mA<\/span><\/td>\n<\/tr>\n<tr style=\"height: 24px;\">\n<td style=\"height: 24px; width: 50.4432%;\"><span style=\"font-size: 12pt;\">Temperatura pracy:<\/span><\/td>\n<td style=\"text-align: right; height: 24px; width: 49.3956%;\"><span style=\"font-size: 12pt;\">-20\u00b0C do +40\u00b0C<\/span><\/td>\n<\/tr>\n<tr style=\"height: 24px;\">\n<td style=\"height: 24px; width: 50.4432%;\"><span style=\"font-size: 12pt;\">Wilgotno\u015b\u0107 wzgl\u0119dna:<\/span><\/td>\n<td style=\"text-align: right; height: 24px; width: 49.3956%;\"><span style=\"font-size: 12pt;\">wodoodporny<\/span><\/td>\n<\/tr>\n<tr style=\"height: 24px;\">\n<td style=\"height: 24px; width: 50.4432%;\"><span style=\"font-size: 12pt;\">Max. liczba zdarze\u0144 w pami\u0119ci:<\/span><\/td>\n<td style=\"text-align: right; height: 24px; width: 49.3956%;\"><span style=\"font-size: 12pt;\">ok. 40 tys.<\/span><\/td>\n<\/tr>\n<tr style=\"height: 24px;\">\n<td style=\"height: 24px; width: 50.4432%;\"><span style=\"font-size: 12pt;\">Liczba obs\u0142ugiwanych identyfikator\u00f3w w systemie:<\/span><\/td>\n<td style=\"text-align: right; height: 24px; width: 49.3956%;\"><span style=\"font-size: 12pt;\">999 szt.<\/span><\/td>\n<\/tr>\n<tr style=\"height: 24px;\">\n<td style=\"height: 24px; width: 50.4432%;\"><span style=\"font-size: 12pt;\">Typ obs\u0142ugiwanego identyfikatora:<\/span><\/td>\n<td style=\"text-align: right; height: 24px; width: 49.3956%;\"><span style=\"font-size: 12pt;\">125 kHz &#8211; UNIQUE<\/span><\/td>\n<\/tr>\n<tr style=\"height: 24px;\">\n<td style=\"text-align: left; height: 24px; width: 50.4432%;\"><span style=\"font-size: 12pt;\">Transmisja danych do PC:<\/span><\/td>\n<td style=\"text-align: right; height: 24px; width: 49.3956%;\"><span style=\"font-size: 12pt;\">RS-485<\/span><\/td>\n<\/tr>\n<tr style=\"height: 24px;\">\n<td style=\"height: 24px; width: 50.4432%;\"><span style=\"font-size: 12pt;\">Wy\u015bwietlacz:<\/span><\/td>\n<td style=\"text-align: right; height: 24px; width: 49.3956%;\"><span style=\"font-size: 12pt;\">LED, 4 znaki po 7 segment\u00f3w<br \/>\n<\/span><span style=\"font-size: 12pt;\">LED zielony &#8211; wej\u015bcie<br \/>\n<\/span><span style=\"font-size: 12pt;\">LED czerwony &#8211; wyj\u015bcie<\/span><\/td>\n<\/tr>\n<tr style=\"height: 24px;\">\n<td style=\"height: 24px; width: 50.4432%;\"><span style=\"font-size: 12pt;\">Masa:<\/span><\/td>\n<td style=\"text-align: right; height: 24px; width: 49.3956%;\"><span style=\"font-size: 12pt;\">300g \u00b1 10g<\/span><\/td>\n<\/tr>\n<tr style=\"height: 24px;\">\n<td style=\"height: 24px; width: 50.4432%;\"><span style=\"font-size: 12pt;\">Obudowa:<\/span><\/td>\n<td style=\"text-align: right; height: 24px; width: 49.3956%;\"><span style=\"font-size: 12pt;\">tworzywo sztuczne PCV<\/span><\/td>\n<\/tr>\n<tr>\n<td style=\"width: 50.4432%;\"><span style=\"font-size: 12pt;\">Wymiary:<\/span><\/td>\n<td style=\"text-align: right; width: 49.3956%;\"><span style=\"font-size: 12pt;\">300 x 210 x 30 mm<\/span><\/td>\n<\/tr>\n<tr style=\"height: 24px;\">\n<td style=\"height: 24px; width: 50.4432%;\"><span style=\"font-size: 12pt;\">Bateria (podtrzymanie czasu):<\/span><\/td>\n<td style=\"text-align: right; height: 24px; width: 49.3956%;\"><span style=\"font-size: 12pt;\">3V (np. CR 2032)<\/span><\/td>\n<\/tr>\n<\/tbody>\n<\/table>\n<\/div>\n<\/div>\n<\/div>\n<\/div>\n<\/div>\n<\/div>\n<\/div>\n<p>[\/vc_toggle][vc_toggle title=&#8221;Budowa (rozwi\u0144\/zwi\u0144)&#8221; style=&#8221;simple&#8221; color=&#8221;green&#8221; size=&#8221;lg&#8221; el_id=&#8221;1548075745640-16cf53b4-4519&#8243;]<span style=\"font-size: 12pt;\">Tablica zawiera dwa wodoodporne czytniki RCP78AR oraz przy\u0142\u0105cze LPS1 umo\u017cliwiaj\u0105ce pod\u0142\u0105czenie zestawu do zasilania. Z\u0142\u0105cze LPS1 umo\u017cliwia r\u00f3wnie\u017c pod\u0142\u0105czenie konwerter\u00f3w komunikacyjnych (RCP48WU, RCP78PEN, RCP48TS) w celu konfiguracji lub pobierania zdarze\u0144 z czytnik\u00f3w.<br \/>\nTablica wykonana jest z tworzywa sztucznego &#8211; PCV, posiada otwory u\u0142atwiaj\u0105ce monta\u017c sta\u0142y lub tymczasowy. Na czas rejestracji zdarze\u0144 tablica wymaga zasilania 12V DC (mo\u017ce by\u0107 zasilana z 12V instalacji samochodowej).\u00a0<\/span>[\/vc_toggle][vc_toggle title=&#8221;Pliki i dokumenty (rozwi\u0144\/zwi\u0144)&#8221; style=&#8221;simple&#8221; color=&#8221;green&#8221; size=&#8221;lg&#8221; el_id=&#8221;1548075745664-8358bcc1-a88a&#8221;]<span style=\"font-size: 12pt;\"><span style=\"color: #000000;\"><img decoding=\"async\" class=\"alignnone\" src=\"https:\/\/lepson.pl\/wp-content\/uploads\/2017\/01\/ic_done.png\" width=\"20\" height=\"20\" \/>1.\u00a0 <a href=\"https:\/\/lepson.pl\/files\/file\/PL\/IO\/78-rcp78ar-iot-221107.pdf\" target=\"_blank\" rel=\"noopener noreferrer\">RCP78AR Czytnik dedykowany &#8211; instrukcja obs\u0142ugi, informacja techniczna (pdf)<\/a><strong><br \/>\n<\/strong><\/span><\/span><\/p>\n<p><span style=\"font-size: 12pt;\"><span style=\"color: #000000;\"><img decoding=\"async\" src=\"https:\/\/lepson.pl\/wp-content\/uploads\/2017\/01\/ic_done.png\" width=\"20\" height=\"20\" \/>2.\u00a0 <a href=\"https:\/\/lepson.pl\/files\/file\/PL\/IO\/78-wideo-instrukcja-montazu-czytnika-78r.wmv\" target=\"_blank\" rel=\"noopener noreferrer\">RCP78AR Wideo instrukcja monta\u017cu czytnika (wmv)<\/a><\/span> <\/span><\/p>\n<p><span style=\"font-size: 12pt;\"><span style=\"color: #000000;\"><img decoding=\"async\" src=\"https:\/\/lepson.pl\/wp-content\/uploads\/2017\/01\/ic_done.png\" width=\"20\" height=\"20\" \/>3.\u00a0 <\/span><\/span><span style=\"font-size: 12pt;\"><span style=\"color: #000000;\"><a href=\"https:\/\/lepson.pl\/files\/file\/PL\/IO\/RCPX8-instrukcja-wstepnego-uruchamiania-190130.pdf\" target=\"_blank\" rel=\"noopener noreferrer\">Instrukcja wst\u0119pnego uruchamiania systemu RCPX8 (pdf)<\/a><\/span><\/span><\/p>\n<p><span style=\"font-size: 12pt;\"><span style=\"color: #000000;\"><img decoding=\"async\" src=\"https:\/\/lepson.pl\/wp-content\/uploads\/2017\/01\/ic_done.png\" width=\"20\" height=\"20\" \/>4.\u00a0 <a href=\"https:\/\/lepson.pl\/files\/file\/PL\/IO\/58-rcpx8system-io-190130.pdf\" target=\"_blank\" rel=\"noopener noreferrer\">Instrukcja obs\u0142ugi systemu RCPX8 (pdf)<\/a><\/span><\/span><\/p>\n<p><span style=\"font-size: 12pt;\"><span style=\"color: #000000;\"><img decoding=\"async\" src=\"https:\/\/lepson.pl\/wp-content\/uploads\/2017\/01\/ic_done.png\" width=\"20\" height=\"20\" \/>5.\u00a0 <a href=\"https:\/\/lepson.pl\/files\/file\/PL\/KK\/78-RCP78AR-KK-221107.pdf\" target=\"_blank\" rel=\"noopener noreferrer\">RCP78AR Czytnik dedykowany &#8211; karta katalogowa (pdf)<\/a><\/span><\/span>[\/vc_toggle][\/vc_column_inner][\/vc_row_inner][\/vc_column][\/vc_row][vc_row content_placement=&#8221;top&#8221; css=&#8221;.vc_custom_1548075923675{background-position: center !important;background-repeat: no-repeat !important;background-size: cover !important;}&#8221;][vc_column][vc_row_inner css=&#8221;.vc_custom_1548076761182{padding-right: 12% !important;padding-left: 12% !important;}&#8221;][vc_column_inner width=&#8221;1\/4&#8243;][vc_column_text]<a href=\"mailto:biuro@lepson.pl\">biuro@lepson.pl<\/a><br \/>\n<a href=\"mailto:rcp@lep.pl\">rcp@lepson.pl<\/a> (pomoc techniczna)[\/vc_column_text][\/vc_column_inner][vc_column_inner width=&#8221;1\/4&#8243;][vc_column_text](32) 754 54 54<br \/>\n(32) 754 54 55[\/vc_column_text][\/vc_column_inner][vc_column_inner width=&#8221;1\/4&#8243;][vc_column_text]<a href=\"https:\/\/goo.gl\/maps\/2HeA81byii52\" target=\"_blank\" rel=\"noopener noreferrer\">Wsp\u00f3lna 9,\u00a0<\/a><a href=\"https:\/\/goo.gl\/maps\/2HeA81byii52\">32-300, Olkusz<br \/>\n<\/a> NIP: 6372182383[\/vc_column_text][\/vc_column_inner][vc_column_inner width=&#8221;1\/4&#8243;][\/vc_column_inner][\/vc_row_inner][\/vc_column][\/vc_row]<\/p>\n<\/div>","protected":false},"excerpt":{"rendered":"<p>[vc_row parallax=&#8221;content-moving&#8221; css=&#8221;.vc_custom_1548075911793{background-color: #ffffff !important;background-position: center;background-repeat: no-repeat !important;background-size: cover !important;}&#8221;][vc_column][vc_row_inner css=&#8221;.vc_custom_1548077145595{padding-top: 3% !important;padding-right: 12% !important;padding-left: 12% !important;}&#8221;][vc_column_inner width=&#8221;1\/2&#8243;][vc_column_text] Tablica czytnik\u00f3w RCP78AR [\/vc_column_text][\/vc_column_inner][vc_column_inner width=&#8221;1\/2&#8243;][vc_single_image image=&#8221;3025&#8243; img_size=&#8221;medium&#8221; alignment=&#8221;center&#8221; onclick=&#8221;link_image&#8221; css_animation=&#8221;none&#8221; title=&#8221;RCP78AR&#8221; el_class=&#8221;image_text&#8221;][\/vc_column_inner][\/vc_row_inner][vc_row_inner css=&#8221;.vc_custom_1548075854817{padding-right: 12% !important;padding-left: 12% !important;}&#8221;][vc_column_inner][vc_toggle title=&#8221;Opis produktu (rozwi\u0144\/zwi\u0144)&#8221; style=&#8221;simple&#8221; color=&#8221;green&#8221; size=&#8221;lg&#8221; el_id=&#8221;1548075745591-a61d2087-5491&#8243;]Tablica czytnik\u00f3w RCP78AR (RFID) wyposa\u017cona w dwa rejestratory obs\u0142uguje identyfikatory bezstykowe i jest przeznaczona [&hellip;]<\/p>\n","protected":false},"author":6,"featured_media":0,"parent":1607,"menu_order":0,"comment_status":"closed","ping_status":"closed","template":"page-full-width.php","meta":{"footnotes":""},"class_list":["post-2799","page","type-page","status-publish","hentry"],"yoast_head":"<!-- This site is optimized with the Yoast SEO plugin v27.3 - https:\/\/yoast.com\/product\/yoast-seo-wordpress\/ -->\n<title>Tablica czytnik\u00f3w RCP78AR - LEPSON<\/title>\n<meta name=\"robots\" content=\"index, follow, max-snippet:-1, max-image-preview:large, max-video-preview:-1\" \/>\n<link rel=\"canonical\" href=\"https:\/\/lepson.pl\/index.php\/rcp-i-kd-2-2\/tablica\/\" \/>\n<meta property=\"og:locale\" content=\"pl_PL\" \/>\n<meta property=\"og:type\" content=\"article\" \/>\n<meta property=\"og:title\" content=\"Tablica czytnik\u00f3w RCP78AR - LEPSON\" \/>\n<meta property=\"og:description\" content=\"[vc_row parallax=&#8221;content-moving&#8221; css=&#8221;.vc_custom_1548075911793{background-color: #ffffff !important;background-position: center;background-repeat: no-repeat !important;background-size: cover !important;}&#8221;][vc_column][vc_row_inner css=&#8221;.vc_custom_1548077145595{padding-top: 3% !important;padding-right: 12% !important;padding-left: 12% !important;}&#8221;][vc_column_inner width=&#8221;1\/2&#8243;][vc_column_text] Tablica czytnik\u00f3w RCP78AR [\/vc_column_text][\/vc_column_inner][vc_column_inner width=&#8221;1\/2&#8243;][vc_single_image image=&#8221;3025&#8243; img_size=&#8221;medium&#8221; alignment=&#8221;center&#8221; onclick=&#8221;link_image&#8221; css_animation=&#8221;none&#8221; title=&#8221;RCP78AR&#8221; el_class=&#8221;image_text&#8221;][\/vc_column_inner][\/vc_row_inner][vc_row_inner css=&#8221;.vc_custom_1548075854817{padding-right: 12% !important;padding-left: 12% !important;}&#8221;][vc_column_inner][vc_toggle title=&#8221;Opis produktu (rozwi\u0144\/zwi\u0144)&#8221; style=&#8221;simple&#8221; color=&#8221;green&#8221; size=&#8221;lg&#8221; el_id=&#8221;1548075745591-a61d2087-5491&#8243;]Tablica czytnik\u00f3w RCP78AR (RFID) wyposa\u017cona w dwa rejestratory obs\u0142uguje identyfikatory bezstykowe i jest przeznaczona [&hellip;]\" \/>\n<meta property=\"og:url\" content=\"https:\/\/lepson.pl\/index.php\/rcp-i-kd-2-2\/tablica\/\" \/>\n<meta property=\"og:site_name\" content=\"LEPSON\" \/>\n<meta property=\"article:modified_time\" content=\"2022-11-07T11:28:58+00:00\" \/>\n<meta property=\"og:image\" content=\"https:\/\/lepson.pl\/wp-content\/uploads\/2017\/01\/ic_done.png\" \/>\n<meta name=\"twitter:card\" content=\"summary_large_image\" \/>\n<meta name=\"twitter:label1\" content=\"Szacowany czas czytania\" \/>\n\t<meta name=\"twitter:data1\" content=\"4 minuty\" \/>\n<script type=\"application\/ld+json\" class=\"yoast-schema-graph\">{\"@context\":\"https:\\\/\\\/schema.org\",\"@graph\":[{\"@type\":\"WebPage\",\"@id\":\"https:\\\/\\\/lepson.pl\\\/index.php\\\/rcp-i-kd-2-2\\\/tablica\\\/\",\"url\":\"https:\\\/\\\/lepson.pl\\\/index.php\\\/rcp-i-kd-2-2\\\/tablica\\\/\",\"name\":\"Tablica czytnik\u00f3w RCP78AR - LEPSON\",\"isPartOf\":{\"@id\":\"https:\\\/\\\/lepson.pl\\\/#website\"},\"primaryImageOfPage\":{\"@id\":\"https:\\\/\\\/lepson.pl\\\/index.php\\\/rcp-i-kd-2-2\\\/tablica\\\/#primaryimage\"},\"image\":{\"@id\":\"https:\\\/\\\/lepson.pl\\\/index.php\\\/rcp-i-kd-2-2\\\/tablica\\\/#primaryimage\"},\"thumbnailUrl\":\"https:\\\/\\\/lepson.pl\\\/wp-content\\\/uploads\\\/2017\\\/01\\\/ic_done.png\",\"datePublished\":\"2019-10-15T11:07:45+00:00\",\"dateModified\":\"2022-11-07T11:28:58+00:00\",\"breadcrumb\":{\"@id\":\"https:\\\/\\\/lepson.pl\\\/index.php\\\/rcp-i-kd-2-2\\\/tablica\\\/#breadcrumb\"},\"inLanguage\":\"pl-PL\",\"potentialAction\":[{\"@type\":\"ReadAction\",\"target\":[\"https:\\\/\\\/lepson.pl\\\/index.php\\\/rcp-i-kd-2-2\\\/tablica\\\/\"]}]},{\"@type\":\"ImageObject\",\"inLanguage\":\"pl-PL\",\"@id\":\"https:\\\/\\\/lepson.pl\\\/index.php\\\/rcp-i-kd-2-2\\\/tablica\\\/#primaryimage\",\"url\":\"https:\\\/\\\/lepson.pl\\\/wp-content\\\/uploads\\\/2017\\\/01\\\/ic_done.png\",\"contentUrl\":\"https:\\\/\\\/lepson.pl\\\/wp-content\\\/uploads\\\/2017\\\/01\\\/ic_done.png\",\"width\":40,\"height\":40},{\"@type\":\"BreadcrumbList\",\"@id\":\"https:\\\/\\\/lepson.pl\\\/index.php\\\/rcp-i-kd-2-2\\\/tablica\\\/#breadcrumb\",\"itemListElement\":[{\"@type\":\"ListItem\",\"position\":1,\"name\":\"Strona g\u0142\u00f3wna\",\"item\":\"https:\\\/\\\/lepson.pl\\\/\"},{\"@type\":\"ListItem\",\"position\":2,\"name\":\"RCP i KD\",\"item\":\"https:\\\/\\\/lepson.pl\\\/index.php\\\/rcp-i-kd-2-2\\\/\"},{\"@type\":\"ListItem\",\"position\":3,\"name\":\"Tablica czytnik\u00f3w RCP78AR\"}]},{\"@type\":\"WebSite\",\"@id\":\"https:\\\/\\\/lepson.pl\\\/#website\",\"url\":\"https:\\\/\\\/lepson.pl\\\/\",\"name\":\"LEPSON\",\"description\":\"- rejestracja ewidencja czasu pracy\",\"potentialAction\":[{\"@type\":\"SearchAction\",\"target\":{\"@type\":\"EntryPoint\",\"urlTemplate\":\"https:\\\/\\\/lepson.pl\\\/?s={search_term_string}\"},\"query-input\":{\"@type\":\"PropertyValueSpecification\",\"valueRequired\":true,\"valueName\":\"search_term_string\"}}],\"inLanguage\":\"pl-PL\"}]}<\/script>\n<!-- \/ Yoast SEO plugin. -->","yoast_head_json":{"title":"Tablica czytnik\u00f3w RCP78AR - LEPSON","robots":{"index":"index","follow":"follow","max-snippet":"max-snippet:-1","max-image-preview":"max-image-preview:large","max-video-preview":"max-video-preview:-1"},"canonical":"https:\/\/lepson.pl\/index.php\/rcp-i-kd-2-2\/tablica\/","og_locale":"pl_PL","og_type":"article","og_title":"Tablica czytnik\u00f3w RCP78AR - LEPSON","og_description":"[vc_row parallax=&#8221;content-moving&#8221; css=&#8221;.vc_custom_1548075911793{background-color: #ffffff !important;background-position: center;background-repeat: no-repeat !important;background-size: cover !important;}&#8221;][vc_column][vc_row_inner css=&#8221;.vc_custom_1548077145595{padding-top: 3% !important;padding-right: 12% !important;padding-left: 12% !important;}&#8221;][vc_column_inner width=&#8221;1\/2&#8243;][vc_column_text] Tablica czytnik\u00f3w RCP78AR [\/vc_column_text][\/vc_column_inner][vc_column_inner width=&#8221;1\/2&#8243;][vc_single_image image=&#8221;3025&#8243; img_size=&#8221;medium&#8221; alignment=&#8221;center&#8221; onclick=&#8221;link_image&#8221; css_animation=&#8221;none&#8221; title=&#8221;RCP78AR&#8221; el_class=&#8221;image_text&#8221;][\/vc_column_inner][\/vc_row_inner][vc_row_inner css=&#8221;.vc_custom_1548075854817{padding-right: 12% !important;padding-left: 12% !important;}&#8221;][vc_column_inner][vc_toggle title=&#8221;Opis produktu (rozwi\u0144\/zwi\u0144)&#8221; style=&#8221;simple&#8221; color=&#8221;green&#8221; size=&#8221;lg&#8221; el_id=&#8221;1548075745591-a61d2087-5491&#8243;]Tablica czytnik\u00f3w RCP78AR (RFID) wyposa\u017cona w dwa rejestratory obs\u0142uguje identyfikatory bezstykowe i jest przeznaczona [&hellip;]","og_url":"https:\/\/lepson.pl\/index.php\/rcp-i-kd-2-2\/tablica\/","og_site_name":"LEPSON","article_modified_time":"2022-11-07T11:28:58+00:00","og_image":[{"url":"https:\/\/lepson.pl\/wp-content\/uploads\/2017\/01\/ic_done.png","type":"","width":"","height":""}],"twitter_card":"summary_large_image","twitter_misc":{"Szacowany czas czytania":"4 minuty"},"schema":{"@context":"https:\/\/schema.org","@graph":[{"@type":"WebPage","@id":"https:\/\/lepson.pl\/index.php\/rcp-i-kd-2-2\/tablica\/","url":"https:\/\/lepson.pl\/index.php\/rcp-i-kd-2-2\/tablica\/","name":"Tablica czytnik\u00f3w RCP78AR - LEPSON","isPartOf":{"@id":"https:\/\/lepson.pl\/#website"},"primaryImageOfPage":{"@id":"https:\/\/lepson.pl\/index.php\/rcp-i-kd-2-2\/tablica\/#primaryimage"},"image":{"@id":"https:\/\/lepson.pl\/index.php\/rcp-i-kd-2-2\/tablica\/#primaryimage"},"thumbnailUrl":"https:\/\/lepson.pl\/wp-content\/uploads\/2017\/01\/ic_done.png","datePublished":"2019-10-15T11:07:45+00:00","dateModified":"2022-11-07T11:28:58+00:00","breadcrumb":{"@id":"https:\/\/lepson.pl\/index.php\/rcp-i-kd-2-2\/tablica\/#breadcrumb"},"inLanguage":"pl-PL","potentialAction":[{"@type":"ReadAction","target":["https:\/\/lepson.pl\/index.php\/rcp-i-kd-2-2\/tablica\/"]}]},{"@type":"ImageObject","inLanguage":"pl-PL","@id":"https:\/\/lepson.pl\/index.php\/rcp-i-kd-2-2\/tablica\/#primaryimage","url":"https:\/\/lepson.pl\/wp-content\/uploads\/2017\/01\/ic_done.png","contentUrl":"https:\/\/lepson.pl\/wp-content\/uploads\/2017\/01\/ic_done.png","width":40,"height":40},{"@type":"BreadcrumbList","@id":"https:\/\/lepson.pl\/index.php\/rcp-i-kd-2-2\/tablica\/#breadcrumb","itemListElement":[{"@type":"ListItem","position":1,"name":"Strona g\u0142\u00f3wna","item":"https:\/\/lepson.pl\/"},{"@type":"ListItem","position":2,"name":"RCP i KD","item":"https:\/\/lepson.pl\/index.php\/rcp-i-kd-2-2\/"},{"@type":"ListItem","position":3,"name":"Tablica czytnik\u00f3w RCP78AR"}]},{"@type":"WebSite","@id":"https:\/\/lepson.pl\/#website","url":"https:\/\/lepson.pl\/","name":"LEPSON","description":"- rejestracja ewidencja czasu pracy","potentialAction":[{"@type":"SearchAction","target":{"@type":"EntryPoint","urlTemplate":"https:\/\/lepson.pl\/?s={search_term_string}"},"query-input":{"@type":"PropertyValueSpecification","valueRequired":true,"valueName":"search_term_string"}}],"inLanguage":"pl-PL"}]}},"_links":{"self":[{"href":"https:\/\/lepson.pl\/index.php\/wp-json\/wp\/v2\/pages\/2799","targetHints":{"allow":["GET"]}}],"collection":[{"href":"https:\/\/lepson.pl\/index.php\/wp-json\/wp\/v2\/pages"}],"about":[{"href":"https:\/\/lepson.pl\/index.php\/wp-json\/wp\/v2\/types\/page"}],"author":[{"embeddable":true,"href":"https:\/\/lepson.pl\/index.php\/wp-json\/wp\/v2\/users\/6"}],"replies":[{"embeddable":true,"href":"https:\/\/lepson.pl\/index.php\/wp-json\/wp\/v2\/comments?post=2799"}],"version-history":[{"count":22,"href":"https:\/\/lepson.pl\/index.php\/wp-json\/wp\/v2\/pages\/2799\/revisions"}],"predecessor-version":[{"id":3615,"href":"https:\/\/lepson.pl\/index.php\/wp-json\/wp\/v2\/pages\/2799\/revisions\/3615"}],"up":[{"embeddable":true,"href":"https:\/\/lepson.pl\/index.php\/wp-json\/wp\/v2\/pages\/1607"}],"wp:attachment":[{"href":"https:\/\/lepson.pl\/index.php\/wp-json\/wp\/v2\/media?parent=2799"}],"curies":[{"name":"wp","href":"https:\/\/api.w.org\/{rel}","templated":true}]}}