{"id":2112,"date":"2018-05-25T17:16:15","date_gmt":"2018-05-25T17:16:15","guid":{"rendered":"https:\/\/lepson.pl\/?page_id=2112"},"modified":"2021-07-21T10:14:19","modified_gmt":"2021-07-21T10:14:19","slug":"polityka-prywatnosci","status":"publish","type":"page","link":"https:\/\/lepson.pl\/index.php\/polityka-prywatnosci\/","title":{"rendered":"Polityka prywatno\u015bci"},"content":{"rendered":"<div class=\"wpb-content-wrapper\"><p>[vc_row css=&#8221;.vc_custom_1569236705559{padding-top: 6% !important;padding-right: 12% !important;padding-left: 12% !important;}&#8221;][vc_column][vc_column_text]<strong>Polityka Poufno\u015bci firmy LEPSON Maciej Kluczewski<\/strong><br \/>\nZgodnie z art. 13 ust. 1-2 Rozporz\u0105dzenia Parlamentu Europejskiego i Rady (UE) 2016\/679 z<br \/>\ndnia 27 kwietnia 2016 r. w sprawie ochrony os\u00f3b fizycznych w zwi\u0105zku z przetwarzaniem<br \/>\ndanych osobowych i w sprawie swobodnego przep\u0142ywu takich danych oraz uchylenia dyrektywy<br \/>\n95\/46\/WE (og\u00f3lne rozporz\u0105dzenie o ochronie danych) (dalej \u201eRODO&#8221;) informuj\u0119, \u017ce:<\/p>\n<p>I. Administratorem danych osobowych jest LEPSON Maciej Kluczewski<\/p>\n<p>II. Pani\/Pana* dane przetwarzane b\u0119d\u0105 wy\u0142\u0105cznie w firmie LEPSON Maciej Kluczewski,<br \/>\nzgodnie z zasadami wymienionymi w art. 5 RODO<br \/>\nNiedopuszczalne jest przetwarzanie Pani\/Pana* danych w celu marketingu bezpo\u015bredniego.<\/p>\n<p>III. Prawo do sprzeciwu<br \/>\nW ka\u017cdej chwili przys\u0142uguje Pani\/Panu* prawo do wniesienia sprzeciwu wobec przetwarzania<br \/>\nPani\/Pana* danych, przetwarzanych w celu i na podstawie wskazanych powy\u017cej. Przestaniemy<br \/>\nprzetwarza\u0107 Pani\/Pana* dane w tych celach, chyba \u017ce b\u0119dziemy w stanie wykaza\u0107, \u017ce istniej\u0105<br \/>\nwa\u017cne, prawnie uzasadnione podstawy, kt\u00f3re s\u0105 nadrz\u0119dne wobec Pani\/Pana* interes\u00f3w, praw<br \/>\ni wolno\u015bci lub Pani\/Pana* dane b\u0119d\u0105 nam niezb\u0119dne do ewentualnego ustalenia, dochodzenia<br \/>\nlub obrony roszcze\u0144.<\/p>\n<p>IV. V. Dane b\u0119d\u0105 przechowywane przez okres niezb\u0119dny dla prawid\u0142owego wykonania umowy,<br \/>\nnie d\u0142u\u017cej jednak ni\u017c do up\u0142ywu czasu gwarancji.<\/p>\n<p>V. Zgodnie z RODO, przys\u0142uguje Pani\/Panu* prawo do:<br \/>\na) dost\u0119pu do swoich danych oraz otrzymania ich kopii<br \/>\nb) sprostowania (poprawiania) swoich danych<br \/>\nc) \u017c\u0105dania usuni\u0119cia, ograniczenia lub wniesienia sprzeciwu wobec ich przetwarzania<br \/>\nd) przenoszenia danych<br \/>\ne) wniesienia skargi do organu nadzorczego<\/p>\n<p>VI. Podanie danych jest dobrowolne z tym, \u017ce odmowa ich podania mo\u017ce utrudni\u0107 albo<br \/>\nuniemo\u017cliwi\u0107 wsp\u00f3\u0142prac\u0119.<\/p>\n<p>VII. Informujemy, \u017ce nie podejmujemy decyzji w spos\u00f3b zautomatyzowany i Pani\/Pana* dane<br \/>\nnie s\u0105 profilowane.<\/p>\n<p>VIII. W ka\u017cdej chwili przys\u0142uguje Pani\/Panu* prawo do wycofania zgody na przetwarzanie<br \/>\nPani\/Pana* danych osobowych, (w tym nale\u017c\u0105cych do szczeg\u00f3lnej kategorii), ale cofni\u0119cie<br \/>\nzgody nie wp\u0142ywa na zgodno\u015b\u0107 z prawem przetwarzania, kt\u00f3rego dokonano zgodnie z prawem,<br \/>\nprzed jej wycofaniem.<br \/>\nMaciej Kluczewski (W\u0142a\u015bciciel)<br \/>\nOlkusz, dn. 24.05.2018r[\/vc_column_text][\/vc_column][\/vc_row]<\/p>\n<\/div>","protected":false},"excerpt":{"rendered":"<p>[vc_row css=&#8221;.vc_custom_1569236705559{padding-top: 6% !important;padding-right: 12% !important;padding-left: 12% !important;}&#8221;][vc_column][vc_column_text]Polityka Poufno\u015bci firmy LEPSON Maciej Kluczewski Zgodnie z art. 13 ust. 1-2 Rozporz\u0105dzenia Parlamentu Europejskiego i Rady (UE) 2016\/679 z dnia 27 kwietnia 2016 r. w sprawie ochrony os\u00f3b fizycznych w zwi\u0105zku z przetwarzaniem danych osobowych i w sprawie swobodnego przep\u0142ywu takich danych oraz uchylenia dyrektywy 95\/46\/WE (og\u00f3lne [&hellip;]<\/p>\n","protected":false},"author":5,"featured_media":0,"parent":0,"menu_order":0,"comment_status":"closed","ping_status":"closed","template":"page-full-width.php","meta":{"footnotes":""},"class_list":["post-2112","page","type-page","status-publish","hentry"],"yoast_head":"<!-- This site is optimized with the Yoast SEO plugin v27.3 - https:\/\/yoast.com\/product\/yoast-seo-wordpress\/ -->\n<title>Polityka prywatno\u015bci - LEPSON<\/title>\n<meta name=\"robots\" content=\"noindex, nofollow\" \/>\n<meta property=\"og:locale\" content=\"pl_PL\" \/>\n<meta property=\"og:type\" content=\"article\" \/>\n<meta property=\"og:title\" content=\"Polityka prywatno\u015bci - LEPSON\" \/>\n<meta property=\"og:description\" content=\"[vc_row css=&#8221;.vc_custom_1569236705559{padding-top: 6% !important;padding-right: 12% !important;padding-left: 12% !important;}&#8221;][vc_column][vc_column_text]Polityka Poufno\u015bci firmy LEPSON Maciej Kluczewski Zgodnie z art. 13 ust. 1-2 Rozporz\u0105dzenia Parlamentu Europejskiego i Rady (UE) 2016\/679 z dnia 27 kwietnia 2016 r. w sprawie ochrony os\u00f3b fizycznych w zwi\u0105zku z przetwarzaniem danych osobowych i w sprawie swobodnego przep\u0142ywu takich danych oraz uchylenia dyrektywy 95\/46\/WE (og\u00f3lne [&hellip;]\" \/>\n<meta property=\"og:url\" content=\"https:\/\/lepson.pl\/index.php\/polityka-prywatnosci\/\" \/>\n<meta property=\"og:site_name\" content=\"LEPSON\" \/>\n<meta property=\"article:modified_time\" content=\"2021-07-21T10:14:19+00:00\" \/>\n<meta name=\"twitter:card\" content=\"summary_large_image\" \/>\n<meta name=\"twitter:label1\" content=\"Szacowany czas czytania\" \/>\n\t<meta name=\"twitter:data1\" content=\"2 minuty\" \/>\n<script type=\"application\/ld+json\" class=\"yoast-schema-graph\">{\"@context\":\"https:\\\/\\\/schema.org\",\"@graph\":[{\"@type\":\"WebPage\",\"@id\":\"https:\\\/\\\/lepson.pl\\\/index.php\\\/polityka-prywatnosci\\\/\",\"url\":\"https:\\\/\\\/lepson.pl\\\/index.php\\\/polityka-prywatnosci\\\/\",\"name\":\"Polityka prywatno\u015bci - LEPSON\",\"isPartOf\":{\"@id\":\"https:\\\/\\\/lepson.pl\\\/#website\"},\"datePublished\":\"2018-05-25T17:16:15+00:00\",\"dateModified\":\"2021-07-21T10:14:19+00:00\",\"breadcrumb\":{\"@id\":\"https:\\\/\\\/lepson.pl\\\/index.php\\\/polityka-prywatnosci\\\/#breadcrumb\"},\"inLanguage\":\"pl-PL\",\"potentialAction\":[{\"@type\":\"ReadAction\",\"target\":[\"https:\\\/\\\/lepson.pl\\\/index.php\\\/polityka-prywatnosci\\\/\"]}]},{\"@type\":\"BreadcrumbList\",\"@id\":\"https:\\\/\\\/lepson.pl\\\/index.php\\\/polityka-prywatnosci\\\/#breadcrumb\",\"itemListElement\":[{\"@type\":\"ListItem\",\"position\":1,\"name\":\"Strona g\u0142\u00f3wna\",\"item\":\"https:\\\/\\\/lepson.pl\\\/\"},{\"@type\":\"ListItem\",\"position\":2,\"name\":\"Polityka prywatno\u015bci\"}]},{\"@type\":\"WebSite\",\"@id\":\"https:\\\/\\\/lepson.pl\\\/#website\",\"url\":\"https:\\\/\\\/lepson.pl\\\/\",\"name\":\"LEPSON\",\"description\":\"- rejestracja ewidencja czasu pracy\",\"potentialAction\":[{\"@type\":\"SearchAction\",\"target\":{\"@type\":\"EntryPoint\",\"urlTemplate\":\"https:\\\/\\\/lepson.pl\\\/?s={search_term_string}\"},\"query-input\":{\"@type\":\"PropertyValueSpecification\",\"valueRequired\":true,\"valueName\":\"search_term_string\"}}],\"inLanguage\":\"pl-PL\"}]}<\/script>\n<!-- \/ Yoast SEO plugin. -->","yoast_head_json":{"title":"Polityka prywatno\u015bci - LEPSON","robots":{"index":"noindex","follow":"nofollow"},"og_locale":"pl_PL","og_type":"article","og_title":"Polityka prywatno\u015bci - LEPSON","og_description":"[vc_row css=&#8221;.vc_custom_1569236705559{padding-top: 6% !important;padding-right: 12% !important;padding-left: 12% !important;}&#8221;][vc_column][vc_column_text]Polityka Poufno\u015bci firmy LEPSON Maciej Kluczewski Zgodnie z art. 13 ust. 1-2 Rozporz\u0105dzenia Parlamentu Europejskiego i Rady (UE) 2016\/679 z dnia 27 kwietnia 2016 r. w sprawie ochrony os\u00f3b fizycznych w zwi\u0105zku z przetwarzaniem danych osobowych i w sprawie swobodnego przep\u0142ywu takich danych oraz uchylenia dyrektywy 95\/46\/WE (og\u00f3lne [&hellip;]","og_url":"https:\/\/lepson.pl\/index.php\/polityka-prywatnosci\/","og_site_name":"LEPSON","article_modified_time":"2021-07-21T10:14:19+00:00","twitter_card":"summary_large_image","twitter_misc":{"Szacowany czas czytania":"2 minuty"},"schema":{"@context":"https:\/\/schema.org","@graph":[{"@type":"WebPage","@id":"https:\/\/lepson.pl\/index.php\/polityka-prywatnosci\/","url":"https:\/\/lepson.pl\/index.php\/polityka-prywatnosci\/","name":"Polityka prywatno\u015bci - LEPSON","isPartOf":{"@id":"https:\/\/lepson.pl\/#website"},"datePublished":"2018-05-25T17:16:15+00:00","dateModified":"2021-07-21T10:14:19+00:00","breadcrumb":{"@id":"https:\/\/lepson.pl\/index.php\/polityka-prywatnosci\/#breadcrumb"},"inLanguage":"pl-PL","potentialAction":[{"@type":"ReadAction","target":["https:\/\/lepson.pl\/index.php\/polityka-prywatnosci\/"]}]},{"@type":"BreadcrumbList","@id":"https:\/\/lepson.pl\/index.php\/polityka-prywatnosci\/#breadcrumb","itemListElement":[{"@type":"ListItem","position":1,"name":"Strona g\u0142\u00f3wna","item":"https:\/\/lepson.pl\/"},{"@type":"ListItem","position":2,"name":"Polityka prywatno\u015bci"}]},{"@type":"WebSite","@id":"https:\/\/lepson.pl\/#website","url":"https:\/\/lepson.pl\/","name":"LEPSON","description":"- rejestracja ewidencja czasu pracy","potentialAction":[{"@type":"SearchAction","target":{"@type":"EntryPoint","urlTemplate":"https:\/\/lepson.pl\/?s={search_term_string}"},"query-input":{"@type":"PropertyValueSpecification","valueRequired":true,"valueName":"search_term_string"}}],"inLanguage":"pl-PL"}]}},"_links":{"self":[{"href":"https:\/\/lepson.pl\/index.php\/wp-json\/wp\/v2\/pages\/2112","targetHints":{"allow":["GET"]}}],"collection":[{"href":"https:\/\/lepson.pl\/index.php\/wp-json\/wp\/v2\/pages"}],"about":[{"href":"https:\/\/lepson.pl\/index.php\/wp-json\/wp\/v2\/types\/page"}],"author":[{"embeddable":true,"href":"https:\/\/lepson.pl\/index.php\/wp-json\/wp\/v2\/users\/5"}],"replies":[{"embeddable":true,"href":"https:\/\/lepson.pl\/index.php\/wp-json\/wp\/v2\/comments?post=2112"}],"version-history":[{"count":4,"href":"https:\/\/lepson.pl\/index.php\/wp-json\/wp\/v2\/pages\/2112\/revisions"}],"predecessor-version":[{"id":3254,"href":"https:\/\/lepson.pl\/index.php\/wp-json\/wp\/v2\/pages\/2112\/revisions\/3254"}],"wp:attachment":[{"href":"https:\/\/lepson.pl\/index.php\/wp-json\/wp\/v2\/media?parent=2112"}],"curies":[{"name":"wp","href":"https:\/\/api.w.org\/{rel}","templated":true}]}}