{"id":2096,"date":"2018-04-23T12:16:38","date_gmt":"2018-04-23T12:16:38","guid":{"rendered":"https:\/\/lepson.pl\/?page_id=2096"},"modified":"2020-03-10T09:27:15","modified_gmt":"2020-03-10T09:27:15","slug":"problemy-rcp","status":"publish","type":"page","link":"https:\/\/lepson.pl\/index.php\/problemy-rcp\/","title":{"rendered":"Rozwi\u0105zywanie problem\u00f3w w systemie RCPX8"},"content":{"rendered":"<div class=\"wpb-content-wrapper\"><p>[vc_row css=&#8221;.vc_custom_1550146658780{padding-top: 3% !important;padding-right: 12% !important;padding-left: 12% !important;}&#8221;][vc_column][vc_row_inner][vc_column_inner][vc_column_text][\/vc_column_text][\/vc_column_inner][vc_column_inner][vc_column_text]<span style=\"font-size: 18pt;\"><strong><a href=\"https:\/\/lepson.pl\/files\/file\/PL\/IO\/RCPX8-instrukcja-wstepnego-uruchamiania-190130.pdf\" target=\"_blank\" rel=\"noopener noreferrer\">Instrukcja wst\u0119pnego uruchamiania systemu RCP X8\u00a0 (pdf)<\/a><\/strong><\/span><\/p>\n<p><span style=\"font-size: 18pt;\"><a href=\"https:\/\/lepson.pl\/files\/file\/PL\/IO\/rozwiazywanie_problemow_w_systemie_rcpx8_200225.pdf\" target=\"_blank\" rel=\"noopener noreferrer\"><strong>Rozwi\u0105zywanie problem\u00f3w w systemie RCPX8\u00a0 (pdf)<\/strong><\/a><\/span><\/p>\n<p><strong><span style=\"font-size: 18pt;\"><a href=\"https:\/\/lepson.pl\/index.php\/zapytanie-ofertowe\/\" target=\"_blank\" rel=\"noopener noreferrer\">Formularz zapytania ofertowego\u00a0 (wi\u0119cej&#8230;)<\/a><\/span><\/strong>[\/vc_column_text][\/vc_column_inner][\/vc_row_inner][\/vc_column][\/vc_row][vc_row content_placement=&#8221;top&#8221; css=&#8221;.vc_custom_1501713789153{background-image: url(https:\/\/lepson.pl\/wp-content\/uploads\/2017\/01\/footer-map-1-1.jpg?id=1534) !important;background-position: center !important;background-repeat: no-repeat !important;background-size: cover !important;}&#8221;][vc_column][vc_row_inner css=&#8221;.vc_custom_1485612616667{padding-top: 6% !important;padding-right: 12% !important;padding-bottom: 6% !important;padding-left: 12% !important;}&#8221;][vc_column_inner width=&#8221;1\/4&#8243;][vc_column_text]<a href=\"mailto:biuro@lepson.pl\">biuro@lepson.pl<\/a><\/p>\n<p>(32) 754 54 54<br \/>\n(32) 754 54 55<\/p>\n<p><a href=\"mailto:rcp@lep.pl\">rcp@lepson.pl<\/a> (pomoc techniczna)<\/p>\n<p><a href=\"https:\/\/goo.gl\/maps\/2HeA81byii52\" target=\"_blank\" rel=\"noopener noreferrer\">Wsp\u00f3lna 9,\u00a0<\/a><a href=\"https:\/\/goo.gl\/maps\/2HeA81byii52\">32-300, Olkusz<br \/>\n<\/a> NIP: 6372182383[\/vc_column_text][\/vc_column_inner][vc_column_inner width=&#8221;1\/4&#8243;][\/vc_column_inner][vc_column_inner width=&#8221;1\/4&#8243;][\/vc_column_inner][vc_column_inner width=&#8221;1\/4&#8243;][\/vc_column_inner][\/vc_row_inner][\/vc_column][\/vc_row]<\/p>\n<\/div>","protected":false},"excerpt":{"rendered":"<p>[vc_row css=&#8221;.vc_custom_1550146658780{padding-top: 3% !important;padding-right: 12% !important;padding-left: 12% !important;}&#8221;][vc_column][vc_row_inner][vc_column_inner][vc_column_text][\/vc_column_text][\/vc_column_inner][vc_column_inner][vc_column_text]Instrukcja wst\u0119pnego uruchamiania systemu RCP X8\u00a0 (pdf) Rozwi\u0105zywanie problem\u00f3w w systemie RCPX8\u00a0 (pdf) Formularz zapytania ofertowego\u00a0 (wi\u0119cej&#8230;)[\/vc_column_text][\/vc_column_inner][\/vc_row_inner][\/vc_column][\/vc_row][vc_row content_placement=&#8221;top&#8221; css=&#8221;.vc_custom_1501713789153{background-image: url(https:\/\/lepson.pl\/wp-content\/uploads\/2017\/01\/footer-map-1-1.jpg?id=1534) !important;background-position: center !important;background-repeat: no-repeat !important;background-size: cover !important;}&#8221;][vc_column][vc_row_inner css=&#8221;.vc_custom_1485612616667{padding-top: 6% !important;padding-right: 12% !important;padding-bottom: 6% !important;padding-left: 12% !important;}&#8221;][vc_column_inner width=&#8221;1\/4&#8243;][vc_column_text]biuro@lepson.pl (32) 754 54 54 (32) 754 54 55 rcp@lepson.pl (pomoc techniczna) [&hellip;]<\/p>\n","protected":false},"author":3,"featured_media":0,"parent":0,"menu_order":0,"comment_status":"closed","ping_status":"closed","template":"page-full-width.php","meta":{"footnotes":""},"class_list":["post-2096","page","type-page","status-publish","hentry"],"yoast_head":"<!-- This site is optimized with the Yoast SEO plugin v27.3 - https:\/\/yoast.com\/product\/yoast-seo-wordpress\/ -->\n<title>LEPSON Rozwi\u0105zywanie problem\u00f3w w systemie RCPX8<\/title>\n<meta name=\"description\" content=\"Rozwi\u0105zywanie problem\u00f3w w systemie RCPX8.\" \/>\n<meta name=\"robots\" content=\"index, follow, max-snippet:-1, max-image-preview:large, max-video-preview:-1\" \/>\n<link rel=\"canonical\" href=\"https:\/\/lepson.pl\/index.php\/problemy-rcp\/\" \/>\n<meta property=\"og:locale\" content=\"pl_PL\" \/>\n<meta property=\"og:type\" content=\"article\" \/>\n<meta property=\"og:title\" content=\"LEPSON Rozwi\u0105zywanie problem\u00f3w w systemie RCPX8\" \/>\n<meta property=\"og:description\" content=\"Rozwi\u0105zywanie problem\u00f3w w systemie RCPX8.\" \/>\n<meta property=\"og:url\" content=\"https:\/\/lepson.pl\/index.php\/problemy-rcp\/\" \/>\n<meta property=\"og:site_name\" content=\"LEPSON\" \/>\n<meta property=\"article:modified_time\" content=\"2020-03-10T09:27:15+00:00\" \/>\n<meta name=\"twitter:card\" content=\"summary_large_image\" \/>\n<meta name=\"twitter:label1\" content=\"Szacowany czas czytania\" \/>\n\t<meta name=\"twitter:data1\" content=\"1 minuta\" \/>\n<script type=\"application\/ld+json\" class=\"yoast-schema-graph\">{\"@context\":\"https:\\\/\\\/schema.org\",\"@graph\":[{\"@type\":\"WebPage\",\"@id\":\"https:\\\/\\\/lepson.pl\\\/index.php\\\/problemy-rcp\\\/\",\"url\":\"https:\\\/\\\/lepson.pl\\\/index.php\\\/problemy-rcp\\\/\",\"name\":\"LEPSON Rozwi\u0105zywanie problem\u00f3w w systemie RCPX8\",\"isPartOf\":{\"@id\":\"https:\\\/\\\/lepson.pl\\\/#website\"},\"datePublished\":\"2018-04-23T12:16:38+00:00\",\"dateModified\":\"2020-03-10T09:27:15+00:00\",\"description\":\"Rozwi\u0105zywanie problem\u00f3w w systemie RCPX8.\",\"breadcrumb\":{\"@id\":\"https:\\\/\\\/lepson.pl\\\/index.php\\\/problemy-rcp\\\/#breadcrumb\"},\"inLanguage\":\"pl-PL\",\"potentialAction\":[{\"@type\":\"ReadAction\",\"target\":[\"https:\\\/\\\/lepson.pl\\\/index.php\\\/problemy-rcp\\\/\"]}]},{\"@type\":\"BreadcrumbList\",\"@id\":\"https:\\\/\\\/lepson.pl\\\/index.php\\\/problemy-rcp\\\/#breadcrumb\",\"itemListElement\":[{\"@type\":\"ListItem\",\"position\":1,\"name\":\"Strona g\u0142\u00f3wna\",\"item\":\"https:\\\/\\\/lepson.pl\\\/\"},{\"@type\":\"ListItem\",\"position\":2,\"name\":\"Rozwi\u0105zywanie problem\u00f3w w systemie RCPX8\"}]},{\"@type\":\"WebSite\",\"@id\":\"https:\\\/\\\/lepson.pl\\\/#website\",\"url\":\"https:\\\/\\\/lepson.pl\\\/\",\"name\":\"LEPSON\",\"description\":\"- rejestracja ewidencja czasu pracy\",\"potentialAction\":[{\"@type\":\"SearchAction\",\"target\":{\"@type\":\"EntryPoint\",\"urlTemplate\":\"https:\\\/\\\/lepson.pl\\\/?s={search_term_string}\"},\"query-input\":{\"@type\":\"PropertyValueSpecification\",\"valueRequired\":true,\"valueName\":\"search_term_string\"}}],\"inLanguage\":\"pl-PL\"}]}<\/script>\n<!-- \/ Yoast SEO plugin. -->","yoast_head_json":{"title":"LEPSON Rozwi\u0105zywanie problem\u00f3w w systemie RCPX8","description":"Rozwi\u0105zywanie problem\u00f3w w systemie RCPX8.","robots":{"index":"index","follow":"follow","max-snippet":"max-snippet:-1","max-image-preview":"max-image-preview:large","max-video-preview":"max-video-preview:-1"},"canonical":"https:\/\/lepson.pl\/index.php\/problemy-rcp\/","og_locale":"pl_PL","og_type":"article","og_title":"LEPSON Rozwi\u0105zywanie problem\u00f3w w systemie RCPX8","og_description":"Rozwi\u0105zywanie problem\u00f3w w systemie RCPX8.","og_url":"https:\/\/lepson.pl\/index.php\/problemy-rcp\/","og_site_name":"LEPSON","article_modified_time":"2020-03-10T09:27:15+00:00","twitter_card":"summary_large_image","twitter_misc":{"Szacowany czas czytania":"1 minuta"},"schema":{"@context":"https:\/\/schema.org","@graph":[{"@type":"WebPage","@id":"https:\/\/lepson.pl\/index.php\/problemy-rcp\/","url":"https:\/\/lepson.pl\/index.php\/problemy-rcp\/","name":"LEPSON Rozwi\u0105zywanie problem\u00f3w w systemie RCPX8","isPartOf":{"@id":"https:\/\/lepson.pl\/#website"},"datePublished":"2018-04-23T12:16:38+00:00","dateModified":"2020-03-10T09:27:15+00:00","description":"Rozwi\u0105zywanie problem\u00f3w w systemie RCPX8.","breadcrumb":{"@id":"https:\/\/lepson.pl\/index.php\/problemy-rcp\/#breadcrumb"},"inLanguage":"pl-PL","potentialAction":[{"@type":"ReadAction","target":["https:\/\/lepson.pl\/index.php\/problemy-rcp\/"]}]},{"@type":"BreadcrumbList","@id":"https:\/\/lepson.pl\/index.php\/problemy-rcp\/#breadcrumb","itemListElement":[{"@type":"ListItem","position":1,"name":"Strona g\u0142\u00f3wna","item":"https:\/\/lepson.pl\/"},{"@type":"ListItem","position":2,"name":"Rozwi\u0105zywanie problem\u00f3w w systemie RCPX8"}]},{"@type":"WebSite","@id":"https:\/\/lepson.pl\/#website","url":"https:\/\/lepson.pl\/","name":"LEPSON","description":"- rejestracja ewidencja czasu pracy","potentialAction":[{"@type":"SearchAction","target":{"@type":"EntryPoint","urlTemplate":"https:\/\/lepson.pl\/?s={search_term_string}"},"query-input":{"@type":"PropertyValueSpecification","valueRequired":true,"valueName":"search_term_string"}}],"inLanguage":"pl-PL"}]}},"_links":{"self":[{"href":"https:\/\/lepson.pl\/index.php\/wp-json\/wp\/v2\/pages\/2096","targetHints":{"allow":["GET"]}}],"collection":[{"href":"https:\/\/lepson.pl\/index.php\/wp-json\/wp\/v2\/pages"}],"about":[{"href":"https:\/\/lepson.pl\/index.php\/wp-json\/wp\/v2\/types\/page"}],"author":[{"embeddable":true,"href":"https:\/\/lepson.pl\/index.php\/wp-json\/wp\/v2\/users\/3"}],"replies":[{"embeddable":true,"href":"https:\/\/lepson.pl\/index.php\/wp-json\/wp\/v2\/comments?post=2096"}],"version-history":[{"count":38,"href":"https:\/\/lepson.pl\/index.php\/wp-json\/wp\/v2\/pages\/2096\/revisions"}],"predecessor-version":[{"id":2829,"href":"https:\/\/lepson.pl\/index.php\/wp-json\/wp\/v2\/pages\/2096\/revisions\/2829"}],"wp:attachment":[{"href":"https:\/\/lepson.pl\/index.php\/wp-json\/wp\/v2\/media?parent=2096"}],"curies":[{"name":"wp","href":"https:\/\/api.w.org\/{rel}","templated":true}]}}