{"id":2075,"date":"2018-03-20T14:14:42","date_gmt":"2018-03-20T14:14:42","guid":{"rendered":"https:\/\/lepson.pl\/?page_id=2075"},"modified":"2024-11-12T10:31:55","modified_gmt":"2024-11-12T10:31:55","slug":"uzb27","status":"publish","type":"page","link":"https:\/\/lepson.pl\/index.php\/rcp-i-kd-2-2\/uzb27\/","title":{"rendered":"UZB27 \u2013 urz\u0105dzenie zasilania buforowego"},"content":{"rendered":"<div class=\"wpb-content-wrapper\"><p>[vc_row parallax=&#8221;content-moving&#8221; css=&#8221;.vc_custom_1549289878830{padding-top: 3% !important;padding-right: 12% !important;padding-left: 12% !important;background-color: #ffffff !important;background-position: center;background-repeat: no-repeat !important;background-size: cover !important;}&#8221;][vc_column][vc_row_inner][vc_column_inner width=&#8221;1\/2&#8243;][vc_column_text]<\/p>\n<h1><strong>UZB27<\/strong><\/h1>\n<h2><strong>urz\u0105dzenie zasilania buforowego<\/strong><\/h2>\n<h1><strong>\u00a0<\/strong><\/h1>\n<h2><\/h2>\n<p>[\/vc_column_text][\/vc_column_inner][vc_column_inner width=&#8221;1\/4&#8243;][vc_single_image image=&#8221;3078&#8243; img_size=&#8221;large&#8221; alignment=&#8221;center&#8221; onclick=&#8221;link_image&#8221; css_animation=&#8221;none&#8221; title=&#8221;UZB27&#8243; el_class=&#8221;image_text&#8221;][\/vc_column_inner][vc_column_inner width=&#8221;1\/4&#8243;][vc_single_image image=&#8221;3080&#8243; img_size=&#8221;full&#8221; alignment=&#8221;center&#8221; onclick=&#8221;link_image&#8221; css_animation=&#8221;none&#8221; title=&#8221;UZB27&#8243; el_class=&#8221;image_text&#8221;][\/vc_column_inner][\/vc_row_inner][vc_row_inner][vc_column_inner][vc_toggle title=&#8221;Opis produktu (rozwi\u0144\/zwi\u0144)&#8221; style=&#8221;simple&#8221; color=&#8221;green&#8221; size=&#8221;lg&#8221; el_id=&#8221;1545995166495-0086edae-0f0c&#8221;]<span style=\"font-size: 12pt;\"><strong>UZB27<\/strong> wstawione pomi\u0119dzy typowy zasilacz 230V \/ 12VDC a zasilane urz\u0105dzenie umo\u017cliwia prac\u0119 tego urz\u0105dzenia w przypadku braku zasilania 230V. Czas pracy urz\u0105dzenia w trybie buforowym zale\u017cy od pobieranego pr\u0105du. Przyk\u0142adowo dla pr\u0105du 0,2A (2 czytniki RCP78AR) czas ten wyniesie minimum 30 godzin.<\/span>[\/vc_toggle][vc_toggle title=&#8221;Sygnalizacja stanu pracy urz\u0105dzenia (rozwi\u0144\/zwi\u0144)&#8221; style=&#8221;simple&#8221; color=&#8221;green&#8221; size=&#8221;lg&#8221; el_id=&#8221;1545995211074-2f81ec54-4ef8&#8243;]<span style=\"font-size: 12pt;\">Optyczna (dla instalatora)<\/span><\/p>\n<ul>\n<li><span style=\"font-size: 12pt;\">LED czerwony &#8211; \u0142adowanie<\/span><\/li>\n<li><span style=\"font-size: 12pt;\">LED zielony &#8211; napi\u0119cie na wyj\u015bciu<\/span><\/li>\n<\/ul>\n<p><span style=\"font-size: 12pt;\">D\u017awi\u0119kowa (dla u\u017cytkownika)<\/span><\/p>\n<ul>\n<li><span style=\"font-size: 12pt;\">&#8230;&#8230;.\u2026&#8230;&#8230;\u2026 &#8230;.bip..\u2026\u2026&#8230;.\u2026. &#8230;&#8230;&#8230;bip\u2026 &#8211; brak napi\u0119cia wej\u015bciowego, akumulator OK<\/span><\/li>\n<li><span style=\"font-size: 12pt;\">&#8230;..\u2026&#8230;&#8230;bip.\u2026&#8230;\u2026&#8230;.bip&#8230;&#8230;.\u2026&#8230;..bip\u2026 &#8211; brak napi\u0119cia wej\u015bciowego, akumulator s\u0142aby<\/span><\/li>\n<li><span style=\"font-size: 12pt;\">&#8230;bip&#8230;.bip&#8230;.bip&#8230;.bip&#8230;.bip&#8230;.bip\u2026 &#8211; brak napi\u0119cia wej\u015bciowego, zosta\u0142o kilka minut pracy<\/span><\/li>\n<li><span style=\"font-size: 12pt;\">bi i i i i i i i i i i i i i i i i i i i i i i i i &#8230;p &#8211; przekroczenie pr\u0105du wyj\u015bciowego powy\u017cej 1,5A<\/span><\/li>\n<li><span style=\"font-size: 12pt;\">bip..bip..bip&#8230;&#8230;&#8230;bip..bip..bip&#8230;&#8230;&#8230; &#8211; brak akumulatora<\/span><\/li>\n<\/ul>\n<p>[\/vc_toggle][vc_toggle title=&#8221;Dane techniczne (rozwi\u0144\/zwi\u0144)&#8221; style=&#8221;simple&#8221; color=&#8221;green&#8221; size=&#8221;lg&#8221; el_id=&#8221;1545995251697-3692692c-dd5f&#8221;]<\/p>\n<div class=\"row vc_row wpb_row vc_inner vc_row-fluid vc_custom_1488384123488\">\n<div class=\"wpb_column vc_column_container vc_col-sm-12 vc_col-has-fill\">\n<div class=\"vc_column-inner vc_custom_1485606795783\">\n<div class=\"wpb_wrapper\">\n<div class=\"wpb_raw_code wpb_content_element wpb_raw_html\">\n<div class=\"wpb_wrapper\">\n<div class=\"tg-wrap\">\n<table border=\"0\">\n<tbody>\n<tr>\n<td><span style=\"font-size: 12pt;\">Napi\u0119cie zasilania<\/span><\/td>\n<td align=\"right\"><span style=\"font-size: 12pt;\">12V DC<\/span><\/td>\n<\/tr>\n<tr>\n<td><span style=\"font-size: 12pt;\">Max pr\u0105d wyj\u015bciowy:<\/span><\/td>\n<td align=\"right\"><span style=\"font-size: 12pt;\">1A<\/span><\/td>\n<\/tr>\n<tr>\n<td><span style=\"font-size: 12pt;\">Akumulator:<\/span><\/td>\n<td align=\"right\"><span style=\"font-size: 12pt;\">12V\/7Ah (\u017celowy, o\u0142owiowy)<\/span><\/td>\n<\/tr>\n<tr>\n<td><span style=\"font-size: 12pt;\">Zabezpieczenie nadpr\u0105dowe:<\/span><\/td>\n<td align=\"right\"><span style=\"font-size: 12pt;\">1,5A<\/span><\/td>\n<\/tr>\n<tr>\n<td><span style=\"font-size: 12pt;\">Materia\u0142 obudowy:<\/span><\/td>\n<td align=\"right\"><span style=\"font-size: 12pt;\">tworzywo sztuczne &#8211; ABS szary<\/span><\/td>\n<\/tr>\n<tr>\n<td><span style=\"font-size: 12pt;\">Wymiary (szer x wys x g\u0142):<\/span><\/td>\n<td align=\"right\"><span style=\"font-size: 12pt;\">200 x 150 x 80 mm<\/span><\/td>\n<\/tr>\n<\/tbody>\n<\/table>\n<\/div>\n<\/div>\n<\/div>\n<\/div>\n<\/div>\n<\/div>\n<\/div>\n<p>[\/vc_toggle][vc_toggle title=&#8221;Pliki i dokumenty (rozwi\u0144\/zwi\u0144)&#8221; style=&#8221;simple&#8221; color=&#8221;green&#8221; size=&#8221;lg&#8221; css=&#8221;&#8221; el_id=&#8221;1545995323185-b27b5fd6-7688&#8243;]<span style=\"color: #000000;\"><img decoding=\"async\" src=\"https:\/\/lepson.pl\/wp-content\/uploads\/2017\/01\/ic_done.png\" width=\"20\" height=\"20\" \/> <strong> UZB27 Urz\u0105dzenie zasilania buforowego &#8211; <a href=\"https:\/\/lepson.pl\/files\/file\/PL\/KK\/27-uzb27-kk-230424.pdf\" target=\"_blank\" rel=\"noopener\">karta katalogowa (pdf)<\/a><\/strong><\/span>[\/vc_toggle][\/vc_column_inner][\/vc_row_inner][\/vc_column][\/vc_row][vc_row content_placement=&#8221;top&#8221; css=&#8221;.vc_custom_1549289995093{padding-right: 12% !important;padding-left: 12% !important;background-position: center !important;background-repeat: no-repeat !important;background-size: cover !important;}&#8221;][vc_column][vc_row_inner][vc_column_inner width=&#8221;1\/4&#8243;][vc_column_text]<a href=\"mailto:biuro@lepson.pl\">biuro@lepson.pl<\/a><br \/>\n<a href=\"mailto:rcp@lep.pl\">rcp@lepson.pl<\/a> (pomoc techniczna)[\/vc_column_text][\/vc_column_inner][vc_column_inner width=&#8221;1\/4&#8243;][vc_column_text](32) 754 54 54<br \/>\n(32) 754 54 55[\/vc_column_text][\/vc_column_inner][vc_column_inner width=&#8221;1\/4&#8243;][vc_column_text]<a href=\"https:\/\/goo.gl\/maps\/2HeA81byii52\" target=\"_blank\" rel=\"noopener noreferrer\">Wsp\u00f3lna 9, <\/a><a href=\"https:\/\/goo.gl\/maps\/2HeA81byii52\">32-300, Olkusz<br \/>\n<\/a> NIP: 6372182383[\/vc_column_text][\/vc_column_inner][vc_column_inner width=&#8221;1\/4&#8243;][\/vc_column_inner][\/vc_row_inner][\/vc_column][\/vc_row]<\/p>\n<\/div>","protected":false},"excerpt":{"rendered":"<p>[vc_row parallax=&#8221;content-moving&#8221; css=&#8221;.vc_custom_1549289878830{padding-top: 3% !important;padding-right: 12% !important;padding-left: 12% !important;background-color: #ffffff !important;background-position: center;background-repeat: no-repeat !important;background-size: cover !important;}&#8221;][vc_column][vc_row_inner][vc_column_inner width=&#8221;1\/2&#8243;][vc_column_text] UZB27 urz\u0105dzenie zasilania buforowego \u00a0 [\/vc_column_text][\/vc_column_inner][vc_column_inner width=&#8221;1\/4&#8243;][vc_single_image image=&#8221;3078&#8243; img_size=&#8221;large&#8221; alignment=&#8221;center&#8221; onclick=&#8221;link_image&#8221; css_animation=&#8221;none&#8221; title=&#8221;UZB27&#8243; el_class=&#8221;image_text&#8221;][\/vc_column_inner][vc_column_inner width=&#8221;1\/4&#8243;][vc_single_image image=&#8221;3080&#8243; img_size=&#8221;full&#8221; alignment=&#8221;center&#8221; onclick=&#8221;link_image&#8221; css_animation=&#8221;none&#8221; title=&#8221;UZB27&#8243; el_class=&#8221;image_text&#8221;][\/vc_column_inner][\/vc_row_inner][vc_row_inner][vc_column_inner][vc_toggle title=&#8221;Opis produktu (rozwi\u0144\/zwi\u0144)&#8221; style=&#8221;simple&#8221; color=&#8221;green&#8221; size=&#8221;lg&#8221; el_id=&#8221;1545995166495-0086edae-0f0c&#8221;]UZB27 wstawione pomi\u0119dzy typowy zasilacz 230V \/ 12VDC a zasilane [&hellip;]<\/p>\n","protected":false},"author":3,"featured_media":0,"parent":1607,"menu_order":0,"comment_status":"closed","ping_status":"closed","template":"page-full-width.php","meta":{"footnotes":""},"class_list":["post-2075","page","type-page","status-publish","hentry"],"yoast_head":"<!-- This site is optimized with the Yoast SEO plugin v27.3 - https:\/\/yoast.com\/product\/yoast-seo-wordpress\/ -->\n<title>urz\u0105dzenie zasilania buforowego UZA 27 | LEPSON - producent elektroniki<\/title>\n<meta name=\"description\" content=\"Urz\u0105dzenie zasilania buforowego\" \/>\n<meta name=\"robots\" content=\"index, follow, max-snippet:-1, max-image-preview:large, max-video-preview:-1\" \/>\n<link rel=\"canonical\" href=\"https:\/\/lepson.pl\/index.php\/rcp-i-kd-2-2\/uzb27\/\" \/>\n<meta property=\"og:locale\" content=\"pl_PL\" \/>\n<meta property=\"og:type\" content=\"article\" \/>\n<meta property=\"og:title\" content=\"urz\u0105dzenie zasilania buforowego UZA 27 | LEPSON - producent elektroniki\" \/>\n<meta property=\"og:description\" content=\"Urz\u0105dzenie zasilania buforowego\" \/>\n<meta property=\"og:url\" content=\"https:\/\/lepson.pl\/index.php\/rcp-i-kd-2-2\/uzb27\/\" \/>\n<meta property=\"og:site_name\" content=\"LEPSON\" \/>\n<meta property=\"article:modified_time\" content=\"2024-11-12T10:31:55+00:00\" \/>\n<meta property=\"og:image\" content=\"https:\/\/lepson.pl\/wp-content\/uploads\/2017\/01\/ic_done.png\" \/>\n<meta name=\"twitter:card\" content=\"summary_large_image\" \/>\n<meta name=\"twitter:label1\" content=\"Szacowany czas czytania\" \/>\n\t<meta name=\"twitter:data1\" content=\"3 minuty\" \/>\n<script type=\"application\/ld+json\" class=\"yoast-schema-graph\">{\"@context\":\"https:\\\/\\\/schema.org\",\"@graph\":[{\"@type\":\"WebPage\",\"@id\":\"https:\\\/\\\/lepson.pl\\\/index.php\\\/rcp-i-kd-2-2\\\/uzb27\\\/\",\"url\":\"https:\\\/\\\/lepson.pl\\\/index.php\\\/rcp-i-kd-2-2\\\/uzb27\\\/\",\"name\":\"urz\u0105dzenie zasilania buforowego UZA 27 | LEPSON - producent elektroniki\",\"isPartOf\":{\"@id\":\"https:\\\/\\\/lepson.pl\\\/#website\"},\"primaryImageOfPage\":{\"@id\":\"https:\\\/\\\/lepson.pl\\\/index.php\\\/rcp-i-kd-2-2\\\/uzb27\\\/#primaryimage\"},\"image\":{\"@id\":\"https:\\\/\\\/lepson.pl\\\/index.php\\\/rcp-i-kd-2-2\\\/uzb27\\\/#primaryimage\"},\"thumbnailUrl\":\"https:\\\/\\\/lepson.pl\\\/wp-content\\\/uploads\\\/2017\\\/01\\\/ic_done.png\",\"datePublished\":\"2018-03-20T14:14:42+00:00\",\"dateModified\":\"2024-11-12T10:31:55+00:00\",\"description\":\"Urz\u0105dzenie zasilania buforowego\",\"breadcrumb\":{\"@id\":\"https:\\\/\\\/lepson.pl\\\/index.php\\\/rcp-i-kd-2-2\\\/uzb27\\\/#breadcrumb\"},\"inLanguage\":\"pl-PL\",\"potentialAction\":[{\"@type\":\"ReadAction\",\"target\":[\"https:\\\/\\\/lepson.pl\\\/index.php\\\/rcp-i-kd-2-2\\\/uzb27\\\/\"]}]},{\"@type\":\"ImageObject\",\"inLanguage\":\"pl-PL\",\"@id\":\"https:\\\/\\\/lepson.pl\\\/index.php\\\/rcp-i-kd-2-2\\\/uzb27\\\/#primaryimage\",\"url\":\"https:\\\/\\\/lepson.pl\\\/wp-content\\\/uploads\\\/2017\\\/01\\\/ic_done.png\",\"contentUrl\":\"https:\\\/\\\/lepson.pl\\\/wp-content\\\/uploads\\\/2017\\\/01\\\/ic_done.png\",\"width\":40,\"height\":40},{\"@type\":\"BreadcrumbList\",\"@id\":\"https:\\\/\\\/lepson.pl\\\/index.php\\\/rcp-i-kd-2-2\\\/uzb27\\\/#breadcrumb\",\"itemListElement\":[{\"@type\":\"ListItem\",\"position\":1,\"name\":\"Strona g\u0142\u00f3wna\",\"item\":\"https:\\\/\\\/lepson.pl\\\/\"},{\"@type\":\"ListItem\",\"position\":2,\"name\":\"RCP i KD\",\"item\":\"https:\\\/\\\/lepson.pl\\\/index.php\\\/rcp-i-kd-2-2\\\/\"},{\"@type\":\"ListItem\",\"position\":3,\"name\":\"UZB27 \u2013 urz\u0105dzenie zasilania buforowego\"}]},{\"@type\":\"WebSite\",\"@id\":\"https:\\\/\\\/lepson.pl\\\/#website\",\"url\":\"https:\\\/\\\/lepson.pl\\\/\",\"name\":\"LEPSON\",\"description\":\"- rejestracja ewidencja czasu pracy\",\"potentialAction\":[{\"@type\":\"SearchAction\",\"target\":{\"@type\":\"EntryPoint\",\"urlTemplate\":\"https:\\\/\\\/lepson.pl\\\/?s={search_term_string}\"},\"query-input\":{\"@type\":\"PropertyValueSpecification\",\"valueRequired\":true,\"valueName\":\"search_term_string\"}}],\"inLanguage\":\"pl-PL\"}]}<\/script>\n<!-- \/ Yoast SEO plugin. -->","yoast_head_json":{"title":"urz\u0105dzenie zasilania buforowego UZA 27 | LEPSON - producent elektroniki","description":"Urz\u0105dzenie zasilania buforowego","robots":{"index":"index","follow":"follow","max-snippet":"max-snippet:-1","max-image-preview":"max-image-preview:large","max-video-preview":"max-video-preview:-1"},"canonical":"https:\/\/lepson.pl\/index.php\/rcp-i-kd-2-2\/uzb27\/","og_locale":"pl_PL","og_type":"article","og_title":"urz\u0105dzenie zasilania buforowego UZA 27 | LEPSON - producent elektroniki","og_description":"Urz\u0105dzenie zasilania buforowego","og_url":"https:\/\/lepson.pl\/index.php\/rcp-i-kd-2-2\/uzb27\/","og_site_name":"LEPSON","article_modified_time":"2024-11-12T10:31:55+00:00","og_image":[{"url":"https:\/\/lepson.pl\/wp-content\/uploads\/2017\/01\/ic_done.png","type":"","width":"","height":""}],"twitter_card":"summary_large_image","twitter_misc":{"Szacowany czas czytania":"3 minuty"},"schema":{"@context":"https:\/\/schema.org","@graph":[{"@type":"WebPage","@id":"https:\/\/lepson.pl\/index.php\/rcp-i-kd-2-2\/uzb27\/","url":"https:\/\/lepson.pl\/index.php\/rcp-i-kd-2-2\/uzb27\/","name":"urz\u0105dzenie zasilania buforowego UZA 27 | LEPSON - producent elektroniki","isPartOf":{"@id":"https:\/\/lepson.pl\/#website"},"primaryImageOfPage":{"@id":"https:\/\/lepson.pl\/index.php\/rcp-i-kd-2-2\/uzb27\/#primaryimage"},"image":{"@id":"https:\/\/lepson.pl\/index.php\/rcp-i-kd-2-2\/uzb27\/#primaryimage"},"thumbnailUrl":"https:\/\/lepson.pl\/wp-content\/uploads\/2017\/01\/ic_done.png","datePublished":"2018-03-20T14:14:42+00:00","dateModified":"2024-11-12T10:31:55+00:00","description":"Urz\u0105dzenie zasilania buforowego","breadcrumb":{"@id":"https:\/\/lepson.pl\/index.php\/rcp-i-kd-2-2\/uzb27\/#breadcrumb"},"inLanguage":"pl-PL","potentialAction":[{"@type":"ReadAction","target":["https:\/\/lepson.pl\/index.php\/rcp-i-kd-2-2\/uzb27\/"]}]},{"@type":"ImageObject","inLanguage":"pl-PL","@id":"https:\/\/lepson.pl\/index.php\/rcp-i-kd-2-2\/uzb27\/#primaryimage","url":"https:\/\/lepson.pl\/wp-content\/uploads\/2017\/01\/ic_done.png","contentUrl":"https:\/\/lepson.pl\/wp-content\/uploads\/2017\/01\/ic_done.png","width":40,"height":40},{"@type":"BreadcrumbList","@id":"https:\/\/lepson.pl\/index.php\/rcp-i-kd-2-2\/uzb27\/#breadcrumb","itemListElement":[{"@type":"ListItem","position":1,"name":"Strona g\u0142\u00f3wna","item":"https:\/\/lepson.pl\/"},{"@type":"ListItem","position":2,"name":"RCP i KD","item":"https:\/\/lepson.pl\/index.php\/rcp-i-kd-2-2\/"},{"@type":"ListItem","position":3,"name":"UZB27 \u2013 urz\u0105dzenie zasilania buforowego"}]},{"@type":"WebSite","@id":"https:\/\/lepson.pl\/#website","url":"https:\/\/lepson.pl\/","name":"LEPSON","description":"- rejestracja ewidencja czasu pracy","potentialAction":[{"@type":"SearchAction","target":{"@type":"EntryPoint","urlTemplate":"https:\/\/lepson.pl\/?s={search_term_string}"},"query-input":{"@type":"PropertyValueSpecification","valueRequired":true,"valueName":"search_term_string"}}],"inLanguage":"pl-PL"}]}},"_links":{"self":[{"href":"https:\/\/lepson.pl\/index.php\/wp-json\/wp\/v2\/pages\/2075","targetHints":{"allow":["GET"]}}],"collection":[{"href":"https:\/\/lepson.pl\/index.php\/wp-json\/wp\/v2\/pages"}],"about":[{"href":"https:\/\/lepson.pl\/index.php\/wp-json\/wp\/v2\/types\/page"}],"author":[{"embeddable":true,"href":"https:\/\/lepson.pl\/index.php\/wp-json\/wp\/v2\/users\/3"}],"replies":[{"embeddable":true,"href":"https:\/\/lepson.pl\/index.php\/wp-json\/wp\/v2\/comments?post=2075"}],"version-history":[{"count":31,"href":"https:\/\/lepson.pl\/index.php\/wp-json\/wp\/v2\/pages\/2075\/revisions"}],"predecessor-version":[{"id":3698,"href":"https:\/\/lepson.pl\/index.php\/wp-json\/wp\/v2\/pages\/2075\/revisions\/3698"}],"up":[{"embeddable":true,"href":"https:\/\/lepson.pl\/index.php\/wp-json\/wp\/v2\/pages\/1607"}],"wp:attachment":[{"href":"https:\/\/lepson.pl\/index.php\/wp-json\/wp\/v2\/media?parent=2075"}],"curies":[{"name":"wp","href":"https:\/\/api.w.org\/{rel}","templated":true}]}}