{"id":1837,"date":"2018-01-10T20:43:52","date_gmt":"2018-01-10T20:43:52","guid":{"rendered":"https:\/\/lepson.pl\/?page_id=1837"},"modified":"2025-04-11T11:30:00","modified_gmt":"2025-04-11T11:30:00","slug":"rcp-58","status":"publish","type":"page","link":"https:\/\/lepson.pl\/index.php\/rcp-i-kd-2-2\/rcp-58\/","title":{"rendered":"Program komputerowy RCP58"},"content":{"rendered":"<div class=\"wpb-content-wrapper\"><p>[vc_row parallax=&#8221;content-moving&#8221; css=&#8221;.vc_custom_1549290279494{padding-top: 3% !important;padding-right: 12% !important;padding-left: 12% !important;background-color: #ffffff !important;background-position: center;background-repeat: no-repeat !important;background-size: cover !important;}&#8221;][vc_column][vc_row_inner][vc_column_inner width=&#8221;1\/4&#8243;][vc_column_text]<\/p>\n<h1>RCP58<\/h1>\n<h2>program komputerowy<\/h2>\n<p>[\/vc_column_text][\/vc_column_inner][vc_column_inner width=&#8221;1\/4&#8243;][vc_column_text]<strong>Raport pracy pracownika z planem pracy &#8211; przyk\u0142ad 1<\/strong>[\/vc_column_text][vc_single_image image=&#8221;2031&#8243; img_size=&#8221;full&#8221; alignment=&#8221;center&#8221; onclick=&#8221;link_image&#8221; css_animation=&#8221;right-to-left&#8221;][\/vc_column_inner][vc_column_inner width=&#8221;1\/4&#8243;][vc_column_text]<strong>Raport pracy pracownika z planem pracy &#8211; przyk\u0142ad 2<\/strong>[\/vc_column_text][vc_single_image image=&#8221;2036&#8243; img_size=&#8221;full&#8221; alignment=&#8221;center&#8221; onclick=&#8221;link_image&#8221; css_animation=&#8221;right-to-left&#8221; el_class=&#8221;image_text&#8221;][\/vc_column_inner][vc_column_inner width=&#8221;1\/4&#8243;][vc_column_text]<strong>Raport pracy pracownika z planem pracy &#8211; przyk\u0142ad 3<\/strong>[\/vc_column_text][vc_single_image image=&#8221;2029&#8243; img_size=&#8221;full&#8221; alignment=&#8221;center&#8221; onclick=&#8221;link_image&#8221; css_animation=&#8221;right-to-left&#8221; el_class=&#8221;image_text&#8221;][\/vc_column_inner][\/vc_row_inner][vc_row_inner][vc_column_inner][vc_column_text]<strong>Formularz rejestracyjny wersji pe\u0142nej programu RCP58:<br \/>\n<\/strong><a href=\"https:\/\/lepson.pl\/files\/file\/PL\/PR\/formularz_rejestracyjny.doc\">formularz_rejestracyjny.doc<\/a><\/p>\n<p><strong>Instrukcja obs\u0142ugi programu RCP58 w formie pliku pdf:<br \/>\n<\/strong><a href=\"https:\/\/lepson.pl\/files\/file\/PL\/IO\/58-rcpx8system-io-190517.pdf\">instrukcja_obs\u0142ugi_programu.pdf<\/a><\/p>\n<p><span lang=\"pl-PL\"><strong>Wa\u017cna informacja: Instrukcja obs\u0142ugi w 100% bazuje na Pomocy kontekstowej, dost\u0119pnej w ka\u017cdym oknie programu.<\/strong><br \/>\n<\/span><\/p>\n<p><strong>Nie udzielamy telefonicznych porad jak u\u017cywa\u0107 programu RCP58 (w rozmowie telefonicznej<span lang=\"pl-PL\"> U\u017cytkownik programu mo\u017ce uzyska\u0107 informacje, gdzie znale\u017a\u0107 Instrukcj\u0119 obs\u0142ugi programu).<\/span><\/strong><\/p>\n<p><strong><span lang=\"pl-PL\">Szkolenia w zakresie mo\u017cliwo\u015bci i obs\u0142ugi programu RCP58 s\u0105 odp\u0142atne i odbywaj\u0105 si\u0119 tylko w siedzibie naszej firmy.<\/span><\/strong><\/p>\n<p>Ewentualne b\u0142\u0119dy programu (uszkodzenia bazy danych) mog\u0105 by\u0107 rozwi\u0105zane w jeden spos<span lang=\"en-US\">\u00f3<\/span>b: ponowna instalacja programu i odczytanie ostatniego archiwum bazy danych programu &#8211; program prosi o robienie takiego archiwum ka\u017cdorazowo przy zamykaniu (Patrz: rozdzia\u0142 &#8222;Rozwi\u0105zywanie problem<span lang=\"en-US\">\u00f3<\/span>w&#8221; w Instrukcji obs\u0142ugi programu RCP58).<\/p>\n<p><span style=\"font-family: Calibri, serif;\"><span style=\"font-size: small;\"><span lang=\"pl-PL\"><strong>\u00a0<\/strong><\/span><\/span><\/span>[\/vc_column_text][vc_toggle title=&#8221;Opis produktu (rozwi\u0144\/zwi\u0144)&#8221; style=&#8221;simple&#8221; color=&#8221;green&#8221; size=&#8221;lg&#8221; el_id=&#8221;1545995728749-ec32e1d3-e2b5&#8243;]<span style=\"font-size: 12pt;\"><strong>1. Program RCP58 &#8211; informacje og\u00f3lne<\/strong><\/span><br \/>\n<span style=\"font-size: 12pt;\">Program RCP58 pozwala na konfigurowanie systemu, kontrol\u0119 poprawno\u015bci pracy czytnik\u00f3w, pobieranie zarejestrowanych w czytnikach zdarze\u0144, tworzenie r\u00f3\u017cnych raport\u00f3w i obliczanie czasu pracy. Istnieje mo\u017cliwo\u015b\u0107 zakupu programu w wersji pe\u0142nej, rozszerzonej o wiele dodatkowych funkcji. Ustawienie programu do pracy w wersji pe\u0142nej bez pliku licencyjnego uruchomi program w wersji demonstracyjnej.<\/span><\/p>\n<p><span style=\"font-size: 12pt;\"><strong>2. Wersja standardowa<\/strong><\/span><br \/>\n<span style=\"font-size: 12pt;\">Ka\u017cdy u\u017cytkownik systemu RCPX8 otrzymuje bezp\u0142atnie program RCP58 w wersji standardowej. Program ten umo\u017cliwia pe\u0142n\u0105 obs\u0142ug\u0119 czytnik\u00f3w i pozwala wykona\u0107 podstawowe raporty na podstawie zarejestrowanych zdarze\u0144 (z mo\u017cliwo\u015bci\u0105 wydruku lub zapisu do pliku tekstowego). Program ten mo\u017cna pobra\u0107 w dziale <a href=\"https:\/\/lepson.pl\/index.php\/do-pobrania-2\/#Programy\">Pobierz -&gt; Programy<\/a>. Wersja standardowa, po dokonaniu zmian wersji w Ustawieniach programu w menu System, mo\u017ce tak\u017ce pracowa\u0107 jako wersja demonstracyjna, kt\u00f3ra umo\u017cliwia sprawdzenie mo\u017cliwo\u015bci wersji pe\u0142nej.<\/span><\/p>\n<p><span style=\"font-size: 12pt;\"><strong>3. Wersja pe\u0142na programu (licencjonowana)<\/strong><\/span><br \/>\n<span style=\"font-size: 12pt;\">Program RCP58 w wersji pe\u0142nej jest rozbudowany o wiele dodatkowych, bardzo przydatnych funkcji (najwa\u017cniejsze z nich zosta\u0142y wyszczeg\u00f3lnione w sekcji Pe\u0142na wersja programu). W celu uzyskania licencji na legalne u\u017cywanie wersji pe\u0142nej programu RCP58 nale\u017cy skontaktowa\u0107 si\u0119 z producentem oprogramowania &#8211; firm\u0105 LEP.<\/span><\/p>\n<p><span style=\"font-size: 12pt;\"><strong>4. Wybieranie wersji, w kt\u00f3rej pracuje program<\/strong><\/span><br \/>\n<span style=\"font-size: 12pt;\">Wyb\u00f3r wersji, w kt\u00f3rej u\u017cytkownik chce uruchamia\u0107 program, nast\u0119puje w zak\u0142adce Wersja programu w Ustawieniach programu w menu System. Je\u017celi kto\u015b mimo braku licencji wybierze wersj\u0119 pe\u0142n\u0105, w\u00f3wczas program uruchomi si\u0119 w wersji demonstracyjnej. Program w wersji demonstracyjnej pracuje tak samo jak w wersji pe\u0142nej, jednak\u017ce jego funkcje s\u0105 ograniczone czasowo lub wzgl\u0119dem ilo\u015bci wprowadzonych danych (np. liczby pracownik\u00f3w).<\/span><br \/>\n<span style=\"font-size: 12pt;\">Istnieje tak\u017ce mo\u017cliwo\u015b\u0107 ustawienia programu w wersji przegl\u0105darka. Pozwala to uzyska\u0107 quasi-sieciow\u0105 prac\u0119 w trybie read-only (szczeg\u00f3\u0142owe informacje zawarte s\u0105 w instrukcji oraz w zak\u0142adkach Ustawie\u0144 programu w menu System).<\/span><\/p>\n<p><span style=\"font-size: 12pt;\"><strong>5. Aktualne wersje programu oraz uaktualnienia<\/strong><\/span><br \/>\n<span style=\"font-size: 12pt;\">Program RCP58 jest stale rozwijany i poprawiany. Mniej wi\u0119cej co miesi\u0105c ukazuje si\u0119 nowa, oficjalna wersja programu. Aktualna wersja programu dost\u0119pna jest zawsze na stronie www.lepson.pl w dziale <a href=\"https:\/\/lepson.pl\/index.php\/do-pobrania-2\/#Programy\">Pobierz -&gt; Programy<\/a>. Oficjalna, zalecana do u\u017cywania jest wersja oznaczona liczb\u0105 ca\u0142kowit\u0105. Dost\u0119pne w tym miejscu wersje testowe s\u0105 kierowane do tych u\u017cytkownik\u00f3w, kt\u00f3rzy sygnalizowali b\u0142\u0119dy w programie lub sugerowali zmiany.<\/span><br \/>\n<span style=\"font-size: 12pt;\">Zakupiona licencja na u\u017cywanie wersji pe\u0142nej daje prawo do u\u017cywania wszelkich nowych wersji programu bez wnoszenia jakichkolwiek op\u0142at.<\/span><\/p>\n<p><span style=\"font-size: 12pt;\"><strong>6. Instalacja programu i wymagania systemowe<\/strong><\/span><br \/>\n<span style=\"font-size: 12pt;\">Program mo\u017ce by\u0107 instalowany bez odinstalowywania poprzednich wersji, jednak\u017ce w takim wypadku nale\u017cy upewni\u0107 si\u0119 co do poprawno\u015bci utworzonych (np. na pulpicie) skr\u00f3t\u00f3w. Program pracuje na systemach Windows 95\/98\/ME\/NT\/2000\/XP\/2003\/Vista\/7\/8\/10, zar\u00f3wno w wersjach 32 jak i 64 bit, natomiast jego minimalne wymagania nie przekraczaj\u0105 wymaga\u0144 systemu Windows 95.<\/span>[\/vc_toggle][vc_toggle title=&#8221;Pe\u0142na wersja programu (rozwi\u0144\/zwi\u0144)&#8221; style=&#8221;simple&#8221; color=&#8221;green&#8221; size=&#8221;lg&#8221; el_id=&#8221;1545995763506-99e46003-984b&#8221;]<span style=\"font-size: 12pt;\">U\u017cytkownik wersji pe\u0142nej, w stosunku do wersji standardowej, otrzymuje obecnie dodatkowo:<\/span><\/p>\n<p><span style=\"font-size: 12pt;\">1. Mo\u017cliwo\u015b\u0107 tworzenia plan\u00f3w pracy dla pracownik\u00f3w opartych o grupowe szablony<\/span><br \/>\n<span style=\"font-size: 12pt;\">2. Mo\u017cliwo\u015b\u0107 tworzenia indywidualnych plan\u00f3w pracy pracownik\u00f3w (wprowadzanie urlop\u00f3w, okres\u00f3w chorobowych, delegacji itp)<\/span><br \/>\n<span style=\"font-size: 12pt;\">3. Edycj\u0119 zdarze\u0144 i dodawanie &#8222;r\u0119czne&#8221; zdarze\u0144<\/span><br \/>\n<span style=\"font-size: 12pt;\">4. Zaawansowana &#8222;grupowa&#8221; edycja zdarze\u0144 (zmiana daty, zmiana opcji)<\/span><br \/>\n<span style=\"font-size: 12pt;\">5. Rozbudowany raport RPP z kontrol\u0105 takich parametr\u00f3w pracy pracownik\u00f3w jak: sp\u00f3\u017anienia, nadgodziny, urlopy, dni choroby, przerwy w pracy<\/span><br \/>\n<span style=\"font-size: 12pt;\">6. Rozbudowany raport czasu pracy w wersji grupowej &#8211; GRPP (mo\u017cliwo\u015b\u0107 wykonania raportu dla okre\u015blonej grupy pracownik\u00f3w)<\/span><br \/>\n<span style=\"font-size: 12pt;\">7. Eksport danych (zdarze\u0144) do innych program\u00f3w kadrowo-p\u0142acowych w dowolnie skonstruowanym formacie (predefiniowane: Optima, Symfonia, HSK Data)<\/span><br \/>\n<span style=\"font-size: 12pt;\">8. Eksport w\u0142a\u015bciwie wszystkich danych w formacie CSV do arkuszy kalkulacyjnych (Excel, OpenOffice)<\/span><br \/>\n<span style=\"font-size: 12pt;\">9. Mo\u017cliwo\u015b\u0107 tworzenia r\u00f3\u017cnego poziomu dost\u0119pu do funkcji programu dla r\u00f3\u017cnych u\u017cytkownik\u00f3w (operator\u00f3w)<\/span><br \/>\n<span style=\"font-size: 12pt;\">10. Chwilowa blokada programu<\/span><br \/>\n<span style=\"font-size: 12pt;\">11. Wygodny multiselekt np. na li\u015bcie pracownik\u00f3w<\/span><br \/>\n<span style=\"font-size: 12pt;\">12. Skoki do nazwiska za pomoc\u0105 klawiszy literowych<\/span><br \/>\n<span style=\"font-size: 12pt;\">13. Grupowe przydzielanie plan\u00f3w pracy<\/span><br \/>\n<span style=\"font-size: 12pt;\">14. Raport obecno\u015bci z mo\u017cliwo\u015bci\u0105 wyboru dowolnego dnia<\/span><br \/>\n<span style=\"font-size: 12pt;\">15. Raport obecno\u015bci pokazuje zdarzenia i oblicza czas pracy dla przedzia\u0142\u00f3w WE WY<\/span><br \/>\n<span style=\"font-size: 12pt;\">16. Raport RPP jednocze\u015bnie dla wielu pracownik\u00f3w (w formie tekstu)<\/span><br \/>\n<span style=\"font-size: 12pt;\">17. Rozbudowane narz\u0119dzie do obs\u0142ugi wszelkiego typu urlop\u00f3w w skali wieloletniej<\/span><br \/>\n<span style=\"font-size: 12pt;\">18. Obliczanie sumy godzin w tygodniu (miesi\u0105cu) podczas edytowania szablon\u00f3w i plan\u00f3w pracy<\/span><br \/>\n<span style=\"font-size: 12pt;\">19. Eksport do i z RCP58<\/span><br \/>\n<span style=\"font-size: 12pt;\">20. Precyzyjny raport kontroli dost\u0119pu<\/span><br \/>\n<span style=\"font-size: 12pt;\">21. Tryb pracy sieciowej &#8211; w ramach tej samej licencji u\u017cytkownik mo\u017ce, opr\u00f3cz programu zainstalowanego na komputerze do kt\u00f3rego jest pod\u0142\u0105czona sie\u0107 czytnik\u00f3w, zainstalowa\u0107 na dowolnej ilo\u015bci komputer\u00f3w program RCP58 w wersji Przegl\u0105darka. W\u0142a\u015bciwe skonfigurowanie program\u00f3w pozwala na tych komputerach mie\u0107 dost\u0119p do zdarze\u0144, raport\u00f3w, listy obecno\u015bci itp.<\/span><br \/>\n<span style=\"font-size: 12pt;\">22. Rozbudowane funkcje pracy automatycznej i samosteruj\u0105cej pozwalaj\u0105 na ustawienie programu na komputerze g\u0142\u00f3wnym do pracy bezobs\u0142ugowej &#8211; szczeg\u00f3lnie przydatne przy ustawieniach sieciowych.<\/span><br \/>\n<span style=\"font-size: 12pt;\">23. Funkcja dobowej aktywno\u015bci czytnika.<\/span>[\/vc_toggle][vc_toggle title=&#8221;Pliki i dokumenty (rozwi\u0144\/zwi\u0144)&#8221; style=&#8221;simple&#8221; color=&#8221;green&#8221; size=&#8221;lg&#8221; css=&#8221;&#8221; el_id=&#8221;1545995789100-34e82793-3e6e&#8221;]<span style=\"color: #000000; font-size: 12pt;\"> <strong>1. G\u0141\u00d3WNY PROGRAM KOMPUTEROWY systemu RCP58 (wersja 94). Dla: Windows NT, Windows 2000, Windows XP, Windows Vista, Windows 7, Windows 10, Windows 11 zar\u00f3wno 32bit jak i 64bit.<\/strong><\/span><br \/>\n<span style=\"color: #000000; font-size: 12pt;\"><a style=\"color: #000000;\" href=\"https:\/\/lepson.pl\/files\/file\/PL\/PR\/rcp58_v94_inst_250410.exe\" target=\"_blank\" rel=\"noopener noreferrer\">rcp58_v94_inst_250410.exe<\/a><\/span><\/p>\n<p><span style=\"color: #000000; font-size: 12pt;\"> <strong>2. Formularz rejestracyjny wersji pe\u0142nej<\/strong><\/span><br \/>\n<span style=\"color: #000000; font-size: 12pt;\"><a style=\"color: #000000;\" href=\"https:\/\/lepson.pl\/files\/file\/PL\/PR\/formularz_rejestracyjny.doc\" target=\"_blank\" rel=\"noopener noreferrer\">formularz_rejestracyjny.doc<\/a><\/span><\/p>\n<p><span style=\"color: #000000; font-size: 12pt;\"><strong>3. PROGRAM POMOCNICZY. Network Enabler Administrator dla konwertera RCP68 LS\/strong&gt;<\/strong><\/span><br \/>\n<span style=\"color: #000000; font-size: 12pt;\"><a style=\"color: #000000;\" href=\"https:\/\/lepson.pl\/files\/file\/PL\/PR\/rcp68ls_v1_0_inst_090424.exe\" target=\"_blank\" rel=\"noopener noreferrer\">rcp68ls_v1_0_inst_090424.exe<\/a><\/span><\/p>\n<p><span style=\"color: #000000; font-size: 12pt;\"><strong>4. PROGRAM POMOCNICZY. Sterowniki konwertera RCP78 WU.<\/strong><\/span><br \/>\n<span style=\"color: #000000; font-size: 12pt;\"><a style=\"color: #000000;\" href=\"https:\/\/lepson.pl\/files\/file\/PL\/PR\/rcp78wu_x86x64_v1_4_inst_110802.exe\" target=\"_blank\" rel=\"noopener noreferrer\">rcp78wu_x86x64_v1_4_inst_110802.exe<\/a><\/span>[\/vc_toggle][\/vc_column_inner][\/vc_row_inner][\/vc_column][\/vc_row][vc_row content_placement=&#8221;top&#8221; css=&#8221;.vc_custom_1549290391855{padding-right: 12% !important;padding-left: 12% !important;background-position: center !important;background-repeat: no-repeat !important;background-size: cover !important;}&#8221;][vc_column][vc_row_inner][vc_column_inner width=&#8221;1\/4&#8243;][vc_column_text]<a href=\"mailto:biuro@lepson.pl\">biuro@lepson.pl<\/a><br \/>\n<a href=\"mailto:rcp@lep.pl\">rcp@lepson.pl<\/a> (pomoc techniczna)[\/vc_column_text][\/vc_column_inner][vc_column_inner width=&#8221;1\/4&#8243;][vc_column_text](32) 754 54 54<br \/>\n(32) 754 54 55[\/vc_column_text][\/vc_column_inner][vc_column_inner width=&#8221;1\/4&#8243;][vc_column_text]<a href=\"https:\/\/goo.gl\/maps\/2HeA81byii52\" target=\"_blank\" rel=\"noopener noreferrer\">Wsp\u00f3lna 9, <\/a><a href=\"https:\/\/goo.gl\/maps\/2HeA81byii52\">32-300, Olkusz<br \/>\n<\/a> NIP: 6372182383[\/vc_column_text][\/vc_column_inner][vc_column_inner width=&#8221;1\/4&#8243;][\/vc_column_inner][\/vc_row_inner][\/vc_column][\/vc_row]<\/p>\n<\/div>","protected":false},"excerpt":{"rendered":"<p>[vc_row parallax=&#8221;content-moving&#8221; css=&#8221;.vc_custom_1549290279494{padding-top: 3% !important;padding-right: 12% !important;padding-left: 12% !important;background-color: #ffffff !important;background-position: center;background-repeat: no-repeat !important;background-size: cover !important;}&#8221;][vc_column][vc_row_inner][vc_column_inner width=&#8221;1\/4&#8243;][vc_column_text] RCP58 program komputerowy [\/vc_column_text][\/vc_column_inner][vc_column_inner width=&#8221;1\/4&#8243;][vc_column_text]Raport pracy pracownika z planem pracy &#8211; przyk\u0142ad 1[\/vc_column_text][vc_single_image image=&#8221;2031&#8243; img_size=&#8221;full&#8221; alignment=&#8221;center&#8221; onclick=&#8221;link_image&#8221; css_animation=&#8221;right-to-left&#8221;][\/vc_column_inner][vc_column_inner width=&#8221;1\/4&#8243;][vc_column_text]Raport pracy pracownika z planem pracy &#8211; przyk\u0142ad 2[\/vc_column_text][vc_single_image image=&#8221;2036&#8243; img_size=&#8221;full&#8221; alignment=&#8221;center&#8221; onclick=&#8221;link_image&#8221; css_animation=&#8221;right-to-left&#8221; el_class=&#8221;image_text&#8221;][\/vc_column_inner][vc_column_inner width=&#8221;1\/4&#8243;][vc_column_text]Raport pracy pracownika z planem [&hellip;]<\/p>\n","protected":false},"author":5,"featured_media":0,"parent":1607,"menu_order":0,"comment_status":"closed","ping_status":"closed","template":"page-full-width.php","meta":{"footnotes":""},"class_list":["post-1837","page","type-page","status-publish","hentry"],"yoast_head":"<!-- This site is optimized with the Yoast SEO plugin v27.3 - https:\/\/yoast.com\/product\/yoast-seo-wordpress\/ -->\n<title>Program komputerowy RCP58 - LEPSON<\/title>\n<meta name=\"robots\" content=\"index, follow, max-snippet:-1, max-image-preview:large, max-video-preview:-1\" \/>\n<link rel=\"canonical\" href=\"https:\/\/lepson.pl\/index.php\/rcp-i-kd-2-2\/rcp-58\/\" \/>\n<meta property=\"og:locale\" content=\"pl_PL\" \/>\n<meta property=\"og:type\" content=\"article\" \/>\n<meta property=\"og:title\" content=\"Program komputerowy RCP58 - LEPSON\" \/>\n<meta property=\"og:description\" content=\"[vc_row parallax=&#8221;content-moving&#8221; css=&#8221;.vc_custom_1549290279494{padding-top: 3% !important;padding-right: 12% !important;padding-left: 12% !important;background-color: #ffffff !important;background-position: center;background-repeat: no-repeat !important;background-size: cover !important;}&#8221;][vc_column][vc_row_inner][vc_column_inner width=&#8221;1\/4&#8243;][vc_column_text] RCP58 program komputerowy [\/vc_column_text][\/vc_column_inner][vc_column_inner width=&#8221;1\/4&#8243;][vc_column_text]Raport pracy pracownika z planem pracy &#8211; przyk\u0142ad 1[\/vc_column_text][vc_single_image image=&#8221;2031&#8243; img_size=&#8221;full&#8221; alignment=&#8221;center&#8221; onclick=&#8221;link_image&#8221; css_animation=&#8221;right-to-left&#8221;][\/vc_column_inner][vc_column_inner width=&#8221;1\/4&#8243;][vc_column_text]Raport pracy pracownika z planem pracy &#8211; przyk\u0142ad 2[\/vc_column_text][vc_single_image image=&#8221;2036&#8243; img_size=&#8221;full&#8221; alignment=&#8221;center&#8221; onclick=&#8221;link_image&#8221; css_animation=&#8221;right-to-left&#8221; el_class=&#8221;image_text&#8221;][\/vc_column_inner][vc_column_inner width=&#8221;1\/4&#8243;][vc_column_text]Raport pracy pracownika z planem [&hellip;]\" \/>\n<meta property=\"og:url\" content=\"https:\/\/lepson.pl\/index.php\/rcp-i-kd-2-2\/rcp-58\/\" \/>\n<meta property=\"og:site_name\" content=\"LEPSON\" \/>\n<meta property=\"article:modified_time\" content=\"2025-04-11T11:30:00+00:00\" \/>\n<meta name=\"twitter:card\" content=\"summary_large_image\" \/>\n<meta name=\"twitter:label1\" content=\"Szacowany czas czytania\" \/>\n\t<meta name=\"twitter:data1\" content=\"7 minut\" \/>\n<script type=\"application\/ld+json\" class=\"yoast-schema-graph\">{\"@context\":\"https:\\\/\\\/schema.org\",\"@graph\":[{\"@type\":\"WebPage\",\"@id\":\"https:\\\/\\\/lepson.pl\\\/index.php\\\/rcp-i-kd-2-2\\\/rcp-58\\\/\",\"url\":\"https:\\\/\\\/lepson.pl\\\/index.php\\\/rcp-i-kd-2-2\\\/rcp-58\\\/\",\"name\":\"Program komputerowy RCP58 - LEPSON\",\"isPartOf\":{\"@id\":\"https:\\\/\\\/lepson.pl\\\/#website\"},\"datePublished\":\"2018-01-10T20:43:52+00:00\",\"dateModified\":\"2025-04-11T11:30:00+00:00\",\"breadcrumb\":{\"@id\":\"https:\\\/\\\/lepson.pl\\\/index.php\\\/rcp-i-kd-2-2\\\/rcp-58\\\/#breadcrumb\"},\"inLanguage\":\"pl-PL\",\"potentialAction\":[{\"@type\":\"ReadAction\",\"target\":[\"https:\\\/\\\/lepson.pl\\\/index.php\\\/rcp-i-kd-2-2\\\/rcp-58\\\/\"]}]},{\"@type\":\"BreadcrumbList\",\"@id\":\"https:\\\/\\\/lepson.pl\\\/index.php\\\/rcp-i-kd-2-2\\\/rcp-58\\\/#breadcrumb\",\"itemListElement\":[{\"@type\":\"ListItem\",\"position\":1,\"name\":\"Strona g\u0142\u00f3wna\",\"item\":\"https:\\\/\\\/lepson.pl\\\/\"},{\"@type\":\"ListItem\",\"position\":2,\"name\":\"RCP i KD\",\"item\":\"https:\\\/\\\/lepson.pl\\\/index.php\\\/rcp-i-kd-2-2\\\/\"},{\"@type\":\"ListItem\",\"position\":3,\"name\":\"Program komputerowy RCP58\"}]},{\"@type\":\"WebSite\",\"@id\":\"https:\\\/\\\/lepson.pl\\\/#website\",\"url\":\"https:\\\/\\\/lepson.pl\\\/\",\"name\":\"LEPSON\",\"description\":\"- rejestracja ewidencja czasu pracy\",\"potentialAction\":[{\"@type\":\"SearchAction\",\"target\":{\"@type\":\"EntryPoint\",\"urlTemplate\":\"https:\\\/\\\/lepson.pl\\\/?s={search_term_string}\"},\"query-input\":{\"@type\":\"PropertyValueSpecification\",\"valueRequired\":true,\"valueName\":\"search_term_string\"}}],\"inLanguage\":\"pl-PL\"}]}<\/script>\n<!-- \/ Yoast SEO plugin. -->","yoast_head_json":{"title":"Program komputerowy RCP58 - LEPSON","robots":{"index":"index","follow":"follow","max-snippet":"max-snippet:-1","max-image-preview":"max-image-preview:large","max-video-preview":"max-video-preview:-1"},"canonical":"https:\/\/lepson.pl\/index.php\/rcp-i-kd-2-2\/rcp-58\/","og_locale":"pl_PL","og_type":"article","og_title":"Program komputerowy RCP58 - LEPSON","og_description":"[vc_row parallax=&#8221;content-moving&#8221; css=&#8221;.vc_custom_1549290279494{padding-top: 3% !important;padding-right: 12% !important;padding-left: 12% !important;background-color: #ffffff !important;background-position: center;background-repeat: no-repeat !important;background-size: cover !important;}&#8221;][vc_column][vc_row_inner][vc_column_inner width=&#8221;1\/4&#8243;][vc_column_text] RCP58 program komputerowy [\/vc_column_text][\/vc_column_inner][vc_column_inner width=&#8221;1\/4&#8243;][vc_column_text]Raport pracy pracownika z planem pracy &#8211; przyk\u0142ad 1[\/vc_column_text][vc_single_image image=&#8221;2031&#8243; img_size=&#8221;full&#8221; alignment=&#8221;center&#8221; onclick=&#8221;link_image&#8221; css_animation=&#8221;right-to-left&#8221;][\/vc_column_inner][vc_column_inner width=&#8221;1\/4&#8243;][vc_column_text]Raport pracy pracownika z planem pracy &#8211; przyk\u0142ad 2[\/vc_column_text][vc_single_image image=&#8221;2036&#8243; img_size=&#8221;full&#8221; alignment=&#8221;center&#8221; onclick=&#8221;link_image&#8221; css_animation=&#8221;right-to-left&#8221; el_class=&#8221;image_text&#8221;][\/vc_column_inner][vc_column_inner width=&#8221;1\/4&#8243;][vc_column_text]Raport pracy pracownika z planem [&hellip;]","og_url":"https:\/\/lepson.pl\/index.php\/rcp-i-kd-2-2\/rcp-58\/","og_site_name":"LEPSON","article_modified_time":"2025-04-11T11:30:00+00:00","twitter_card":"summary_large_image","twitter_misc":{"Szacowany czas czytania":"7 minut"},"schema":{"@context":"https:\/\/schema.org","@graph":[{"@type":"WebPage","@id":"https:\/\/lepson.pl\/index.php\/rcp-i-kd-2-2\/rcp-58\/","url":"https:\/\/lepson.pl\/index.php\/rcp-i-kd-2-2\/rcp-58\/","name":"Program komputerowy RCP58 - LEPSON","isPartOf":{"@id":"https:\/\/lepson.pl\/#website"},"datePublished":"2018-01-10T20:43:52+00:00","dateModified":"2025-04-11T11:30:00+00:00","breadcrumb":{"@id":"https:\/\/lepson.pl\/index.php\/rcp-i-kd-2-2\/rcp-58\/#breadcrumb"},"inLanguage":"pl-PL","potentialAction":[{"@type":"ReadAction","target":["https:\/\/lepson.pl\/index.php\/rcp-i-kd-2-2\/rcp-58\/"]}]},{"@type":"BreadcrumbList","@id":"https:\/\/lepson.pl\/index.php\/rcp-i-kd-2-2\/rcp-58\/#breadcrumb","itemListElement":[{"@type":"ListItem","position":1,"name":"Strona g\u0142\u00f3wna","item":"https:\/\/lepson.pl\/"},{"@type":"ListItem","position":2,"name":"RCP i KD","item":"https:\/\/lepson.pl\/index.php\/rcp-i-kd-2-2\/"},{"@type":"ListItem","position":3,"name":"Program komputerowy RCP58"}]},{"@type":"WebSite","@id":"https:\/\/lepson.pl\/#website","url":"https:\/\/lepson.pl\/","name":"LEPSON","description":"- rejestracja ewidencja czasu pracy","potentialAction":[{"@type":"SearchAction","target":{"@type":"EntryPoint","urlTemplate":"https:\/\/lepson.pl\/?s={search_term_string}"},"query-input":{"@type":"PropertyValueSpecification","valueRequired":true,"valueName":"search_term_string"}}],"inLanguage":"pl-PL"}]}},"_links":{"self":[{"href":"https:\/\/lepson.pl\/index.php\/wp-json\/wp\/v2\/pages\/1837","targetHints":{"allow":["GET"]}}],"collection":[{"href":"https:\/\/lepson.pl\/index.php\/wp-json\/wp\/v2\/pages"}],"about":[{"href":"https:\/\/lepson.pl\/index.php\/wp-json\/wp\/v2\/types\/page"}],"author":[{"embeddable":true,"href":"https:\/\/lepson.pl\/index.php\/wp-json\/wp\/v2\/users\/5"}],"replies":[{"embeddable":true,"href":"https:\/\/lepson.pl\/index.php\/wp-json\/wp\/v2\/comments?post=1837"}],"version-history":[{"count":66,"href":"https:\/\/lepson.pl\/index.php\/wp-json\/wp\/v2\/pages\/1837\/revisions"}],"predecessor-version":[{"id":3712,"href":"https:\/\/lepson.pl\/index.php\/wp-json\/wp\/v2\/pages\/1837\/revisions\/3712"}],"up":[{"embeddable":true,"href":"https:\/\/lepson.pl\/index.php\/wp-json\/wp\/v2\/pages\/1607"}],"wp:attachment":[{"href":"https:\/\/lepson.pl\/index.php\/wp-json\/wp\/v2\/media?parent=1837"}],"curies":[{"name":"wp","href":"https:\/\/api.w.org\/{rel}","templated":true}]}}