{"id":1785,"date":"2018-01-09T15:23:58","date_gmt":"2018-01-09T15:23:58","guid":{"rendered":"https:\/\/lepson.pl\/?page_id=1785"},"modified":"2021-07-13T11:33:11","modified_gmt":"2021-07-13T11:33:11","slug":"rcp-68-ad","status":"publish","type":"page","link":"https:\/\/lepson.pl\/index.php\/rcp-i-kd-2-2\/rcp-68-ad\/","title":{"rendered":"RCP68AD &#8211; adapter USB\/RS232 dla konwerter\u00f3w RCP78WR\/RCP68WC"},"content":{"rendered":"<div class=\"wpb-content-wrapper\"><p>[vc_row parallax=&#8221;content-moving&#8221; css=&#8221;.vc_custom_1549284629210{padding-top: 3% !important;padding-right: 12% !important;padding-left: 12% !important;background-color: #ffffff !important;background-position: center;background-repeat: no-repeat !important;background-size: cover !important;}&#8221;][vc_column][vc_row_inner][vc_column_inner width=&#8221;1\/2&#8243;][vc_column_text]<\/p>\n<h1>RCP68AD<\/h1>\n<h2>adapter USB\/RS232 dla konwerter\u00f3w RCP78WR\/RCP68WC<\/h2>\n<p>[\/vc_column_text][\/vc_column_inner][vc_column_inner width=&#8221;1\/4&#8243;][\/vc_column_inner][vc_column_inner width=&#8221;1\/4&#8243;][\/vc_column_inner][\/vc_row_inner][vc_row_inner][vc_column_inner][vc_toggle title=&#8221;Opis produktu (rozwi\u0144\/zwi\u0144)&#8221; style=&#8221;simple&#8221; color=&#8221;green&#8221; size=&#8221;lg&#8221; el_id=&#8221;1545990301463-2e7e4e20-2df3&#8243;]<span style=\"font-size: 12pt;\">Adapter RCP68AD jest dedykowanym urz\u0105dzeniem wsp\u00f3\u0142pracuj\u0105cym z programem RCP58 w systemie RCPX8. Adapter RCP68AD jest urz\u0105dzeniem umo\u017cliwiaj\u0105cym komunikacj\u0119 z konwerterami systemu RCPX8 wyposa\u017conymi w port RS232 przy u\u017cyciu komputera kt\u00f3ry nie jest wyposa\u017cony w tego typu port. Adapter RCP68AD jest wyposa\u017cony w port USB oraz port RS232 umo\u017cliwiaj\u0105cy pod\u0142\u0105czenie do konwertera RCP68WC lub RCP78WR. Adapter jest automatycznie wyszukiwany przez program RCP58 i nie wymaga sterownik\u00f3w do poprawnego funkcjonowania. Jego zadaniem jest zast\u0105pienie uniwersalnych adapter\u00f3w RS232 &lt;-&gt; USB kt\u00f3re nie zawsze poprawnie funkcjonuj\u0105 w systemach Windows.<\/span>[\/vc_toggle][vc_toggle title=&#8221;Zasada dzia\u0142ania (rozwi\u0144\/zwi\u0144)&#8221; style=&#8221;simple&#8221; color=&#8221;green&#8221; size=&#8221;lg&#8221; el_id=&#8221;1545990393129-ac2dd71f-cdb6&#8243;]<span style=\"font-size: 12pt;\">Adapter RCP68AD jest urz\u0105dzeniem automatycznym i poza poprawnym pod\u0142\u0105czeniem nie wymaga ze strony u\u017cytkownika \u017cadnych dodatkowych akcji w trakcie u\u017cytkowania. Praca adaptera sprowadza si\u0119 do konwersji danych przesy\u0142anych z programu RCP58 przez interfejs USB na posta\u0107 danych w formie sygna\u0142\u00f3w interfejsu RS232 oraz na konwersji w przeciwnym kierunku tj. konwersji sygna\u0142\u00f3w interfejsu RS232 na dane w protokole USB. Adapter jest zasilany bezpo\u015brednio z portu USB i nie wymaga \u017cadnego dodatkowego zasilania.<\/span><br \/>\n<span style=\"font-size: 12pt;\">Prawid\u0142owo zainstalowany adapter RCP68AD sygnalizuje poprawne zasilanie poprzez r\u00f3wnomierne miganie diody LED umieszczonej na jego obudowie. W trakcie przesy\u0142ania danych dioda mo\u017ce miga\u0107 w odmienny spos\u00f3b (szybciej b\u0105d\u017a wolniej) w zale\u017cno\u015bci od przesy\u0142anych danych.<\/span>[\/vc_toggle][vc_toggle title=&#8221;Dane techniczne (rozwi\u0144\/zwi\u0144)&#8221; style=&#8221;simple&#8221; color=&#8221;green&#8221; size=&#8221;lg&#8221; el_id=&#8221;1545990417880-46ca3c6a-8c04&#8243;]<\/p>\n<div class=\"row vc_row wpb_row vc_inner vc_row-fluid vc_custom_1488384123488\">\n<div class=\"wpb_column vc_column_container vc_col-sm-12 vc_col-has-fill\">\n<div class=\"vc_column-inner vc_custom_1485606795783\">\n<div class=\"wpb_wrapper\">\n<div class=\"wpb_raw_code wpb_content_element wpb_raw_html\">\n<div class=\"wpb_wrapper\">\n<div class=\"tg-wrap\">\n<table border=\"0\" width=\"100%\" cellspacing=\"0\" cellpadding=\"0\">\n<tbody>\n<tr>\n<td><span style=\"font-size: 12pt;\">Napi\u0119cie zasilania:<\/span><\/td>\n<td style=\"text-align: right;\"><span style=\"font-size: 12pt;\">5V DC (z portu USB)<\/span><\/td>\n<\/tr>\n<tr>\n<td><span style=\"font-size: 12pt;\">Pob\u00f3r pr\u0105du:<\/span><\/td>\n<td style=\"text-align: right;\"><span style=\"font-size: 12pt;\">40mA<\/span><\/td>\n<\/tr>\n<tr>\n<td><span style=\"font-size: 12pt;\">Temperatura pracy:<\/span><\/td>\n<td style=\"text-align: right;\"><span style=\"font-size: 12pt;\">0\u00b0C do +40\u00b0C<\/span><\/td>\n<\/tr>\n<tr>\n<td><span style=\"font-size: 12pt;\">Wilgotno\u015b\u0107 wzgl\u0119dna:<\/span><\/td>\n<td style=\"text-align: right;\"><span style=\"font-size: 12pt;\">do 80% przy 40\u00b0C<\/span><\/td>\n<\/tr>\n<tr>\n<td><span style=\"font-size: 12pt;\">Masa:<\/span><\/td>\n<td style=\"text-align: right;\"><span style=\"font-size: 12pt;\">150g \u00b1 5g<\/span><\/td>\n<\/tr>\n<tr>\n<td><span style=\"font-size: 12pt;\">Obudowa:<\/span><\/td>\n<td style=\"text-align: right;\"><span style=\"font-size: 12pt;\">tworzywo sztuczne (PS)<\/span><\/td>\n<\/tr>\n<tr>\n<td><span style=\"font-size: 12pt;\">Wymiary:<\/span><\/td>\n<td style=\"text-align: right;\"><span style=\"font-size: 12pt;\">106 x 54 x 21 mm (bez przewod\u00f3w)<\/span><\/td>\n<\/tr>\n<\/tbody>\n<\/table>\n<\/div>\n<\/div>\n<\/div>\n<\/div>\n<\/div>\n<\/div>\n<\/div>\n<p>[\/vc_toggle][vc_toggle title=&#8221;Budowa (rozwi\u0144\/zwi\u0144)&#8221; style=&#8221;simple&#8221; color=&#8221;green&#8221; size=&#8221;lg&#8221; el_id=&#8221;1545990471943-96b8f9a7-f1eb&#8221;]<span style=\"font-size: 12pt;\">Adapter RCP68AD jest wyposa\u017cony w elektroniczny modu\u0142 mikroprocesorowy zapewniaj\u0105cy komunikacj\u0119 USB. Posiada tak\u017ce wbudowany konwerter USB\/RS232 dedykowany do wsp\u00f3\u0142pracy z systemem RCPX8. Adapter nie posiada izolacji galwanicznej portu USB i z\u0142\u0105cza RS232 gdy\u017c tak\u0105 izolacj\u0119 zapewnia konwerter (RCP78WR lub RCP68WC) pod\u0142\u0105czany do portu RS232. Bezpo\u015brednio z obudowy wyprowadzone s\u0105 dwa przewody:<\/span><br \/>\n<span style=\"font-size: 12pt;\">&#8211; przew\u00f3d USB zako\u0144czony wtykiem USB typ A do portu USB w komputerze<\/span><br \/>\n<span style=\"font-size: 12pt;\">&#8211; przew\u00f3d RS232 zako\u0144czony wtykiem RS232 typu m\u0119skiego do portu RS232 w konwerterze RCP78WR\/RCP68AD<\/span>[\/vc_toggle][vc_toggle title=&#8221;Pliki i dokumenty (rozwi\u0144\/zwi\u0144)&#8221; style=&#8221;simple&#8221; color=&#8221;green&#8221; size=&#8221;lg&#8221; el_id=&#8221;1545990510317-bb7324b6-a659&#8243;]<span style=\"color: #000000;\"><img decoding=\"async\" src=\"https:\/\/lepson.pl\/wp-content\/uploads\/2017\/01\/ic_done.png\" width=\"20\" height=\"20\" \/><strong> 1. 1. Adapter RCP 68 AD &#8211; <a href=\"https:\/\/lepson.pl\/files\/file\/PL\/KK\/68-RCP68AD-KK-140331.pdf\">karta katalogowa (pdf)<\/a><\/strong><\/span><\/p>\n<p><span style=\"color: #000000;\"><img decoding=\"async\" src=\"https:\/\/lepson.pl\/wp-content\/uploads\/2017\/01\/ic_done.png\" width=\"20\" height=\"20\" \/><strong> 2. RCP68AD Adapter &#8211; <a href=\"https:\/\/lepson.pl\/files\/file\/PL\/IO\/68-RCP68AD-IOT-140331.pdf\">instrukcja obs\u0142ugi, informacja techniczna (pdf)<\/a><\/strong><\/span>[\/vc_toggle][\/vc_column_inner][\/vc_row_inner][\/vc_column][\/vc_row][vc_row content_placement=&#8221;top&#8221; css=&#8221;.vc_custom_1549284546574{background-position: center !important;background-repeat: no-repeat !important;background-size: cover !important;}&#8221;][vc_column][vc_row_inner css=&#8221;.vc_custom_1485612616667{padding-top: 6% !important;padding-right: 12% !important;padding-bottom: 6% !important;padding-left: 12% !important;}&#8221;][vc_column_inner width=&#8221;1\/4&#8243;][vc_column_text]<a href=\"mailto:biuro@lepson.pl\">biuro@lepson.pl<\/a><br \/>\n<a href=\"mailto:rcp@lep.pl\">rcp@lepson.pl<\/a> (pomoc techniczna)[\/vc_column_text][\/vc_column_inner][vc_column_inner width=&#8221;1\/4&#8243;][vc_column_text](32) 754 54 54<br \/>\n(32) 754 54 55[\/vc_column_text][\/vc_column_inner][vc_column_inner width=&#8221;1\/4&#8243;][vc_column_text]<a href=\"https:\/\/goo.gl\/maps\/2HeA81byii52\" target=\"_blank\" rel=\"noopener noreferrer\">Wsp\u00f3lna 9, <\/a><a href=\"https:\/\/goo.gl\/maps\/2HeA81byii52\">32-300, Olkusz<br \/>\n<\/a> NIP: 6372182383[\/vc_column_text][\/vc_column_inner][vc_column_inner width=&#8221;1\/4&#8243;][\/vc_column_inner][\/vc_row_inner][\/vc_column][\/vc_row]<\/p>\n<\/div>","protected":false},"excerpt":{"rendered":"<p>[vc_row parallax=&#8221;content-moving&#8221; css=&#8221;.vc_custom_1549284629210{padding-top: 3% !important;padding-right: 12% !important;padding-left: 12% !important;background-color: #ffffff !important;background-position: center;background-repeat: no-repeat !important;background-size: cover !important;}&#8221;][vc_column][vc_row_inner][vc_column_inner width=&#8221;1\/2&#8243;][vc_column_text] RCP68AD adapter USB\/RS232 dla konwerter\u00f3w RCP78WR\/RCP68WC [\/vc_column_text][\/vc_column_inner][vc_column_inner width=&#8221;1\/4&#8243;][\/vc_column_inner][vc_column_inner width=&#8221;1\/4&#8243;][\/vc_column_inner][\/vc_row_inner][vc_row_inner][vc_column_inner][vc_toggle title=&#8221;Opis produktu (rozwi\u0144\/zwi\u0144)&#8221; style=&#8221;simple&#8221; color=&#8221;green&#8221; size=&#8221;lg&#8221; el_id=&#8221;1545990301463-2e7e4e20-2df3&#8243;]Adapter RCP68AD jest dedykowanym urz\u0105dzeniem wsp\u00f3\u0142pracuj\u0105cym z programem RCP58 w systemie RCPX8. Adapter RCP68AD jest urz\u0105dzeniem umo\u017cliwiaj\u0105cym komunikacj\u0119 z konwerterami systemu RCPX8 wyposa\u017conymi [&hellip;]<\/p>\n","protected":false},"author":5,"featured_media":0,"parent":1607,"menu_order":0,"comment_status":"closed","ping_status":"closed","template":"page-full-width.php","meta":{"footnotes":""},"class_list":["post-1785","page","type-page","status-publish","hentry"],"yoast_head":"<!-- This site is optimized with the Yoast SEO plugin v27.3 - https:\/\/yoast.com\/product\/yoast-seo-wordpress\/ -->\n<title>RCP68AD - adapter USB\/RS232 dla konwerter\u00f3w RCP78WR\/RCP68WC - LEPSON<\/title>\n<meta name=\"robots\" content=\"index, follow, max-snippet:-1, max-image-preview:large, max-video-preview:-1\" \/>\n<link rel=\"canonical\" href=\"https:\/\/lepson.pl\/index.php\/rcp-i-kd-2-2\/rcp-68-ad\/\" \/>\n<meta property=\"og:locale\" content=\"pl_PL\" \/>\n<meta property=\"og:type\" content=\"article\" \/>\n<meta property=\"og:title\" content=\"RCP68AD - adapter USB\/RS232 dla konwerter\u00f3w RCP78WR\/RCP68WC - LEPSON\" \/>\n<meta property=\"og:description\" content=\"[vc_row parallax=&#8221;content-moving&#8221; css=&#8221;.vc_custom_1549284629210{padding-top: 3% !important;padding-right: 12% !important;padding-left: 12% !important;background-color: #ffffff !important;background-position: center;background-repeat: no-repeat !important;background-size: cover !important;}&#8221;][vc_column][vc_row_inner][vc_column_inner width=&#8221;1\/2&#8243;][vc_column_text] RCP68AD adapter USB\/RS232 dla konwerter\u00f3w RCP78WR\/RCP68WC [\/vc_column_text][\/vc_column_inner][vc_column_inner width=&#8221;1\/4&#8243;][\/vc_column_inner][vc_column_inner width=&#8221;1\/4&#8243;][\/vc_column_inner][\/vc_row_inner][vc_row_inner][vc_column_inner][vc_toggle title=&#8221;Opis produktu (rozwi\u0144\/zwi\u0144)&#8221; style=&#8221;simple&#8221; color=&#8221;green&#8221; size=&#8221;lg&#8221; el_id=&#8221;1545990301463-2e7e4e20-2df3&#8243;]Adapter RCP68AD jest dedykowanym urz\u0105dzeniem wsp\u00f3\u0142pracuj\u0105cym z programem RCP58 w systemie RCPX8. Adapter RCP68AD jest urz\u0105dzeniem umo\u017cliwiaj\u0105cym komunikacj\u0119 z konwerterami systemu RCPX8 wyposa\u017conymi [&hellip;]\" \/>\n<meta property=\"og:url\" content=\"https:\/\/lepson.pl\/index.php\/rcp-i-kd-2-2\/rcp-68-ad\/\" \/>\n<meta property=\"og:site_name\" content=\"LEPSON\" \/>\n<meta property=\"article:modified_time\" content=\"2021-07-13T11:33:11+00:00\" \/>\n<meta property=\"og:image\" content=\"https:\/\/lepson.pl\/wp-content\/uploads\/2017\/01\/ic_done.png\" \/>\n<meta name=\"twitter:card\" content=\"summary_large_image\" \/>\n<meta name=\"twitter:label1\" content=\"Szacowany czas czytania\" \/>\n\t<meta name=\"twitter:data1\" content=\"3 minuty\" \/>\n<script type=\"application\/ld+json\" class=\"yoast-schema-graph\">{\"@context\":\"https:\\\/\\\/schema.org\",\"@graph\":[{\"@type\":\"WebPage\",\"@id\":\"https:\\\/\\\/lepson.pl\\\/index.php\\\/rcp-i-kd-2-2\\\/rcp-68-ad\\\/\",\"url\":\"https:\\\/\\\/lepson.pl\\\/index.php\\\/rcp-i-kd-2-2\\\/rcp-68-ad\\\/\",\"name\":\"RCP68AD - adapter USB\\\/RS232 dla konwerter\u00f3w RCP78WR\\\/RCP68WC - LEPSON\",\"isPartOf\":{\"@id\":\"https:\\\/\\\/lepson.pl\\\/#website\"},\"primaryImageOfPage\":{\"@id\":\"https:\\\/\\\/lepson.pl\\\/index.php\\\/rcp-i-kd-2-2\\\/rcp-68-ad\\\/#primaryimage\"},\"image\":{\"@id\":\"https:\\\/\\\/lepson.pl\\\/index.php\\\/rcp-i-kd-2-2\\\/rcp-68-ad\\\/#primaryimage\"},\"thumbnailUrl\":\"https:\\\/\\\/lepson.pl\\\/wp-content\\\/uploads\\\/2017\\\/01\\\/ic_done.png\",\"datePublished\":\"2018-01-09T15:23:58+00:00\",\"dateModified\":\"2021-07-13T11:33:11+00:00\",\"breadcrumb\":{\"@id\":\"https:\\\/\\\/lepson.pl\\\/index.php\\\/rcp-i-kd-2-2\\\/rcp-68-ad\\\/#breadcrumb\"},\"inLanguage\":\"pl-PL\",\"potentialAction\":[{\"@type\":\"ReadAction\",\"target\":[\"https:\\\/\\\/lepson.pl\\\/index.php\\\/rcp-i-kd-2-2\\\/rcp-68-ad\\\/\"]}]},{\"@type\":\"ImageObject\",\"inLanguage\":\"pl-PL\",\"@id\":\"https:\\\/\\\/lepson.pl\\\/index.php\\\/rcp-i-kd-2-2\\\/rcp-68-ad\\\/#primaryimage\",\"url\":\"https:\\\/\\\/lepson.pl\\\/wp-content\\\/uploads\\\/2017\\\/01\\\/ic_done.png\",\"contentUrl\":\"https:\\\/\\\/lepson.pl\\\/wp-content\\\/uploads\\\/2017\\\/01\\\/ic_done.png\",\"width\":40,\"height\":40},{\"@type\":\"BreadcrumbList\",\"@id\":\"https:\\\/\\\/lepson.pl\\\/index.php\\\/rcp-i-kd-2-2\\\/rcp-68-ad\\\/#breadcrumb\",\"itemListElement\":[{\"@type\":\"ListItem\",\"position\":1,\"name\":\"Strona g\u0142\u00f3wna\",\"item\":\"https:\\\/\\\/lepson.pl\\\/\"},{\"@type\":\"ListItem\",\"position\":2,\"name\":\"RCP i KD\",\"item\":\"https:\\\/\\\/lepson.pl\\\/index.php\\\/rcp-i-kd-2-2\\\/\"},{\"@type\":\"ListItem\",\"position\":3,\"name\":\"RCP68AD &#8211; adapter USB\\\/RS232 dla konwerter\u00f3w RCP78WR\\\/RCP68WC\"}]},{\"@type\":\"WebSite\",\"@id\":\"https:\\\/\\\/lepson.pl\\\/#website\",\"url\":\"https:\\\/\\\/lepson.pl\\\/\",\"name\":\"LEPSON\",\"description\":\"- rejestracja ewidencja czasu pracy\",\"potentialAction\":[{\"@type\":\"SearchAction\",\"target\":{\"@type\":\"EntryPoint\",\"urlTemplate\":\"https:\\\/\\\/lepson.pl\\\/?s={search_term_string}\"},\"query-input\":{\"@type\":\"PropertyValueSpecification\",\"valueRequired\":true,\"valueName\":\"search_term_string\"}}],\"inLanguage\":\"pl-PL\"}]}<\/script>\n<!-- \/ Yoast SEO plugin. -->","yoast_head_json":{"title":"RCP68AD - adapter USB\/RS232 dla konwerter\u00f3w RCP78WR\/RCP68WC - LEPSON","robots":{"index":"index","follow":"follow","max-snippet":"max-snippet:-1","max-image-preview":"max-image-preview:large","max-video-preview":"max-video-preview:-1"},"canonical":"https:\/\/lepson.pl\/index.php\/rcp-i-kd-2-2\/rcp-68-ad\/","og_locale":"pl_PL","og_type":"article","og_title":"RCP68AD - adapter USB\/RS232 dla konwerter\u00f3w RCP78WR\/RCP68WC - LEPSON","og_description":"[vc_row parallax=&#8221;content-moving&#8221; css=&#8221;.vc_custom_1549284629210{padding-top: 3% !important;padding-right: 12% !important;padding-left: 12% !important;background-color: #ffffff !important;background-position: center;background-repeat: no-repeat !important;background-size: cover !important;}&#8221;][vc_column][vc_row_inner][vc_column_inner width=&#8221;1\/2&#8243;][vc_column_text] RCP68AD adapter USB\/RS232 dla konwerter\u00f3w RCP78WR\/RCP68WC [\/vc_column_text][\/vc_column_inner][vc_column_inner width=&#8221;1\/4&#8243;][\/vc_column_inner][vc_column_inner width=&#8221;1\/4&#8243;][\/vc_column_inner][\/vc_row_inner][vc_row_inner][vc_column_inner][vc_toggle title=&#8221;Opis produktu (rozwi\u0144\/zwi\u0144)&#8221; style=&#8221;simple&#8221; color=&#8221;green&#8221; size=&#8221;lg&#8221; el_id=&#8221;1545990301463-2e7e4e20-2df3&#8243;]Adapter RCP68AD jest dedykowanym urz\u0105dzeniem wsp\u00f3\u0142pracuj\u0105cym z programem RCP58 w systemie RCPX8. Adapter RCP68AD jest urz\u0105dzeniem umo\u017cliwiaj\u0105cym komunikacj\u0119 z konwerterami systemu RCPX8 wyposa\u017conymi [&hellip;]","og_url":"https:\/\/lepson.pl\/index.php\/rcp-i-kd-2-2\/rcp-68-ad\/","og_site_name":"LEPSON","article_modified_time":"2021-07-13T11:33:11+00:00","og_image":[{"url":"https:\/\/lepson.pl\/wp-content\/uploads\/2017\/01\/ic_done.png","type":"","width":"","height":""}],"twitter_card":"summary_large_image","twitter_misc":{"Szacowany czas czytania":"3 minuty"},"schema":{"@context":"https:\/\/schema.org","@graph":[{"@type":"WebPage","@id":"https:\/\/lepson.pl\/index.php\/rcp-i-kd-2-2\/rcp-68-ad\/","url":"https:\/\/lepson.pl\/index.php\/rcp-i-kd-2-2\/rcp-68-ad\/","name":"RCP68AD - adapter USB\/RS232 dla konwerter\u00f3w RCP78WR\/RCP68WC - LEPSON","isPartOf":{"@id":"https:\/\/lepson.pl\/#website"},"primaryImageOfPage":{"@id":"https:\/\/lepson.pl\/index.php\/rcp-i-kd-2-2\/rcp-68-ad\/#primaryimage"},"image":{"@id":"https:\/\/lepson.pl\/index.php\/rcp-i-kd-2-2\/rcp-68-ad\/#primaryimage"},"thumbnailUrl":"https:\/\/lepson.pl\/wp-content\/uploads\/2017\/01\/ic_done.png","datePublished":"2018-01-09T15:23:58+00:00","dateModified":"2021-07-13T11:33:11+00:00","breadcrumb":{"@id":"https:\/\/lepson.pl\/index.php\/rcp-i-kd-2-2\/rcp-68-ad\/#breadcrumb"},"inLanguage":"pl-PL","potentialAction":[{"@type":"ReadAction","target":["https:\/\/lepson.pl\/index.php\/rcp-i-kd-2-2\/rcp-68-ad\/"]}]},{"@type":"ImageObject","inLanguage":"pl-PL","@id":"https:\/\/lepson.pl\/index.php\/rcp-i-kd-2-2\/rcp-68-ad\/#primaryimage","url":"https:\/\/lepson.pl\/wp-content\/uploads\/2017\/01\/ic_done.png","contentUrl":"https:\/\/lepson.pl\/wp-content\/uploads\/2017\/01\/ic_done.png","width":40,"height":40},{"@type":"BreadcrumbList","@id":"https:\/\/lepson.pl\/index.php\/rcp-i-kd-2-2\/rcp-68-ad\/#breadcrumb","itemListElement":[{"@type":"ListItem","position":1,"name":"Strona g\u0142\u00f3wna","item":"https:\/\/lepson.pl\/"},{"@type":"ListItem","position":2,"name":"RCP i KD","item":"https:\/\/lepson.pl\/index.php\/rcp-i-kd-2-2\/"},{"@type":"ListItem","position":3,"name":"RCP68AD &#8211; adapter USB\/RS232 dla konwerter\u00f3w RCP78WR\/RCP68WC"}]},{"@type":"WebSite","@id":"https:\/\/lepson.pl\/#website","url":"https:\/\/lepson.pl\/","name":"LEPSON","description":"- rejestracja ewidencja czasu pracy","potentialAction":[{"@type":"SearchAction","target":{"@type":"EntryPoint","urlTemplate":"https:\/\/lepson.pl\/?s={search_term_string}"},"query-input":{"@type":"PropertyValueSpecification","valueRequired":true,"valueName":"search_term_string"}}],"inLanguage":"pl-PL"}]}},"_links":{"self":[{"href":"https:\/\/lepson.pl\/index.php\/wp-json\/wp\/v2\/pages\/1785","targetHints":{"allow":["GET"]}}],"collection":[{"href":"https:\/\/lepson.pl\/index.php\/wp-json\/wp\/v2\/pages"}],"about":[{"href":"https:\/\/lepson.pl\/index.php\/wp-json\/wp\/v2\/types\/page"}],"author":[{"embeddable":true,"href":"https:\/\/lepson.pl\/index.php\/wp-json\/wp\/v2\/users\/5"}],"replies":[{"embeddable":true,"href":"https:\/\/lepson.pl\/index.php\/wp-json\/wp\/v2\/comments?post=1785"}],"version-history":[{"count":16,"href":"https:\/\/lepson.pl\/index.php\/wp-json\/wp\/v2\/pages\/1785\/revisions"}],"predecessor-version":[{"id":3160,"href":"https:\/\/lepson.pl\/index.php\/wp-json\/wp\/v2\/pages\/1785\/revisions\/3160"}],"up":[{"embeddable":true,"href":"https:\/\/lepson.pl\/index.php\/wp-json\/wp\/v2\/pages\/1607"}],"wp:attachment":[{"href":"https:\/\/lepson.pl\/index.php\/wp-json\/wp\/v2\/media?parent=1785"}],"curies":[{"name":"wp","href":"https:\/\/api.w.org\/{rel}","templated":true}]}}