{"id":1770,"date":"2018-01-08T21:39:59","date_gmt":"2018-01-08T21:39:59","guid":{"rendered":"https:\/\/lepson.pl\/?page_id=1770"},"modified":"2023-04-26T08:06:26","modified_gmt":"2023-04-26T08:06:26","slug":"rcp-48-pen","status":"publish","type":"page","link":"https:\/\/lepson.pl\/index.php\/rcp-i-kd-2-2\/rcp-48-pen\/","title":{"rendered":"RCP48PEN \u2013 konwerter"},"content":{"rendered":"<div class=\"wpb-content-wrapper\"><p>[vc_row parallax=&#8221;content-moving&#8221; css=&#8221;.vc_custom_1549287421185{padding-top: 3% !important;padding-right: 12% !important;padding-left: 12% !important;background-color: #ffffff !important;background-position: center;background-repeat: no-repeat !important;background-size: cover !important;}&#8221;][vc_column][vc_row_inner][vc_column_inner width=&#8221;1\/2&#8243;][vc_column_text]<\/p>\n<h1>RCP48PEN<\/h1>\n<h2>konwerter<\/h2>\n<p>[\/vc_column_text][\/vc_column_inner][vc_column_inner width=&#8221;1\/4&#8243;][vc_single_image image=&#8221;1771&#8243; img_size=&#8221;medium&#8221; alignment=&#8221;center&#8221; onclick=&#8221;link_image&#8221; css_animation=&#8221;none&#8221; el_class=&#8221;image_text&#8221; css=&#8221;.vc_custom_1621420612703{padding-top: 3% !important;}&#8221; title=&#8221;RCP 48 PEN z\u0142\u0105cze&#8221;][\/vc_column_inner][vc_column_inner width=&#8221;1\/4&#8243;][\/vc_column_inner][\/vc_row_inner][vc_row_inner][vc_column_inner][vc_toggle title=&#8221;Opis produktu (rozwi\u0144\/zwi\u0144)&#8221; style=&#8221;simple&#8221; color=&#8221;green&#8221; size=&#8221;lg&#8221; el_id=&#8221;1545991902041-2951f2aa-3e65&#8243;]<span style=\"font-size: 12pt;\">Konwerter RCP48PEN jest urz\u0105dzeniem umo\u017cliwiaj\u0105cym pobieranie zdarze\u0144 z czytnika systemu RCPX8 bez konieczno\u015bci u\u017cycia komputera. Konwerter dzia\u0142a autonomicznie (do odczytu zdarze\u0144 nie jest wymagany komputer). Jego zadaniem jest lokalne pobieranie zdarze\u0144 zarejestrowanych w czytnikach i ich zapis na pod\u0142\u0105czonej pami\u0119ci PENDRIVE, a nast\u0119pnie po pod\u0142\u0105czeniu PENDRIVE\u2019a do komputera z zainstalowanym programem RCP58 ich import do bazy danych.<\/span>[\/vc_toggle][vc_toggle title=&#8221;Dane techniczne (rozwi\u0144\/zwi\u0144)&#8221; style=&#8221;simple&#8221; color=&#8221;green&#8221; size=&#8221;lg&#8221; el_id=&#8221;1545991934105-e0011b77-8067&#8243;]<\/p>\n<div class=\"row vc_row wpb_row vc_inner vc_row-fluid vc_custom_1488384123488\">\n<div class=\"wpb_column vc_column_container vc_col-sm-12 vc_col-has-fill\">\n<div class=\"vc_column-inner vc_custom_1485606795783\">\n<div class=\"wpb_wrapper\">\n<div class=\"wpb_raw_code wpb_content_element wpb_raw_html\">\n<div class=\"wpb_wrapper\">\n<div class=\"tg-wrap\">\n<table border=\"0\" width=\"100%\" cellspacing=\"0\" cellpadding=\"0\">\n<tbody>\n<tr>\n<td><span style=\"font-size: 12pt;\">Napi\u0119cie zasilania:<\/span><\/td>\n<td style=\"text-align: right;\"><span style=\"font-size: 12pt;\">12V DC (z LPS1)<\/span><\/td>\n<\/tr>\n<tr>\n<td><span style=\"font-size: 12pt;\">Pob\u00f3r pr\u0105du:<\/span><\/td>\n<td style=\"text-align: right;\"><span style=\"font-size: 12pt;\">40mA<\/span><\/td>\n<\/tr>\n<tr>\n<td><span style=\"font-size: 12pt;\">Temperatura pracy:<\/span><\/td>\n<td style=\"text-align: right;\"><span style=\"font-size: 12pt;\">0\u00b0C do +40\u00b0C<\/span><\/td>\n<\/tr>\n<tr>\n<td><span style=\"font-size: 12pt;\">Wilgotno\u015b\u0107 wzgl\u0119dna:<\/span><\/td>\n<td style=\"text-align: right;\"><span style=\"font-size: 12pt;\">do 80% przy 40\u00b0C<\/span><\/td>\n<\/tr>\n<tr>\n<td><span style=\"font-size: 12pt;\">Masa z przewodami:<\/span><\/td>\n<td style=\"text-align: right;\"><span style=\"font-size: 12pt;\">150g \u00b1 5g<\/span><\/td>\n<\/tr>\n<tr>\n<td><span style=\"font-size: 12pt;\">Obudowa:<\/span><\/td>\n<td style=\"text-align: right;\"><span style=\"font-size: 12pt;\">tworzywo sztuczne (PS)<\/span><\/td>\n<\/tr>\n<tr>\n<td><span style=\"font-size: 12pt;\">Wymiary:<\/span><\/td>\n<td style=\"text-align: right;\"><span style=\"font-size: 12pt;\">106 x 54 x 21 mm (bez przewod\u00f3w)<\/span><\/td>\n<\/tr>\n<\/tbody>\n<\/table>\n<\/div>\n<\/div>\n<\/div>\n<\/div>\n<\/div>\n<\/div>\n<\/div>\n<p>[\/vc_toggle][vc_toggle title=&#8221;Budowa (rozwi\u0144\/zwi\u0144)&#8221; style=&#8221;simple&#8221; color=&#8221;green&#8221; size=&#8221;lg&#8221; el_id=&#8221;1545991969137-a70dc2e6-17ae&#8221;]<span style=\"font-size: 12pt;\">Konwerter RCP48PEN jest wyposa\u017cony jest w gniazdo USB, umo\u017cliwiaj\u0105ce pod\u0142\u0105czenie przeno\u015bnej pami\u0119ci typu FLASH (np. PENDRIVE) oraz port RS485 umo\u017cliwiaj\u0105cy pod\u0142\u0105czenie konwertera do czytnik\u00f3w systemu RCPX8 (RCP78R, RCP78AR, RCP58R, RCP68C, RCP58C) za pomoc\u0105 przy\u0142\u0105cza LPS1 (wchodz\u0105cego w sk\u0142ad zestawu).<\/span>[\/vc_toggle][vc_toggle title=&#8221;Pliki i dokumenty (rozwi\u0144\/zwi\u0144)&#8221; style=&#8221;simple&#8221; color=&#8221;green&#8221; size=&#8221;lg&#8221; el_id=&#8221;1545991989470-a2e25edc-76a3&#8243;]<span style=\"color: #000000;\"><img decoding=\"async\" src=\"https:\/\/lepson.pl\/wp-content\/uploads\/2017\/01\/ic_done.png\" width=\"20\" height=\"20\" \/><strong> 1. RCP48PEN Konwerter &#8211; <a href=\"https:\/\/lepson.pl\/files\/file\/PL\/IO\/48-rcp48pen-iot-191002.pdf\" target=\"_blank\" rel=\"noopener\">instrukcja obs\u0142ugi, informacja techniczna (pdf)<\/a><\/strong><\/span><\/p>\n<p><span style=\"color: #000000;\"><img decoding=\"async\" src=\"https:\/\/lepson.pl\/wp-content\/uploads\/2017\/01\/ic_done.png\" width=\"20\" height=\"20\" \/> <strong> 2.<\/strong><\/span><span style=\"color: #000000;\"><strong>\u00a0<\/strong><\/span><span style=\"color: #000000;\"><strong>RCP48PEN Konwerter &#8211; <a href=\"https:\/\/lepson.pl\/files\/file\/PL\/KK\/48-rcp48pen-kk-140226.pdf\" target=\"_blank\" rel=\"noopener\">karta katalogowa (pdf)<\/a><\/strong><\/span><\/p>\n<p><span style=\"color: #000000;\"><img decoding=\"async\" src=\"https:\/\/lepson.pl\/wp-content\/uploads\/2017\/01\/ic_done.png\" width=\"20\" height=\"20\" \/> <strong>3.<\/strong><strong>\u00a0<\/strong><strong>RCP48PEN Konwerter &#8211; <a href=\"https:\/\/lepson.pl\/files\/file\/PL\/PR\/rcp48pen_install_200407.exe\" target=\"_blank\" rel=\"noopener\">program komputerowy v.2 (exe)<\/a><\/strong><\/span>[\/vc_toggle][\/vc_column_inner][\/vc_row_inner][\/vc_column][\/vc_row][vc_row content_placement=&#8221;top&#8221; css=&#8221;.vc_custom_1515795887545{background-position: center !important;background-repeat: no-repeat !important;background-size: cover !important;}&#8221;][vc_column][vc_row_inner css=&#8221;.vc_custom_1549287610988{padding-right: 12% !important;padding-left: 12% !important;}&#8221;][vc_column_inner width=&#8221;1\/4&#8243;][vc_column_text]<a href=\"mailto:biuro@lepson.pl\">biuro@lepson.pl<\/a><br \/>\n<a href=\"mailto:rcp@lep.pl\">rcp@lepson.pl<\/a> (pomoc techniczna)[\/vc_column_text][\/vc_column_inner][vc_column_inner width=&#8221;1\/4&#8243;][vc_column_text](32) 754 54 54<br \/>\n(32) 754 54 55[\/vc_column_text][\/vc_column_inner][vc_column_inner width=&#8221;1\/4&#8243;][vc_column_text]<a href=\"https:\/\/goo.gl\/maps\/2HeA81byii52\" target=\"_blank\" rel=\"noopener noreferrer\">Wsp\u00f3lna 9, <\/a><a href=\"https:\/\/goo.gl\/maps\/2HeA81byii52\">32-300, Olkusz<br \/>\n<\/a> NIP: 6372182383[\/vc_column_text][\/vc_column_inner][vc_column_inner width=&#8221;1\/4&#8243;][\/vc_column_inner][\/vc_row_inner][\/vc_column][\/vc_row]<\/p>\n<\/div>","protected":false},"excerpt":{"rendered":"<p>[vc_row parallax=&#8221;content-moving&#8221; css=&#8221;.vc_custom_1549287421185{padding-top: 3% !important;padding-right: 12% !important;padding-left: 12% !important;background-color: #ffffff !important;background-position: center;background-repeat: no-repeat !important;background-size: cover !important;}&#8221;][vc_column][vc_row_inner][vc_column_inner width=&#8221;1\/2&#8243;][vc_column_text] RCP48PEN konwerter [\/vc_column_text][\/vc_column_inner][vc_column_inner width=&#8221;1\/4&#8243;][vc_single_image image=&#8221;1771&#8243; img_size=&#8221;medium&#8221; alignment=&#8221;center&#8221; onclick=&#8221;link_image&#8221; css_animation=&#8221;none&#8221; el_class=&#8221;image_text&#8221; css=&#8221;.vc_custom_1621420612703{padding-top: 3% !important;}&#8221; title=&#8221;RCP 48 PEN z\u0142\u0105cze&#8221;][\/vc_column_inner][vc_column_inner width=&#8221;1\/4&#8243;][\/vc_column_inner][\/vc_row_inner][vc_row_inner][vc_column_inner][vc_toggle title=&#8221;Opis produktu (rozwi\u0144\/zwi\u0144)&#8221; style=&#8221;simple&#8221; color=&#8221;green&#8221; size=&#8221;lg&#8221; el_id=&#8221;1545991902041-2951f2aa-3e65&#8243;]Konwerter RCP48PEN jest urz\u0105dzeniem umo\u017cliwiaj\u0105cym pobieranie zdarze\u0144 z czytnika systemu RCPX8 bez konieczno\u015bci u\u017cycia [&hellip;]<\/p>\n","protected":false},"author":5,"featured_media":0,"parent":1607,"menu_order":0,"comment_status":"closed","ping_status":"closed","template":"page-full-width.php","meta":{"footnotes":""},"class_list":["post-1770","page","type-page","status-publish","hentry"],"yoast_head":"<!-- This site is optimized with the Yoast SEO plugin v27.3 - https:\/\/yoast.com\/product\/yoast-seo-wordpress\/ -->\n<title>RCP48PEN \u2013 konwerter - LEPSON<\/title>\n<meta name=\"robots\" content=\"index, follow, max-snippet:-1, max-image-preview:large, max-video-preview:-1\" \/>\n<link rel=\"canonical\" href=\"https:\/\/lepson.pl\/index.php\/rcp-i-kd-2-2\/rcp-48-pen\/\" \/>\n<meta property=\"og:locale\" content=\"pl_PL\" \/>\n<meta property=\"og:type\" content=\"article\" \/>\n<meta property=\"og:title\" content=\"RCP48PEN \u2013 konwerter - LEPSON\" \/>\n<meta property=\"og:description\" content=\"[vc_row parallax=&#8221;content-moving&#8221; css=&#8221;.vc_custom_1549287421185{padding-top: 3% !important;padding-right: 12% !important;padding-left: 12% !important;background-color: #ffffff !important;background-position: center;background-repeat: no-repeat !important;background-size: cover !important;}&#8221;][vc_column][vc_row_inner][vc_column_inner width=&#8221;1\/2&#8243;][vc_column_text] RCP48PEN konwerter [\/vc_column_text][\/vc_column_inner][vc_column_inner width=&#8221;1\/4&#8243;][vc_single_image image=&#8221;1771&#8243; img_size=&#8221;medium&#8221; alignment=&#8221;center&#8221; onclick=&#8221;link_image&#8221; css_animation=&#8221;none&#8221; el_class=&#8221;image_text&#8221; css=&#8221;.vc_custom_1621420612703{padding-top: 3% !important;}&#8221; title=&#8221;RCP 48 PEN z\u0142\u0105cze&#8221;][\/vc_column_inner][vc_column_inner width=&#8221;1\/4&#8243;][\/vc_column_inner][\/vc_row_inner][vc_row_inner][vc_column_inner][vc_toggle title=&#8221;Opis produktu (rozwi\u0144\/zwi\u0144)&#8221; style=&#8221;simple&#8221; color=&#8221;green&#8221; size=&#8221;lg&#8221; el_id=&#8221;1545991902041-2951f2aa-3e65&#8243;]Konwerter RCP48PEN jest urz\u0105dzeniem umo\u017cliwiaj\u0105cym pobieranie zdarze\u0144 z czytnika systemu RCPX8 bez konieczno\u015bci u\u017cycia [&hellip;]\" \/>\n<meta property=\"og:url\" content=\"https:\/\/lepson.pl\/index.php\/rcp-i-kd-2-2\/rcp-48-pen\/\" \/>\n<meta property=\"og:site_name\" content=\"LEPSON\" \/>\n<meta property=\"article:modified_time\" content=\"2023-04-26T08:06:26+00:00\" \/>\n<meta property=\"og:image\" content=\"https:\/\/lepson.pl\/wp-content\/uploads\/2017\/01\/ic_done.png\" \/>\n<meta name=\"twitter:card\" content=\"summary_large_image\" \/>\n<meta name=\"twitter:label1\" content=\"Szacowany czas czytania\" \/>\n\t<meta name=\"twitter:data1\" content=\"3 minuty\" \/>\n<script type=\"application\/ld+json\" class=\"yoast-schema-graph\">{\"@context\":\"https:\\\/\\\/schema.org\",\"@graph\":[{\"@type\":\"WebPage\",\"@id\":\"https:\\\/\\\/lepson.pl\\\/index.php\\\/rcp-i-kd-2-2\\\/rcp-48-pen\\\/\",\"url\":\"https:\\\/\\\/lepson.pl\\\/index.php\\\/rcp-i-kd-2-2\\\/rcp-48-pen\\\/\",\"name\":\"RCP48PEN \u2013 konwerter - LEPSON\",\"isPartOf\":{\"@id\":\"https:\\\/\\\/lepson.pl\\\/#website\"},\"primaryImageOfPage\":{\"@id\":\"https:\\\/\\\/lepson.pl\\\/index.php\\\/rcp-i-kd-2-2\\\/rcp-48-pen\\\/#primaryimage\"},\"image\":{\"@id\":\"https:\\\/\\\/lepson.pl\\\/index.php\\\/rcp-i-kd-2-2\\\/rcp-48-pen\\\/#primaryimage\"},\"thumbnailUrl\":\"https:\\\/\\\/lepson.pl\\\/wp-content\\\/uploads\\\/2017\\\/01\\\/ic_done.png\",\"datePublished\":\"2018-01-08T21:39:59+00:00\",\"dateModified\":\"2023-04-26T08:06:26+00:00\",\"breadcrumb\":{\"@id\":\"https:\\\/\\\/lepson.pl\\\/index.php\\\/rcp-i-kd-2-2\\\/rcp-48-pen\\\/#breadcrumb\"},\"inLanguage\":\"pl-PL\",\"potentialAction\":[{\"@type\":\"ReadAction\",\"target\":[\"https:\\\/\\\/lepson.pl\\\/index.php\\\/rcp-i-kd-2-2\\\/rcp-48-pen\\\/\"]}]},{\"@type\":\"ImageObject\",\"inLanguage\":\"pl-PL\",\"@id\":\"https:\\\/\\\/lepson.pl\\\/index.php\\\/rcp-i-kd-2-2\\\/rcp-48-pen\\\/#primaryimage\",\"url\":\"https:\\\/\\\/lepson.pl\\\/wp-content\\\/uploads\\\/2017\\\/01\\\/ic_done.png\",\"contentUrl\":\"https:\\\/\\\/lepson.pl\\\/wp-content\\\/uploads\\\/2017\\\/01\\\/ic_done.png\",\"width\":40,\"height\":40},{\"@type\":\"BreadcrumbList\",\"@id\":\"https:\\\/\\\/lepson.pl\\\/index.php\\\/rcp-i-kd-2-2\\\/rcp-48-pen\\\/#breadcrumb\",\"itemListElement\":[{\"@type\":\"ListItem\",\"position\":1,\"name\":\"Strona g\u0142\u00f3wna\",\"item\":\"https:\\\/\\\/lepson.pl\\\/\"},{\"@type\":\"ListItem\",\"position\":2,\"name\":\"RCP i KD\",\"item\":\"https:\\\/\\\/lepson.pl\\\/index.php\\\/rcp-i-kd-2-2\\\/\"},{\"@type\":\"ListItem\",\"position\":3,\"name\":\"RCP48PEN \u2013 konwerter\"}]},{\"@type\":\"WebSite\",\"@id\":\"https:\\\/\\\/lepson.pl\\\/#website\",\"url\":\"https:\\\/\\\/lepson.pl\\\/\",\"name\":\"LEPSON\",\"description\":\"- rejestracja ewidencja czasu pracy\",\"potentialAction\":[{\"@type\":\"SearchAction\",\"target\":{\"@type\":\"EntryPoint\",\"urlTemplate\":\"https:\\\/\\\/lepson.pl\\\/?s={search_term_string}\"},\"query-input\":{\"@type\":\"PropertyValueSpecification\",\"valueRequired\":true,\"valueName\":\"search_term_string\"}}],\"inLanguage\":\"pl-PL\"}]}<\/script>\n<!-- \/ Yoast SEO plugin. -->","yoast_head_json":{"title":"RCP48PEN \u2013 konwerter - LEPSON","robots":{"index":"index","follow":"follow","max-snippet":"max-snippet:-1","max-image-preview":"max-image-preview:large","max-video-preview":"max-video-preview:-1"},"canonical":"https:\/\/lepson.pl\/index.php\/rcp-i-kd-2-2\/rcp-48-pen\/","og_locale":"pl_PL","og_type":"article","og_title":"RCP48PEN \u2013 konwerter - LEPSON","og_description":"[vc_row parallax=&#8221;content-moving&#8221; css=&#8221;.vc_custom_1549287421185{padding-top: 3% !important;padding-right: 12% !important;padding-left: 12% !important;background-color: #ffffff !important;background-position: center;background-repeat: no-repeat !important;background-size: cover !important;}&#8221;][vc_column][vc_row_inner][vc_column_inner width=&#8221;1\/2&#8243;][vc_column_text] RCP48PEN konwerter [\/vc_column_text][\/vc_column_inner][vc_column_inner width=&#8221;1\/4&#8243;][vc_single_image image=&#8221;1771&#8243; img_size=&#8221;medium&#8221; alignment=&#8221;center&#8221; onclick=&#8221;link_image&#8221; css_animation=&#8221;none&#8221; el_class=&#8221;image_text&#8221; css=&#8221;.vc_custom_1621420612703{padding-top: 3% !important;}&#8221; title=&#8221;RCP 48 PEN z\u0142\u0105cze&#8221;][\/vc_column_inner][vc_column_inner width=&#8221;1\/4&#8243;][\/vc_column_inner][\/vc_row_inner][vc_row_inner][vc_column_inner][vc_toggle title=&#8221;Opis produktu (rozwi\u0144\/zwi\u0144)&#8221; style=&#8221;simple&#8221; color=&#8221;green&#8221; size=&#8221;lg&#8221; el_id=&#8221;1545991902041-2951f2aa-3e65&#8243;]Konwerter RCP48PEN jest urz\u0105dzeniem umo\u017cliwiaj\u0105cym pobieranie zdarze\u0144 z czytnika systemu RCPX8 bez konieczno\u015bci u\u017cycia [&hellip;]","og_url":"https:\/\/lepson.pl\/index.php\/rcp-i-kd-2-2\/rcp-48-pen\/","og_site_name":"LEPSON","article_modified_time":"2023-04-26T08:06:26+00:00","og_image":[{"url":"https:\/\/lepson.pl\/wp-content\/uploads\/2017\/01\/ic_done.png","type":"","width":"","height":""}],"twitter_card":"summary_large_image","twitter_misc":{"Szacowany czas czytania":"3 minuty"},"schema":{"@context":"https:\/\/schema.org","@graph":[{"@type":"WebPage","@id":"https:\/\/lepson.pl\/index.php\/rcp-i-kd-2-2\/rcp-48-pen\/","url":"https:\/\/lepson.pl\/index.php\/rcp-i-kd-2-2\/rcp-48-pen\/","name":"RCP48PEN \u2013 konwerter - LEPSON","isPartOf":{"@id":"https:\/\/lepson.pl\/#website"},"primaryImageOfPage":{"@id":"https:\/\/lepson.pl\/index.php\/rcp-i-kd-2-2\/rcp-48-pen\/#primaryimage"},"image":{"@id":"https:\/\/lepson.pl\/index.php\/rcp-i-kd-2-2\/rcp-48-pen\/#primaryimage"},"thumbnailUrl":"https:\/\/lepson.pl\/wp-content\/uploads\/2017\/01\/ic_done.png","datePublished":"2018-01-08T21:39:59+00:00","dateModified":"2023-04-26T08:06:26+00:00","breadcrumb":{"@id":"https:\/\/lepson.pl\/index.php\/rcp-i-kd-2-2\/rcp-48-pen\/#breadcrumb"},"inLanguage":"pl-PL","potentialAction":[{"@type":"ReadAction","target":["https:\/\/lepson.pl\/index.php\/rcp-i-kd-2-2\/rcp-48-pen\/"]}]},{"@type":"ImageObject","inLanguage":"pl-PL","@id":"https:\/\/lepson.pl\/index.php\/rcp-i-kd-2-2\/rcp-48-pen\/#primaryimage","url":"https:\/\/lepson.pl\/wp-content\/uploads\/2017\/01\/ic_done.png","contentUrl":"https:\/\/lepson.pl\/wp-content\/uploads\/2017\/01\/ic_done.png","width":40,"height":40},{"@type":"BreadcrumbList","@id":"https:\/\/lepson.pl\/index.php\/rcp-i-kd-2-2\/rcp-48-pen\/#breadcrumb","itemListElement":[{"@type":"ListItem","position":1,"name":"Strona g\u0142\u00f3wna","item":"https:\/\/lepson.pl\/"},{"@type":"ListItem","position":2,"name":"RCP i KD","item":"https:\/\/lepson.pl\/index.php\/rcp-i-kd-2-2\/"},{"@type":"ListItem","position":3,"name":"RCP48PEN \u2013 konwerter"}]},{"@type":"WebSite","@id":"https:\/\/lepson.pl\/#website","url":"https:\/\/lepson.pl\/","name":"LEPSON","description":"- rejestracja ewidencja czasu pracy","potentialAction":[{"@type":"SearchAction","target":{"@type":"EntryPoint","urlTemplate":"https:\/\/lepson.pl\/?s={search_term_string}"},"query-input":{"@type":"PropertyValueSpecification","valueRequired":true,"valueName":"search_term_string"}}],"inLanguage":"pl-PL"}]}},"_links":{"self":[{"href":"https:\/\/lepson.pl\/index.php\/wp-json\/wp\/v2\/pages\/1770","targetHints":{"allow":["GET"]}}],"collection":[{"href":"https:\/\/lepson.pl\/index.php\/wp-json\/wp\/v2\/pages"}],"about":[{"href":"https:\/\/lepson.pl\/index.php\/wp-json\/wp\/v2\/types\/page"}],"author":[{"embeddable":true,"href":"https:\/\/lepson.pl\/index.php\/wp-json\/wp\/v2\/users\/5"}],"replies":[{"embeddable":true,"href":"https:\/\/lepson.pl\/index.php\/wp-json\/wp\/v2\/comments?post=1770"}],"version-history":[{"count":40,"href":"https:\/\/lepson.pl\/index.php\/wp-json\/wp\/v2\/pages\/1770\/revisions"}],"predecessor-version":[{"id":3630,"href":"https:\/\/lepson.pl\/index.php\/wp-json\/wp\/v2\/pages\/1770\/revisions\/3630"}],"up":[{"embeddable":true,"href":"https:\/\/lepson.pl\/index.php\/wp-json\/wp\/v2\/pages\/1607"}],"wp:attachment":[{"href":"https:\/\/lepson.pl\/index.php\/wp-json\/wp\/v2\/media?parent=1770"}],"curies":[{"name":"wp","href":"https:\/\/api.w.org\/{rel}","templated":true}]}}