{"id":1767,"date":"2018-01-08T21:18:48","date_gmt":"2018-01-08T21:18:48","guid":{"rendered":"https:\/\/lepson.pl\/?page_id=1767"},"modified":"2023-04-26T07:50:47","modified_gmt":"2023-04-26T07:50:47","slug":"rcp-48-ts","status":"publish","type":"page","link":"https:\/\/lepson.pl\/index.php\/rcp-i-kd-2-2\/rcp-48-ts\/","title":{"rendered":"RCP48TS \u2013 Konwerter sieciowy z serwerem czasu"},"content":{"rendered":"<div class=\"wpb-content-wrapper\"><p>[vc_row parallax=&#8221;content-moving&#8221; css=&#8221;.vc_custom_1549287822530{padding-top: 3% !important;padding-right: 12% !important;padding-left: 12% !important;background-color: #ffffff !important;background-position: center;background-repeat: no-repeat !important;background-size: cover !important;}&#8221;][vc_column][vc_row_inner][vc_column_inner width=&#8221;1\/2&#8243;][vc_column_text]<\/p>\n<h1>RCP48TS<\/h1>\n<h2>Konwerter sieciowy z serwerem czasu<\/h2>\n<p>[\/vc_column_text][\/vc_column_inner][vc_column_inner width=&#8221;1\/4&#8243;][vc_single_image image=&#8221;1764&#8243; img_size=&#8221;medium&#8221; alignment=&#8221;center&#8221; onclick=&#8221;link_image&#8221; css_animation=&#8221;none&#8221; el_class=&#8221;image_text&#8221; css=&#8221;.vc_custom_1621420172431{padding-top: 3% !important;}&#8221; title=&#8221;RCP48TS&#8221;][\/vc_column_inner][vc_column_inner width=&#8221;1\/4&#8243;][\/vc_column_inner][\/vc_row_inner][vc_row_inner][vc_column_inner][vc_toggle title=&#8221;Opis produktu (rozwi\u0144\/zwi\u0144)&#8221; style=&#8221;simple&#8221; color=&#8221;green&#8221; size=&#8221;lg&#8221; el_id=&#8221;1545992187821-c3114aa2-54b4&#8243;]<span style=\"font-size: 12pt;\">Konwerter sieciowy RCP48TS jest opcjonalnym sk\u0142adnikiem sytemu RCPX8. Umo\u017cliwia integracj\u0119 czytnik\u00f3w systemu RCPX8, zainstalowanych w oddalonych od siebie miejscach firmy z wykorzystaniem lokalnej sieci komputerowej, a tak\u017ce regularnego ustawiania czasu rzeczywistego w pod\u0142\u0105czonych do niego czytnikach (odczytanego z internetowego serwera czasu).<\/span><\/p>\n<p><span style=\"font-size: 12pt;\">Dla realizacji takiego po\u0142\u0105czenia czytnik\u00f3w potrzebny jest komputer pod\u0142\u0105czony do sieci lokalnej i konwerter RCP48TS (z dost\u0119pem do Internetu), kt\u00f3ry pod\u0142\u0105czy do systemu RCPX8 wybran\u0105, dowoln\u0105 liczb\u0119 czytnik\u00f3w (patrz schemat pod\u0142\u0105cze\u0144).<\/span><\/p>\n<p><span style=\"font-size: 12pt;\">Bez wzgl\u0119du na ilo\u015b\u0107 zastosowanych konwerter\u00f3w RCP48TS, kt\u00f3re pod\u0142\u0105czaj\u0105 do systemu RCPX8 r\u00f3\u017cne grupy czytnik\u00f3w, musi by\u0107 pod\u0142\u0105czony do komputera obs\u0142uguj\u0105cego system RCPX8 konwerter RCP48WU (RCP78WR) lub RCP48CU (RCP68WC) &#8211; jego zadaniem jest wprowadzanie do bazy danych systemu kod\u00f3w identyfikator\u00f3w. Konfiguracja konwertera RCP48TS umo\u017cliwia komunikacj\u0119 z czytnikami za po\u015brednictwem sieci Internet.<\/span>[\/vc_toggle][vc_toggle title=&#8221;Zasada dzia\u0142ania (rozwi\u0144\/zwi\u0144)&#8221; style=&#8221;simple&#8221; color=&#8221;green&#8221; size=&#8221;lg&#8221; el_id=&#8221;1545992232092-e35561c3-970b&#8221;]<span style=\"font-size: 12pt;\">Konwerter sieciowy RCP48TS dzia\u0142a w pe\u0142ni automatycznie i nie wymaga poza instalacj\u0105 bie\u017c\u0105cej obs\u0142ugi. Od strony czytnik\u00f3w (RS485 &#8211; z\u0142\u0105cze RJ12) opr\u00f3cz sygna\u0142\u00f3w komunikacyjnych A i B doprowadzone jest zasilanie 12V &#8211; to samo kt\u00f3re zasila czytniki RCP. Zadaniem uk\u0142adu mikroprocesorowego jest konwersja i kodowanie sygna\u0142\u00f3w przychodz\u0105cych przez sie\u0107 LAN z komputera g\u0142\u00f3wnego na posta\u0107 odpowiedni\u0105 dla czytnik\u00f3w i odwrotnie.<\/span><\/p>\n<p><span style=\"font-size: 12pt;\">Opis kontrolek sygnalizacyjnych:<\/span><\/p>\n<p><span style=\"font-size: 12pt;\">1 &#8211; czerwona kontrolka stanu synchronizacji czasu czytnik\u00f3w<\/span><\/p>\n<p><span style=\"font-size: 12pt;\">2 &#8211; \u017c\u00f3\u0142ta kontrolka komunikacji z czytnikami (RS485)<\/span><\/p>\n<p><span style=\"font-size: 12pt;\">3 &#8211; zielona kontrolka transmisji danych z sieci LAN (TCP\/IP)<\/span>[\/vc_toggle][vc_toggle title=&#8221;Dane techniczne (rozwi\u0144\/zwi\u0144)&#8221; style=&#8221;simple&#8221; color=&#8221;green&#8221; size=&#8221;lg&#8221; el_id=&#8221;1545992255423-f74aae2e-30cb&#8221;]<\/p>\n<div class=\"row vc_row wpb_row vc_inner vc_row-fluid vc_custom_1488384123488\">\n<div class=\"wpb_column vc_column_container vc_col-sm-12 vc_col-has-fill\">\n<div class=\"vc_column-inner vc_custom_1485606795783\">\n<div class=\"wpb_wrapper\">\n<div class=\"wpb_raw_code wpb_content_element wpb_raw_html\">\n<div class=\"wpb_wrapper\">\n<div class=\"tg-wrap\">\n<table border=\"0\" width=\"100%\" cellspacing=\"0\" cellpadding=\"0\">\n<tbody>\n<tr>\n<td><span style=\"font-size: 12pt;\">Napi\u0119cie zasilania:<\/span><\/td>\n<td style=\"text-align: right;\"><span style=\"font-size: 12pt;\">12V DC (10 \u00f7 15V)<\/span><\/td>\n<\/tr>\n<tr>\n<td><span style=\"font-size: 12pt;\">Pob\u00f3r pr\u0105du:<\/span><\/td>\n<td style=\"text-align: right;\"><span style=\"font-size: 12pt;\">110mA (210mA podczas ci\u0105g\u0142ej komunikacji)<\/span><\/td>\n<\/tr>\n<tr>\n<td><span style=\"font-size: 12pt;\">Temperatura pracy:<\/span><\/td>\n<td style=\"text-align: right;\"><span style=\"font-size: 12pt;\">0\u00b0C do +40\u00b0C<\/span><\/td>\n<\/tr>\n<tr>\n<td><span style=\"font-size: 12pt;\">Wilgotno\u015b\u0107 wzgl\u0119dna:<\/span><\/td>\n<td style=\"text-align: right;\"><span style=\"font-size: 12pt;\">do 80% przy 40\u00b0C<\/span><\/td>\n<\/tr>\n<tr>\n<td><span style=\"font-size: 12pt;\">Masa:<\/span><\/td>\n<td style=\"text-align: right;\"><span style=\"font-size: 12pt;\">110g \u00b1 5g<\/span><\/td>\n<\/tr>\n<tr>\n<td><span style=\"font-size: 12pt;\">Obudowa:<\/span><\/td>\n<td style=\"text-align: right;\"><span style=\"font-size: 12pt;\">tworzywo sztuczne (PS)<\/span><\/td>\n<\/tr>\n<tr>\n<td><span style=\"font-size: 12pt;\">Wymiary:<\/span><\/td>\n<td style=\"text-align: right;\"><span style=\"font-size: 12pt;\">134x77x31 mm<\/span><\/td>\n<\/tr>\n<\/tbody>\n<\/table>\n<\/div>\n<\/div>\n<\/div>\n<\/div>\n<\/div>\n<\/div>\n<\/div>\n<p>[\/vc_toggle][vc_toggle title=&#8221;Budowa (rozwi\u0144\/zwi\u0144)&#8221; style=&#8221;simple&#8221; color=&#8221;green&#8221; size=&#8221;lg&#8221; el_id=&#8221;1545992285485-93a4e45c-fadd&#8221;]Konwerter RCP48TS jest wyposa\u017cony w elektroniczny uk\u0142ad mikroprocesorowy. Posiada wbudowany konwerter RS232\/485. Urz\u0105dzenie posiada dwa z\u0142\u0105cza: RJ12 do pod\u0142\u0105czenia do systemu RCPX8 (za pomoc\u0105 puszki LPS1 i kabla zako\u0144czonego wtykami telefonicznymi RJ12 &#8211; kabel w zestawie) i RJ45 do lokalnej sieci komputerowej &#8211; LAN. Kable pozwalaj\u0105 bezpiecznie i bez pomy\u0142ek pod\u0142\u0105czy\u0107 urz\u0105dzenie do sieci LAN i sieci czytnik\u00f3w systemu RCPX8. Kabel sieciowy zako\u0144czony wtykami RJ45 nie wchodzi w sk\u0142ad konwertera RCP48TS.[\/vc_toggle][vc_toggle title=&#8221;Pliki i dokumenty (rozwi\u0144\/zwi\u0144)&#8221; style=&#8221;simple&#8221; color=&#8221;green&#8221; size=&#8221;lg&#8221; el_id=&#8221;1545992312246-64494a85-2d55&#8243;]<span style=\"color: #000000; font-size: 12pt;\"><img decoding=\"async\" src=\"https:\/\/lepson.pl\/wp-content\/uploads\/2017\/01\/ic_done.png\" width=\"20\" height=\"20\" \/><strong>RCP48TS Konwerter sieciowy z serwerem czasu &#8211; <\/strong><a href=\"https:\/\/lepson.pl\/files\/file\/PL\/IO\/48-rcp48ts-iot-191002.pdf\" target=\"_blank\" rel=\"noopener\"><strong>instrukcja obs\u0142ugi, informacja techniczna<\/strong><\/a><\/span>[\/vc_toggle][\/vc_column_inner][\/vc_row_inner][\/vc_column][\/vc_row][vc_row content_placement=&#8221;top&#8221; css=&#8221;.vc_custom_1549288119253{padding-right: 12% !important;padding-left: 12% !important;background-position: center !important;background-repeat: no-repeat !important;background-size: cover !important;}&#8221;][vc_column][vc_row_inner][vc_column_inner width=&#8221;1\/4&#8243;][vc_column_text]<a href=\"mailto:biuro@lepson.pl\">biuro@lepson.pl<\/a><br \/>\n<a href=\"mailto:rcp@lep.pl\">rcp@lepson.pl<\/a> (pomoc techniczna)[\/vc_column_text][\/vc_column_inner][vc_column_inner width=&#8221;1\/4&#8243;][vc_column_text](32) 754 54 54<br \/>\n(32) 754 54 55[\/vc_column_text][\/vc_column_inner][vc_column_inner width=&#8221;1\/4&#8243;][vc_column_text]<a href=\"https:\/\/goo.gl\/maps\/2HeA81byii52\" target=\"_blank\" rel=\"noopener noreferrer\">Wsp\u00f3lna 9, <\/a><a href=\"https:\/\/goo.gl\/maps\/2HeA81byii52\">32-300, Olkusz<br \/>\n<\/a> NIP: 6372182383[\/vc_column_text][\/vc_column_inner][vc_column_inner width=&#8221;1\/4&#8243;][\/vc_column_inner][\/vc_row_inner][\/vc_column][\/vc_row]<\/p>\n<\/div>","protected":false},"excerpt":{"rendered":"<p>[vc_row parallax=&#8221;content-moving&#8221; css=&#8221;.vc_custom_1549287822530{padding-top: 3% !important;padding-right: 12% !important;padding-left: 12% !important;background-color: #ffffff !important;background-position: center;background-repeat: no-repeat !important;background-size: cover !important;}&#8221;][vc_column][vc_row_inner][vc_column_inner width=&#8221;1\/2&#8243;][vc_column_text] RCP48TS Konwerter sieciowy z serwerem czasu [\/vc_column_text][\/vc_column_inner][vc_column_inner width=&#8221;1\/4&#8243;][vc_single_image image=&#8221;1764&#8243; img_size=&#8221;medium&#8221; alignment=&#8221;center&#8221; onclick=&#8221;link_image&#8221; css_animation=&#8221;none&#8221; el_class=&#8221;image_text&#8221; css=&#8221;.vc_custom_1621420172431{padding-top: 3% !important;}&#8221; title=&#8221;RCP48TS&#8221;][\/vc_column_inner][vc_column_inner width=&#8221;1\/4&#8243;][\/vc_column_inner][\/vc_row_inner][vc_row_inner][vc_column_inner][vc_toggle title=&#8221;Opis produktu (rozwi\u0144\/zwi\u0144)&#8221; style=&#8221;simple&#8221; color=&#8221;green&#8221; size=&#8221;lg&#8221; el_id=&#8221;1545992187821-c3114aa2-54b4&#8243;]Konwerter sieciowy RCP48TS jest opcjonalnym sk\u0142adnikiem sytemu RCPX8. Umo\u017cliwia integracj\u0119 czytnik\u00f3w systemu RCPX8, [&hellip;]<\/p>\n","protected":false},"author":5,"featured_media":0,"parent":1607,"menu_order":0,"comment_status":"closed","ping_status":"closed","template":"page-full-width.php","meta":{"footnotes":""},"class_list":["post-1767","page","type-page","status-publish","hentry"],"yoast_head":"<!-- This site is optimized with the Yoast SEO plugin v27.3 - https:\/\/yoast.com\/product\/yoast-seo-wordpress\/ -->\n<title>RCP48TS \u2013 Konwerter sieciowy z serwerem czasu - LEPSON<\/title>\n<meta name=\"robots\" content=\"index, follow, max-snippet:-1, max-image-preview:large, max-video-preview:-1\" \/>\n<link rel=\"canonical\" href=\"https:\/\/lepson.pl\/index.php\/rcp-i-kd-2-2\/rcp-48-ts\/\" \/>\n<meta property=\"og:locale\" content=\"pl_PL\" \/>\n<meta property=\"og:type\" content=\"article\" \/>\n<meta property=\"og:title\" content=\"RCP48TS \u2013 Konwerter sieciowy z serwerem czasu - LEPSON\" \/>\n<meta property=\"og:description\" content=\"[vc_row parallax=&#8221;content-moving&#8221; css=&#8221;.vc_custom_1549287822530{padding-top: 3% !important;padding-right: 12% !important;padding-left: 12% !important;background-color: #ffffff !important;background-position: center;background-repeat: no-repeat !important;background-size: cover !important;}&#8221;][vc_column][vc_row_inner][vc_column_inner width=&#8221;1\/2&#8243;][vc_column_text] RCP48TS Konwerter sieciowy z serwerem czasu [\/vc_column_text][\/vc_column_inner][vc_column_inner width=&#8221;1\/4&#8243;][vc_single_image image=&#8221;1764&#8243; img_size=&#8221;medium&#8221; alignment=&#8221;center&#8221; onclick=&#8221;link_image&#8221; css_animation=&#8221;none&#8221; el_class=&#8221;image_text&#8221; css=&#8221;.vc_custom_1621420172431{padding-top: 3% !important;}&#8221; title=&#8221;RCP48TS&#8221;][\/vc_column_inner][vc_column_inner width=&#8221;1\/4&#8243;][\/vc_column_inner][\/vc_row_inner][vc_row_inner][vc_column_inner][vc_toggle title=&#8221;Opis produktu (rozwi\u0144\/zwi\u0144)&#8221; style=&#8221;simple&#8221; color=&#8221;green&#8221; size=&#8221;lg&#8221; el_id=&#8221;1545992187821-c3114aa2-54b4&#8243;]Konwerter sieciowy RCP48TS jest opcjonalnym sk\u0142adnikiem sytemu RCPX8. Umo\u017cliwia integracj\u0119 czytnik\u00f3w systemu RCPX8, [&hellip;]\" \/>\n<meta property=\"og:url\" content=\"https:\/\/lepson.pl\/index.php\/rcp-i-kd-2-2\/rcp-48-ts\/\" \/>\n<meta property=\"og:site_name\" content=\"LEPSON\" \/>\n<meta property=\"article:modified_time\" content=\"2023-04-26T07:50:47+00:00\" \/>\n<meta property=\"og:image\" content=\"https:\/\/lepson.pl\/wp-content\/uploads\/2017\/01\/ic_done.png\" \/>\n<meta name=\"twitter:card\" content=\"summary_large_image\" \/>\n<meta name=\"twitter:label1\" content=\"Szacowany czas czytania\" \/>\n\t<meta name=\"twitter:data1\" content=\"3 minuty\" \/>\n<script type=\"application\/ld+json\" class=\"yoast-schema-graph\">{\"@context\":\"https:\\\/\\\/schema.org\",\"@graph\":[{\"@type\":\"WebPage\",\"@id\":\"https:\\\/\\\/lepson.pl\\\/index.php\\\/rcp-i-kd-2-2\\\/rcp-48-ts\\\/\",\"url\":\"https:\\\/\\\/lepson.pl\\\/index.php\\\/rcp-i-kd-2-2\\\/rcp-48-ts\\\/\",\"name\":\"RCP48TS \u2013 Konwerter sieciowy z serwerem czasu - LEPSON\",\"isPartOf\":{\"@id\":\"https:\\\/\\\/lepson.pl\\\/#website\"},\"primaryImageOfPage\":{\"@id\":\"https:\\\/\\\/lepson.pl\\\/index.php\\\/rcp-i-kd-2-2\\\/rcp-48-ts\\\/#primaryimage\"},\"image\":{\"@id\":\"https:\\\/\\\/lepson.pl\\\/index.php\\\/rcp-i-kd-2-2\\\/rcp-48-ts\\\/#primaryimage\"},\"thumbnailUrl\":\"https:\\\/\\\/lepson.pl\\\/wp-content\\\/uploads\\\/2017\\\/01\\\/ic_done.png\",\"datePublished\":\"2018-01-08T21:18:48+00:00\",\"dateModified\":\"2023-04-26T07:50:47+00:00\",\"breadcrumb\":{\"@id\":\"https:\\\/\\\/lepson.pl\\\/index.php\\\/rcp-i-kd-2-2\\\/rcp-48-ts\\\/#breadcrumb\"},\"inLanguage\":\"pl-PL\",\"potentialAction\":[{\"@type\":\"ReadAction\",\"target\":[\"https:\\\/\\\/lepson.pl\\\/index.php\\\/rcp-i-kd-2-2\\\/rcp-48-ts\\\/\"]}]},{\"@type\":\"ImageObject\",\"inLanguage\":\"pl-PL\",\"@id\":\"https:\\\/\\\/lepson.pl\\\/index.php\\\/rcp-i-kd-2-2\\\/rcp-48-ts\\\/#primaryimage\",\"url\":\"https:\\\/\\\/lepson.pl\\\/wp-content\\\/uploads\\\/2017\\\/01\\\/ic_done.png\",\"contentUrl\":\"https:\\\/\\\/lepson.pl\\\/wp-content\\\/uploads\\\/2017\\\/01\\\/ic_done.png\",\"width\":40,\"height\":40},{\"@type\":\"BreadcrumbList\",\"@id\":\"https:\\\/\\\/lepson.pl\\\/index.php\\\/rcp-i-kd-2-2\\\/rcp-48-ts\\\/#breadcrumb\",\"itemListElement\":[{\"@type\":\"ListItem\",\"position\":1,\"name\":\"Strona g\u0142\u00f3wna\",\"item\":\"https:\\\/\\\/lepson.pl\\\/\"},{\"@type\":\"ListItem\",\"position\":2,\"name\":\"RCP i KD\",\"item\":\"https:\\\/\\\/lepson.pl\\\/index.php\\\/rcp-i-kd-2-2\\\/\"},{\"@type\":\"ListItem\",\"position\":3,\"name\":\"RCP48TS \u2013 Konwerter sieciowy z serwerem czasu\"}]},{\"@type\":\"WebSite\",\"@id\":\"https:\\\/\\\/lepson.pl\\\/#website\",\"url\":\"https:\\\/\\\/lepson.pl\\\/\",\"name\":\"LEPSON\",\"description\":\"- rejestracja ewidencja czasu pracy\",\"potentialAction\":[{\"@type\":\"SearchAction\",\"target\":{\"@type\":\"EntryPoint\",\"urlTemplate\":\"https:\\\/\\\/lepson.pl\\\/?s={search_term_string}\"},\"query-input\":{\"@type\":\"PropertyValueSpecification\",\"valueRequired\":true,\"valueName\":\"search_term_string\"}}],\"inLanguage\":\"pl-PL\"}]}<\/script>\n<!-- \/ Yoast SEO plugin. -->","yoast_head_json":{"title":"RCP48TS \u2013 Konwerter sieciowy z serwerem czasu - LEPSON","robots":{"index":"index","follow":"follow","max-snippet":"max-snippet:-1","max-image-preview":"max-image-preview:large","max-video-preview":"max-video-preview:-1"},"canonical":"https:\/\/lepson.pl\/index.php\/rcp-i-kd-2-2\/rcp-48-ts\/","og_locale":"pl_PL","og_type":"article","og_title":"RCP48TS \u2013 Konwerter sieciowy z serwerem czasu - LEPSON","og_description":"[vc_row parallax=&#8221;content-moving&#8221; css=&#8221;.vc_custom_1549287822530{padding-top: 3% !important;padding-right: 12% !important;padding-left: 12% !important;background-color: #ffffff !important;background-position: center;background-repeat: no-repeat !important;background-size: cover !important;}&#8221;][vc_column][vc_row_inner][vc_column_inner width=&#8221;1\/2&#8243;][vc_column_text] RCP48TS Konwerter sieciowy z serwerem czasu [\/vc_column_text][\/vc_column_inner][vc_column_inner width=&#8221;1\/4&#8243;][vc_single_image image=&#8221;1764&#8243; img_size=&#8221;medium&#8221; alignment=&#8221;center&#8221; onclick=&#8221;link_image&#8221; css_animation=&#8221;none&#8221; el_class=&#8221;image_text&#8221; css=&#8221;.vc_custom_1621420172431{padding-top: 3% !important;}&#8221; title=&#8221;RCP48TS&#8221;][\/vc_column_inner][vc_column_inner width=&#8221;1\/4&#8243;][\/vc_column_inner][\/vc_row_inner][vc_row_inner][vc_column_inner][vc_toggle title=&#8221;Opis produktu (rozwi\u0144\/zwi\u0144)&#8221; style=&#8221;simple&#8221; color=&#8221;green&#8221; size=&#8221;lg&#8221; el_id=&#8221;1545992187821-c3114aa2-54b4&#8243;]Konwerter sieciowy RCP48TS jest opcjonalnym sk\u0142adnikiem sytemu RCPX8. Umo\u017cliwia integracj\u0119 czytnik\u00f3w systemu RCPX8, [&hellip;]","og_url":"https:\/\/lepson.pl\/index.php\/rcp-i-kd-2-2\/rcp-48-ts\/","og_site_name":"LEPSON","article_modified_time":"2023-04-26T07:50:47+00:00","og_image":[{"url":"https:\/\/lepson.pl\/wp-content\/uploads\/2017\/01\/ic_done.png","type":"","width":"","height":""}],"twitter_card":"summary_large_image","twitter_misc":{"Szacowany czas czytania":"3 minuty"},"schema":{"@context":"https:\/\/schema.org","@graph":[{"@type":"WebPage","@id":"https:\/\/lepson.pl\/index.php\/rcp-i-kd-2-2\/rcp-48-ts\/","url":"https:\/\/lepson.pl\/index.php\/rcp-i-kd-2-2\/rcp-48-ts\/","name":"RCP48TS \u2013 Konwerter sieciowy z serwerem czasu - LEPSON","isPartOf":{"@id":"https:\/\/lepson.pl\/#website"},"primaryImageOfPage":{"@id":"https:\/\/lepson.pl\/index.php\/rcp-i-kd-2-2\/rcp-48-ts\/#primaryimage"},"image":{"@id":"https:\/\/lepson.pl\/index.php\/rcp-i-kd-2-2\/rcp-48-ts\/#primaryimage"},"thumbnailUrl":"https:\/\/lepson.pl\/wp-content\/uploads\/2017\/01\/ic_done.png","datePublished":"2018-01-08T21:18:48+00:00","dateModified":"2023-04-26T07:50:47+00:00","breadcrumb":{"@id":"https:\/\/lepson.pl\/index.php\/rcp-i-kd-2-2\/rcp-48-ts\/#breadcrumb"},"inLanguage":"pl-PL","potentialAction":[{"@type":"ReadAction","target":["https:\/\/lepson.pl\/index.php\/rcp-i-kd-2-2\/rcp-48-ts\/"]}]},{"@type":"ImageObject","inLanguage":"pl-PL","@id":"https:\/\/lepson.pl\/index.php\/rcp-i-kd-2-2\/rcp-48-ts\/#primaryimage","url":"https:\/\/lepson.pl\/wp-content\/uploads\/2017\/01\/ic_done.png","contentUrl":"https:\/\/lepson.pl\/wp-content\/uploads\/2017\/01\/ic_done.png","width":40,"height":40},{"@type":"BreadcrumbList","@id":"https:\/\/lepson.pl\/index.php\/rcp-i-kd-2-2\/rcp-48-ts\/#breadcrumb","itemListElement":[{"@type":"ListItem","position":1,"name":"Strona g\u0142\u00f3wna","item":"https:\/\/lepson.pl\/"},{"@type":"ListItem","position":2,"name":"RCP i KD","item":"https:\/\/lepson.pl\/index.php\/rcp-i-kd-2-2\/"},{"@type":"ListItem","position":3,"name":"RCP48TS \u2013 Konwerter sieciowy z serwerem czasu"}]},{"@type":"WebSite","@id":"https:\/\/lepson.pl\/#website","url":"https:\/\/lepson.pl\/","name":"LEPSON","description":"- rejestracja ewidencja czasu pracy","potentialAction":[{"@type":"SearchAction","target":{"@type":"EntryPoint","urlTemplate":"https:\/\/lepson.pl\/?s={search_term_string}"},"query-input":{"@type":"PropertyValueSpecification","valueRequired":true,"valueName":"search_term_string"}}],"inLanguage":"pl-PL"}]}},"_links":{"self":[{"href":"https:\/\/lepson.pl\/index.php\/wp-json\/wp\/v2\/pages\/1767","targetHints":{"allow":["GET"]}}],"collection":[{"href":"https:\/\/lepson.pl\/index.php\/wp-json\/wp\/v2\/pages"}],"about":[{"href":"https:\/\/lepson.pl\/index.php\/wp-json\/wp\/v2\/types\/page"}],"author":[{"embeddable":true,"href":"https:\/\/lepson.pl\/index.php\/wp-json\/wp\/v2\/users\/5"}],"replies":[{"embeddable":true,"href":"https:\/\/lepson.pl\/index.php\/wp-json\/wp\/v2\/comments?post=1767"}],"version-history":[{"count":21,"href":"https:\/\/lepson.pl\/index.php\/wp-json\/wp\/v2\/pages\/1767\/revisions"}],"predecessor-version":[{"id":3626,"href":"https:\/\/lepson.pl\/index.php\/wp-json\/wp\/v2\/pages\/1767\/revisions\/3626"}],"up":[{"embeddable":true,"href":"https:\/\/lepson.pl\/index.php\/wp-json\/wp\/v2\/pages\/1607"}],"wp:attachment":[{"href":"https:\/\/lepson.pl\/index.php\/wp-json\/wp\/v2\/media?parent=1767"}],"curies":[{"name":"wp","href":"https:\/\/api.w.org\/{rel}","templated":true}]}}