{"id":1743,"date":"2018-01-07T20:36:44","date_gmt":"2018-01-07T20:36:44","guid":{"rendered":"https:\/\/lepson.pl\/?page_id=1743"},"modified":"2023-04-26T08:34:57","modified_gmt":"2023-04-26T08:34:57","slug":"rcp-48-cu","status":"publish","type":"page","link":"https:\/\/lepson.pl\/index.php\/rcp-i-kd-2-2\/rcp-48-cu\/","title":{"rendered":"RCP48CU &#8211; konwerter (USB) do kart stykowych CHIP"},"content":{"rendered":"<div class=\"wpb-content-wrapper\"><p>[vc_row parallax=&#8221;content-moving&#8221; css=&#8221;.vc_custom_1549287027933{padding-top: 3% !important;padding-right: 12% !important;padding-left: 12% !important;background-color: #ffffff !important;background-position: center;background-repeat: no-repeat !important;background-size: cover !important;}&#8221;][vc_column][vc_row_inner][vc_column_inner width=&#8221;1\/2&#8243;][vc_column_text]<\/p>\n<h1><strong>RCP48CU<\/strong><\/h1>\n<h2><strong>Konwerter USB do kart stykowych CHIP<\/strong><\/h2>\n<p>[\/vc_column_text][\/vc_column_inner][vc_column_inner width=&#8221;1\/4&#8243;][vc_single_image image=&#8221;1750&#8243; img_size=&#8221;large&#8221; add_caption=&#8221;yes&#8221; alignment=&#8221;center&#8221; onclick=&#8221;link_image&#8221; css_animation=&#8221;left-to-right&#8221; el_class=&#8221;image_text&#8221; title=&#8221;RCP 48 CU&#8221;][\/vc_column_inner][vc_column_inner width=&#8221;1\/4&#8243;][vc_single_image image=&#8221;1749&#8243; img_size=&#8221;large&#8221; alignment=&#8221;center&#8221; onclick=&#8221;link_image&#8221; css_animation=&#8221;right-to-left&#8221; el_class=&#8221;image_text&#8221; css=&#8221;.vc_custom_1549286800436{padding-top: 3% !important;}&#8221; title=&#8221;RCP 48 CU z\u0142\u0105cza&#8221;][\/vc_column_inner][\/vc_row_inner][vc_row_inner][vc_column_inner][vc_toggle title=&#8221;Opis produktu (rozwi\u0144\/zwi\u0144)&#8221; style=&#8221;simple&#8221; color=&#8221;green&#8221; size=&#8221;lg&#8221; el_id=&#8221;1545991306477-b2af2844-e2ae&#8221;]<span style=\"font-size: 12pt;\">Konwerter jest wyposa\u017cony w elektroniczny uk\u0142ad mikroprocesorowy. Posiada wbudowany konwerter USB\/485. Wewn\u0105trz plastikowej obudowy jest umieszczona kiesze\u0144 g\u0142owicy czytaj\u0105cej kody elektronicznych kart pami\u0119ciowych (\u201echipowych\u201d). Dzi\u0119ki izolacji galwanicznej komputer jest zabezpieczony przed wp\u0142ywem przepi\u0119\u0107 kt\u00f3re mog\u0105 pojawi\u0107 si\u0119 na niekiedy bardzo d\u0142ugich kablach \u0142\u0105cz\u0105cych czytniki systemu RCPX8. Z ty\u0142u obudowy znajduj\u0105 si\u0119 dwa gniazda z\u0142\u0105cz: USB typ B do portu USB w komputerze i RJ12 do puszki LPS1 systemu RCPX8. Gniazda za pomoc\u0105 do\u0142\u0105czonych przewod\u00f3w pozwalaj\u0105 bezpiecznie i bez pomy\u0142ek pod\u0142\u0105czy\u0107 urz\u0105dzenie do komputera i do sieci czytnik\u00f3w systemu RCPX8.<\/span>[\/vc_toggle][vc_toggle title=&#8221;Zasada dzia\u0142ania (rozwi\u0144\/zwi\u0144)&#8221; style=&#8221;simple&#8221; color=&#8221;green&#8221; size=&#8221;lg&#8221; el_id=&#8221;1545991355911-9d26cda5-f47e&#8221;]<span style=\"font-size: 12pt;\">Konwerter RCP48CU, ze wzgl\u0119du na zastosowan\u0105 w nim izolacj\u0119 galwaniczn\u0105 pomi\u0119dzy komputerem a sieci\u0105 czytnik\u00f3w zasilany jest z dw\u00f3ch stron. Od strony czytnik\u00f3w (RS485) opr\u00f3cz sygna\u0142\u00f3w komunikacyjnych A i B doprowadzone jest zasilanie 12V &#8211; to samo, kt\u00f3re zasila czytniki g\u0142\u00f3wne. Od strony komputera zastosowano specjalne, energooszcz\u0119dne uk\u0142ady elektroniczne, kt\u00f3re umo\u017cliwi\u0142y zasilenie tej cz\u0119\u015bci uk\u0142adu czytnika bezpo\u015brednio z portu komputera &#8211; bez konieczno\u015bci stosowania osobnego zasilacza. W trybie pracy konwertera urz\u0105dzenie pracuje w pe\u0142ni automatycznie bez jakiejkolwiek obs\u0142ugi ze strony operatora systemu. W przypadku wprowadzania do systemu kod\u00f3w identyfikator\u00f3w zadaniem operatora jest wsuni\u0119cie danego identyfikatora w szczelin\u0119 w obudowie czytnika, wywo\u0142anie w programie komputerowym RCP58 odpowiedniej funkcji i po komunikacie na ekranie wysuni\u0119cie identyfikatora z czytnika.<\/span>[\/vc_toggle][vc_toggle title=&#8221;Dane techniczne (rozwi\u0144\/zwi\u0144)&#8221; style=&#8221;simple&#8221; color=&#8221;green&#8221; size=&#8221;lg&#8221; el_id=&#8221;1545991448748-a1c1ef7c-34a4&#8243;]<\/p>\n<div class=\"row vc_row wpb_row vc_inner vc_row-fluid vc_custom_1488384123488\">\n<div class=\"wpb_column vc_column_container vc_col-sm-12 vc_col-has-fill\">\n<div class=\"vc_column-inner vc_custom_1485606795783\">\n<div class=\"wpb_wrapper\">\n<div class=\"wpb_raw_code wpb_content_element wpb_raw_html\">\n<div class=\"wpb_wrapper\">\n<div class=\"tg-wrap\">\n<table style=\"height: 192px; width: 100%;\" border=\"0\" width=\"100%\" cellspacing=\"0\" cellpadding=\"0\">\n<tbody>\n<tr style=\"height: 24px;\">\n<td style=\"height: 24px;\"><span style=\"font-size: 12pt;\">Napi\u0119cie zasilania:<\/span><\/td>\n<td style=\"text-align: right; height: 24px;\"><span style=\"font-size: 12pt;\">12V DC (10 \u00f7 15V)<\/span><\/td>\n<\/tr>\n<tr style=\"height: 24px;\">\n<td style=\"height: 24px;\"><span style=\"font-size: 12pt;\">Pob\u00f3r pr\u0105du:<\/span><\/td>\n<td style=\"text-align: right; height: 24px;\"><span style=\"font-size: 12pt;\">20mA &#8211; tryb konwertera<\/span><\/td>\n<\/tr>\n<tr style=\"height: 24px;\">\n<td style=\"height: 24px;\"><span style=\"font-size: 12pt;\">Temperatura pracy:<\/span><\/td>\n<td style=\"text-align: right; height: 24px;\"><span style=\"font-size: 12pt;\">0\u00b0C do +40\u00b0C<\/span><\/td>\n<\/tr>\n<tr style=\"height: 24px;\">\n<td style=\"height: 24px;\"><span style=\"font-size: 12pt;\">Wilgotno\u015b\u0107 wzgl\u0119dna:<\/span><\/td>\n<td style=\"text-align: right; height: 24px;\"><span style=\"font-size: 12pt;\">do 80% przy 40\u00b0C<\/span><\/td>\n<\/tr>\n<tr style=\"height: 24px;\">\n<td style=\"height: 24px;\"><span style=\"font-size: 12pt;\">Transmisja danych do PC:<\/span><\/td>\n<td style=\"text-align: right; height: 24px;\"><span style=\"font-size: 12pt;\">USB<\/span><\/td>\n<\/tr>\n<tr style=\"height: 24px;\">\n<td style=\"height: 24px;\"><span style=\"font-size: 12pt;\">Masa:<\/span><\/td>\n<td style=\"text-align: right; height: 24px;\"><span style=\"font-size: 12pt;\">120g \u00b1 5g<\/span><\/td>\n<\/tr>\n<tr style=\"height: 24px;\">\n<td style=\"height: 24px;\"><span style=\"font-size: 12pt;\">Obudowa:<\/span><\/td>\n<td style=\"text-align: right; height: 24px;\"><span style=\"font-size: 12pt;\">plastikowa<\/span><\/td>\n<\/tr>\n<tr style=\"height: 24px;\">\n<td style=\"height: 24px;\"><span style=\"font-size: 12pt;\">Wymiary:<\/span><\/td>\n<td style=\"text-align: right; height: 24px;\"><span style=\"font-size: 12pt;\">109 x 79 x 32 mm<\/span><\/td>\n<\/tr>\n<\/tbody>\n<\/table>\n<\/div>\n<\/div>\n<\/div>\n<\/div>\n<\/div>\n<\/div>\n<\/div>\n<p>[\/vc_toggle][vc_toggle title=&#8221;Budowa (rozwi\u0144\/zwi\u0144)&#8221; style=&#8221;simple&#8221; color=&#8221;green&#8221; size=&#8221;lg&#8221; el_id=&#8221;1545991731952-b9f4286e-2595&#8243;]<span style=\"font-size: 12pt;\">Konwerter jest wyposa\u017cony w elektroniczny uk\u0142ad mikroprocesorowy. Posiada wbudowany konwerter USB\/485. Wewn\u0105trz plastikowej obudowy jest umieszczona kiesze\u0144 g\u0142owicy czytaj\u0105cej kody elektronicznych kart pami\u0119ciowych (\u201echipowych\u201d). Dzi\u0119ki izolacji galwanicznej komputer jest zabezpieczony przed wp\u0142ywem przepi\u0119\u0107 kt\u00f3re mog\u0105 pojawi\u0107 si\u0119 na niekiedy bardzo d\u0142ugich kablach \u0142\u0105cz\u0105cych czytniki systemu RCPX8. Z ty\u0142u obudowy znajduj\u0105 si\u0119 dwa gniazda z\u0142\u0105cz: USB typ B do portu USB w komputerze i RJ12 do puszki LPS1 systemu RCPX8. Gniazda za pomoc\u0105 do\u0142\u0105czonych przewod\u00f3w pozwalaj\u0105 bezpiecznie i bez pomy\u0142ek pod\u0142\u0105czy\u0107 urz\u0105dzenie do komputera i do sieci czytnik\u00f3w systemu RCPX8.<\/span>[\/vc_toggle][vc_toggle title=&#8221;Pliki i dokumenty (rozwi\u0144\/zwi\u0144)&#8221; style=&#8221;simple&#8221; color=&#8221;green&#8221; size=&#8221;lg&#8221; el_id=&#8221;1545991761489-ebfccb62-b482&#8243;]<span style=\"color: #000000;\"><img decoding=\"async\" src=\"https:\/\/lepson.pl\/wp-content\/uploads\/2017\/01\/ic_done.png\" width=\"20\" height=\"20\" \/><strong> RCP48CU Konwerter do kart elektronicznych (&#8222;chip&#8221;) &#8211; <a href=\"https:\/\/lepson.pl\/files\/file\/PL\/IO\/48-rcp48cu-iot-191002.pdf\" target=\"_blank\" rel=\"noopener\">instrukcja obs\u0142ugi, informacja techniczna (pdf)<\/a><\/strong><\/span><\/p>\n<p><span style=\"color: #000000;\"><img decoding=\"async\" src=\"https:\/\/lepson.pl\/wp-content\/uploads\/2017\/01\/ic_done.png\" width=\"20\" height=\"20\" \/> <strong>RCP48CU Konwerter do kart elektronicznych (&#8222;chip&#8221;) &#8211; <a href=\"https:\/\/lepson.pl\/files\/file\/PL\/KK\/48-rcp48cu-kk-191002.pdf\" target=\"_blank\" rel=\"noopener\">karta katalogowa (pdf)<\/a><\/strong><\/span>[\/vc_toggle][\/vc_column_inner][\/vc_row_inner][\/vc_column][\/vc_row][vc_row content_placement=&#8221;top&#8221; css=&#8221;.vc_custom_1549286914915{background-position: center !important;background-repeat: no-repeat !important;background-size: cover !important;}&#8221;][vc_column][vc_row_inner css=&#8221;.vc_custom_1549286922658{padding-right: 12% !important;padding-left: 12% !important;}&#8221;][vc_column_inner width=&#8221;1\/4&#8243;][vc_column_text]<a href=\"mailto:biuro@lepson.pl\">biuro@lepson.pl<\/a><br \/>\n<a href=\"mailto:rcp@lep.pl\">rcp@lepson.pl<\/a> (pomoc techniczna)[\/vc_column_text][\/vc_column_inner][vc_column_inner width=&#8221;1\/4&#8243;][vc_column_text](32) 754 54 54<br \/>\n(32) 754 54 55[\/vc_column_text][\/vc_column_inner][vc_column_inner width=&#8221;1\/4&#8243;][vc_column_text]<a href=\"https:\/\/goo.gl\/maps\/2HeA81byii52\" target=\"_blank\" rel=\"noopener noreferrer\">Wsp\u00f3lna 9, <\/a><a href=\"https:\/\/goo.gl\/maps\/2HeA81byii52\">32-300, Olkusz<br \/>\n<\/a> NIP: 6372182383[\/vc_column_text][\/vc_column_inner][vc_column_inner width=&#8221;1\/4&#8243;][\/vc_column_inner][\/vc_row_inner][\/vc_column][\/vc_row]<\/p>\n<\/div>","protected":false},"excerpt":{"rendered":"<p>[vc_row parallax=&#8221;content-moving&#8221; css=&#8221;.vc_custom_1549287027933{padding-top: 3% !important;padding-right: 12% !important;padding-left: 12% !important;background-color: #ffffff !important;background-position: center;background-repeat: no-repeat !important;background-size: cover !important;}&#8221;][vc_column][vc_row_inner][vc_column_inner width=&#8221;1\/2&#8243;][vc_column_text] RCP48CU Konwerter USB do kart stykowych CHIP [\/vc_column_text][\/vc_column_inner][vc_column_inner width=&#8221;1\/4&#8243;][vc_single_image image=&#8221;1750&#8243; img_size=&#8221;large&#8221; add_caption=&#8221;yes&#8221; alignment=&#8221;center&#8221; onclick=&#8221;link_image&#8221; css_animation=&#8221;left-to-right&#8221; el_class=&#8221;image_text&#8221; title=&#8221;RCP 48 CU&#8221;][\/vc_column_inner][vc_column_inner width=&#8221;1\/4&#8243;][vc_single_image image=&#8221;1749&#8243; img_size=&#8221;large&#8221; alignment=&#8221;center&#8221; onclick=&#8221;link_image&#8221; css_animation=&#8221;right-to-left&#8221; el_class=&#8221;image_text&#8221; css=&#8221;.vc_custom_1549286800436{padding-top: 3% !important;}&#8221; title=&#8221;RCP 48 CU z\u0142\u0105cza&#8221;][\/vc_column_inner][\/vc_row_inner][vc_row_inner][vc_column_inner][vc_toggle title=&#8221;Opis produktu (rozwi\u0144\/zwi\u0144)&#8221; style=&#8221;simple&#8221; color=&#8221;green&#8221; [&hellip;]<\/p>\n","protected":false},"author":5,"featured_media":0,"parent":1607,"menu_order":0,"comment_status":"closed","ping_status":"closed","template":"page-full-width.php","meta":{"footnotes":""},"class_list":["post-1743","page","type-page","status-publish","hentry"],"yoast_head":"<!-- This site is optimized with the Yoast SEO plugin v27.3 - https:\/\/yoast.com\/product\/yoast-seo-wordpress\/ -->\n<title>RCP48CU &#8211; konwerter (USB) do kart stykowych CHIP - LEPSON<\/title>\n<meta name=\"robots\" content=\"index, follow, max-snippet:-1, max-image-preview:large, max-video-preview:-1\" \/>\n<link rel=\"canonical\" href=\"https:\/\/lepson.pl\/index.php\/rcp-i-kd-2-2\/rcp-48-cu\/\" \/>\n<meta property=\"og:locale\" content=\"pl_PL\" \/>\n<meta property=\"og:type\" content=\"article\" \/>\n<meta property=\"og:title\" content=\"RCP48CU &#8211; konwerter (USB) do kart stykowych CHIP - LEPSON\" \/>\n<meta property=\"og:description\" content=\"[vc_row parallax=&#8221;content-moving&#8221; css=&#8221;.vc_custom_1549287027933{padding-top: 3% !important;padding-right: 12% !important;padding-left: 12% !important;background-color: #ffffff !important;background-position: center;background-repeat: no-repeat !important;background-size: cover !important;}&#8221;][vc_column][vc_row_inner][vc_column_inner width=&#8221;1\/2&#8243;][vc_column_text] RCP48CU Konwerter USB do kart stykowych CHIP [\/vc_column_text][\/vc_column_inner][vc_column_inner width=&#8221;1\/4&#8243;][vc_single_image image=&#8221;1750&#8243; img_size=&#8221;large&#8221; add_caption=&#8221;yes&#8221; alignment=&#8221;center&#8221; onclick=&#8221;link_image&#8221; css_animation=&#8221;left-to-right&#8221; el_class=&#8221;image_text&#8221; title=&#8221;RCP 48 CU&#8221;][\/vc_column_inner][vc_column_inner width=&#8221;1\/4&#8243;][vc_single_image image=&#8221;1749&#8243; img_size=&#8221;large&#8221; alignment=&#8221;center&#8221; onclick=&#8221;link_image&#8221; css_animation=&#8221;right-to-left&#8221; el_class=&#8221;image_text&#8221; css=&#8221;.vc_custom_1549286800436{padding-top: 3% !important;}&#8221; title=&#8221;RCP 48 CU z\u0142\u0105cza&#8221;][\/vc_column_inner][\/vc_row_inner][vc_row_inner][vc_column_inner][vc_toggle title=&#8221;Opis produktu (rozwi\u0144\/zwi\u0144)&#8221; style=&#8221;simple&#8221; color=&#8221;green&#8221; [&hellip;]\" \/>\n<meta property=\"og:url\" content=\"https:\/\/lepson.pl\/index.php\/rcp-i-kd-2-2\/rcp-48-cu\/\" \/>\n<meta property=\"og:site_name\" content=\"LEPSON\" \/>\n<meta property=\"article:modified_time\" content=\"2023-04-26T08:34:57+00:00\" \/>\n<meta property=\"og:image\" content=\"https:\/\/lepson.pl\/wp-content\/uploads\/2017\/01\/ic_done.png\" \/>\n<meta name=\"twitter:card\" content=\"summary_large_image\" \/>\n<meta name=\"twitter:label1\" content=\"Szacowany czas czytania\" \/>\n\t<meta name=\"twitter:data1\" content=\"4 minuty\" \/>\n<script type=\"application\/ld+json\" class=\"yoast-schema-graph\">{\"@context\":\"https:\\\/\\\/schema.org\",\"@graph\":[{\"@type\":\"WebPage\",\"@id\":\"https:\\\/\\\/lepson.pl\\\/index.php\\\/rcp-i-kd-2-2\\\/rcp-48-cu\\\/\",\"url\":\"https:\\\/\\\/lepson.pl\\\/index.php\\\/rcp-i-kd-2-2\\\/rcp-48-cu\\\/\",\"name\":\"RCP48CU &#8211; konwerter (USB) do kart stykowych CHIP - LEPSON\",\"isPartOf\":{\"@id\":\"https:\\\/\\\/lepson.pl\\\/#website\"},\"primaryImageOfPage\":{\"@id\":\"https:\\\/\\\/lepson.pl\\\/index.php\\\/rcp-i-kd-2-2\\\/rcp-48-cu\\\/#primaryimage\"},\"image\":{\"@id\":\"https:\\\/\\\/lepson.pl\\\/index.php\\\/rcp-i-kd-2-2\\\/rcp-48-cu\\\/#primaryimage\"},\"thumbnailUrl\":\"https:\\\/\\\/lepson.pl\\\/wp-content\\\/uploads\\\/2017\\\/01\\\/ic_done.png\",\"datePublished\":\"2018-01-07T20:36:44+00:00\",\"dateModified\":\"2023-04-26T08:34:57+00:00\",\"breadcrumb\":{\"@id\":\"https:\\\/\\\/lepson.pl\\\/index.php\\\/rcp-i-kd-2-2\\\/rcp-48-cu\\\/#breadcrumb\"},\"inLanguage\":\"pl-PL\",\"potentialAction\":[{\"@type\":\"ReadAction\",\"target\":[\"https:\\\/\\\/lepson.pl\\\/index.php\\\/rcp-i-kd-2-2\\\/rcp-48-cu\\\/\"]}]},{\"@type\":\"ImageObject\",\"inLanguage\":\"pl-PL\",\"@id\":\"https:\\\/\\\/lepson.pl\\\/index.php\\\/rcp-i-kd-2-2\\\/rcp-48-cu\\\/#primaryimage\",\"url\":\"https:\\\/\\\/lepson.pl\\\/wp-content\\\/uploads\\\/2017\\\/01\\\/ic_done.png\",\"contentUrl\":\"https:\\\/\\\/lepson.pl\\\/wp-content\\\/uploads\\\/2017\\\/01\\\/ic_done.png\",\"width\":40,\"height\":40},{\"@type\":\"BreadcrumbList\",\"@id\":\"https:\\\/\\\/lepson.pl\\\/index.php\\\/rcp-i-kd-2-2\\\/rcp-48-cu\\\/#breadcrumb\",\"itemListElement\":[{\"@type\":\"ListItem\",\"position\":1,\"name\":\"Strona g\u0142\u00f3wna\",\"item\":\"https:\\\/\\\/lepson.pl\\\/\"},{\"@type\":\"ListItem\",\"position\":2,\"name\":\"RCP i KD\",\"item\":\"https:\\\/\\\/lepson.pl\\\/index.php\\\/rcp-i-kd-2-2\\\/\"},{\"@type\":\"ListItem\",\"position\":3,\"name\":\"RCP48CU &#8211; konwerter (USB) do kart stykowych CHIP\"}]},{\"@type\":\"WebSite\",\"@id\":\"https:\\\/\\\/lepson.pl\\\/#website\",\"url\":\"https:\\\/\\\/lepson.pl\\\/\",\"name\":\"LEPSON\",\"description\":\"- rejestracja ewidencja czasu pracy\",\"potentialAction\":[{\"@type\":\"SearchAction\",\"target\":{\"@type\":\"EntryPoint\",\"urlTemplate\":\"https:\\\/\\\/lepson.pl\\\/?s={search_term_string}\"},\"query-input\":{\"@type\":\"PropertyValueSpecification\",\"valueRequired\":true,\"valueName\":\"search_term_string\"}}],\"inLanguage\":\"pl-PL\"}]}<\/script>\n<!-- \/ Yoast SEO plugin. -->","yoast_head_json":{"title":"RCP48CU &#8211; konwerter (USB) do kart stykowych CHIP - LEPSON","robots":{"index":"index","follow":"follow","max-snippet":"max-snippet:-1","max-image-preview":"max-image-preview:large","max-video-preview":"max-video-preview:-1"},"canonical":"https:\/\/lepson.pl\/index.php\/rcp-i-kd-2-2\/rcp-48-cu\/","og_locale":"pl_PL","og_type":"article","og_title":"RCP48CU &#8211; konwerter (USB) do kart stykowych CHIP - LEPSON","og_description":"[vc_row parallax=&#8221;content-moving&#8221; css=&#8221;.vc_custom_1549287027933{padding-top: 3% !important;padding-right: 12% !important;padding-left: 12% !important;background-color: #ffffff !important;background-position: center;background-repeat: no-repeat !important;background-size: cover !important;}&#8221;][vc_column][vc_row_inner][vc_column_inner width=&#8221;1\/2&#8243;][vc_column_text] RCP48CU Konwerter USB do kart stykowych CHIP [\/vc_column_text][\/vc_column_inner][vc_column_inner width=&#8221;1\/4&#8243;][vc_single_image image=&#8221;1750&#8243; img_size=&#8221;large&#8221; add_caption=&#8221;yes&#8221; alignment=&#8221;center&#8221; onclick=&#8221;link_image&#8221; css_animation=&#8221;left-to-right&#8221; el_class=&#8221;image_text&#8221; title=&#8221;RCP 48 CU&#8221;][\/vc_column_inner][vc_column_inner width=&#8221;1\/4&#8243;][vc_single_image image=&#8221;1749&#8243; img_size=&#8221;large&#8221; alignment=&#8221;center&#8221; onclick=&#8221;link_image&#8221; css_animation=&#8221;right-to-left&#8221; el_class=&#8221;image_text&#8221; css=&#8221;.vc_custom_1549286800436{padding-top: 3% !important;}&#8221; title=&#8221;RCP 48 CU z\u0142\u0105cza&#8221;][\/vc_column_inner][\/vc_row_inner][vc_row_inner][vc_column_inner][vc_toggle title=&#8221;Opis produktu (rozwi\u0144\/zwi\u0144)&#8221; style=&#8221;simple&#8221; color=&#8221;green&#8221; [&hellip;]","og_url":"https:\/\/lepson.pl\/index.php\/rcp-i-kd-2-2\/rcp-48-cu\/","og_site_name":"LEPSON","article_modified_time":"2023-04-26T08:34:57+00:00","og_image":[{"url":"https:\/\/lepson.pl\/wp-content\/uploads\/2017\/01\/ic_done.png","type":"","width":"","height":""}],"twitter_card":"summary_large_image","twitter_misc":{"Szacowany czas czytania":"4 minuty"},"schema":{"@context":"https:\/\/schema.org","@graph":[{"@type":"WebPage","@id":"https:\/\/lepson.pl\/index.php\/rcp-i-kd-2-2\/rcp-48-cu\/","url":"https:\/\/lepson.pl\/index.php\/rcp-i-kd-2-2\/rcp-48-cu\/","name":"RCP48CU &#8211; konwerter (USB) do kart stykowych CHIP - LEPSON","isPartOf":{"@id":"https:\/\/lepson.pl\/#website"},"primaryImageOfPage":{"@id":"https:\/\/lepson.pl\/index.php\/rcp-i-kd-2-2\/rcp-48-cu\/#primaryimage"},"image":{"@id":"https:\/\/lepson.pl\/index.php\/rcp-i-kd-2-2\/rcp-48-cu\/#primaryimage"},"thumbnailUrl":"https:\/\/lepson.pl\/wp-content\/uploads\/2017\/01\/ic_done.png","datePublished":"2018-01-07T20:36:44+00:00","dateModified":"2023-04-26T08:34:57+00:00","breadcrumb":{"@id":"https:\/\/lepson.pl\/index.php\/rcp-i-kd-2-2\/rcp-48-cu\/#breadcrumb"},"inLanguage":"pl-PL","potentialAction":[{"@type":"ReadAction","target":["https:\/\/lepson.pl\/index.php\/rcp-i-kd-2-2\/rcp-48-cu\/"]}]},{"@type":"ImageObject","inLanguage":"pl-PL","@id":"https:\/\/lepson.pl\/index.php\/rcp-i-kd-2-2\/rcp-48-cu\/#primaryimage","url":"https:\/\/lepson.pl\/wp-content\/uploads\/2017\/01\/ic_done.png","contentUrl":"https:\/\/lepson.pl\/wp-content\/uploads\/2017\/01\/ic_done.png","width":40,"height":40},{"@type":"BreadcrumbList","@id":"https:\/\/lepson.pl\/index.php\/rcp-i-kd-2-2\/rcp-48-cu\/#breadcrumb","itemListElement":[{"@type":"ListItem","position":1,"name":"Strona g\u0142\u00f3wna","item":"https:\/\/lepson.pl\/"},{"@type":"ListItem","position":2,"name":"RCP i KD","item":"https:\/\/lepson.pl\/index.php\/rcp-i-kd-2-2\/"},{"@type":"ListItem","position":3,"name":"RCP48CU &#8211; konwerter (USB) do kart stykowych CHIP"}]},{"@type":"WebSite","@id":"https:\/\/lepson.pl\/#website","url":"https:\/\/lepson.pl\/","name":"LEPSON","description":"- rejestracja ewidencja czasu pracy","potentialAction":[{"@type":"SearchAction","target":{"@type":"EntryPoint","urlTemplate":"https:\/\/lepson.pl\/?s={search_term_string}"},"query-input":{"@type":"PropertyValueSpecification","valueRequired":true,"valueName":"search_term_string"}}],"inLanguage":"pl-PL"}]}},"_links":{"self":[{"href":"https:\/\/lepson.pl\/index.php\/wp-json\/wp\/v2\/pages\/1743","targetHints":{"allow":["GET"]}}],"collection":[{"href":"https:\/\/lepson.pl\/index.php\/wp-json\/wp\/v2\/pages"}],"about":[{"href":"https:\/\/lepson.pl\/index.php\/wp-json\/wp\/v2\/types\/page"}],"author":[{"embeddable":true,"href":"https:\/\/lepson.pl\/index.php\/wp-json\/wp\/v2\/users\/5"}],"replies":[{"embeddable":true,"href":"https:\/\/lepson.pl\/index.php\/wp-json\/wp\/v2\/comments?post=1743"}],"version-history":[{"count":23,"href":"https:\/\/lepson.pl\/index.php\/wp-json\/wp\/v2\/pages\/1743\/revisions"}],"predecessor-version":[{"id":3632,"href":"https:\/\/lepson.pl\/index.php\/wp-json\/wp\/v2\/pages\/1743\/revisions\/3632"}],"up":[{"embeddable":true,"href":"https:\/\/lepson.pl\/index.php\/wp-json\/wp\/v2\/pages\/1607"}],"wp:attachment":[{"href":"https:\/\/lepson.pl\/index.php\/wp-json\/wp\/v2\/media?parent=1743"}],"curies":[{"name":"wp","href":"https:\/\/api.w.org\/{rel}","templated":true}]}}