{"id":1660,"date":"2017-12-02T15:57:54","date_gmt":"2017-12-02T15:57:54","guid":{"rendered":"https:\/\/lepson.pl\/?page_id=1660"},"modified":"2023-04-26T08:34:13","modified_gmt":"2023-04-26T08:34:13","slug":"rcp-68-c","status":"publish","type":"page","link":"https:\/\/lepson.pl\/index.php\/rcp-i-kd-2-2\/rcp-68-c\/","title":{"rendered":"RCP68C &#8211; czytnik identyfikator\u00f3w stykowych &#8211; kart chipowych"},"content":{"rendered":"<div class=\"wpb-content-wrapper\"><p>[vc_row parallax=&#8221;content-moving&#8221; css=&#8221;.vc_custom_1549025952535{background-color: #ffffff !important;background-position: center;background-repeat: no-repeat !important;background-size: cover !important;}&#8221;][vc_column][vc_row_inner css=&#8221;.vc_custom_1549026360835{padding-top: 3% !important;padding-right: 12% !important;padding-left: 12% !important;}&#8221;][vc_column_inner width=&#8221;1\/2&#8243;][vc_column_text]<\/p>\n<h1>RCP68C<\/h1>\n<h2>Czytnik do identyfikator\u00f3w stykowych &#8211; kart chipowych<\/h2>\n<p>[\/vc_column_text][\/vc_column_inner][vc_column_inner width=&#8221;1\/4&#8243;][vc_single_image image=&#8221;1683&#8243; img_size=&#8221;large&#8221; add_caption=&#8221;yes&#8221; alignment=&#8221;center&#8221; onclick=&#8221;link_image&#8221; css_animation=&#8221;right-to-left&#8221; el_class=&#8221;image_text&#8221; css=&#8221;.vc_custom_1549027992633{padding-top: 12% !important;}&#8221; title=&#8221;RCP 68C&#8221;][\/vc_column_inner][vc_column_inner width=&#8221;1\/4&#8243;][vc_single_image image=&#8221;787&#8243; img_size=&#8221;large&#8221; add_caption=&#8221;yes&#8221; alignment=&#8221;center&#8221; onclick=&#8221;link_image&#8221; css_animation=&#8221;left-to-right&#8221; el_class=&#8221;image_text&#8221; title=&#8221;Zestaw RCP 68C (pude\u0142ko)&#8221;][\/vc_column_inner][\/vc_row_inner][vc_row_inner css=&#8221;.vc_custom_1549026066371{padding-right: 12% !important;padding-left: 12% !important;}&#8221;][vc_column_inner][vc_toggle title=&#8221;Opis produktu (rozwi\u0144\/zwi\u0144)&#8221; style=&#8221;simple&#8221; color=&#8221;green&#8221; size=&#8221;lg&#8221; el_id=&#8221;1545988731560-5243cbea-d0ac&#8221;]<span style=\"font-size: 12pt;\">Czytnik RCP68C obs\u0142uguje identyfikatory stykowe ( elektroniczne karty pami\u0119ciowe &#8211; &#8222;chipowe&#8221;) i jest przeznaczony do pracy w systemie rejestracji czasu pracy i kontroli dost\u0119pu RCPX8 (przyk\u0142adowy schemat w instrukcji obs\u0142ugi). Czytnik RCP68C przeznaczony jest do rejestrowania zdarze\u0144 wej\u015bcia \/ wyj\u015bcia \/ wyj\u015bcia s\u0142u\u017cbowego oraz kontroli dost\u0119pu do urz\u0105dze\u0144 i pomieszcze\u0144.<\/span><\/p>\n<p><span style=\"font-size: 12pt;\">Ka\u017cde zdarzenie WE \/ WY jest zapisywane w pami\u0119ci czytnika. Na \u017c\u0105danie dane z czytnika przekazywane s\u0105 magistral\u0105 szeregow\u0105 do komputera. Czytnik kart elektronicznych mo\u017ce r\u00f3wnie\u017c pracowa\u0107 poza sieci\u0105 systemu RCPX8 (praca autonomiczna) i rejestrowa\u0107 zachodz\u0105ce zdarzenia. Mo\u017cliwe jest to dzi\u0119ki zapisanej w pami\u0119ci czytnika konfiguracji, tablicy praw dost\u0119pu dla poszczeg\u00f3lnych pracownik\u00f3w oraz wewn\u0119trznemu zegarowi czasu podtrzymywanego bateri\u0105. W takim przypadku potrzebny jest kontakt z komputerem jedynie na czas w\u0142a\u015bciwego skonfigurowania czytnika.<\/span>[\/vc_toggle][vc_toggle title=&#8221;Zasada dzia\u0142ania (rozwi\u0144\/zwi\u0144)&#8221; style=&#8221;simple&#8221; color=&#8221;green&#8221; size=&#8221;lg&#8221; el_id=&#8221;1545988865207-ac7e06bb-d490&#8243;]<span style=\"font-size: 12pt;\">Wsuniecie w specjalny otw\u00f3r szczelinowy w czytniku (miejsce na obudowie okre\u015blone charakterystyczn\u0105 grafik\u0105) uprawnionego identyfikatora powoduje zarejestrowanie w pami\u0119ci czytnika zdarzenia. Czytniki kontroluj\u0105 dost\u0119p do pomieszcze\u0144 uruchamiaj\u0105c np. zamek elektryczny. Nieulotna pami\u0119\u0107 umo\u017cliwia zapisanie oko\u0142o 40 ty\u015b. zdarze\u0144. Zapisane zdarzenia s\u0105 analizowane przez program komputerowy jako zdarzenia RCP (czas pracy) lub KD (kontrola dost\u0119pu) &#8211; w zale\u017cno\u015bci jak czytnik zosta\u0142 skonfigurowany. \u015acianka czo\u0142owa czytnika wyposa\u017cona jest w trzy klawiszow\u0105 klawiatur\u0119, trzy kontrolki sygnalizacyjne , czteroznakowy wy\u015bwietlacz oraz oznakowany otw\u00f3r szczelinowy w kt\u00f3ry nale\u017cy wsun\u0105\u0107 identyfikator stykowy (kart\u0119) w celu zarejestrowania zdarzenia. Naciskaj\u0105c odpowiedni klawisz okre\u015blamy jakie zdarzenie chcemy zarejestrowa\u0107 (czytnik mo\u017cna ustawi\u0107 do pracy bez konieczno\u015bci u\u017cywania klawiatury), wy\u015bwietlacz pokazuje aktualn\u0105 dat\u0119 i godzin\u0119, a w momencie rejestrowania zdarzenia, numer pracownika.<\/span>[\/vc_toggle][vc_toggle title=&#8221;Dane techniczne (rozwi\u0144\/zwi\u0144)&#8221; style=&#8221;simple&#8221; color=&#8221;green&#8221; size=&#8221;lg&#8221; el_id=&#8221;1545988911983-8048ba54-7820&#8243;]<\/p>\n<div class=\"row vc_row wpb_row vc_inner vc_row-fluid vc_custom_1488384123488\">\n<div class=\"wpb_column vc_column_container vc_col-sm-12 vc_col-has-fill\">\n<div class=\"vc_column-inner vc_custom_1485606795783\">\n<div class=\"wpb_wrapper\">\n<div class=\"wpb_raw_code wpb_content_element wpb_raw_html\">\n<div class=\"wpb_wrapper\">\n<div class=\"tg-wrap\">\n<table border=\"0\" width=\"100%\" cellspacing=\"0\" cellpadding=\"0\">\n<tbody>\n<tr>\n<td><span style=\"font-size: 12pt;\">Napi\u0119cie zasilania:<\/span><\/td>\n<td style=\"text-align: right;\"><span style=\"font-size: 12pt;\">12V DC (10 \u00f7 15V)<\/span><\/td>\n<\/tr>\n<tr>\n<td><span style=\"font-size: 12pt;\">Pob\u00f3r pr\u0105du:<\/span><\/td>\n<td style=\"text-align: right;\"><span style=\"font-size: 12pt;\">60mA<\/span><\/td>\n<\/tr>\n<tr>\n<td><span style=\"font-size: 12pt;\">Temperatura pracy:<\/span><\/td>\n<td style=\"text-align: right;\"><span style=\"font-size: 12pt;\">-20\u00b0C do +40\u00b0C<\/span><\/td>\n<\/tr>\n<tr>\n<td><span style=\"font-size: 12pt;\">Wilgotno\u015b\u0107 wzgl\u0119dna:<\/span><\/td>\n<td style=\"text-align: right;\"><span style=\"font-size: 12pt;\">do 80% przy 40\u00b0C<\/span><\/td>\n<\/tr>\n<tr>\n<td><span style=\"font-size: 12pt;\">Wyj\u015bcie RYG:<\/span><\/td>\n<td style=\"text-align: right;\"><span style=\"font-size: 12pt;\">12V DC &#8211; 1A max<\/span><\/td>\n<\/tr>\n<tr>\n<td><span style=\"font-size: 12pt;\">Czas sterowania RYG<\/span><\/td>\n<td style=\"text-align: right;\"><span style=\"font-size: 12pt;\">od 0 do 30 sek<\/span><\/td>\n<\/tr>\n<tr>\n<td><span style=\"font-size: 12pt;\">Pojemno\u015b\u0107 pami\u0119ci zdarze\u0144:<\/span><\/td>\n<td style=\"text-align: right;\"><span style=\"font-size: 12pt;\">40 ty\u015b.<\/span><\/td>\n<\/tr>\n<tr>\n<td style=\"text-align: left;\"><span style=\"font-size: 12pt;\">Ilo\u015b\u0107 obs\u0142ugiwanych identyfikator\u00f3w w systemie:<\/span><\/td>\n<td style=\"text-align: right;\"><span style=\"font-size: 12pt;\">999 szt.<\/span><\/td>\n<\/tr>\n<tr>\n<td><span style=\"font-size: 12pt;\">Transmisja danych do PC:<\/span><\/td>\n<td style=\"text-align: right;\"><span style=\"font-size: 12pt;\">RS-485<\/span><\/td>\n<\/tr>\n<tr>\n<td><span style=\"font-size: 12pt;\">Bateria (podtrzymanie zegara):<\/span><\/td>\n<td style=\"text-align: right;\"><span style=\"font-size: 12pt;\">3V (np. CR 2032)<\/span><\/td>\n<\/tr>\n<tr>\n<td><span style=\"font-size: 12pt;\">Wy\u015bwietlacz:<\/span><\/td>\n<td style=\"text-align: right;\"><span style=\"font-size: 12pt;\">LED, 4 znaki po 7 segment\u00f3wi<\/span><\/td>\n<\/tr>\n<tr>\n<td><span style=\"font-size: 12pt;\">Klawiatura<\/span><\/td>\n<td style=\"text-align: right;\"><span style=\"font-size: 12pt;\">stykowa, 3 klawisze<\/span><\/td>\n<\/tr>\n<tr>\n<td><span style=\"font-size: 12pt;\">Wska\u017aniki:<\/span><\/td>\n<td style=\"text-align: right;\"><span style=\"font-size: 12pt;\">1 dioda LED, sygnalizator akustyczny<\/span><br \/>\n<span style=\"font-size: 12pt;\">Tr\u00f3jpisk &#8211; potwierdzenie wpisu zdarzenia<\/span><br \/>\n<span style=\"font-size: 12pt;\">Pisk przerywany &#8211; na czas sterowania RYG<\/span><br \/>\n<span style=\"font-size: 12pt;\">LED czerwony &#8211; wyj\u015bcie<\/span><br \/>\n<span style=\"font-size: 12pt;\">LED zielony &#8211; wej\u015bcie<\/span><br \/>\n<span style=\"font-size: 12pt;\">LED \u017c\u00f3\u0142ty &#8211; wyj\u015bcie s\u0142u\u017cbowe<\/span><\/td>\n<\/tr>\n<tr>\n<td><span style=\"font-size: 12pt;\">Dok\u0142adno\u015b\u0107 zegara czasu rzeczywistego:<\/span><\/td>\n<td style=\"text-align: right;\"><span style=\"font-size: 12pt;\">\u00b1 3 min\/m-c (w warunkach stabilnych)<\/span><\/td>\n<\/tr>\n<tr>\n<td><span style=\"font-size: 12pt;\">Masa:<\/span><\/td>\n<td style=\"text-align: right;\"><span style=\"font-size: 12pt;\">600g \u00b1 10g<\/span><\/td>\n<\/tr>\n<tr>\n<td><span style=\"font-size: 12pt;\">Obudowa:<\/span><\/td>\n<td style=\"text-align: right;\"><span style=\"font-size: 12pt;\">metalowa, malowana proszkowo<\/span><\/td>\n<\/tr>\n<tr>\n<td><span style=\"font-size: 12pt;\">Wymiary:<\/span><\/td>\n<td style=\"text-align: right;\"><span style=\"font-size: 12pt;\">100 x 145 x 37 mm<\/span><\/td>\n<\/tr>\n<\/tbody>\n<\/table>\n<\/div>\n<\/div>\n<\/div>\n<\/div>\n<\/div>\n<\/div>\n<\/div>\n<p>[\/vc_toggle][vc_toggle title=&#8221;Budowa (rozwi\u0144\/zwi\u0144)&#8221; style=&#8221;simple&#8221; color=&#8221;green&#8221; size=&#8221;lg&#8221; el_id=&#8221;1545988822851-22061ddc-0976&#8243;]Czytnik RCP68C posiada zwart\u0105 metalow\u0105 obudow\u0119, przystosowan\u0105 do zawieszenia na \u015bcianie. Otwarcie przymocowanego urz\u0105dzenia, mo\u017cliwe jest tylko przy pomocy klucza. Czytnik wyposa\u017cony jest w elektroniczny uk\u0142ad mikroprocesorowy. Posiada wbudowany niezale\u017cny zegar czasu z podtrzymaniem zasilania.[\/vc_toggle][vc_toggle title=&#8221;Pod\u0142\u0105czenie (rozwi\u0144\/zwi\u0144)&#8221; style=&#8221;simple&#8221; color=&#8221;green&#8221; size=&#8221;lg&#8221; el_id=&#8221;1545989053187-207746bd-4127&#8243;]<span style=\"font-size: 12pt;\">1. +12V &#8211; zasilanie czytnika ( + )<img fetchpriority=\"high\" decoding=\"async\" class=\"alignright\" src=\"https:\/\/lepson.pl\/wp-content\/uploads\/2017\/12\/rcp68c_podlaczanie-300x255.jpg\" alt=\"\" width=\"400\" height=\"340\" \/><\/span><br \/>\n<span style=\"font-size: 12pt;\">2. -12V &#8211; zasilanie czytnika ( &#8211; )<\/span><br \/>\n<span style=\"font-size: 12pt;\">3. RYG &#8211; wyj\u015bcie do sterowania zaczepem elektromagnetycznym (zamkiem elektr.), przeka\u017anikiem, itp.<\/span><br \/>\n<span style=\"font-size: 12pt;\">4. OTW &#8211; wej\u015bcie zewn\u0119trznego przycisku otwierania drzwi<\/span><br \/>\n<span style=\"font-size: 12pt;\">5. A &#8211; pod\u0142\u0105czenie przewod\u00f3w linii RS485<\/span><br \/>\n<span style=\"font-size: 12pt;\">6. B &#8211; pod\u0142\u0105czenie przewod\u00f3w linii RS485<\/span><\/p>\n<p>[\/vc_toggle][vc_toggle title=&#8221;Pliki i dokumenty (rozwi\u0144\/zwi\u0144)&#8221; style=&#8221;simple&#8221; color=&#8221;green&#8221; size=&#8221;lg&#8221; el_id=&#8221;1545988961575-58592185-3d2f&#8221;]<span style=\"color: #000000;\"><img decoding=\"async\" src=\"https:\/\/lepson.pl\/wp-content\/uploads\/2017\/01\/ic_done.png\" width=\"20\" height=\"20\" \/><strong> Czytnik RCP68C do kart elektronicznych (&#8222;chip&#8221;) &#8211; <a href=\"https:\/\/lepson.pl\/files\/file\/PL\/IO\/68-rcp68c-iot-191002.pdf\" target=\"_blank\" rel=\"noopener\">instrukcja obs\u0142ugi, informacja techniczna (pdf)<\/a><\/strong><\/span><\/p>\n<p><span style=\"color: #000000;\"><img decoding=\"async\" src=\"https:\/\/lepson.pl\/wp-content\/uploads\/2017\/01\/ic_done.png\" width=\"20\" height=\"20\" \/><strong> Czytnik RCP68C do kart elektronicznych (&#8222;chip&#8221;) &#8211; <a href=\"https:\/\/lepson.pl\/files\/file\/PL\/KK\/68-rcp68c-kk-110929.pdf\" target=\"_blank\" rel=\"noopener\">karta katalogowa (pdf)<\/a><\/strong><\/span><\/p>\n<p><span style=\"color: #000000;\"><img decoding=\"async\" src=\"https:\/\/lepson.pl\/wp-content\/uploads\/2017\/01\/ic_done.png\" width=\"20\" height=\"20\" \/><a href=\"https:\/\/lepson.pl\/files\/file\/PL\/IO\/68-konfiguracja-konwertera-68ls-120210.pdf\" target=\"_blank\" rel=\"noopener\"><strong> Instrukcja konfigurowania konwertera 68LS w systemie RCPX8 (pdf)<\/strong><\/a><\/span><\/p>\n<p><span style=\"color: #000000;\"><img decoding=\"async\" src=\"https:\/\/lepson.pl\/wp-content\/uploads\/2017\/01\/ic_done.png\" width=\"20\" height=\"20\" \/><a href=\"https:\/\/lepson.pl\/files\/file\/PL\/IO\/58-instrukcja-instalacji-adaptera-rs232-090819.pdf\" target=\"_blank\" rel=\"noopener\"><strong> Instrukcja instalacji sterownik\u00f3w adaptera RS232&lt;-&gt;USB (pdf)<\/strong><\/a><\/span><\/p>\n<p><span style=\"color: #000000;\"><img decoding=\"async\" src=\"https:\/\/lepson.pl\/wp-content\/uploads\/2017\/01\/ic_done.png\" width=\"20\" height=\"20\" \/><a href=\"https:\/\/lepson.pl\/files\/file\/PL\/IO\/58-rcpx8system-io-181010.pdf\" target=\"_blank\" rel=\"noopener\"><strong> Instukcja obs\u0142ugi systemu RCPX8 (pdf)<\/strong><\/a><\/span><\/p>\n<p><span style=\"color: #000000;\"><img decoding=\"async\" src=\"https:\/\/lepson.pl\/wp-content\/uploads\/2017\/01\/ic_done.png\" width=\"20\" height=\"20\" \/><a href=\"https:\/\/lepson.pl\/files\/file\/PL\/IO\/RCPX8-instrukcja-wstepnego-uruchamiania-190130.pdf\" target=\"_blank\" rel=\"noopener\"><strong> Instrukcja wst\u0119pnego uruchamiania systemu RCPX8 (pdf)<\/strong><\/a><\/span>[\/vc_toggle][\/vc_column_inner][\/vc_row_inner][\/vc_column][\/vc_row][vc_row content_placement=&#8221;top&#8221; css=&#8221;.vc_custom_1549025999590{background-position: center !important;background-repeat: no-repeat !important;background-size: cover !important;}&#8221;][vc_column][vc_row_inner css=&#8221;.vc_custom_1485612616667{padding-top: 6% !important;padding-right: 12% !important;padding-bottom: 6% !important;padding-left: 12% !important;}&#8221;][vc_column_inner width=&#8221;1\/4&#8243;][vc_column_text]<a href=\"mailto:biuro@lepson.pl\">biuro@lepson.pl<\/a><br \/>\n<a href=\"mailto:rcp@lep.pl\">rcp@lepson.pl<\/a> (pomoc techniczna)[\/vc_column_text][\/vc_column_inner][vc_column_inner width=&#8221;1\/4&#8243;][vc_column_text](32) 754 54 54<br \/>\n(32) 754 54 55[\/vc_column_text][\/vc_column_inner][vc_column_inner width=&#8221;1\/4&#8243;][vc_column_text]<a href=\"https:\/\/goo.gl\/maps\/2HeA81byii52\" target=\"_blank\" rel=\"noopener noreferrer\">Wsp\u00f3lna 9, <\/a><a href=\"https:\/\/goo.gl\/maps\/2HeA81byii52\">32-300, Olkusz<br \/>\n<\/a> NIP: 6372182383[\/vc_column_text][\/vc_column_inner][vc_column_inner width=&#8221;1\/4&#8243;][\/vc_column_inner][\/vc_row_inner][\/vc_column][\/vc_row]<\/p>\n<\/div>","protected":false},"excerpt":{"rendered":"<p>[vc_row parallax=&#8221;content-moving&#8221; css=&#8221;.vc_custom_1549025952535{background-color: #ffffff !important;background-position: center;background-repeat: no-repeat !important;background-size: cover !important;}&#8221;][vc_column][vc_row_inner css=&#8221;.vc_custom_1549026360835{padding-top: 3% !important;padding-right: 12% !important;padding-left: 12% !important;}&#8221;][vc_column_inner width=&#8221;1\/2&#8243;][vc_column_text] RCP68C Czytnik do identyfikator\u00f3w stykowych &#8211; kart chipowych [\/vc_column_text][\/vc_column_inner][vc_column_inner width=&#8221;1\/4&#8243;][vc_single_image image=&#8221;1683&#8243; img_size=&#8221;large&#8221; add_caption=&#8221;yes&#8221; alignment=&#8221;center&#8221; onclick=&#8221;link_image&#8221; css_animation=&#8221;right-to-left&#8221; el_class=&#8221;image_text&#8221; css=&#8221;.vc_custom_1549027992633{padding-top: 12% !important;}&#8221; title=&#8221;RCP 68C&#8221;][\/vc_column_inner][vc_column_inner width=&#8221;1\/4&#8243;][vc_single_image image=&#8221;787&#8243; img_size=&#8221;large&#8221; add_caption=&#8221;yes&#8221; alignment=&#8221;center&#8221; onclick=&#8221;link_image&#8221; css_animation=&#8221;left-to-right&#8221; el_class=&#8221;image_text&#8221; title=&#8221;Zestaw RCP 68C (pude\u0142ko)&#8221;][\/vc_column_inner][\/vc_row_inner][vc_row_inner css=&#8221;.vc_custom_1549026066371{padding-right: 12% !important;padding-left: [&hellip;]<\/p>\n","protected":false},"author":2,"featured_media":0,"parent":1607,"menu_order":0,"comment_status":"closed","ping_status":"closed","template":"page-full-width.php","meta":{"footnotes":""},"class_list":["post-1660","page","type-page","status-publish","hentry"],"yoast_head":"<!-- This site is optimized with the Yoast SEO plugin v27.3 - https:\/\/yoast.com\/product\/yoast-seo-wordpress\/ -->\n<title>RCP68C &#8211; czytnik identyfikator\u00f3w stykowych &#8211; kart chipowych - LEPSON<\/title>\n<meta name=\"robots\" content=\"index, follow, max-snippet:-1, max-image-preview:large, max-video-preview:-1\" \/>\n<link rel=\"canonical\" href=\"https:\/\/lepson.pl\/index.php\/rcp-i-kd-2-2\/rcp-68-c\/\" \/>\n<meta property=\"og:locale\" content=\"pl_PL\" \/>\n<meta property=\"og:type\" content=\"article\" \/>\n<meta property=\"og:title\" content=\"RCP68C &#8211; czytnik identyfikator\u00f3w stykowych &#8211; kart chipowych - LEPSON\" \/>\n<meta property=\"og:description\" content=\"[vc_row parallax=&#8221;content-moving&#8221; css=&#8221;.vc_custom_1549025952535{background-color: #ffffff !important;background-position: center;background-repeat: no-repeat !important;background-size: cover !important;}&#8221;][vc_column][vc_row_inner css=&#8221;.vc_custom_1549026360835{padding-top: 3% !important;padding-right: 12% !important;padding-left: 12% !important;}&#8221;][vc_column_inner width=&#8221;1\/2&#8243;][vc_column_text] RCP68C Czytnik do identyfikator\u00f3w stykowych &#8211; kart chipowych [\/vc_column_text][\/vc_column_inner][vc_column_inner width=&#8221;1\/4&#8243;][vc_single_image image=&#8221;1683&#8243; img_size=&#8221;large&#8221; add_caption=&#8221;yes&#8221; alignment=&#8221;center&#8221; onclick=&#8221;link_image&#8221; css_animation=&#8221;right-to-left&#8221; el_class=&#8221;image_text&#8221; css=&#8221;.vc_custom_1549027992633{padding-top: 12% !important;}&#8221; title=&#8221;RCP 68C&#8221;][\/vc_column_inner][vc_column_inner width=&#8221;1\/4&#8243;][vc_single_image image=&#8221;787&#8243; img_size=&#8221;large&#8221; add_caption=&#8221;yes&#8221; alignment=&#8221;center&#8221; onclick=&#8221;link_image&#8221; css_animation=&#8221;left-to-right&#8221; el_class=&#8221;image_text&#8221; title=&#8221;Zestaw RCP 68C (pude\u0142ko)&#8221;][\/vc_column_inner][\/vc_row_inner][vc_row_inner css=&#8221;.vc_custom_1549026066371{padding-right: 12% !important;padding-left: [&hellip;]\" \/>\n<meta property=\"og:url\" content=\"https:\/\/lepson.pl\/index.php\/rcp-i-kd-2-2\/rcp-68-c\/\" \/>\n<meta property=\"og:site_name\" content=\"LEPSON\" \/>\n<meta property=\"article:modified_time\" content=\"2023-04-26T08:34:13+00:00\" \/>\n<meta property=\"og:image\" content=\"https:\/\/lepson.pl\/wp-content\/uploads\/2017\/12\/rcp68c_podlaczanie-300x255.jpg\" \/>\n<meta name=\"twitter:card\" content=\"summary_large_image\" \/>\n<meta name=\"twitter:label1\" content=\"Szacowany czas czytania\" \/>\n\t<meta name=\"twitter:data1\" content=\"6 minut\" \/>\n<script type=\"application\/ld+json\" class=\"yoast-schema-graph\">{\"@context\":\"https:\\\/\\\/schema.org\",\"@graph\":[{\"@type\":\"WebPage\",\"@id\":\"https:\\\/\\\/lepson.pl\\\/index.php\\\/rcp-i-kd-2-2\\\/rcp-68-c\\\/\",\"url\":\"https:\\\/\\\/lepson.pl\\\/index.php\\\/rcp-i-kd-2-2\\\/rcp-68-c\\\/\",\"name\":\"RCP68C &#8211; czytnik identyfikator\u00f3w stykowych &#8211; kart chipowych - LEPSON\",\"isPartOf\":{\"@id\":\"https:\\\/\\\/lepson.pl\\\/#website\"},\"primaryImageOfPage\":{\"@id\":\"https:\\\/\\\/lepson.pl\\\/index.php\\\/rcp-i-kd-2-2\\\/rcp-68-c\\\/#primaryimage\"},\"image\":{\"@id\":\"https:\\\/\\\/lepson.pl\\\/index.php\\\/rcp-i-kd-2-2\\\/rcp-68-c\\\/#primaryimage\"},\"thumbnailUrl\":\"https:\\\/\\\/lepson.pl\\\/wp-content\\\/uploads\\\/2017\\\/12\\\/rcp68c_podlaczanie-300x255.jpg\",\"datePublished\":\"2017-12-02T15:57:54+00:00\",\"dateModified\":\"2023-04-26T08:34:13+00:00\",\"breadcrumb\":{\"@id\":\"https:\\\/\\\/lepson.pl\\\/index.php\\\/rcp-i-kd-2-2\\\/rcp-68-c\\\/#breadcrumb\"},\"inLanguage\":\"pl-PL\",\"potentialAction\":[{\"@type\":\"ReadAction\",\"target\":[\"https:\\\/\\\/lepson.pl\\\/index.php\\\/rcp-i-kd-2-2\\\/rcp-68-c\\\/\"]}]},{\"@type\":\"ImageObject\",\"inLanguage\":\"pl-PL\",\"@id\":\"https:\\\/\\\/lepson.pl\\\/index.php\\\/rcp-i-kd-2-2\\\/rcp-68-c\\\/#primaryimage\",\"url\":\"https:\\\/\\\/lepson.pl\\\/wp-content\\\/uploads\\\/2017\\\/12\\\/rcp68c_podlaczanie.jpg\",\"contentUrl\":\"https:\\\/\\\/lepson.pl\\\/wp-content\\\/uploads\\\/2017\\\/12\\\/rcp68c_podlaczanie.jpg\",\"width\":632,\"height\":538},{\"@type\":\"BreadcrumbList\",\"@id\":\"https:\\\/\\\/lepson.pl\\\/index.php\\\/rcp-i-kd-2-2\\\/rcp-68-c\\\/#breadcrumb\",\"itemListElement\":[{\"@type\":\"ListItem\",\"position\":1,\"name\":\"Strona g\u0142\u00f3wna\",\"item\":\"https:\\\/\\\/lepson.pl\\\/\"},{\"@type\":\"ListItem\",\"position\":2,\"name\":\"RCP i KD\",\"item\":\"https:\\\/\\\/lepson.pl\\\/index.php\\\/rcp-i-kd-2-2\\\/\"},{\"@type\":\"ListItem\",\"position\":3,\"name\":\"RCP68C &#8211; czytnik identyfikator\u00f3w stykowych &#8211; kart chipowych\"}]},{\"@type\":\"WebSite\",\"@id\":\"https:\\\/\\\/lepson.pl\\\/#website\",\"url\":\"https:\\\/\\\/lepson.pl\\\/\",\"name\":\"LEPSON\",\"description\":\"- rejestracja ewidencja czasu pracy\",\"potentialAction\":[{\"@type\":\"SearchAction\",\"target\":{\"@type\":\"EntryPoint\",\"urlTemplate\":\"https:\\\/\\\/lepson.pl\\\/?s={search_term_string}\"},\"query-input\":{\"@type\":\"PropertyValueSpecification\",\"valueRequired\":true,\"valueName\":\"search_term_string\"}}],\"inLanguage\":\"pl-PL\"}]}<\/script>\n<!-- \/ Yoast SEO plugin. -->","yoast_head_json":{"title":"RCP68C &#8211; czytnik identyfikator\u00f3w stykowych &#8211; kart chipowych - LEPSON","robots":{"index":"index","follow":"follow","max-snippet":"max-snippet:-1","max-image-preview":"max-image-preview:large","max-video-preview":"max-video-preview:-1"},"canonical":"https:\/\/lepson.pl\/index.php\/rcp-i-kd-2-2\/rcp-68-c\/","og_locale":"pl_PL","og_type":"article","og_title":"RCP68C &#8211; czytnik identyfikator\u00f3w stykowych &#8211; kart chipowych - LEPSON","og_description":"[vc_row parallax=&#8221;content-moving&#8221; css=&#8221;.vc_custom_1549025952535{background-color: #ffffff !important;background-position: center;background-repeat: no-repeat !important;background-size: cover !important;}&#8221;][vc_column][vc_row_inner css=&#8221;.vc_custom_1549026360835{padding-top: 3% !important;padding-right: 12% !important;padding-left: 12% !important;}&#8221;][vc_column_inner width=&#8221;1\/2&#8243;][vc_column_text] RCP68C Czytnik do identyfikator\u00f3w stykowych &#8211; kart chipowych [\/vc_column_text][\/vc_column_inner][vc_column_inner width=&#8221;1\/4&#8243;][vc_single_image image=&#8221;1683&#8243; img_size=&#8221;large&#8221; add_caption=&#8221;yes&#8221; alignment=&#8221;center&#8221; onclick=&#8221;link_image&#8221; css_animation=&#8221;right-to-left&#8221; el_class=&#8221;image_text&#8221; css=&#8221;.vc_custom_1549027992633{padding-top: 12% !important;}&#8221; title=&#8221;RCP 68C&#8221;][\/vc_column_inner][vc_column_inner width=&#8221;1\/4&#8243;][vc_single_image image=&#8221;787&#8243; img_size=&#8221;large&#8221; add_caption=&#8221;yes&#8221; alignment=&#8221;center&#8221; onclick=&#8221;link_image&#8221; css_animation=&#8221;left-to-right&#8221; el_class=&#8221;image_text&#8221; title=&#8221;Zestaw RCP 68C (pude\u0142ko)&#8221;][\/vc_column_inner][\/vc_row_inner][vc_row_inner css=&#8221;.vc_custom_1549026066371{padding-right: 12% !important;padding-left: [&hellip;]","og_url":"https:\/\/lepson.pl\/index.php\/rcp-i-kd-2-2\/rcp-68-c\/","og_site_name":"LEPSON","article_modified_time":"2023-04-26T08:34:13+00:00","og_image":[{"url":"https:\/\/lepson.pl\/wp-content\/uploads\/2017\/12\/rcp68c_podlaczanie-300x255.jpg","type":"","width":"","height":""}],"twitter_card":"summary_large_image","twitter_misc":{"Szacowany czas czytania":"6 minut"},"schema":{"@context":"https:\/\/schema.org","@graph":[{"@type":"WebPage","@id":"https:\/\/lepson.pl\/index.php\/rcp-i-kd-2-2\/rcp-68-c\/","url":"https:\/\/lepson.pl\/index.php\/rcp-i-kd-2-2\/rcp-68-c\/","name":"RCP68C &#8211; czytnik identyfikator\u00f3w stykowych &#8211; kart chipowych - LEPSON","isPartOf":{"@id":"https:\/\/lepson.pl\/#website"},"primaryImageOfPage":{"@id":"https:\/\/lepson.pl\/index.php\/rcp-i-kd-2-2\/rcp-68-c\/#primaryimage"},"image":{"@id":"https:\/\/lepson.pl\/index.php\/rcp-i-kd-2-2\/rcp-68-c\/#primaryimage"},"thumbnailUrl":"https:\/\/lepson.pl\/wp-content\/uploads\/2017\/12\/rcp68c_podlaczanie-300x255.jpg","datePublished":"2017-12-02T15:57:54+00:00","dateModified":"2023-04-26T08:34:13+00:00","breadcrumb":{"@id":"https:\/\/lepson.pl\/index.php\/rcp-i-kd-2-2\/rcp-68-c\/#breadcrumb"},"inLanguage":"pl-PL","potentialAction":[{"@type":"ReadAction","target":["https:\/\/lepson.pl\/index.php\/rcp-i-kd-2-2\/rcp-68-c\/"]}]},{"@type":"ImageObject","inLanguage":"pl-PL","@id":"https:\/\/lepson.pl\/index.php\/rcp-i-kd-2-2\/rcp-68-c\/#primaryimage","url":"https:\/\/lepson.pl\/wp-content\/uploads\/2017\/12\/rcp68c_podlaczanie.jpg","contentUrl":"https:\/\/lepson.pl\/wp-content\/uploads\/2017\/12\/rcp68c_podlaczanie.jpg","width":632,"height":538},{"@type":"BreadcrumbList","@id":"https:\/\/lepson.pl\/index.php\/rcp-i-kd-2-2\/rcp-68-c\/#breadcrumb","itemListElement":[{"@type":"ListItem","position":1,"name":"Strona g\u0142\u00f3wna","item":"https:\/\/lepson.pl\/"},{"@type":"ListItem","position":2,"name":"RCP i KD","item":"https:\/\/lepson.pl\/index.php\/rcp-i-kd-2-2\/"},{"@type":"ListItem","position":3,"name":"RCP68C &#8211; czytnik identyfikator\u00f3w stykowych &#8211; kart chipowych"}]},{"@type":"WebSite","@id":"https:\/\/lepson.pl\/#website","url":"https:\/\/lepson.pl\/","name":"LEPSON","description":"- rejestracja ewidencja czasu pracy","potentialAction":[{"@type":"SearchAction","target":{"@type":"EntryPoint","urlTemplate":"https:\/\/lepson.pl\/?s={search_term_string}"},"query-input":{"@type":"PropertyValueSpecification","valueRequired":true,"valueName":"search_term_string"}}],"inLanguage":"pl-PL"}]}},"_links":{"self":[{"href":"https:\/\/lepson.pl\/index.php\/wp-json\/wp\/v2\/pages\/1660","targetHints":{"allow":["GET"]}}],"collection":[{"href":"https:\/\/lepson.pl\/index.php\/wp-json\/wp\/v2\/pages"}],"about":[{"href":"https:\/\/lepson.pl\/index.php\/wp-json\/wp\/v2\/types\/page"}],"author":[{"embeddable":true,"href":"https:\/\/lepson.pl\/index.php\/wp-json\/wp\/v2\/users\/2"}],"replies":[{"embeddable":true,"href":"https:\/\/lepson.pl\/index.php\/wp-json\/wp\/v2\/comments?post=1660"}],"version-history":[{"count":54,"href":"https:\/\/lepson.pl\/index.php\/wp-json\/wp\/v2\/pages\/1660\/revisions"}],"predecessor-version":[{"id":3631,"href":"https:\/\/lepson.pl\/index.php\/wp-json\/wp\/v2\/pages\/1660\/revisions\/3631"}],"up":[{"embeddable":true,"href":"https:\/\/lepson.pl\/index.php\/wp-json\/wp\/v2\/pages\/1607"}],"wp:attachment":[{"href":"https:\/\/lepson.pl\/index.php\/wp-json\/wp\/v2\/media?parent=1660"}],"curies":[{"name":"wp","href":"https:\/\/api.w.org\/{rel}","templated":true}]}}