{"id":1639,"date":"2017-08-16T21:57:50","date_gmt":"2017-08-16T21:57:50","guid":{"rendered":"https:\/\/lepson.pl\/?page_id=1639"},"modified":"2021-09-30T10:22:15","modified_gmt":"2021-09-30T10:22:15","slug":"zapytanie-ofertowe","status":"publish","type":"page","link":"https:\/\/lepson.pl\/index.php\/zapytanie-ofertowe\/","title":{"rendered":"Zapytanie ofertowe"},"content":{"rendered":"<div class=\"wpb-content-wrapper\"><p>[vc_row css=&#8221;.vc_custom_1502575334726{background-color: #ffffff !important;background-position: center !important;background-repeat: no-repeat !important;background-size: cover !important;}&#8221;][vc_column][vc_row_inner css=&#8221;.vc_custom_1550146703803{padding-top: 3% !important;padding-right: 12% !important;padding-left: 12% !important;}&#8221;][vc_column_inner css=&#8221;.vc_custom_1502923545963{padding-right: 12% !important;padding-left: 12% !important;}&#8221;][vc_column_text]<\/p>\n<h2><span style=\"color: #333333;\">Zapytanie ofertowe<\/span><\/h2>\n<p>Dzi\u0119kujemy za zainteresowanie produkowanymi przez nas systemami rejestracji czasu pracy i kontroli dost\u0119pu RCP X8. Produkcj\u0105 system\u00f3w zajmujemy si\u0119 od 2000 roku.<\/p>\n<p>Bardzo ch\u0119tnie przedstawimy Pa\u0144stwu szczeg\u00f3\u0142ow\u0105 ofert\u0119 cenow\u0105 na odpowiedni system po sprecyzowaniu Pa\u0144stwa <span style=\"text-decoration: underline;\">podstawowych<\/span> potrzeb i uzyskaniu kilku informacji.<br \/>\nPo otrzymaniu tych informacji prze\u015blemy Pa\u0144stwu kompletn\u0105 ofert\u0119 cenow\u0105.<\/p>\n<p>Elementy systemu RCP obj\u0119te s\u0105 24 miesi\u0119czn\u0105 gwarancj\u0105. Na \u017cyczenie mo\u017cemy przes\u0142a\u0107 list\u0119 referencyjn\u0105 naszych u\u017cytkownik\u00f3w.[\/vc_column_text]\n<div class=\"wpcf7 no-js\" id=\"wpcf7-f1537-o1\" lang=\"pl-PL\" dir=\"ltr\" data-wpcf7-id=\"1537\">\n<div class=\"screen-reader-response\"><p role=\"status\" aria-live=\"polite\" aria-atomic=\"true\"><\/p> <ul><\/ul><\/div>\n<form action=\"\/index.php\/wp-json\/wp\/v2\/pages\/1639#wpcf7-f1537-o1\" method=\"post\" class=\"wpcf7-form init\" aria-label=\"Formularz kontaktowy\" novalidate=\"novalidate\" data-status=\"init\">\n<fieldset class=\"hidden-fields-container\"><input type=\"hidden\" name=\"_wpcf7\" value=\"1537\" \/><input type=\"hidden\" name=\"_wpcf7_version\" value=\"6.1.5\" \/><input type=\"hidden\" name=\"_wpcf7_locale\" value=\"pl_PL\" \/><input type=\"hidden\" name=\"_wpcf7_unit_tag\" value=\"wpcf7-f1537-o1\" \/><input type=\"hidden\" name=\"_wpcf7_container_post\" value=\"0\" \/><input type=\"hidden\" name=\"_wpcf7_posted_data_hash\" value=\"\" \/><input type=\"hidden\" name=\"_wpcf7_recaptcha_response\" value=\"\" \/>\n<\/fieldset>\n<h4>Dane firmy\n<\/h4>\n<p><b>Imi\u0119 i nazwisko* <span class=\"wpcf7-form-control-wrap\" data-name=\"your-name\"><input size=\"40\" maxlength=\"400\" class=\"wpcf7-form-control wpcf7-text wpcf7-validates-as-required\" aria-required=\"true\" aria-invalid=\"false\" value=\"\" type=\"text\" name=\"your-name\" \/><\/span><\/b>\n<\/p>\n<p><b>Nazwa firmy* <span class=\"wpcf7-form-control-wrap\" data-name=\"your-company-name\"><input size=\"40\" maxlength=\"400\" class=\"wpcf7-form-control wpcf7-text wpcf7-validates-as-required\" aria-required=\"true\" aria-invalid=\"false\" value=\"\" type=\"text\" name=\"your-company-name\" \/><\/span><\/b>\n<\/p>\n<p><b>Adres firmy* <span class=\"wpcf7-form-control-wrap\" data-name=\"your-adress\"><input size=\"40\" maxlength=\"400\" class=\"wpcf7-form-control wpcf7-text wpcf7-validates-as-required\" aria-required=\"true\" aria-invalid=\"false\" value=\"\" type=\"text\" name=\"your-adress\" \/><\/span><\/b>\n<\/p>\n<p><b>Adres email* <span class=\"wpcf7-form-control-wrap\" data-name=\"your-email\"><input size=\"40\" maxlength=\"400\" class=\"wpcf7-form-control wpcf7-email wpcf7-validates-as-required wpcf7-text wpcf7-validates-as-email\" aria-required=\"true\" aria-invalid=\"false\" value=\"\" type=\"email\" name=\"your-email\" \/><\/span><\/b>\n<\/p>\n<p><b>Numer telefonu* <span class=\"wpcf7-form-control-wrap\" data-name=\"your-phone\"><input size=\"40\" maxlength=\"400\" class=\"wpcf7-form-control wpcf7-tel wpcf7-validates-as-required wpcf7-text wpcf7-validates-as-tel\" aria-required=\"true\" aria-invalid=\"false\" value=\"\" type=\"tel\" name=\"your-phone\" \/><\/span><\/b>\n<\/p>\n<hr \/>\n<h4>Pracownicy, budynki, wej\u015bcia\n<\/h4>\n<p><b>Ilu pracownik\u00f3w ma zosta\u0107 obj\u0119tych rejestracj\u0105 czasu pracy?* <span class=\"wpcf7-form-control-wrap\" data-name=\"your-how-many-people\"><input size=\"40\" maxlength=\"400\" class=\"wpcf7-form-control wpcf7-text wpcf7-validates-as-required\" aria-required=\"true\" aria-invalid=\"false\" value=\"\" type=\"text\" name=\"your-how-many-people\" \/><\/span><\/b>\n<\/p>\n<p><b>W ilu budynkach ma by\u0107 prowadzona rejestracja czasu pracy?* <span class=\"wpcf7-form-control-wrap\" data-name=\"your-how-many-buildings\"><input size=\"40\" maxlength=\"400\" class=\"wpcf7-form-control wpcf7-text wpcf7-validates-as-required\" aria-required=\"true\" aria-invalid=\"false\" value=\"\" type=\"text\" name=\"your-how-many-buildings\" \/><\/span><\/b>\n<\/p>\n<p><b>Jaka jest orientacyjna odleg\u0142o\u015b\u0107 mi\u0119dzy budynkami? <span class=\"wpcf7-form-control-wrap\" data-name=\"your-buildings-distance\"><input size=\"40\" maxlength=\"400\" class=\"wpcf7-form-control wpcf7-text\" aria-invalid=\"false\" value=\"\" type=\"text\" name=\"your-buildings-distance\" \/><\/span><\/b>\n<\/p>\n<p><b>Czy budynki s\u0105 po\u0142\u0105czone wewn\u0119trzn\u0105 sieci\u0105 LAN lub czy w danym budynku jest wewn\u0119trzna sie\u0107 LAN (w przypadku jednego budynku)?*<span class=\"wpcf7-form-control-wrap\" data-name=\"menu-535\"><select class=\"wpcf7-form-control wpcf7-select wpcf7-validates-as-required\" aria-required=\"true\" aria-invalid=\"false\" name=\"menu-535\"><option value=\"\">&#8212;Prosz\u0119 wybra\u0107 opcj\u0119&#8212;<\/option><option value=\"TAK\">TAK<\/option><option value=\"NIE\">NIE<\/option><\/select><\/span><\/b>\n<\/p>\n<p><b> Ile jest wej\u015b\u0107 do ka\u017cdego budynku, w kt\u00f3rym ma by\u0107 rejestracja?* <span class=\"wpcf7-form-control-wrap\" data-name=\"your-how-many-entrance\"><input size=\"40\" maxlength=\"400\" class=\"wpcf7-form-control wpcf7-text wpcf7-validates-as-required\" aria-required=\"true\" aria-invalid=\"false\" value=\"\" type=\"text\" name=\"your-how-many-entrance\" \/><\/span><\/b>\n<\/p>\n<p><b>Jaka jest orientacyjna odleg\u0142o\u015b\u0107 mi\u0119dzy wej\u015bciami w ka\u017cdym budynku?* <span class=\"wpcf7-form-control-wrap\" data-name=\"your-entrance-distance\"><input size=\"40\" maxlength=\"400\" class=\"wpcf7-form-control wpcf7-text wpcf7-validates-as-required\" aria-required=\"true\" aria-invalid=\"false\" value=\"\" type=\"text\" name=\"your-entrance-distance\" \/><\/span><\/b>\n<\/p>\n<p><b>Czy czytniki, opr\u00f3cz rejestracji czasu pracy, maj\u0105 r\u00f3wnocze\u015bnie pe\u0142ni\u0107 funkcj\u0119 kontroli dost\u0119pu do firmy?*<span class=\"wpcf7-form-control-wrap\" data-name=\"menu-536\"><select class=\"wpcf7-form-control wpcf7-select wpcf7-validates-as-required\" aria-required=\"true\" aria-invalid=\"false\" name=\"menu-536\"><option value=\"\">&#8212;Prosz\u0119 wybra\u0107 opcj\u0119&#8212;<\/option><option value=\"TAK\">TAK<\/option><option value=\"NIE\">NIE<\/option><option value=\"NIE USTALONO\">NIE USTALONO<\/option><\/select><\/span><\/b>\n<\/p>\n<p><b>Czy maj\u0105 by\u0107 rejestrowane wyj\u015bcia s\u0142u\u017cbowe pracownik\u00f3w?* <span class=\"wpcf7-form-control-wrap\" data-name=\"menu-537\"><select class=\"wpcf7-form-control wpcf7-select wpcf7-validates-as-required\" aria-required=\"true\" aria-invalid=\"false\" name=\"menu-537\"><option value=\"\">&#8212;Prosz\u0119 wybra\u0107 opcj\u0119&#8212;<\/option><option value=\"TAK\">TAK<\/option><option value=\"NIE\">NIE<\/option><option value=\"JESZCZE NIE TERAZ\">JESZCZE NIE TERAZ<\/option><\/select><\/span><\/b>\n<\/p>\n<hr \/>\n<h4>Uwagi\n<\/h4>\n<p><b>Inne uwagi i informacje <span class=\"wpcf7-form-control-wrap\" data-name=\"infos\"><textarea cols=\"40\" rows=\"10\" maxlength=\"2000\" class=\"wpcf7-form-control wpcf7-textarea wpcf7-validates-as-required\" aria-required=\"true\" aria-invalid=\"false\" name=\"infos\"><\/textarea><\/span><\/b>\n<\/p>\n<p><input class=\"wpcf7-form-control wpcf7-submit has-spinner\" type=\"submit\" value=\"Wy\u015blij\" \/><br \/>\n<a href=\"https:\/\/lepson.pl\/index.php\/polityka-prywatnosci\/\">Polityka prywatno\u015bci<\/a><br \/>\n\n<\/p><div class=\"wpcf7-response-output\" aria-hidden=\"true\"><\/div>\n<\/form>\n<\/div>\n[\/vc_column_inner][\/vc_row_inner][\/vc_column][\/vc_row][vc_row content_placement=&#8221;top&#8221; css=&#8221;.vc_custom_1501713789153{background-image: url(https:\/\/lepson.pl\/wp-content\/uploads\/2017\/01\/footer-map-1-1.jpg?id=1534) !important;background-position: center !important;background-repeat: no-repeat !important;background-size: cover !important;}&#8221;][vc_column][vc_row_inner css=&#8221;.vc_custom_1485612616667{padding-top: 6% !important;padding-right: 12% !important;padding-bottom: 6% !important;padding-left: 12% !important;}&#8221;][vc_column_inner width=&#8221;1\/4&#8243;][vc_column_text]<a href=\"mailto:biuro@lepson.pl\">biuro@lepson.pl<\/a><\/p>\n<p>(32) 754 54 54<br \/>\n(32) 754 54 55<\/p>\n<p><a href=\"mailto:rcp@lep.pl\">rcp@lepson.pl<\/a> (pomoc techniczna)<\/p>\n<p><a href=\"https:\/\/goo.gl\/maps\/2HeA81byii52\" target=\"_blank\" rel=\"noopener\">Wsp\u00f3lna 9,\u00a0<\/a><a href=\"https:\/\/goo.gl\/maps\/2HeA81byii52\">32-300, Olkusz<br \/>\n<\/a> NIP: 6372182383[\/vc_column_text][\/vc_column_inner][vc_column_inner width=&#8221;1\/4&#8243;][\/vc_column_inner][vc_column_inner width=&#8221;1\/4&#8243;][\/vc_column_inner][vc_column_inner width=&#8221;1\/4&#8243;][\/vc_column_inner][\/vc_row_inner][\/vc_column][\/vc_row]<\/p>\n<\/div>","protected":false},"excerpt":{"rendered":"<p>[vc_row css=&#8221;.vc_custom_1502575334726{background-color: #ffffff !important;background-position: center !important;background-repeat: no-repeat !important;background-size: cover !important;}&#8221;][vc_column][vc_row_inner css=&#8221;.vc_custom_1550146703803{padding-top: 3% !important;padding-right: 12% !important;padding-left: 12% !important;}&#8221;][vc_column_inner css=&#8221;.vc_custom_1502923545963{padding-right: 12% !important;padding-left: 12% !important;}&#8221;][vc_column_text] Zapytanie ofertowe Dzi\u0119kujemy za zainteresowanie produkowanymi przez nas systemami rejestracji czasu pracy i kontroli dost\u0119pu RCP X8. Produkcj\u0105 system\u00f3w zajmujemy si\u0119 od 2000 roku. Bardzo ch\u0119tnie przedstawimy Pa\u0144stwu szczeg\u00f3\u0142ow\u0105 ofert\u0119 cenow\u0105 na odpowiedni [&hellip;]<\/p>\n","protected":false},"author":5,"featured_media":0,"parent":0,"menu_order":0,"comment_status":"closed","ping_status":"closed","template":"page-full-width.php","meta":{"footnotes":""},"class_list":["post-1639","page","type-page","status-publish","hentry"],"yoast_head":"<!-- This site is optimized with the Yoast SEO plugin v27.3 - https:\/\/yoast.com\/product\/yoast-seo-wordpress\/ -->\n<title>LEPSON | Zapytanie ofertowe<\/title>\n<meta name=\"description\" content=\"Zapraszamy do wype\u0142nienia formularza z zapytaniem o nasze produkty lub do bezpo\u015bredniego kontaktu drog\u0105 telefoniczn\u0105.\" \/>\n<meta name=\"robots\" content=\"index, follow, max-snippet:-1, max-image-preview:large, max-video-preview:-1\" \/>\n<link rel=\"canonical\" href=\"https:\/\/lepson.pl\/index.php\/zapytanie-ofertowe\/\" \/>\n<meta property=\"og:locale\" content=\"pl_PL\" \/>\n<meta property=\"og:type\" content=\"article\" \/>\n<meta property=\"og:title\" content=\"LEPSON | Zapytanie ofertowe\" \/>\n<meta property=\"og:description\" content=\"Zapraszamy do wype\u0142nienia formularza z zapytaniem o nasze produkty lub do bezpo\u015bredniego kontaktu drog\u0105 telefoniczn\u0105.\" \/>\n<meta property=\"og:url\" content=\"https:\/\/lepson.pl\/index.php\/zapytanie-ofertowe\/\" \/>\n<meta property=\"og:site_name\" content=\"LEPSON\" \/>\n<meta property=\"article:modified_time\" content=\"2021-09-30T10:22:15+00:00\" \/>\n<meta name=\"twitter:card\" content=\"summary_large_image\" \/>\n<meta name=\"twitter:label1\" content=\"Szacowany czas czytania\" \/>\n\t<meta name=\"twitter:data1\" content=\"1 minuta\" \/>\n<script type=\"application\/ld+json\" class=\"yoast-schema-graph\">{\"@context\":\"https:\\\/\\\/schema.org\",\"@graph\":[{\"@type\":\"WebPage\",\"@id\":\"https:\\\/\\\/lepson.pl\\\/index.php\\\/zapytanie-ofertowe\\\/\",\"url\":\"https:\\\/\\\/lepson.pl\\\/index.php\\\/zapytanie-ofertowe\\\/\",\"name\":\"LEPSON | Zapytanie ofertowe\",\"isPartOf\":{\"@id\":\"https:\\\/\\\/lepson.pl\\\/#website\"},\"datePublished\":\"2017-08-16T21:57:50+00:00\",\"dateModified\":\"2021-09-30T10:22:15+00:00\",\"description\":\"Zapraszamy do wype\u0142nienia formularza z zapytaniem o nasze produkty lub do bezpo\u015bredniego kontaktu drog\u0105 telefoniczn\u0105.\",\"breadcrumb\":{\"@id\":\"https:\\\/\\\/lepson.pl\\\/index.php\\\/zapytanie-ofertowe\\\/#breadcrumb\"},\"inLanguage\":\"pl-PL\",\"potentialAction\":[{\"@type\":\"ReadAction\",\"target\":[\"https:\\\/\\\/lepson.pl\\\/index.php\\\/zapytanie-ofertowe\\\/\"]}]},{\"@type\":\"BreadcrumbList\",\"@id\":\"https:\\\/\\\/lepson.pl\\\/index.php\\\/zapytanie-ofertowe\\\/#breadcrumb\",\"itemListElement\":[{\"@type\":\"ListItem\",\"position\":1,\"name\":\"Strona g\u0142\u00f3wna\",\"item\":\"https:\\\/\\\/lepson.pl\\\/\"},{\"@type\":\"ListItem\",\"position\":2,\"name\":\"Zapytanie ofertowe\"}]},{\"@type\":\"WebSite\",\"@id\":\"https:\\\/\\\/lepson.pl\\\/#website\",\"url\":\"https:\\\/\\\/lepson.pl\\\/\",\"name\":\"LEPSON\",\"description\":\"- rejestracja ewidencja czasu pracy\",\"potentialAction\":[{\"@type\":\"SearchAction\",\"target\":{\"@type\":\"EntryPoint\",\"urlTemplate\":\"https:\\\/\\\/lepson.pl\\\/?s={search_term_string}\"},\"query-input\":{\"@type\":\"PropertyValueSpecification\",\"valueRequired\":true,\"valueName\":\"search_term_string\"}}],\"inLanguage\":\"pl-PL\"}]}<\/script>\n<!-- \/ Yoast SEO plugin. -->","yoast_head_json":{"title":"LEPSON | Zapytanie ofertowe","description":"Zapraszamy do wype\u0142nienia formularza z zapytaniem o nasze produkty lub do bezpo\u015bredniego kontaktu drog\u0105 telefoniczn\u0105.","robots":{"index":"index","follow":"follow","max-snippet":"max-snippet:-1","max-image-preview":"max-image-preview:large","max-video-preview":"max-video-preview:-1"},"canonical":"https:\/\/lepson.pl\/index.php\/zapytanie-ofertowe\/","og_locale":"pl_PL","og_type":"article","og_title":"LEPSON | Zapytanie ofertowe","og_description":"Zapraszamy do wype\u0142nienia formularza z zapytaniem o nasze produkty lub do bezpo\u015bredniego kontaktu drog\u0105 telefoniczn\u0105.","og_url":"https:\/\/lepson.pl\/index.php\/zapytanie-ofertowe\/","og_site_name":"LEPSON","article_modified_time":"2021-09-30T10:22:15+00:00","twitter_card":"summary_large_image","twitter_misc":{"Szacowany czas czytania":"1 minuta"},"schema":{"@context":"https:\/\/schema.org","@graph":[{"@type":"WebPage","@id":"https:\/\/lepson.pl\/index.php\/zapytanie-ofertowe\/","url":"https:\/\/lepson.pl\/index.php\/zapytanie-ofertowe\/","name":"LEPSON | Zapytanie ofertowe","isPartOf":{"@id":"https:\/\/lepson.pl\/#website"},"datePublished":"2017-08-16T21:57:50+00:00","dateModified":"2021-09-30T10:22:15+00:00","description":"Zapraszamy do wype\u0142nienia formularza z zapytaniem o nasze produkty lub do bezpo\u015bredniego kontaktu drog\u0105 telefoniczn\u0105.","breadcrumb":{"@id":"https:\/\/lepson.pl\/index.php\/zapytanie-ofertowe\/#breadcrumb"},"inLanguage":"pl-PL","potentialAction":[{"@type":"ReadAction","target":["https:\/\/lepson.pl\/index.php\/zapytanie-ofertowe\/"]}]},{"@type":"BreadcrumbList","@id":"https:\/\/lepson.pl\/index.php\/zapytanie-ofertowe\/#breadcrumb","itemListElement":[{"@type":"ListItem","position":1,"name":"Strona g\u0142\u00f3wna","item":"https:\/\/lepson.pl\/"},{"@type":"ListItem","position":2,"name":"Zapytanie ofertowe"}]},{"@type":"WebSite","@id":"https:\/\/lepson.pl\/#website","url":"https:\/\/lepson.pl\/","name":"LEPSON","description":"- rejestracja ewidencja czasu pracy","potentialAction":[{"@type":"SearchAction","target":{"@type":"EntryPoint","urlTemplate":"https:\/\/lepson.pl\/?s={search_term_string}"},"query-input":{"@type":"PropertyValueSpecification","valueRequired":true,"valueName":"search_term_string"}}],"inLanguage":"pl-PL"}]}},"_links":{"self":[{"href":"https:\/\/lepson.pl\/index.php\/wp-json\/wp\/v2\/pages\/1639","targetHints":{"allow":["GET"]}}],"collection":[{"href":"https:\/\/lepson.pl\/index.php\/wp-json\/wp\/v2\/pages"}],"about":[{"href":"https:\/\/lepson.pl\/index.php\/wp-json\/wp\/v2\/types\/page"}],"author":[{"embeddable":true,"href":"https:\/\/lepson.pl\/index.php\/wp-json\/wp\/v2\/users\/5"}],"replies":[{"embeddable":true,"href":"https:\/\/lepson.pl\/index.php\/wp-json\/wp\/v2\/comments?post=1639"}],"version-history":[{"count":18,"href":"https:\/\/lepson.pl\/index.php\/wp-json\/wp\/v2\/pages\/1639\/revisions"}],"predecessor-version":[{"id":3439,"href":"https:\/\/lepson.pl\/index.php\/wp-json\/wp\/v2\/pages\/1639\/revisions\/3439"}],"wp:attachment":[{"href":"https:\/\/lepson.pl\/index.php\/wp-json\/wp\/v2\/media?parent=1639"}],"curies":[{"name":"wp","href":"https:\/\/api.w.org\/{rel}","templated":true}]}}