{"id":134,"date":"2015-09-30T09:50:36","date_gmt":"2015-09-30T09:50:36","guid":{"rendered":"http:\/\/import.getbowtied.com\/the-retailer-v1.1\/?page_id=134"},"modified":"2021-09-10T13:30:31","modified_gmt":"2021-09-10T13:30:31","slug":"pomoc-2-2","status":"publish","type":"page","link":"https:\/\/lepson.pl\/index.php\/pomoc-2-2\/","title":{"rendered":"Kontakt i pomoc"},"content":{"rendered":"<div class=\"wpb-content-wrapper\"><p>[vc_row css=&#8221;.vc_custom_1502575334726{background-color: #ffffff !important;background-position: center !important;background-repeat: no-repeat !important;background-size: cover !important;}&#8221;][vc_column][vc_row_inner css=&#8221;.vc_custom_1550146616692{padding-top: 3% !important;padding-right: 12% !important;padding-left: 12% !important;}&#8221;][vc_column_inner width=&#8221;1\/2&#8243; css=&#8221;.vc_custom_1485879421237{padding-right: 12% !important;}&#8221;][vc_column_text css=&#8221;.vc_custom_1626865811633{padding-bottom: 12% !important;}&#8221;]<\/p>\n<h2><span style=\"color: #333333;\">Potrzebujesz pomocy?<\/span><\/h2>\n<p><span style=\"color: #333333;\">Nic prostszego. Wype\u0142nij formularz lub skontaktuj si\u0119 z nami telefonicznie.<br \/>\nWycena udzielana jest tylko przez e-mail lub <a href=\"https:\/\/lepson.pl\/index.php\/zapytanie-ofertowe\/\">zapytanie ofertowe<\/a>.<\/span><\/p>\n<div class=\"wpcf7 no-js\" id=\"wpcf7-f1651-o1\" lang=\"pl-PL\" dir=\"ltr\" data-wpcf7-id=\"1651\">\n<div class=\"screen-reader-response\"><p role=\"status\" aria-live=\"polite\" aria-atomic=\"true\"><\/p> <ul><\/ul><\/div>\n<form action=\"\/index.php\/wp-json\/wp\/v2\/pages\/134#wpcf7-f1651-o1\" method=\"post\" class=\"wpcf7-form init\" aria-label=\"Formularz kontaktowy\" novalidate=\"novalidate\" data-status=\"init\">\n<fieldset class=\"hidden-fields-container\"><input type=\"hidden\" name=\"_wpcf7\" value=\"1651\" \/><input type=\"hidden\" name=\"_wpcf7_version\" value=\"6.1.5\" \/><input type=\"hidden\" name=\"_wpcf7_locale\" value=\"pl_PL\" \/><input type=\"hidden\" name=\"_wpcf7_unit_tag\" value=\"wpcf7-f1651-o1\" \/><input type=\"hidden\" name=\"_wpcf7_container_post\" value=\"0\" \/><input type=\"hidden\" name=\"_wpcf7_posted_data_hash\" value=\"\" \/><input type=\"hidden\" name=\"_wpcf7_recaptcha_response\" value=\"\" \/>\n<\/fieldset>\n<p style=\"font-size:100%;\"><b>Adres email<\/b>\n<\/p>\n<p><span class=\"wpcf7-form-control-wrap\" data-name=\"your-email\"><input size=\"40\" maxlength=\"400\" class=\"wpcf7-form-control wpcf7-email wpcf7-validates-as-required wpcf7-text wpcf7-validates-as-email\" aria-required=\"true\" aria-invalid=\"false\" value=\"\" type=\"email\" name=\"your-email\" \/><\/span>\n<\/p>\n<p style=\"font-size:100%;\"><b>Numer telefonu<\/b>\n<\/p>\n<p><span class=\"wpcf7-form-control-wrap\" data-name=\"your-phone\"><input size=\"40\" maxlength=\"400\" class=\"wpcf7-form-control wpcf7-tel wpcf7-validates-as-required wpcf7-text wpcf7-validates-as-tel\" aria-required=\"true\" aria-invalid=\"false\" value=\"\" type=\"tel\" name=\"your-phone\" \/><\/span>\n<\/p>\n<p style=\"font-size:100%;\"><b>Wiadomo\u015b\u0107<\/b>\n<\/p>\n<p><span class=\"wpcf7-form-control-wrap\" data-name=\"your-textarea\"><textarea cols=\"40\" rows=\"10\" maxlength=\"2000\" class=\"wpcf7-form-control wpcf7-textarea wpcf7-validates-as-required\" aria-required=\"true\" aria-invalid=\"false\" name=\"your-textarea\"><\/textarea><\/span><br \/>\n<input class=\"wpcf7-form-control wpcf7-submit has-spinner\" type=\"submit\" value=\"Wy\u015blij\" \/><br \/>\n<a href=\"https:\/\/lepson.pl\/index.php\/polityka-prywatnosci\/\">Polityka prywatno\u015bci<\/a><br \/>\n\n<\/p><div class=\"wpcf7-response-output\" aria-hidden=\"true\"><\/div>\n<\/form>\n<\/div>\n[\/vc_column_text][\/vc_column_inner][vc_column_inner width=&#8221;1\/2&#8243; css=&#8221;.vc_custom_1485880247163{padding-top: 12% !important;padding-right: 12% !important;padding-bottom: 12% !important;padding-left: 12% !important;}&#8221;][vc_column_text]<\/p>\n<h5 style=\"text-align: right;\">LEPSON Maciej Kluczewski<\/h5>\n<p style=\"text-align: right;\">Wsp\u00f3lna 9,\u00a032-300 Olkusz<br \/>\nNIP: 6372182383<\/p>\n<p style=\"text-align: right;\"><strong>(32) 754 54 54, (32) 754 54 55<br \/>\n<\/strong>Informacje techniczne, dzia\u0142 produkcji, dzia\u0142 serwisu<\/p>\n<p style=\"text-align: right;\"><strong>+48 600 801 316<br \/>\n<\/strong>(w szczeg\u00f3lnych przypadkach)<\/p>\n<p style=\"text-align: right;\"><strong><a href=\"mailto:biuro@lepson.pl\">biuro@lepson.pl<br \/>\n<\/a><\/strong>biuro, informacje handlowe (zam\u00f3wienie, ceny, terminy realizacji): <a href=\"http:\/\/systemyalarmowe.com.pl\/\"><br \/>\n<\/a><\/p>\n<p style=\"text-align: right;\"><strong><a href=\"mailto:rcp@lepson.pl\">rcp@lepson.pl<br \/>\n<\/a><\/strong>pytania techniczne do dzia\u0142u rejestracji czasu pracy<\/p>\n<p>[\/vc_column_text][\/vc_column_inner][\/vc_row_inner][\/vc_column][\/vc_row][vc_row content_placement=&#8221;top&#8221; css=&#8221;.vc_custom_1501713789153{background-image: url(https:\/\/lepson.pl\/wp-content\/uploads\/2017\/01\/footer-map-1-1.jpg?id=1534) !important;background-position: center !important;background-repeat: no-repeat !important;background-size: cover !important;}&#8221;][vc_column][vc_row_inner css=&#8221;.vc_custom_1485612616667{padding-top: 6% !important;padding-right: 12% !important;padding-bottom: 6% !important;padding-left: 12% !important;}&#8221;][vc_column_inner width=&#8221;1\/4&#8243;][vc_column_text]<a href=\"mailto:biuro@lepson.pl\">biuro@lepson.pl<\/a><\/p>\n<p>(32) 754 54 54<br \/>\n(32) 754 54 55<\/p>\n<p><a href=\"mailto:rcp@lepson.pl\">rcp@lepson.pl<\/a> (pomoc techniczna)<\/p>\n<p><a href=\"https:\/\/goo.gl\/maps\/2HeA81byii52\" target=\"_blank\" rel=\"noopener noreferrer\">Wsp\u00f3lna 9,\u00a0<\/a><a href=\"https:\/\/goo.gl\/maps\/2HeA81byii52\">32-300, Olkusz<br \/>\n<\/a> NIP: 6372182383[\/vc_column_text][\/vc_column_inner][vc_column_inner width=&#8221;1\/4&#8243;][\/vc_column_inner][vc_column_inner width=&#8221;1\/4&#8243;][\/vc_column_inner][vc_column_inner width=&#8221;1\/4&#8243;][\/vc_column_inner][\/vc_row_inner][\/vc_column][\/vc_row]<\/p>\n<\/div>","protected":false},"excerpt":{"rendered":"<p>[vc_row css=&#8221;.vc_custom_1502575334726{background-color: #ffffff !important;background-position: center !important;background-repeat: no-repeat !important;background-size: cover !important;}&#8221;][vc_column][vc_row_inner css=&#8221;.vc_custom_1550146616692{padding-top: 3% !important;padding-right: 12% !important;padding-left: 12% !important;}&#8221;][vc_column_inner width=&#8221;1\/2&#8243; css=&#8221;.vc_custom_1485879421237{padding-right: 12% !important;}&#8221;][vc_column_text css=&#8221;.vc_custom_1626865811633{padding-bottom: 12% !important;}&#8221;] Potrzebujesz pomocy? Nic prostszego. Wype\u0142nij formularz lub skontaktuj si\u0119 z nami telefonicznie. Wycena udzielana jest tylko przez e-mail lub zapytanie ofertowe. [\/vc_column_text][\/vc_column_inner][vc_column_inner width=&#8221;1\/2&#8243; css=&#8221;.vc_custom_1485880247163{padding-top: 12% !important;padding-right: 12% !important;padding-bottom: 12% !important;padding-left: 12% [&hellip;]<\/p>\n","protected":false},"author":2,"featured_media":0,"parent":0,"menu_order":0,"comment_status":"closed","ping_status":"closed","template":"page-full-width.php","meta":{"footnotes":""},"class_list":["post-134","page","type-page","status-publish","hentry"],"yoast_head":"<!-- This site is optimized with the Yoast SEO plugin v27.3 - https:\/\/yoast.com\/product\/yoast-seo-wordpress\/ -->\n<title>LEPSON | Kontakt - napisz lub zadzwo\u0144<\/title>\n<meta name=\"description\" content=\"Podstawowe dane teleadresowe do naszej firmy. Zapraszamy do wype\u0142nienia formularza lub do bezpo\u015bredniego kontaktu drog\u0105 telefoniczn\u0105.\" \/>\n<meta name=\"robots\" content=\"index, follow, max-snippet:-1, max-image-preview:large, max-video-preview:-1\" \/>\n<link rel=\"canonical\" href=\"https:\/\/lepson.pl\/index.php\/pomoc-2-2\/\" \/>\n<meta property=\"og:locale\" content=\"pl_PL\" \/>\n<meta property=\"og:type\" content=\"article\" \/>\n<meta property=\"og:title\" content=\"LEPSON | Kontakt - napisz lub zadzwo\u0144\" \/>\n<meta property=\"og:description\" content=\"Podstawowe dane teleadresowe do naszej firmy. Zapraszamy do wype\u0142nienia formularza lub do bezpo\u015bredniego kontaktu drog\u0105 telefoniczn\u0105.\" \/>\n<meta property=\"og:url\" content=\"https:\/\/lepson.pl\/index.php\/pomoc-2-2\/\" \/>\n<meta property=\"og:site_name\" content=\"LEPSON\" \/>\n<meta property=\"article:modified_time\" content=\"2021-09-10T13:30:31+00:00\" \/>\n<meta name=\"twitter:card\" content=\"summary_large_image\" \/>\n<meta name=\"twitter:label1\" content=\"Szacowany czas czytania\" \/>\n\t<meta name=\"twitter:data1\" content=\"1 minuta\" \/>\n<script type=\"application\/ld+json\" class=\"yoast-schema-graph\">{\"@context\":\"https:\\\/\\\/schema.org\",\"@graph\":[{\"@type\":\"WebPage\",\"@id\":\"https:\\\/\\\/lepson.pl\\\/index.php\\\/pomoc-2-2\\\/\",\"url\":\"https:\\\/\\\/lepson.pl\\\/index.php\\\/pomoc-2-2\\\/\",\"name\":\"LEPSON | Kontakt - napisz lub zadzwo\u0144\",\"isPartOf\":{\"@id\":\"https:\\\/\\\/lepson.pl\\\/#website\"},\"datePublished\":\"2015-09-30T09:50:36+00:00\",\"dateModified\":\"2021-09-10T13:30:31+00:00\",\"description\":\"Podstawowe dane teleadresowe do naszej firmy. Zapraszamy do wype\u0142nienia formularza lub do bezpo\u015bredniego kontaktu drog\u0105 telefoniczn\u0105.\",\"breadcrumb\":{\"@id\":\"https:\\\/\\\/lepson.pl\\\/index.php\\\/pomoc-2-2\\\/#breadcrumb\"},\"inLanguage\":\"pl-PL\",\"potentialAction\":[{\"@type\":\"ReadAction\",\"target\":[\"https:\\\/\\\/lepson.pl\\\/index.php\\\/pomoc-2-2\\\/\"]}]},{\"@type\":\"BreadcrumbList\",\"@id\":\"https:\\\/\\\/lepson.pl\\\/index.php\\\/pomoc-2-2\\\/#breadcrumb\",\"itemListElement\":[{\"@type\":\"ListItem\",\"position\":1,\"name\":\"Strona g\u0142\u00f3wna\",\"item\":\"https:\\\/\\\/lepson.pl\\\/\"},{\"@type\":\"ListItem\",\"position\":2,\"name\":\"Kontakt i pomoc\"}]},{\"@type\":\"WebSite\",\"@id\":\"https:\\\/\\\/lepson.pl\\\/#website\",\"url\":\"https:\\\/\\\/lepson.pl\\\/\",\"name\":\"LEPSON\",\"description\":\"- rejestracja ewidencja czasu pracy\",\"potentialAction\":[{\"@type\":\"SearchAction\",\"target\":{\"@type\":\"EntryPoint\",\"urlTemplate\":\"https:\\\/\\\/lepson.pl\\\/?s={search_term_string}\"},\"query-input\":{\"@type\":\"PropertyValueSpecification\",\"valueRequired\":true,\"valueName\":\"search_term_string\"}}],\"inLanguage\":\"pl-PL\"}]}<\/script>\n<!-- \/ Yoast SEO plugin. -->","yoast_head_json":{"title":"LEPSON | Kontakt - napisz lub zadzwo\u0144","description":"Podstawowe dane teleadresowe do naszej firmy. Zapraszamy do wype\u0142nienia formularza lub do bezpo\u015bredniego kontaktu drog\u0105 telefoniczn\u0105.","robots":{"index":"index","follow":"follow","max-snippet":"max-snippet:-1","max-image-preview":"max-image-preview:large","max-video-preview":"max-video-preview:-1"},"canonical":"https:\/\/lepson.pl\/index.php\/pomoc-2-2\/","og_locale":"pl_PL","og_type":"article","og_title":"LEPSON | Kontakt - napisz lub zadzwo\u0144","og_description":"Podstawowe dane teleadresowe do naszej firmy. Zapraszamy do wype\u0142nienia formularza lub do bezpo\u015bredniego kontaktu drog\u0105 telefoniczn\u0105.","og_url":"https:\/\/lepson.pl\/index.php\/pomoc-2-2\/","og_site_name":"LEPSON","article_modified_time":"2021-09-10T13:30:31+00:00","twitter_card":"summary_large_image","twitter_misc":{"Szacowany czas czytania":"1 minuta"},"schema":{"@context":"https:\/\/schema.org","@graph":[{"@type":"WebPage","@id":"https:\/\/lepson.pl\/index.php\/pomoc-2-2\/","url":"https:\/\/lepson.pl\/index.php\/pomoc-2-2\/","name":"LEPSON | Kontakt - napisz lub zadzwo\u0144","isPartOf":{"@id":"https:\/\/lepson.pl\/#website"},"datePublished":"2015-09-30T09:50:36+00:00","dateModified":"2021-09-10T13:30:31+00:00","description":"Podstawowe dane teleadresowe do naszej firmy. Zapraszamy do wype\u0142nienia formularza lub do bezpo\u015bredniego kontaktu drog\u0105 telefoniczn\u0105.","breadcrumb":{"@id":"https:\/\/lepson.pl\/index.php\/pomoc-2-2\/#breadcrumb"},"inLanguage":"pl-PL","potentialAction":[{"@type":"ReadAction","target":["https:\/\/lepson.pl\/index.php\/pomoc-2-2\/"]}]},{"@type":"BreadcrumbList","@id":"https:\/\/lepson.pl\/index.php\/pomoc-2-2\/#breadcrumb","itemListElement":[{"@type":"ListItem","position":1,"name":"Strona g\u0142\u00f3wna","item":"https:\/\/lepson.pl\/"},{"@type":"ListItem","position":2,"name":"Kontakt i pomoc"}]},{"@type":"WebSite","@id":"https:\/\/lepson.pl\/#website","url":"https:\/\/lepson.pl\/","name":"LEPSON","description":"- rejestracja ewidencja czasu pracy","potentialAction":[{"@type":"SearchAction","target":{"@type":"EntryPoint","urlTemplate":"https:\/\/lepson.pl\/?s={search_term_string}"},"query-input":{"@type":"PropertyValueSpecification","valueRequired":true,"valueName":"search_term_string"}}],"inLanguage":"pl-PL"}]}},"_links":{"self":[{"href":"https:\/\/lepson.pl\/index.php\/wp-json\/wp\/v2\/pages\/134","targetHints":{"allow":["GET"]}}],"collection":[{"href":"https:\/\/lepson.pl\/index.php\/wp-json\/wp\/v2\/pages"}],"about":[{"href":"https:\/\/lepson.pl\/index.php\/wp-json\/wp\/v2\/types\/page"}],"author":[{"embeddable":true,"href":"https:\/\/lepson.pl\/index.php\/wp-json\/wp\/v2\/users\/2"}],"replies":[{"embeddable":true,"href":"https:\/\/lepson.pl\/index.php\/wp-json\/wp\/v2\/comments?post=134"}],"version-history":[{"count":56,"href":"https:\/\/lepson.pl\/index.php\/wp-json\/wp\/v2\/pages\/134\/revisions"}],"predecessor-version":[{"id":3341,"href":"https:\/\/lepson.pl\/index.php\/wp-json\/wp\/v2\/pages\/134\/revisions\/3341"}],"wp:attachment":[{"href":"https:\/\/lepson.pl\/index.php\/wp-json\/wp\/v2\/media?parent=134"}],"curies":[{"name":"wp","href":"https:\/\/api.w.org\/{rel}","templated":true}]}}