{"id":1097,"date":"2017-06-03T08:22:08","date_gmt":"2017-06-03T08:22:08","guid":{"rendered":"https:\/\/lepson.pl\/?page_id=1097"},"modified":"2022-05-31T08:35:23","modified_gmt":"2022-05-31T08:35:23","slug":"gwarancja","status":"publish","type":"page","link":"https:\/\/lepson.pl\/index.php\/gwarancja\/","title":{"rendered":"Gwarancja"},"content":{"rendered":"<div class=\"wpb-content-wrapper\"><p>[vc_row css=&#8221;.vc_custom_1550146735216{padding-top: 3% !important;padding-right: 12% !important;padding-left: 12% !important;}&#8221;][vc_column][vc_row_inner][vc_column_inner][vc_column_text]<\/p>\n<h2>WARUNKI GWARANCJI na urz\u0105dzenia zakupione w firmie LEPSON<\/h2>\n<p>&nbsp;<\/p>\n<p>1. Okres gwarancji wynosi 24 miesi\u0105ce od daty zakupu z wyj\u0105tkami zawartymi w pkt 1.1<\/p>\n<p>1.1 Okres gwarancji na akumulatory, karty zbli\u017ceniowe oraz breloki wynosi 12 miesi\u0119cy od daty zakupu.<\/p>\n<p>2. Producent gwarantuje, \u017ce wada fabryczna zostanie usuni\u0119ta bezp\u0142atnie w okresie gwarancji w mo\u017cliwie najkr\u00f3tszym terminie (do 14 dni roboczych) od momentu dostarczenia urz\u0105dzenia do producenta. W uzasadnionych przypadkach termin ten mo\u017ce ulec przed\u0142u\u017ceniu.<\/p>\n<p><strong>3. Reklamowane urz\u0105dzenie powinno by\u0107 dostarczone do producenta wy\u0142\u0105cznie na koszt u\u017cytkownika z informacj\u0105 o rodzaju uszkodzenia lub z opisem nieprawid\u0142owo\u015bci w dzia\u0142aniu. Przesy\u0142ki wysy\u0142ane na koszt producenta nie b\u0119d\u0105 odbierane.<\/strong><\/p>\n<p><strong>4. W przypadku uzasadnionej reklamacji gwarancyjnej producent ponosi koszty odes\u0142ania urz\u0105dzenia do u\u017cytkownika. Je\u017celi reklamowane urz\u0105dzenie b\u0119dzie sprawne (w tym z\u0142a konfiguracja) \u2013 koszty odes\u0142ania ponosi u\u017cytkownik.<\/strong><\/p>\n<p>5. Gwarancj\u0105 nie s\u0105 obj\u0119te uszkodzenia spowodowane:<\/p>\n<ul>\n<li>niew\u0142a\u015bciwym transportem, instalacj\u0105 i eksploatacj\u0105 niezgodn\u0105 z dokumentacj\u0105 techniczn\u0105 lub niezgodn\u0105 z przeznaczeniem wyrobu<\/li>\n<li>samowolnym wykonaniem napraw, przer\u00f3bek lub zmian konstrukcyjnych przez u\u017cytkownika lub inne nieupowa\u017cnione osoby<\/li>\n<li>zdarzeniami losowymi (np. wy\u0142adowania atmosferyczne, pow\u00f3d\u017a, zalanie, itp.)<\/li>\n<\/ul>\n<p>6. Gwarancj\u0105 nie s\u0105 obj\u0119te materia\u0142y eksploatacyjne takie jak np: bezpieczniki, baterie.<\/p>\n<p>7. Karty zbli\u017ceniowe nie podlegaj\u0105 zwrotowi ani wymianie.<\/p>\n<p>8. Uszkodzenia powsta\u0142e z przyczyn wymienionych w p. 5 mog\u0105 by\u0107 usuni\u0119te jedynie na koszt u\u017cytkownika.<\/p>\n<p>9. Warunkiem wykonania naprawy gwarancyjnej jest dostarczenie urz\u0105dzenia z nienaruszon\u0105 nalepk\u0105 z numerem seryjnym oraz posiadanie dokumentu zakupu.<\/p>\n<p>10. Korespondencja serwisowa jak te\u017c serwis oprogramowania (porady, pomoc techniczna) odbywa si\u0119 wy\u0142\u0105cznie drog\u0105 mailow\u0105.[\/vc_column_text][\/vc_column_inner][\/vc_row_inner][\/vc_column][\/vc_row][vc_row content_placement=&#8221;top&#8221; css=&#8221;.vc_custom_1501713789153{background-image: url(https:\/\/lepson.pl\/wp-content\/uploads\/2017\/01\/footer-map-1-1.jpg?id=1534) !important;background-position: center !important;background-repeat: no-repeat !important;background-size: cover !important;}&#8221;][vc_column][vc_row_inner css=&#8221;.vc_custom_1485612616667{padding-top: 6% !important;padding-right: 12% !important;padding-bottom: 6% !important;padding-left: 12% !important;}&#8221;][vc_column_inner width=&#8221;1\/4&#8243;][vc_column_text]<a href=\"mailto:biuro@lepson.pl\">biuro@lepson.pl<\/a><\/p>\n<p>(32) 754 54 54<br \/>\n(32) 754 54 55<\/p>\n<p><a href=\"mailto:rcp@lep.pl\">rcp@lepson.pl<\/a> (pomoc techniczna)<\/p>\n<p><a href=\"https:\/\/goo.gl\/maps\/2HeA81byii52\" target=\"_blank\" rel=\"noopener noreferrer\">Wsp\u00f3lna 9,\u00a0<\/a><a href=\"https:\/\/goo.gl\/maps\/2HeA81byii52\">32-300, Olkusz<br \/>\n<\/a> NIP: 6372182383[\/vc_column_text][\/vc_column_inner][vc_column_inner width=&#8221;1\/4&#8243;][\/vc_column_inner][vc_column_inner width=&#8221;1\/4&#8243;][\/vc_column_inner][vc_column_inner width=&#8221;1\/4&#8243;][\/vc_column_inner][\/vc_row_inner][\/vc_column][\/vc_row]<\/p>\n<\/div>","protected":false},"excerpt":{"rendered":"<p>[vc_row css=&#8221;.vc_custom_1550146735216{padding-top: 3% !important;padding-right: 12% !important;padding-left: 12% !important;}&#8221;][vc_column][vc_row_inner][vc_column_inner][vc_column_text] WARUNKI GWARANCJI na urz\u0105dzenia zakupione w firmie LEPSON &nbsp; 1. Okres gwarancji wynosi 24 miesi\u0105ce od daty zakupu z wyj\u0105tkami zawartymi w pkt 1.1 1.1 Okres gwarancji na akumulatory, karty zbli\u017ceniowe oraz breloki wynosi 12 miesi\u0119cy od daty zakupu. 2. Producent gwarantuje, \u017ce wada fabryczna zostanie usuni\u0119ta [&hellip;]<\/p>\n","protected":false},"author":2,"featured_media":0,"parent":0,"menu_order":0,"comment_status":"closed","ping_status":"closed","template":"page-full-width.php","meta":{"footnotes":""},"class_list":["post-1097","page","type-page","status-publish","hentry"],"yoast_head":"<!-- This site is optimized with the Yoast SEO plugin v27.3 - https:\/\/yoast.com\/product\/yoast-seo-wordpress\/ -->\n<title>LEPSON | Warunki gwarancji<\/title>\n<meta name=\"description\" content=\"Warunki gwarancji oraz generalne zasady realizacji zam\u00f3wie\u0144.\" \/>\n<meta name=\"robots\" content=\"index, follow, max-snippet:-1, max-image-preview:large, max-video-preview:-1\" \/>\n<link rel=\"canonical\" href=\"https:\/\/lepson.pl\/index.php\/gwarancja\/\" \/>\n<meta property=\"og:locale\" content=\"pl_PL\" \/>\n<meta property=\"og:type\" content=\"article\" \/>\n<meta property=\"og:title\" content=\"LEPSON | Warunki gwarancji\" \/>\n<meta property=\"og:description\" content=\"Warunki gwarancji oraz generalne zasady realizacji zam\u00f3wie\u0144.\" \/>\n<meta property=\"og:url\" content=\"https:\/\/lepson.pl\/index.php\/gwarancja\/\" \/>\n<meta property=\"og:site_name\" content=\"LEPSON\" \/>\n<meta property=\"article:modified_time\" content=\"2022-05-31T08:35:23+00:00\" \/>\n<meta name=\"twitter:card\" content=\"summary_large_image\" \/>\n<meta name=\"twitter:label1\" content=\"Szacowany czas czytania\" \/>\n\t<meta name=\"twitter:data1\" content=\"2 minuty\" \/>\n<script type=\"application\/ld+json\" class=\"yoast-schema-graph\">{\"@context\":\"https:\\\/\\\/schema.org\",\"@graph\":[{\"@type\":\"WebPage\",\"@id\":\"https:\\\/\\\/lepson.pl\\\/index.php\\\/gwarancja\\\/\",\"url\":\"https:\\\/\\\/lepson.pl\\\/index.php\\\/gwarancja\\\/\",\"name\":\"LEPSON | Warunki gwarancji\",\"isPartOf\":{\"@id\":\"https:\\\/\\\/lepson.pl\\\/#website\"},\"datePublished\":\"2017-06-03T08:22:08+00:00\",\"dateModified\":\"2022-05-31T08:35:23+00:00\",\"description\":\"Warunki gwarancji oraz generalne zasady realizacji zam\u00f3wie\u0144.\",\"breadcrumb\":{\"@id\":\"https:\\\/\\\/lepson.pl\\\/index.php\\\/gwarancja\\\/#breadcrumb\"},\"inLanguage\":\"pl-PL\",\"potentialAction\":[{\"@type\":\"ReadAction\",\"target\":[\"https:\\\/\\\/lepson.pl\\\/index.php\\\/gwarancja\\\/\"]}]},{\"@type\":\"BreadcrumbList\",\"@id\":\"https:\\\/\\\/lepson.pl\\\/index.php\\\/gwarancja\\\/#breadcrumb\",\"itemListElement\":[{\"@type\":\"ListItem\",\"position\":1,\"name\":\"Strona g\u0142\u00f3wna\",\"item\":\"https:\\\/\\\/lepson.pl\\\/\"},{\"@type\":\"ListItem\",\"position\":2,\"name\":\"Gwarancja\"}]},{\"@type\":\"WebSite\",\"@id\":\"https:\\\/\\\/lepson.pl\\\/#website\",\"url\":\"https:\\\/\\\/lepson.pl\\\/\",\"name\":\"LEPSON\",\"description\":\"- rejestracja ewidencja czasu pracy\",\"potentialAction\":[{\"@type\":\"SearchAction\",\"target\":{\"@type\":\"EntryPoint\",\"urlTemplate\":\"https:\\\/\\\/lepson.pl\\\/?s={search_term_string}\"},\"query-input\":{\"@type\":\"PropertyValueSpecification\",\"valueRequired\":true,\"valueName\":\"search_term_string\"}}],\"inLanguage\":\"pl-PL\"}]}<\/script>\n<!-- \/ Yoast SEO plugin. -->","yoast_head_json":{"title":"LEPSON | Warunki gwarancji","description":"Warunki gwarancji oraz generalne zasady realizacji zam\u00f3wie\u0144.","robots":{"index":"index","follow":"follow","max-snippet":"max-snippet:-1","max-image-preview":"max-image-preview:large","max-video-preview":"max-video-preview:-1"},"canonical":"https:\/\/lepson.pl\/index.php\/gwarancja\/","og_locale":"pl_PL","og_type":"article","og_title":"LEPSON | Warunki gwarancji","og_description":"Warunki gwarancji oraz generalne zasady realizacji zam\u00f3wie\u0144.","og_url":"https:\/\/lepson.pl\/index.php\/gwarancja\/","og_site_name":"LEPSON","article_modified_time":"2022-05-31T08:35:23+00:00","twitter_card":"summary_large_image","twitter_misc":{"Szacowany czas czytania":"2 minuty"},"schema":{"@context":"https:\/\/schema.org","@graph":[{"@type":"WebPage","@id":"https:\/\/lepson.pl\/index.php\/gwarancja\/","url":"https:\/\/lepson.pl\/index.php\/gwarancja\/","name":"LEPSON | Warunki gwarancji","isPartOf":{"@id":"https:\/\/lepson.pl\/#website"},"datePublished":"2017-06-03T08:22:08+00:00","dateModified":"2022-05-31T08:35:23+00:00","description":"Warunki gwarancji oraz generalne zasady realizacji zam\u00f3wie\u0144.","breadcrumb":{"@id":"https:\/\/lepson.pl\/index.php\/gwarancja\/#breadcrumb"},"inLanguage":"pl-PL","potentialAction":[{"@type":"ReadAction","target":["https:\/\/lepson.pl\/index.php\/gwarancja\/"]}]},{"@type":"BreadcrumbList","@id":"https:\/\/lepson.pl\/index.php\/gwarancja\/#breadcrumb","itemListElement":[{"@type":"ListItem","position":1,"name":"Strona g\u0142\u00f3wna","item":"https:\/\/lepson.pl\/"},{"@type":"ListItem","position":2,"name":"Gwarancja"}]},{"@type":"WebSite","@id":"https:\/\/lepson.pl\/#website","url":"https:\/\/lepson.pl\/","name":"LEPSON","description":"- rejestracja ewidencja czasu pracy","potentialAction":[{"@type":"SearchAction","target":{"@type":"EntryPoint","urlTemplate":"https:\/\/lepson.pl\/?s={search_term_string}"},"query-input":{"@type":"PropertyValueSpecification","valueRequired":true,"valueName":"search_term_string"}}],"inLanguage":"pl-PL"}]}},"_links":{"self":[{"href":"https:\/\/lepson.pl\/index.php\/wp-json\/wp\/v2\/pages\/1097","targetHints":{"allow":["GET"]}}],"collection":[{"href":"https:\/\/lepson.pl\/index.php\/wp-json\/wp\/v2\/pages"}],"about":[{"href":"https:\/\/lepson.pl\/index.php\/wp-json\/wp\/v2\/types\/page"}],"author":[{"embeddable":true,"href":"https:\/\/lepson.pl\/index.php\/wp-json\/wp\/v2\/users\/2"}],"replies":[{"embeddable":true,"href":"https:\/\/lepson.pl\/index.php\/wp-json\/wp\/v2\/comments?post=1097"}],"version-history":[{"count":23,"href":"https:\/\/lepson.pl\/index.php\/wp-json\/wp\/v2\/pages\/1097\/revisions"}],"predecessor-version":[{"id":3592,"href":"https:\/\/lepson.pl\/index.php\/wp-json\/wp\/v2\/pages\/1097\/revisions\/3592"}],"wp:attachment":[{"href":"https:\/\/lepson.pl\/index.php\/wp-json\/wp\/v2\/media?parent=1097"}],"curies":[{"name":"wp","href":"https:\/\/api.w.org\/{rel}","templated":true}]}}